{"id":983,"date":"2022-05-09T15:36:04","date_gmt":"2022-05-09T15:36:04","guid":{"rendered":"http:\/\/genel-1.com:8888\/?page_id=983"},"modified":"2022-05-09T15:42:29","modified_gmt":"2022-05-09T15:42:29","slug":"trassiz-sac-ekimi","status":"publish","type":"page","link":"https:\/\/roclinics.com\/fr\/trassiz-sac-ekimi\/","title":{"rendered":"Tra\u015fs\u0131z Sa\u00e7 Ekimi"},"content":{"rendered":"<div data-elementor-type=\"wp-page\" data-elementor-id=\"983\" class=\"elementor elementor-983\">\n\t\t\t\t\t\t<section class=\"elementor-section elementor-top-section elementor-element elementor-element-91c3e03 elementor-section-full_width elementor-section-height-default elementor-section-height-default\" data-id=\"91c3e03\" data-element_type=\"section\">\n\t\t\t\t\t\t<div class=\"elementor-container elementor-column-gap-default\">\n\t\t\t\t\t<div class=\"elementor-column elementor-col-100 elementor-top-column elementor-element elementor-element-99cc81c\" data-id=\"99cc81c\" data-element_type=\"column\">\n\t\t\t<div class=\"elementor-widget-wrap elementor-element-populated\">\n\t\t\t\t\t\t<div class=\"elementor-element elementor-element-b6b08d1 elementor-widget elementor-widget-image\" data-id=\"b6b08d1\" data-element_type=\"widget\" data-widget_type=\"image.default\">\n\t\t\t\t<div class=\"elementor-widget-container\">\n\t\t\t\t\t\t\t\t\t\t\t\t\t\t\t<img fetchpriority=\"high\" decoding=\"async\" width=\"1920\" height=\"400\" src=\"https:\/\/roclinics.com\/wp-content\/uploads\/2022\/05\/sac-ekimi-banner.jpg\" class=\"attachment-full size-full wp-image-951\" alt=\"\" srcset=\"https:\/\/roclinics.com\/wp-content\/uploads\/2022\/05\/sac-ekimi-banner.jpg 1920w, https:\/\/roclinics.com\/wp-content\/uploads\/2022\/05\/sac-ekimi-banner-300x63.jpg 300w, https:\/\/roclinics.com\/wp-content\/uploads\/2022\/05\/sac-ekimi-banner-1024x213.jpg 1024w, https:\/\/roclinics.com\/wp-content\/uploads\/2022\/05\/sac-ekimi-banner-768x160.jpg 768w, https:\/\/roclinics.com\/wp-content\/uploads\/2022\/05\/sac-ekimi-banner-1536x320.jpg 1536w, https:\/\/roclinics.com\/wp-content\/uploads\/2022\/05\/sac-ekimi-banner-600x125.jpg 600w\" sizes=\"(max-width: 1920px) 100vw, 1920px\" \/>\t\t\t\t\t\t\t\t\t\t\t\t\t\t\t<\/div>\n\t\t\t\t<\/div>\n\t\t\t\t\t<\/div>\n\t\t<\/div>\n\t\t\t\t\t<\/div>\n\t\t<\/section>\n\t\t\t\t<section class=\"elementor-section elementor-top-section elementor-element elementor-element-136d354 elementor-section-boxed elementor-section-height-default elementor-section-height-default\" data-id=\"136d354\" data-element_type=\"section\">\n\t\t\t\t\t\t<div class=\"elementor-container elementor-column-gap-default\">\n\t\t\t\t\t<div class=\"elementor-column elementor-col-100 elementor-top-column elementor-element elementor-element-1f7fc27\" data-id=\"1f7fc27\" data-element_type=\"column\">\n\t\t\t<div class=\"elementor-widget-wrap elementor-element-populated\">\n\t\t\t\t\t\t<div class=\"elementor-element elementor-element-547671b uael-heading-align-center elementor-widget elementor-widget-uael-advanced-heading\" data-id=\"547671b\" data-element_type=\"widget\" data-widget_type=\"uael-advanced-heading.default\">\n\t\t\t\t<div class=\"elementor-widget-container\">\n\t\t\t\t\t\r\n\t\t<div class=\"uael-module-content uael-heading-wrapper\">\r\n\t\t\t\t\t\t<div class=\"uael-module-content uael-separator-parent\">\r\n\t\t\t\t\t\t\t\t<div class=\"uael-separator-wrap\">\r\n\t\t\t\t\t<div class=\"uael-separator-line uael-side-left\">\r\n\t\t\t\t\t\t<span><\/span>\r\n\t\t\t\t\t<\/div>\r\n\t\t\t\t\t<div class=\"uael-divider-content\">\r\n\t\t\t\t\t\t\t\t\t\t\t\t<h3 class=\"uael-divider-text elementor-inline-editing\" data-elementor-setting-key=\"heading_line_text\" data-elementor-inline-editing-toolbar=\"basic\">RO CLINIC<\/h3>\r\n\t\t\t\t\t<\/div>\r\n\t\t\t\t\t<div class=\"uael-separator-line uael-side-right\">\r\n\t\t\t\t\t\t<span><\/span>\r\n\t\t\t\t\t<\/div>\r\n\t\t\t\t<\/div>\r\n\t\t\t\t\t\t\t\t\t\t<\/div>\r\n\t\t\t\t\r\n\t\t\t\r\n\t\t\t<h1 class=\"uael-heading\">\r\n\t\t\t\t\t\t\t\t\t\t<span class=\"uael-heading-text elementor-inline-editing uael-size--default\" data-elementor-setting-key=\"heading_title\" data-elementor-inline-editing-toolbar=\"basic\">TRA\u015eSIZ SA\u00c7 EK\u0130M\u0130<\/span>\r\n\t\t\t\t\t\t\t<\/h1>\r\n\r\n\t\t\t\r\n\t\t\t\r\n\t\t\t\t\t\t\t<div class=\"uael-subheading elementor-inline-editing\" data-elementor-setting-key=\"heading_description\" data-elementor-inline-editing-toolbar=\"advanced\" >\r\n\t\t\t\t\tSa\u00e7 Ekimi\t\t\t\t<\/div>\r\n\t\t\t\t\r\n\t\t\t\t\t\t<\/div>\r\n\t\t\t\t\t\t<\/div>\n\t\t\t\t<\/div>\n\t\t\t\t<div class=\"elementor-element elementor-element-da4677b elementor-widget elementor-widget-text-editor\" data-id=\"da4677b\" data-element_type=\"widget\" data-widget_type=\"text-editor.default\">\n\t\t\t\t<div class=\"elementor-widget-container\">\n\t\t\t\t\t\t\t\t\t<p><b>T\u0131ra\u015fs\u0131z sa\u00e7 ekimi<\/b>\u00a0\u00f6zellikle erkeklerin tercih etti\u011fi sa\u00e7 ekim y\u00f6ntemlerinden bir tanesidir. \u00c7\u00fcnk\u00fc biliyoruz ki t\u0131ra\u015fl\u0131 sa\u00e7 ekiminde sa\u00e7l\u0131 deri komple 1 numara vurulmak zorundad\u0131r. Bunun nedeni ise \u00f6zellikle tepe b\u00f6lgesi tamamen bo\u015f, \u00e7ok yo\u011fun sa\u00e7 ekimi ihtiyac\u0131 olan, yani neredeyse 3.000 &#8211; 5.000 aras\u0131 greft, k\u00f6k dedi\u011fimiz yo\u011fun sa\u00e7 ekimlerinde t\u0131ra\u015fl\u0131 FUE yap\u0131lmak zorundad\u0131r. \u00c7\u00fcnk\u00fc ense b\u00f6lgesinde bu b\u00f6lgelerin sa\u00e7 k\u00f6klerinin toplanmas\u0131 konusunda bir t\u0131ra\u015f gereklidir. Ekim b\u00f6lgesinin k\u00fc\u00e7\u00fck oldu\u011fu, aralara sa\u00e7 ekiminin girilebilece\u011fi kadar seyreklik oldu\u011fu erkek ve kad\u0131nlarda t\u0131ra\u015fs\u0131z FUE yap\u0131lmas\u0131 m\u00fcmk\u00fcnd\u00fcr.<\/p>\t\t\t\t\t\t\t\t<\/div>\n\t\t\t\t<\/div>\n\t\t\t\t<div class=\"elementor-element elementor-element-ecb48b8 elementor-blockquote--skin-boxed elementor-blockquote--align-center elementor-blockquote--button-color-official elementor-widget elementor-widget-blockquote\" data-id=\"ecb48b8\" data-element_type=\"widget\" data-widget_type=\"blockquote.default\">\n\t\t\t\t<div class=\"elementor-widget-container\">\n\t\t\t\t\t\t\t<blockquote class=\"elementor-blockquote\">\n\t\t\t<p class=\"elementor-blockquote__content\">\n\t\t\t\t<br>\nDHI, FUE ve di\u011fer t\u00fcm sa\u00e7 ekim y\u00f6ntemlerinde oldu\u011fu gibi t\u0131ra\u015fs\u0131z sa\u00e7 ekiminde de i\u015flemi yapan uzmanlar\u0131n deneyimi \u00e7ok \u00f6nemlidir. T\u0131ra\u015fs\u0131z sa\u00e7 ekimi y\u00f6ntemi ekibimiz taraf\u0131ndan ba\u015far\u0131l\u0131 bir \u015fekilde uygulanmaktad\u0131r.\t\t\t<\/p>\n\t\t\t\t\t<\/blockquote>\n\t\t\t\t\t\t<\/div>\n\t\t\t\t<\/div>\n\t\t\t\t<div class=\"elementor-element elementor-element-2ef4f50 elementor-widget elementor-widget-text-editor\" data-id=\"2ef4f50\" data-element_type=\"widget\" data-widget_type=\"text-editor.default\">\n\t\t\t\t<div class=\"elementor-widget-container\">\n\t\t\t\t\t\t\t\t\t<p>T\u0131ra\u015fs\u0131z FUE sa\u00e7 ekimi sonras\u0131 s\u00fcre\u00e7 di\u011fer sa\u00e7 ekimi y\u00f6ntemleri ile ayn\u0131d\u0131r. Sa\u00e7 ekimi doktorlar\u0131 sa\u00e7lar\u0131n nas\u0131l korunmas\u0131 ve y\u0131kanmas\u0131 gerekti\u011fi konusunda detayl\u0131 bilgi payla\u015f\u0131r. Bu a\u015famada doktorun tavsiyelerine uyulmas\u0131 yeterlidir. Ekilen sa\u00e7lar\u0131n b\u00fcy\u00fcmesi do\u011fal s\u00fcre\u00e7te ger\u00e7ekle\u015fir. 3 ayl\u0131k s\u00fcre\u00e7te yeni sa\u00e7lar uzamaya ba\u015flar, 6. ayda art\u0131\u015f g\u00f6sterir. 1 y\u0131l sonunda as\u0131l sonu\u00e7lar ortaya \u00e7\u0131kar. Prosed\u00fcr sonras\u0131nda sa\u00e7lar istenildi\u011fi \u015fekilde uzat\u0131labilir ve \u015fekil verilebilir.<\/p>\t\t\t\t\t\t\t\t<\/div>\n\t\t\t\t<\/div>\n\t\t\t\t\t<\/div>\n\t\t<\/div>\n\t\t\t\t\t<\/div>\n\t\t<\/section>\n\t\t\t\t<\/div>","protected":false},"excerpt":{"rendered":"<p>RO CLINIC TRA\u015eSIZ SA\u00c7 EK\u0130M\u0130 Sa\u00e7 Ekimi T\u0131ra\u015fs\u0131z sa\u00e7 ekimi\u00a0\u00f6zellikle erkeklerin tercih etti\u011fi sa\u00e7 ekim y\u00f6ntemlerinden bir tanesidir. \u00c7\u00fcnk\u00fc biliyoruz ki t\u0131ra\u015fl\u0131 sa\u00e7 ekiminde sa\u00e7l\u0131 deri komple 1 numara vurulmak zorundad\u0131r. Bunun nedeni ise \u00f6zellikle tepe b\u00f6lgesi tamamen bo\u015f, \u00e7ok yo\u011fun sa\u00e7 ekimi ihtiyac\u0131 olan, yani neredeyse 3.000 &#8211; 5.000 aras\u0131 greft, k\u00f6k dedi\u011fimiz yo\u011fun &hellip;<\/p>\n<p class=\"read-more\"> <a class=\"\" href=\"https:\/\/roclinics.com\/fr\/trassiz-sac-ekimi\/\"> <span class=\"screen-reader-text\">Tra\u015fs\u0131z Sa\u00e7 Ekimi<\/span> Lire la suite\u00a0\u00bb<\/a><\/p>","protected":false},"author":1,"featured_media":0,"parent":0,"menu_order":0,"comment_status":"closed","ping_status":"closed","template":"","meta":{"site-sidebar-layout":"no-sidebar","site-content-layout":"page-builder","ast-main-header-display":"","ast-hfb-above-header-display":"","ast-hfb-below-header-display":"","ast-hfb-mobile-header-display":"","site-post-title":"disabled","ast-breadcrumbs-content":"","ast-featured-img":"disabled","footer-sml-layout":"","theme-transparent-header-meta":"","adv-header-id-meta":"","stick-header-meta":"","header-above-stick-meta":"","header-main-stick-meta":"","header-below-stick-meta":"","footnotes":""},"class_list":["post-983","page","type-page","status-publish","hentry"],"_links":{"self":[{"href":"https:\/\/roclinics.com\/fr\/wp-json\/wp\/v2\/pages\/983","targetHints":{"allow":["GET"]}}],"collection":[{"href":"https:\/\/roclinics.com\/fr\/wp-json\/wp\/v2\/pages"}],"about":[{"href":"https:\/\/roclinics.com\/fr\/wp-json\/wp\/v2\/types\/page"}],"author":[{"embeddable":true,"href":"https:\/\/roclinics.com\/fr\/wp-json\/wp\/v2\/users\/1"}],"replies":[{"embeddable":true,"href":"https:\/\/roclinics.com\/fr\/wp-json\/wp\/v2\/comments?post=983"}],"version-history":[{"count":0,"href":"https:\/\/roclinics.com\/fr\/wp-json\/wp\/v2\/pages\/983\/revisions"}],"wp:attachment":[{"href":"https:\/\/roclinics.com\/fr\/wp-json\/wp\/v2\/media?parent=983"}],"curies":[{"name":"wp","href":"https:\/\/api.w.org\/{rel}","templated":true}]}}