{"id":978,"date":"2022-05-09T15:34:12","date_gmt":"2022-05-09T15:34:12","guid":{"rendered":"http:\/\/genel-1.com:8888\/?page_id=978"},"modified":"2022-05-09T15:35:10","modified_gmt":"2022-05-09T15:35:10","slug":"kas-ekimi","status":"publish","type":"page","link":"https:\/\/roclinics.com\/fr\/kas-ekimi\/","title":{"rendered":"Ka\u015f Ekimi"},"content":{"rendered":"<div data-elementor-type=\"wp-page\" data-elementor-id=\"978\" class=\"elementor elementor-978\">\n\t\t\t\t\t\t<section class=\"elementor-section elementor-top-section elementor-element elementor-element-91c3e03 elementor-section-full_width elementor-section-height-default elementor-section-height-default\" data-id=\"91c3e03\" data-element_type=\"section\">\n\t\t\t\t\t\t<div class=\"elementor-container elementor-column-gap-default\">\n\t\t\t\t\t<div class=\"elementor-column elementor-col-100 elementor-top-column elementor-element elementor-element-99cc81c\" data-id=\"99cc81c\" data-element_type=\"column\">\n\t\t\t<div class=\"elementor-widget-wrap elementor-element-populated\">\n\t\t\t\t\t\t<div class=\"elementor-element elementor-element-b6b08d1 elementor-widget elementor-widget-image\" data-id=\"b6b08d1\" data-element_type=\"widget\" data-widget_type=\"image.default\">\n\t\t\t\t<div class=\"elementor-widget-container\">\n\t\t\t\t\t\t\t\t\t\t\t\t\t\t\t<img fetchpriority=\"high\" decoding=\"async\" width=\"1920\" height=\"400\" src=\"https:\/\/roclinics.com\/wp-content\/uploads\/2022\/05\/sac-ekimi-banner.jpg\" class=\"attachment-full size-full wp-image-951\" alt=\"\" srcset=\"https:\/\/roclinics.com\/wp-content\/uploads\/2022\/05\/sac-ekimi-banner.jpg 1920w, https:\/\/roclinics.com\/wp-content\/uploads\/2022\/05\/sac-ekimi-banner-300x63.jpg 300w, https:\/\/roclinics.com\/wp-content\/uploads\/2022\/05\/sac-ekimi-banner-1024x213.jpg 1024w, https:\/\/roclinics.com\/wp-content\/uploads\/2022\/05\/sac-ekimi-banner-768x160.jpg 768w, https:\/\/roclinics.com\/wp-content\/uploads\/2022\/05\/sac-ekimi-banner-1536x320.jpg 1536w, https:\/\/roclinics.com\/wp-content\/uploads\/2022\/05\/sac-ekimi-banner-600x125.jpg 600w\" sizes=\"(max-width: 1920px) 100vw, 1920px\" \/>\t\t\t\t\t\t\t\t\t\t\t\t\t\t\t<\/div>\n\t\t\t\t<\/div>\n\t\t\t\t\t<\/div>\n\t\t<\/div>\n\t\t\t\t\t<\/div>\n\t\t<\/section>\n\t\t\t\t<section class=\"elementor-section elementor-top-section elementor-element elementor-element-136d354 elementor-section-boxed elementor-section-height-default elementor-section-height-default\" data-id=\"136d354\" data-element_type=\"section\">\n\t\t\t\t\t\t<div class=\"elementor-container elementor-column-gap-default\">\n\t\t\t\t\t<div class=\"elementor-column elementor-col-100 elementor-top-column elementor-element elementor-element-1f7fc27\" data-id=\"1f7fc27\" data-element_type=\"column\">\n\t\t\t<div class=\"elementor-widget-wrap elementor-element-populated\">\n\t\t\t\t\t\t<div class=\"elementor-element elementor-element-547671b uael-heading-align-center elementor-widget elementor-widget-uael-advanced-heading\" data-id=\"547671b\" data-element_type=\"widget\" data-widget_type=\"uael-advanced-heading.default\">\n\t\t\t\t<div class=\"elementor-widget-container\">\n\t\t\t\t\t\r\n\t\t<div class=\"uael-module-content uael-heading-wrapper\">\r\n\t\t\t\t\t\t<div class=\"uael-module-content uael-separator-parent\">\r\n\t\t\t\t\t\t\t\t<div class=\"uael-separator-wrap\">\r\n\t\t\t\t\t<div class=\"uael-separator-line uael-side-left\">\r\n\t\t\t\t\t\t<span><\/span>\r\n\t\t\t\t\t<\/div>\r\n\t\t\t\t\t<div class=\"uael-divider-content\">\r\n\t\t\t\t\t\t\t\t\t\t\t\t<h3 class=\"uael-divider-text elementor-inline-editing\" data-elementor-setting-key=\"heading_line_text\" data-elementor-inline-editing-toolbar=\"basic\">RO CLINIC<\/h3>\r\n\t\t\t\t\t<\/div>\r\n\t\t\t\t\t<div class=\"uael-separator-line uael-side-right\">\r\n\t\t\t\t\t\t<span><\/span>\r\n\t\t\t\t\t<\/div>\r\n\t\t\t\t<\/div>\r\n\t\t\t\t\t\t\t\t\t\t<\/div>\r\n\t\t\t\t\r\n\t\t\t\r\n\t\t\t<h1 class=\"uael-heading\">\r\n\t\t\t\t\t\t\t\t\t\t<span class=\"uael-heading-text elementor-inline-editing uael-size--default\" data-elementor-setting-key=\"heading_title\" data-elementor-inline-editing-toolbar=\"basic\">KA\u015e EK\u0130M\u0130<\/span>\r\n\t\t\t\t\t\t\t<\/h1>\r\n\r\n\t\t\t\r\n\t\t\t\r\n\t\t\t\t\t\t\t<div class=\"uael-subheading elementor-inline-editing\" data-elementor-setting-key=\"heading_description\" data-elementor-inline-editing-toolbar=\"advanced\" >\r\n\t\t\t\t\tSa\u00e7 Ekimi\t\t\t\t<\/div>\r\n\t\t\t\t\r\n\t\t\t\t\t\t<\/div>\r\n\t\t\t\t\t\t<\/div>\n\t\t\t\t<\/div>\n\t\t\t\t<div class=\"elementor-element elementor-element-da4677b elementor-widget elementor-widget-text-editor\" data-id=\"da4677b\" data-element_type=\"widget\" data-widget_type=\"text-editor.default\">\n\t\t\t\t<div class=\"elementor-widget-container\">\n\t\t\t\t\t\t\t\t\t<p><b>Ka\u015f ekiminde;<\/b>\u00a0teknik olarak sa\u00e7 ekimi tekni\u011finde oldu\u011fu gibi i\u015flem yap\u0131l\u0131r ve ki\u015finin ense b\u00f6lgesinden al\u0131nan sa\u00e7 k\u00f6kleri, ka\u015f a\u00e7\u0131kl\u0131\u011f\u0131 olan alana yerle\u015ftirilir. 1 saat s\u00fcren uygulamadan 1 g\u00fcn sonra banyo yap\u0131labilir. Ekilen ka\u015flar\u0131n uzama s\u00fcresi ki\u015fiye g\u00f6re de\u011fi\u015fmekte, ortalama olarak 2-6 ay kadar s\u00fcrmektedir. Yeni ekilen ka\u015flar, ilk bir y\u0131l i\u00e7inde kendi ka\u015flar\u0131n\u0131za oranla daha h\u0131zl\u0131 uzasa da 1 y\u0131l\u0131n sonunda ekildikleri b\u00f6lgenin uzama h\u0131z\u0131na adapte olurlar. Ka\u015f ekiminde kullan\u0131lan teknikte ki\u015finin ka\u015f kayb\u0131n\u0131n derecesi ve nedenleri \u00f6nemli olmas\u0131na ra\u011fmen genelde ayn\u0131 teknik kullan\u0131larak i\u015flem yap\u0131l\u0131r.<br \/>\u0130stenen ka\u015f \u015fekli ve kal\u0131nl\u0131\u011f\u0131 belirlendikten sonra kalemle \u00e7izimi yap\u0131larak planlan\u0131r ve bu \u015fekilde i\u015fleme ba\u015flan\u0131r. Ka\u015f ekimi i\u015flemi lokal anestezi ile ger\u00e7ekle\u015fir ve lokal anestezi \u00f6ncesinde de so\u011fuk sprey veya pomat uyguland\u0131\u011f\u0131ndan dolay\u0131 ac\u0131 veya a\u011fr\u0131 hissedilmez.<br \/>Ekilecek ka\u015f\u0131n kal\u0131nl\u0131\u011f\u0131 ve bi\u00e7imi ki\u015finin daha \u00f6nceki ka\u015f\u0131na ve sa\u00e7 yap\u0131s\u0131na uygun oldu\u011funda son derece do\u011fal bir g\u00f6r\u00fcn\u00fcm elde edilir..<\/p>\t\t\t\t\t\t\t\t<\/div>\n\t\t\t\t<\/div>\n\t\t\t\t<div class=\"elementor-element elementor-element-ecb48b8 elementor-blockquote--skin-boxed elementor-blockquote--align-center elementor-blockquote--button-color-official elementor-widget elementor-widget-blockquote\" data-id=\"ecb48b8\" data-element_type=\"widget\" data-widget_type=\"blockquote.default\">\n\t\t\t\t<div class=\"elementor-widget-container\">\n\t\t\t\t\t\t\t<blockquote class=\"elementor-blockquote\">\n\t\t\t<p class=\"elementor-blockquote__content\">\n\t\t\t\t<br>\nY\u00fcz ifadesinin olu\u015fmas\u0131nda ka\u015flar\u0131n rol\u00fc olduk\u00e7a \u00f6nemlidir. Son derece dikkat \u00e7ekici olup estetik a\u00e7\u0131dan \u00f6nemli role sahiptirler.\t\t\t<\/p>\n\t\t\t\t\t<\/blockquote>\n\t\t\t\t\t\t<\/div>\n\t\t\t\t<\/div>\n\t\t\t\t<div class=\"elementor-element elementor-element-2ef4f50 elementor-widget elementor-widget-text-editor\" data-id=\"2ef4f50\" data-element_type=\"widget\" data-widget_type=\"text-editor.default\">\n\t\t\t\t<div class=\"elementor-widget-container\">\n\t\t\t\t\t\t\t\t\t<p>Baz\u0131 dermatolojik sebepler, kaza, yan\u0131klar, ve \u00e7ok s\u0131k ka\u015f al\u0131m\u0131 gibi sebeplerden dolay\u0131 ka\u015flar seyrekle\u015febilir veya tamamen d\u00f6k\u00fclebilir. Kozmetik \u00fcr\u00fcnler ve ila\u00e7lar\u0131n sonu\u00e7lar\u0131 istenilen sonu\u00e7lar\u0131 veremedi\u011fi i\u00e7in tek ve kal\u0131c\u0131 \u00e7\u00f6z\u00fcm\u00fc ise ka\u015f ekimi yapt\u0131rmakt\u0131r.<\/p>\t\t\t\t\t\t\t\t<\/div>\n\t\t\t\t<\/div>\n\t\t\t\t\t<\/div>\n\t\t<\/div>\n\t\t\t\t\t<\/div>\n\t\t<\/section>\n\t\t\t\t<\/div>","protected":false},"excerpt":{"rendered":"<p>RO CLINIC KA\u015e EK\u0130M\u0130 Sa\u00e7 Ekimi Ka\u015f ekiminde;\u00a0teknik olarak sa\u00e7 ekimi tekni\u011finde oldu\u011fu gibi i\u015flem yap\u0131l\u0131r ve ki\u015finin ense b\u00f6lgesinden al\u0131nan sa\u00e7 k\u00f6kleri, ka\u015f a\u00e7\u0131kl\u0131\u011f\u0131 olan alana yerle\u015ftirilir. 1 saat s\u00fcren uygulamadan 1 g\u00fcn sonra banyo yap\u0131labilir. Ekilen ka\u015flar\u0131n uzama s\u00fcresi ki\u015fiye g\u00f6re de\u011fi\u015fmekte, ortalama olarak 2-6 ay kadar s\u00fcrmektedir. Yeni ekilen ka\u015flar, ilk bir &hellip;<\/p>\n<p class=\"read-more\"> <a class=\"\" href=\"https:\/\/roclinics.com\/fr\/kas-ekimi\/\"> <span class=\"screen-reader-text\">Ka\u015f Ekimi<\/span> Lire la suite\u00a0\u00bb<\/a><\/p>","protected":false},"author":1,"featured_media":0,"parent":0,"menu_order":0,"comment_status":"closed","ping_status":"closed","template":"","meta":{"site-sidebar-layout":"no-sidebar","site-content-layout":"page-builder","ast-main-header-display":"","ast-hfb-above-header-display":"","ast-hfb-below-header-display":"","ast-hfb-mobile-header-display":"","site-post-title":"disabled","ast-breadcrumbs-content":"","ast-featured-img":"disabled","footer-sml-layout":"","theme-transparent-header-meta":"","adv-header-id-meta":"","stick-header-meta":"","header-above-stick-meta":"","header-main-stick-meta":"","header-below-stick-meta":"","footnotes":""},"class_list":["post-978","page","type-page","status-publish","hentry"],"_links":{"self":[{"href":"https:\/\/roclinics.com\/fr\/wp-json\/wp\/v2\/pages\/978","targetHints":{"allow":["GET"]}}],"collection":[{"href":"https:\/\/roclinics.com\/fr\/wp-json\/wp\/v2\/pages"}],"about":[{"href":"https:\/\/roclinics.com\/fr\/wp-json\/wp\/v2\/types\/page"}],"author":[{"embeddable":true,"href":"https:\/\/roclinics.com\/fr\/wp-json\/wp\/v2\/users\/1"}],"replies":[{"embeddable":true,"href":"https:\/\/roclinics.com\/fr\/wp-json\/wp\/v2\/comments?post=978"}],"version-history":[{"count":0,"href":"https:\/\/roclinics.com\/fr\/wp-json\/wp\/v2\/pages\/978\/revisions"}],"wp:attachment":[{"href":"https:\/\/roclinics.com\/fr\/wp-json\/wp\/v2\/media?parent=978"}],"curies":[{"name":"wp","href":"https:\/\/api.w.org\/{rel}","templated":true}]}}