{"id":962,"date":"2022-05-09T15:22:42","date_gmt":"2022-05-09T15:22:42","guid":{"rendered":"http:\/\/genel-1.com:8888\/?page_id=962"},"modified":"2022-05-09T15:26:37","modified_gmt":"2022-05-09T15:26:37","slug":"fue-sac-ekimi-2","status":"publish","type":"page","link":"https:\/\/roclinics.com\/fr\/fue-sac-ekimi-2\/","title":{"rendered":"Safir FUE Sa\u00e7 Ekimi"},"content":{"rendered":"<div data-elementor-type=\"wp-page\" data-elementor-id=\"962\" class=\"elementor elementor-962\">\n\t\t\t\t\t\t<section class=\"elementor-section elementor-top-section elementor-element elementor-element-91c3e03 elementor-section-full_width elementor-section-height-default elementor-section-height-default\" data-id=\"91c3e03\" data-element_type=\"section\">\n\t\t\t\t\t\t<div class=\"elementor-container elementor-column-gap-default\">\n\t\t\t\t\t<div class=\"elementor-column elementor-col-100 elementor-top-column elementor-element elementor-element-99cc81c\" data-id=\"99cc81c\" data-element_type=\"column\">\n\t\t\t<div class=\"elementor-widget-wrap elementor-element-populated\">\n\t\t\t\t\t\t<div class=\"elementor-element elementor-element-b6b08d1 elementor-widget elementor-widget-image\" data-id=\"b6b08d1\" data-element_type=\"widget\" data-widget_type=\"image.default\">\n\t\t\t\t<div class=\"elementor-widget-container\">\n\t\t\t\t\t\t\t\t\t\t\t\t\t\t\t<img fetchpriority=\"high\" decoding=\"async\" width=\"1920\" height=\"400\" src=\"https:\/\/roclinics.com\/wp-content\/uploads\/2022\/05\/sac-ekimi-banner.jpg\" class=\"attachment-full size-full wp-image-951\" alt=\"\" srcset=\"https:\/\/roclinics.com\/wp-content\/uploads\/2022\/05\/sac-ekimi-banner.jpg 1920w, https:\/\/roclinics.com\/wp-content\/uploads\/2022\/05\/sac-ekimi-banner-300x63.jpg 300w, https:\/\/roclinics.com\/wp-content\/uploads\/2022\/05\/sac-ekimi-banner-1024x213.jpg 1024w, https:\/\/roclinics.com\/wp-content\/uploads\/2022\/05\/sac-ekimi-banner-768x160.jpg 768w, https:\/\/roclinics.com\/wp-content\/uploads\/2022\/05\/sac-ekimi-banner-1536x320.jpg 1536w, https:\/\/roclinics.com\/wp-content\/uploads\/2022\/05\/sac-ekimi-banner-600x125.jpg 600w\" sizes=\"(max-width: 1920px) 100vw, 1920px\" \/>\t\t\t\t\t\t\t\t\t\t\t\t\t\t\t<\/div>\n\t\t\t\t<\/div>\n\t\t\t\t\t<\/div>\n\t\t<\/div>\n\t\t\t\t\t<\/div>\n\t\t<\/section>\n\t\t\t\t<section class=\"elementor-section elementor-top-section elementor-element elementor-element-136d354 elementor-section-boxed elementor-section-height-default elementor-section-height-default\" data-id=\"136d354\" data-element_type=\"section\">\n\t\t\t\t\t\t<div class=\"elementor-container elementor-column-gap-default\">\n\t\t\t\t\t<div class=\"elementor-column elementor-col-100 elementor-top-column elementor-element elementor-element-1f7fc27\" data-id=\"1f7fc27\" data-element_type=\"column\">\n\t\t\t<div class=\"elementor-widget-wrap elementor-element-populated\">\n\t\t\t\t\t\t<div class=\"elementor-element elementor-element-547671b uael-heading-align-center elementor-widget elementor-widget-uael-advanced-heading\" data-id=\"547671b\" data-element_type=\"widget\" data-widget_type=\"uael-advanced-heading.default\">\n\t\t\t\t<div class=\"elementor-widget-container\">\n\t\t\t\t\t\r\n\t\t<div class=\"uael-module-content uael-heading-wrapper\">\r\n\t\t\t\t\t\t<div class=\"uael-module-content uael-separator-parent\">\r\n\t\t\t\t\t\t\t\t<div class=\"uael-separator-wrap\">\r\n\t\t\t\t\t<div class=\"uael-separator-line uael-side-left\">\r\n\t\t\t\t\t\t<span><\/span>\r\n\t\t\t\t\t<\/div>\r\n\t\t\t\t\t<div class=\"uael-divider-content\">\r\n\t\t\t\t\t\t\t\t\t\t\t\t<h3 class=\"uael-divider-text elementor-inline-editing\" data-elementor-setting-key=\"heading_line_text\" data-elementor-inline-editing-toolbar=\"basic\">RO CLINIC<\/h3>\r\n\t\t\t\t\t<\/div>\r\n\t\t\t\t\t<div class=\"uael-separator-line uael-side-right\">\r\n\t\t\t\t\t\t<span><\/span>\r\n\t\t\t\t\t<\/div>\r\n\t\t\t\t<\/div>\r\n\t\t\t\t\t\t\t\t\t\t<\/div>\r\n\t\t\t\t\r\n\t\t\t\r\n\t\t\t<h1 class=\"uael-heading\">\r\n\t\t\t\t\t\t\t\t\t\t<span class=\"uael-heading-text elementor-inline-editing uael-size--default\" data-elementor-setting-key=\"heading_title\" data-elementor-inline-editing-toolbar=\"basic\">SAF\u0130R FUE SA\u00c7 EK\u0130M\u0130<\/span>\r\n\t\t\t\t\t\t\t<\/h1>\r\n\r\n\t\t\t\r\n\t\t\t\r\n\t\t\t\t\t\t\t<div class=\"uael-subheading elementor-inline-editing\" data-elementor-setting-key=\"heading_description\" data-elementor-inline-editing-toolbar=\"advanced\" >\r\n\t\t\t\t\tSa\u00e7 Ekimi\t\t\t\t<\/div>\r\n\t\t\t\t\r\n\t\t\t\t\t\t<\/div>\r\n\t\t\t\t\t\t<\/div>\n\t\t\t\t<\/div>\n\t\t\t\t<div class=\"elementor-element elementor-element-da4677b elementor-widget elementor-widget-text-editor\" data-id=\"da4677b\" data-element_type=\"widget\" data-widget_type=\"text-editor.default\">\n\t\t\t\t<div class=\"elementor-widget-container\">\n\t\t\t\t\t\t\t\t\t<p><strong>Safir FUE Sa\u00e7 Ekimi<\/strong>; sa\u00e7 ekimde <strong>FUE<\/strong> y\u00f6ntemiyle yap\u0131lan ekimlerin ba\u015far\u0131s\u0131n\u0131 artt\u0131rmaya y\u00f6nelik \u00e7al\u0131\u015fmalar sonucu ortaya \u00e7\u0131km\u0131\u015f, yeni bir uygulama \u015feklidir. Safir (sapphire blade) u\u00e7lu aletlerle yap\u0131lan kanal a\u00e7ma i\u015flemleri \u00e7ok daha efektif ve operasyonel anlamda rahat bir i\u015flem sa\u011flar. Di\u011fer sa\u00e7 ekim y\u00f6ntemlerinde kullan\u0131lan \u00e7elik aletlere g\u00f6re; mikro d\u00fczeyde i\u015flem sa\u011flar ve \u00e7ok daha az doku hasar\u0131 yarat\u0131r.<\/p>\t\t\t\t\t\t\t\t<\/div>\n\t\t\t\t<\/div>\n\t\t\t\t<div class=\"elementor-element elementor-element-ecb48b8 elementor-blockquote--skin-boxed elementor-blockquote--align-center elementor-blockquote--button-color-official elementor-widget elementor-widget-blockquote\" data-id=\"ecb48b8\" data-element_type=\"widget\" data-widget_type=\"blockquote.default\">\n\t\t\t\t<div class=\"elementor-widget-container\">\n\t\t\t\t\t\t\t<blockquote class=\"elementor-blockquote\">\n\t\t\t<p class=\"elementor-blockquote__content\">\n\t\t\t\t<br>\nFUE, do\u011fal g\u00f6r\u00fcn\u00fcml\u00fc sonu\u00e7lar verme \u00f6zelli\u011fi ile bilinir. Safir FUE ise bir ad\u0131m daha ileri gitti. Safir b\u0131\u00e7a\u011f\u0131n uyarlanabilirli\u011fi sayesinde cerrah daha kesin ve hassas mikro kanallar \u00fcretebilir. Nakledilen folik\u00fcler \u00fcniteler daha sonra do\u011fal a\u00e7\u0131larda ve y\u00f6nlerde yerle\u015ftirilebilir ve b\u00f6ylece daha kusursuz bir genel g\u00f6r\u00fcn\u00fcm elde edilebilir.\t\t\t<\/p>\n\t\t\t\t\t<\/blockquote>\n\t\t\t\t\t\t<\/div>\n\t\t\t\t<\/div>\n\t\t\t\t<div class=\"elementor-element elementor-element-2ef4f50 elementor-widget elementor-widget-text-editor\" data-id=\"2ef4f50\" data-element_type=\"widget\" data-widget_type=\"text-editor.default\">\n\t\t\t\t<div class=\"elementor-widget-container\">\n\t\t\t\t\t\t\t\t\t<p><strong>Safir FUE Sa\u00e7 Ekimi<\/strong> di\u011fer <strong>FUE<\/strong> y\u00f6ntemiyle yap\u0131lan ekimlerde oldu\u011fu gibi sa\u00e7 analiziyle ba\u015flar. Sa\u00e7\u0131n kalitesi, k\u00f6kler, ekim yap\u0131lacak alan, sa\u00e7 \u00e7izgisinin ve don\u00f6r b\u00f6lge belirlenir. Daha sonra don\u00f6r b\u00f6lge lokal olarak uyu\u015fturulur ve greft al\u0131m\u0131na ba\u015flan\u0131r. Greft al\u0131m\u0131 olduk\u00e7a \u00f6nemlidir ve yap\u0131lacak bir hata dokular\u0131n zarar g\u00f6rmesine neden olabilir bu nedenle, <strong>Safir FUE Sa\u00e7 Ekimi<\/strong> keskinli\u011fini kaybetmeyen b\u0131\u00e7aklar\u0131 sayesinde doku kayb\u0131 minimuma indirmesi olduk\u00e7a \u00f6nemlidir. Al\u0131nan greftler ekim yap\u0131lacak alana tek tek \u00f6zenle ekilir. Ekimin bitiminin ard\u0131ndan pansuman yap\u0131larak hasta, taburcu edilir. \u0130lk g\u00fcn kabuklanma ve k\u0131zar\u0131kl\u0131k g\u00f6r\u00fcnmesi normaldir. \u0130lk g\u00fcn su ile temas ettirilmemeli, ekimi ger\u00e7ekle\u015ftiren ekibin y\u0131kama yapmas\u0131 beklenmelidir. \u0130lk g\u00fcnler ekim yap\u0131lan alana yat\u0131lmamas\u0131 olduk\u00e7a \u00f6nemlidir.<\/p>\t\t\t\t\t\t\t\t<\/div>\n\t\t\t\t<\/div>\n\t\t\t\t\t<\/div>\n\t\t<\/div>\n\t\t\t\t\t<\/div>\n\t\t<\/section>\n\t\t\t\t<\/div>","protected":false},"excerpt":{"rendered":"<p>RO CLINIC SAF\u0130R FUE SA\u00c7 EK\u0130M\u0130 Sa\u00e7 Ekimi Safir FUE Sa\u00e7 Ekimi; sa\u00e7 ekimde FUE y\u00f6ntemiyle yap\u0131lan ekimlerin ba\u015far\u0131s\u0131n\u0131 artt\u0131rmaya y\u00f6nelik \u00e7al\u0131\u015fmalar sonucu ortaya \u00e7\u0131km\u0131\u015f, yeni bir uygulama \u015feklidir. Safir (sapphire blade) u\u00e7lu aletlerle yap\u0131lan kanal a\u00e7ma i\u015flemleri \u00e7ok daha efektif ve operasyonel anlamda rahat bir i\u015flem sa\u011flar. Di\u011fer sa\u00e7 ekim y\u00f6ntemlerinde kullan\u0131lan \u00e7elik aletlere &hellip;<\/p>\n<p class=\"read-more\"> <a class=\"\" href=\"https:\/\/roclinics.com\/fr\/fue-sac-ekimi-2\/\"> <span class=\"screen-reader-text\">Safir FUE Sa\u00e7 Ekimi<\/span> Lire la suite\u00a0\u00bb<\/a><\/p>","protected":false},"author":1,"featured_media":0,"parent":0,"menu_order":0,"comment_status":"closed","ping_status":"closed","template":"","meta":{"site-sidebar-layout":"no-sidebar","site-content-layout":"page-builder","ast-main-header-display":"","ast-hfb-above-header-display":"","ast-hfb-below-header-display":"","ast-hfb-mobile-header-display":"","site-post-title":"disabled","ast-breadcrumbs-content":"","ast-featured-img":"disabled","footer-sml-layout":"","theme-transparent-header-meta":"","adv-header-id-meta":"","stick-header-meta":"","header-above-stick-meta":"","header-main-stick-meta":"","header-below-stick-meta":"","footnotes":""},"class_list":["post-962","page","type-page","status-publish","hentry"],"_links":{"self":[{"href":"https:\/\/roclinics.com\/fr\/wp-json\/wp\/v2\/pages\/962","targetHints":{"allow":["GET"]}}],"collection":[{"href":"https:\/\/roclinics.com\/fr\/wp-json\/wp\/v2\/pages"}],"about":[{"href":"https:\/\/roclinics.com\/fr\/wp-json\/wp\/v2\/types\/page"}],"author":[{"embeddable":true,"href":"https:\/\/roclinics.com\/fr\/wp-json\/wp\/v2\/users\/1"}],"replies":[{"embeddable":true,"href":"https:\/\/roclinics.com\/fr\/wp-json\/wp\/v2\/comments?post=962"}],"version-history":[{"count":0,"href":"https:\/\/roclinics.com\/fr\/wp-json\/wp\/v2\/pages\/962\/revisions"}],"wp:attachment":[{"href":"https:\/\/roclinics.com\/fr\/wp-json\/wp\/v2\/media?parent=962"}],"curies":[{"name":"wp","href":"https:\/\/api.w.org\/{rel}","templated":true}]}}