{"id":1166,"date":"2022-05-11T11:11:21","date_gmt":"2022-05-11T11:11:21","guid":{"rendered":"http:\/\/genel-1.com:8888\/?page_id=1166"},"modified":"2022-05-11T11:12:22","modified_gmt":"2022-05-11T11:12:22","slug":"endodonti","status":"publish","type":"page","link":"https:\/\/roclinics.com\/fr\/endodonti\/","title":{"rendered":"Endodonti"},"content":{"rendered":"<div data-elementor-type=\"wp-page\" data-elementor-id=\"1166\" class=\"elementor elementor-1166\">\n\t\t\t\t\t\t<section class=\"elementor-section elementor-top-section elementor-element elementor-element-91c3e03 elementor-section-full_width elementor-section-height-default elementor-section-height-default\" data-id=\"91c3e03\" data-element_type=\"section\">\n\t\t\t\t\t\t<div class=\"elementor-container elementor-column-gap-default\">\n\t\t\t\t\t<div class=\"elementor-column elementor-col-100 elementor-top-column elementor-element elementor-element-99cc81c\" data-id=\"99cc81c\" data-element_type=\"column\">\n\t\t\t<div class=\"elementor-widget-wrap elementor-element-populated\">\n\t\t\t\t\t\t<div class=\"elementor-element elementor-element-b6b08d1 elementor-widget elementor-widget-image\" data-id=\"b6b08d1\" data-element_type=\"widget\" data-widget_type=\"image.default\">\n\t\t\t\t<div class=\"elementor-widget-container\">\n\t\t\t\t\t\t\t\t\t\t\t\t\t\t\t<img fetchpriority=\"high\" decoding=\"async\" width=\"1920\" height=\"400\" src=\"https:\/\/roclinics.com\/wp-content\/uploads\/2022\/05\/dental-clinic-sultanahmet.jpg\" class=\"attachment-full size-full wp-image-1141\" alt=\"\" srcset=\"https:\/\/roclinics.com\/wp-content\/uploads\/2022\/05\/dental-clinic-sultanahmet.jpg 1920w, https:\/\/roclinics.com\/wp-content\/uploads\/2022\/05\/dental-clinic-sultanahmet-300x63.jpg 300w, https:\/\/roclinics.com\/wp-content\/uploads\/2022\/05\/dental-clinic-sultanahmet-1024x213.jpg 1024w, https:\/\/roclinics.com\/wp-content\/uploads\/2022\/05\/dental-clinic-sultanahmet-768x160.jpg 768w, https:\/\/roclinics.com\/wp-content\/uploads\/2022\/05\/dental-clinic-sultanahmet-1536x320.jpg 1536w\" sizes=\"(max-width: 1920px) 100vw, 1920px\" \/>\t\t\t\t\t\t\t\t\t\t\t\t\t\t\t<\/div>\n\t\t\t\t<\/div>\n\t\t\t\t\t<\/div>\n\t\t<\/div>\n\t\t\t\t\t<\/div>\n\t\t<\/section>\n\t\t\t\t<section class=\"elementor-section elementor-top-section elementor-element elementor-element-136d354 elementor-section-boxed elementor-section-height-default elementor-section-height-default\" data-id=\"136d354\" data-element_type=\"section\">\n\t\t\t\t\t\t<div class=\"elementor-container elementor-column-gap-default\">\n\t\t\t\t\t<div class=\"elementor-column elementor-col-100 elementor-top-column elementor-element elementor-element-1f7fc27\" data-id=\"1f7fc27\" data-element_type=\"column\">\n\t\t\t<div class=\"elementor-widget-wrap elementor-element-populated\">\n\t\t\t\t\t\t<div class=\"elementor-element elementor-element-547671b uael-heading-align-center elementor-widget elementor-widget-uael-advanced-heading\" data-id=\"547671b\" data-element_type=\"widget\" data-widget_type=\"uael-advanced-heading.default\">\n\t\t\t\t<div class=\"elementor-widget-container\">\n\t\t\t\t\t\r\n\t\t<div class=\"uael-module-content uael-heading-wrapper\">\r\n\t\t\t\t\t\t<div class=\"uael-module-content uael-separator-parent\">\r\n\t\t\t\t\t\t\t\t<div class=\"uael-separator-wrap\">\r\n\t\t\t\t\t<div class=\"uael-separator-line uael-side-left\">\r\n\t\t\t\t\t\t<span><\/span>\r\n\t\t\t\t\t<\/div>\r\n\t\t\t\t\t<div class=\"uael-divider-content\">\r\n\t\t\t\t\t\t\t\t\t\t\t\t<h3 class=\"uael-divider-text elementor-inline-editing\" data-elementor-setting-key=\"heading_line_text\" data-elementor-inline-editing-toolbar=\"basic\">RO CLINIC<\/h3>\r\n\t\t\t\t\t<\/div>\r\n\t\t\t\t\t<div class=\"uael-separator-line uael-side-right\">\r\n\t\t\t\t\t\t<span><\/span>\r\n\t\t\t\t\t<\/div>\r\n\t\t\t\t<\/div>\r\n\t\t\t\t\t\t\t\t\t\t<\/div>\r\n\t\t\t\t\r\n\t\t\t\r\n\t\t\t<h1 class=\"uael-heading\">\r\n\t\t\t\t\t\t\t\t\t\t<span class=\"uael-heading-text elementor-inline-editing uael-size--default\" data-elementor-setting-key=\"heading_title\" data-elementor-inline-editing-toolbar=\"basic\">ENDODONT\u0130<\/span>\r\n\t\t\t\t\t\t\t<\/h1>\r\n\r\n\t\t\t\r\n\t\t\t\r\n\t\t\t\t\t\t\t<div class=\"uael-subheading elementor-inline-editing\" data-elementor-setting-key=\"heading_description\" data-elementor-inline-editing-toolbar=\"advanced\" >\r\n\t\t\t\t\t<p>DENTAL KL\u0130N\u0130\u011e\u0130<\/p>\t\t\t\t<\/div>\r\n\t\t\t\t\r\n\t\t\t\t\t\t<\/div>\r\n\t\t\t\t\t\t<\/div>\n\t\t\t\t<\/div>\n\t\t\t\t<div class=\"elementor-element elementor-element-da4677b elementor-widget elementor-widget-text-editor\" data-id=\"da4677b\" data-element_type=\"widget\" data-widget_type=\"text-editor.default\">\n\t\t\t\t<div class=\"elementor-widget-container\">\n\t\t\t\t\t\t\t\t\t<div class=\"careplus-section-heading\"><div class=\"careplus-section-heading\"><p>Endodontiyi anlayabilmek i\u00e7in; \u00f6ncelikle genel hatlar\u0131yla, di\u015f anatomisinden bahsetmek yerinde olacakt\u0131r. Di\u015fin, di\u015f etinin \u00fcst\u00fcnde yer alan ve a\u011f\u0131z i\u00e7inde g\u00f6r\u00fcnen k\u0131sm\u0131na dentin denir. A\u011f\u0131zda g\u00f6r\u00fcnmeyen ve kemik i\u00e7inde yer alan k\u0131sm\u0131na ise k\u00f6k ad\u0131 verilir. Di\u015fler, bir\u00e7ok tabakadan olu\u015fmaktad\u0131r. En d\u0131\u015f katman; di\u015f etleri s\u0131n\u0131r\u0131n\u0131n \u00fczerinde g\u00f6r\u00fclen mine tabakas\u0131d\u0131r. Mine tabakas\u0131n\u0131n bir alt\u0131nda, dentin ad\u0131 verilen bir yap\u0131 bulunmaktad\u0131r. Di\u015fin d\u0131\u015f dokular\u0131 olan mine ile dentinin alt\u0131nda ise pulpa dokusu yer al\u0131r. Pulpa, yumu\u015fak bir ba\u011f dokusu olan ve de di\u015fin canl\u0131 k\u0131sm\u0131n\u0131 olu\u015fturan yerdir.<\/p><p>Halk aras\u0131nda \u201cdi\u015fin siniri\u201d olarak da bilinir. Bir di\u015fin b\u00fcy\u00fcmesi ve geli\u015fmesi s\u0131ras\u0131nda pulpan\u0131n g\u00f6revi di\u015fi beslemektir. Pulpa dokusu; a\u011fr\u0131y\u0131 iletme \u00f6zelli\u011fiyle, di\u015fin hasar g\u00f6rd\u00fc\u011f\u00fcn\u00fc ya da iltihapland\u0131\u011f\u0131n\u0131 haber vermektedir.<\/p><p>Endodonti di\u015f pulpas\u0131na kadar ilerlemi\u015f \u00e7e\u015fitli di\u015f problemleriyle ilgilenerek, tedavisini yapan bir di\u015f hekimli\u011fi dal\u0131d\u0131r. \u0130nsan hayat\u0131nda \u00f6nemli bir yer tutan di\u015fler, zamanla \u00e7e\u015fitli nedenlere ba\u011fl\u0131 olarak hasar g\u00f6r\u00fcrler.<\/p><\/div><\/div>\t\t\t\t\t\t\t\t<\/div>\n\t\t\t\t<\/div>\n\t\t\t\t<div class=\"elementor-element elementor-element-ecb48b8 elementor-blockquote--skin-boxed elementor-blockquote--align-center elementor-blockquote--button-color-official elementor-widget elementor-widget-blockquote\" data-id=\"ecb48b8\" data-element_type=\"widget\" data-widget_type=\"blockquote.default\">\n\t\t\t\t<div class=\"elementor-widget-container\">\n\t\t\t\t\t\t\t<blockquote class=\"elementor-blockquote\">\n\t\t\t<p class=\"elementor-blockquote__content\">\n\t\t\t\t<br>Bu hasarlar\u0131n en ciddi ve belirgin olanlar\u0131ndan birisi ise, di\u015fin \u00e7\u00fcr\u00fcyerek i\u015flevini yitirmesidir. Bu durumda, di\u015fin i\u015flevine devam edebilmesini sa\u011flamak i\u00e7in; birtak\u0131m tedaviler uygulanmaktad\u0131r. Kanal tedavisi, bunlardan en s\u0131k\u00e7a uygulanan\u0131d\u0131r.\t\t\t<\/p>\n\t\t\t\t\t<\/blockquote>\n\t\t\t\t\t\t<\/div>\n\t\t\t\t<\/div>\n\t\t\t\t<div class=\"elementor-element elementor-element-4531f05 elementor-widget elementor-widget-text-editor\" data-id=\"4531f05\" data-element_type=\"widget\" data-widget_type=\"text-editor.default\">\n\t\t\t\t<div class=\"elementor-widget-container\">\n\t\t\t\t\t\t\t\t\t<figure class=\"careplus-department-thumb\"><div class=\"careplus-section-heading\"><div class=\"careplus-section-heading\"><div class=\"careplus-section-heading\"><div class=\"careplus-section-heading\"><div class=\"careplus-section-heading\"><div class=\"careplus-section-heading\"><div class=\"careplus-section-heading\"><div class=\"careplus-section-heading\"><div class=\"careplus-section-heading\"><div class=\"careplus-section-heading\"><h2>Kanal Tedavisi<\/h2><\/div><p>Kanal tedavileri ile ilgili dal olarak bilinen Endodonti pulpan\u0131n hasar g\u00f6rd\u00fc\u011f\u00fc durumlarla ilgilenir. Kanal tedavisi; Pulpa, yani sinirin kendini tamir edemeyecek \u015fekilde zarar g\u00f6rd\u00fc\u011f\u00fc durumlarda uygulanan tedavi \u015feklidir. K\u0131r\u0131k di\u015flerde ya da derin \u00e7\u00fcr\u00fcklerde bakteriler, \u00e7o\u011funlukla pulpan\u0131n iltihaplanmas\u0131na yol a\u00e7ar.<\/p><p>\u0130ltihapl\u0131 ve hasar g\u00f6rm\u00fc\u015f sinir \u00e7\u0131kar\u0131lmaz ise, di\u015f ve \u00e7evresindeki dokularda enfeksiyon yarat\u0131r, di\u015f kaybedilir. Pulpa dokusunun \u00e7\u0131kar\u0131larak, kanal bo\u015flu\u011funun temizlenmesi; \u015fekillendirilmesi ve de kanal\u0131n, dolgu maddeleri ile doldurulmas\u0131 gereklidir. Bu i\u015flemler b\u00fct\u00fcn\u00fcyle, kanal tedavisi olarak tan\u0131mlanmaktad\u0131r.<\/p><\/div><\/div><\/div><\/div><\/div><\/div><\/div><\/div><\/div><\/figure>\t\t\t\t\t\t\t\t<\/div>\n\t\t\t\t<\/div>\n\t\t\t\t\t<\/div>\n\t\t<\/div>\n\t\t\t\t\t<\/div>\n\t\t<\/section>\n\t\t\t\t<\/div>","protected":false},"excerpt":{"rendered":"<p>RO CLINIC ENDODONT\u0130 DENTAL KL\u0130N\u0130\u011e\u0130 Endodontiyi anlayabilmek i\u00e7in; \u00f6ncelikle genel hatlar\u0131yla, di\u015f anatomisinden bahsetmek yerinde olacakt\u0131r. Di\u015fin, di\u015f etinin \u00fcst\u00fcnde yer alan ve a\u011f\u0131z i\u00e7inde g\u00f6r\u00fcnen k\u0131sm\u0131na dentin denir. A\u011f\u0131zda g\u00f6r\u00fcnmeyen ve kemik i\u00e7inde yer alan k\u0131sm\u0131na ise k\u00f6k ad\u0131 verilir. Di\u015fler, bir\u00e7ok tabakadan olu\u015fmaktad\u0131r. En d\u0131\u015f katman; di\u015f etleri s\u0131n\u0131r\u0131n\u0131n \u00fczerinde g\u00f6r\u00fclen mine tabakas\u0131d\u0131r. &hellip;<\/p>\n<p class=\"read-more\"> <a class=\"\" href=\"https:\/\/roclinics.com\/fr\/endodonti\/\"> <span class=\"screen-reader-text\">Endodonti<\/span> Lire la suite\u00a0\u00bb<\/a><\/p>","protected":false},"author":1,"featured_media":0,"parent":0,"menu_order":0,"comment_status":"closed","ping_status":"closed","template":"","meta":{"site-sidebar-layout":"no-sidebar","site-content-layout":"page-builder","ast-main-header-display":"","ast-hfb-above-header-display":"","ast-hfb-below-header-display":"","ast-hfb-mobile-header-display":"","site-post-title":"disabled","ast-breadcrumbs-content":"","ast-featured-img":"disabled","footer-sml-layout":"","theme-transparent-header-meta":"","adv-header-id-meta":"","stick-header-meta":"","header-above-stick-meta":"","header-main-stick-meta":"","header-below-stick-meta":"","footnotes":""},"class_list":["post-1166","page","type-page","status-publish","hentry"],"_links":{"self":[{"href":"https:\/\/roclinics.com\/fr\/wp-json\/wp\/v2\/pages\/1166","targetHints":{"allow":["GET"]}}],"collection":[{"href":"https:\/\/roclinics.com\/fr\/wp-json\/wp\/v2\/pages"}],"about":[{"href":"https:\/\/roclinics.com\/fr\/wp-json\/wp\/v2\/types\/page"}],"author":[{"embeddable":true,"href":"https:\/\/roclinics.com\/fr\/wp-json\/wp\/v2\/users\/1"}],"replies":[{"embeddable":true,"href":"https:\/\/roclinics.com\/fr\/wp-json\/wp\/v2\/comments?post=1166"}],"version-history":[{"count":0,"href":"https:\/\/roclinics.com\/fr\/wp-json\/wp\/v2\/pages\/1166\/revisions"}],"wp:attachment":[{"href":"https:\/\/roclinics.com\/fr\/wp-json\/wp\/v2\/media?parent=1166"}],"curies":[{"name":"wp","href":"https:\/\/api.w.org\/{rel}","templated":true}]}}