{"id":1151,"date":"2022-05-11T11:05:34","date_gmt":"2022-05-11T11:05:34","guid":{"rendered":"http:\/\/genel-1.com:8888\/?page_id=1151"},"modified":"2022-05-11T11:07:02","modified_gmt":"2022-05-11T11:07:02","slug":"implant","status":"publish","type":"page","link":"https:\/\/roclinics.com\/fr\/implant\/","title":{"rendered":"\u0130mplant"},"content":{"rendered":"<div data-elementor-type=\"wp-page\" data-elementor-id=\"1151\" class=\"elementor elementor-1151\">\n\t\t\t\t\t\t<section class=\"elementor-section elementor-top-section elementor-element elementor-element-91c3e03 elementor-section-full_width elementor-section-height-default elementor-section-height-default\" data-id=\"91c3e03\" data-element_type=\"section\">\n\t\t\t\t\t\t<div class=\"elementor-container elementor-column-gap-default\">\n\t\t\t\t\t<div class=\"elementor-column elementor-col-100 elementor-top-column elementor-element elementor-element-99cc81c\" data-id=\"99cc81c\" data-element_type=\"column\">\n\t\t\t<div class=\"elementor-widget-wrap elementor-element-populated\">\n\t\t\t\t\t\t<div class=\"elementor-element elementor-element-b6b08d1 elementor-widget elementor-widget-image\" data-id=\"b6b08d1\" data-element_type=\"widget\" data-widget_type=\"image.default\">\n\t\t\t\t<div class=\"elementor-widget-container\">\n\t\t\t\t\t\t\t\t\t\t\t\t\t\t\t<img fetchpriority=\"high\" decoding=\"async\" width=\"1920\" height=\"400\" src=\"https:\/\/roclinics.com\/wp-content\/uploads\/2022\/05\/dental-clinic-sultanahmet.jpg\" class=\"attachment-full size-full wp-image-1141\" alt=\"\" srcset=\"https:\/\/roclinics.com\/wp-content\/uploads\/2022\/05\/dental-clinic-sultanahmet.jpg 1920w, https:\/\/roclinics.com\/wp-content\/uploads\/2022\/05\/dental-clinic-sultanahmet-300x63.jpg 300w, https:\/\/roclinics.com\/wp-content\/uploads\/2022\/05\/dental-clinic-sultanahmet-1024x213.jpg 1024w, https:\/\/roclinics.com\/wp-content\/uploads\/2022\/05\/dental-clinic-sultanahmet-768x160.jpg 768w, https:\/\/roclinics.com\/wp-content\/uploads\/2022\/05\/dental-clinic-sultanahmet-1536x320.jpg 1536w\" sizes=\"(max-width: 1920px) 100vw, 1920px\" \/>\t\t\t\t\t\t\t\t\t\t\t\t\t\t\t<\/div>\n\t\t\t\t<\/div>\n\t\t\t\t\t<\/div>\n\t\t<\/div>\n\t\t\t\t\t<\/div>\n\t\t<\/section>\n\t\t\t\t<section class=\"elementor-section elementor-top-section elementor-element elementor-element-136d354 elementor-section-boxed elementor-section-height-default elementor-section-height-default\" data-id=\"136d354\" data-element_type=\"section\">\n\t\t\t\t\t\t<div class=\"elementor-container elementor-column-gap-default\">\n\t\t\t\t\t<div class=\"elementor-column elementor-col-100 elementor-top-column elementor-element elementor-element-1f7fc27\" data-id=\"1f7fc27\" data-element_type=\"column\">\n\t\t\t<div class=\"elementor-widget-wrap elementor-element-populated\">\n\t\t\t\t\t\t<div class=\"elementor-element elementor-element-547671b uael-heading-align-center elementor-widget elementor-widget-uael-advanced-heading\" data-id=\"547671b\" data-element_type=\"widget\" data-widget_type=\"uael-advanced-heading.default\">\n\t\t\t\t<div class=\"elementor-widget-container\">\n\t\t\t\t\t\r\n\t\t<div class=\"uael-module-content uael-heading-wrapper\">\r\n\t\t\t\t\t\t<div class=\"uael-module-content uael-separator-parent\">\r\n\t\t\t\t\t\t\t\t<div class=\"uael-separator-wrap\">\r\n\t\t\t\t\t<div class=\"uael-separator-line uael-side-left\">\r\n\t\t\t\t\t\t<span><\/span>\r\n\t\t\t\t\t<\/div>\r\n\t\t\t\t\t<div class=\"uael-divider-content\">\r\n\t\t\t\t\t\t\t\t\t\t\t\t<h3 class=\"uael-divider-text elementor-inline-editing\" data-elementor-setting-key=\"heading_line_text\" data-elementor-inline-editing-toolbar=\"basic\">RO CLINIC<\/h3>\r\n\t\t\t\t\t<\/div>\r\n\t\t\t\t\t<div class=\"uael-separator-line uael-side-right\">\r\n\t\t\t\t\t\t<span><\/span>\r\n\t\t\t\t\t<\/div>\r\n\t\t\t\t<\/div>\r\n\t\t\t\t\t\t\t\t\t\t<\/div>\r\n\t\t\t\t\r\n\t\t\t\r\n\t\t\t<h1 class=\"uael-heading\">\r\n\t\t\t\t\t\t\t\t\t\t<span class=\"uael-heading-text elementor-inline-editing uael-size--default\" data-elementor-setting-key=\"heading_title\" data-elementor-inline-editing-toolbar=\"basic\">D\u0130\u015e \u0130MPLANTI<\/span>\r\n\t\t\t\t\t\t\t<\/h1>\r\n\r\n\t\t\t\r\n\t\t\t\r\n\t\t\t\t\t\t\t<div class=\"uael-subheading elementor-inline-editing\" data-elementor-setting-key=\"heading_description\" data-elementor-inline-editing-toolbar=\"advanced\" >\r\n\t\t\t\t\t<p>DENTAL KL\u0130N\u0130\u011e\u0130<\/p>\t\t\t\t<\/div>\r\n\t\t\t\t\r\n\t\t\t\t\t\t<\/div>\r\n\t\t\t\t\t\t<\/div>\n\t\t\t\t<\/div>\n\t\t\t\t<div class=\"elementor-element elementor-element-da4677b elementor-widget elementor-widget-text-editor\" data-id=\"da4677b\" data-element_type=\"widget\" data-widget_type=\"text-editor.default\">\n\t\t\t\t<div class=\"elementor-widget-container\">\n\t\t\t\t\t\t\t\t\t<div class=\"careplus-section-heading\"><h2>Di\u015f \u0130mplant\u0131 Nedir<\/h2><\/div><p>Dental implantlar di\u015f eksikliklerini gidermek amac\u0131yla \u00e7ene kemi\u011fine uygulanan, di\u015f k\u00f6k\u00fcn\u00fc taklit eden ve \u00fczerine protez yap\u0131labilen vida t\u00fcr\u00fc yap\u0131lard\u0131r.<\/p><p>\u00a0<\/p><div class=\"careplus-section-heading\"><h2>Di\u015f \u0130mplant\u0131 Neden \u00d6nerilir<\/h2><\/div><p>Canl\u0131lar\u0131n do\u011fas\u0131 gere\u011fi kullan\u0131lmayan yap\u0131lar zamanla k\u00f6relir. Di\u015f eksiklikleri sebebiyle \u00e7ene kemikleri de kuvvete maruz kalmad\u0131klar\u0131 i\u00e7in zamanla erimeye ba\u015flar. \u00c7ene kemi\u011finin erimesi kemi\u011fe kom\u015fu olan di\u015f etinin zamanla azalmas\u0131na, sebep olur. \u0130mplant ise di\u015f eksikli\u011fi durumunda di\u015fin do\u011fas\u0131n\u0131 taklit eder ve var olan kemi\u011fin yap\u0131s\u0131n\u0131n korunmas\u0131na yard\u0131mc\u0131 olur. Kemi\u011fin yap\u0131s\u0131n\u0131n korunmas\u0131, di\u015f etinin, dudak ve y\u00fcz kaslar\u0131n\u0131n din\u00e7 g\u00f6r\u00fcnmesi gibi olaylar\u0131 beraberinde getirir.<\/p>\t\t\t\t\t\t\t\t<\/div>\n\t\t\t\t<\/div>\n\t\t\t\t<div class=\"elementor-element elementor-element-ecb48b8 elementor-blockquote--skin-boxed elementor-blockquote--align-center elementor-blockquote--button-color-official elementor-widget elementor-widget-blockquote\" data-id=\"ecb48b8\" data-element_type=\"widget\" data-widget_type=\"blockquote.default\">\n\t\t\t\t<div class=\"elementor-widget-container\">\n\t\t\t\t\t\t\t<blockquote class=\"elementor-blockquote\">\n\t\t\t<p class=\"elementor-blockquote__content\">\n\t\t\t\t<br>Tek di\u015f eksikli\u011finden \u00f6rnek verilecek olursa, bir k\u00f6pr\u00fc yaparak di\u015f eksikli\u011fini gidermeye \u00e7al\u0131\u015f\u0131l\u0131rsa zamanla eksik di\u015f b\u00f6lgesindeki kemi\u011fin erimesi devam edece\u011fi i\u00e7in kemik ve dolay\u0131s\u0131yla o b\u00f6lgede di\u015f eti korunamaz.\t\t\t<\/p>\n\t\t\t\t\t<\/blockquote>\n\t\t\t\t\t\t<\/div>\n\t\t\t\t<\/div>\n\t\t\t\t<div class=\"elementor-element elementor-element-4531f05 elementor-widget elementor-widget-text-editor\" data-id=\"4531f05\" data-element_type=\"widget\" data-widget_type=\"text-editor.default\">\n\t\t\t\t<div class=\"elementor-widget-container\">\n\t\t\t\t\t\t\t\t\t<figure class=\"careplus-department-thumb\"><div class=\"careplus-section-heading\"><div class=\"careplus-section-heading\"><div class=\"careplus-section-heading\"><div class=\"careplus-section-heading\"><div class=\"careplus-section-heading\"><div class=\"careplus-section-heading\"><div class=\"careplus-section-heading\"><div class=\"careplus-section-heading\"><h2>\u0130mplant\u0131n Avantajlar\u0131 Nelerdir?<\/h2><\/div><p>\u0130mplant \u00e7ene kemi\u011finin erimesinin \u00f6n\u00fcne ge\u00e7er. Kom\u015fu di\u015flerin k\u00f6pr\u00fc tedavisinde oldu\u011fu gibi kesilmesine gerek kalmaz. Kom\u015fu di\u015flerin do\u011fal yap\u0131s\u0131 korunmu\u015f olur. Hasta implant\u0131 ve \u00fczerindeki kaplamay\u0131 kendi di\u015fiymi\u015f gibi hisseder. \u00d6n b\u00f6lgelerde uygulanmas\u0131 ba\u015fl\u0131ca estetik , \u00e7i\u011fnerken kesme,koparma gibi hareketlerin yap\u0131labilmesi, arka b\u00f6lgelerde uygulanmas\u0131 ise sa\u011fl\u0131kl\u0131 ve etkili bir beslenme yap\u0131labilmesini sa\u011flar. \u00c7ene kemi\u011finin korunmas\u0131 beraberinde kemi\u011fe kom\u015fu di\u015f etinin korunmas\u0131n\u0131 sa\u011flar. Hareketli protez kullanan hastalara implanttan yaralan\u0131larak yap\u0131lan hareketli protezler, tak\u0131p \u00e7\u0131karma konforu, \u00e7i\u011fneme, beslenme ve konu\u015fman\u0131n etkin yap\u0131labilmesi bak\u0131m\u0131ndan \u00e7ok avantajl\u0131d\u0131r.<\/p><div class=\"careplus-section-heading\"><h2>A\u011f\u0131z \u0130\u00e7i Yaralar<\/h2><\/div><p>\u00d6nemli sistemik hastal\u0131klar\u0131n belirtileri \u00f6ncelikle a\u011f\u0131zda g\u00f6r\u00fclebilir. Bu a\u011f\u0131z i\u00e7i lezyonlar size hi\u00e7 rahats\u0131zl\u0131k vermese bile mutlaka di\u015fhekimine muayene olunuz.<\/p><\/div><\/div><\/div><\/div><\/div><\/div><\/div><\/figure>\t\t\t\t\t\t\t\t<\/div>\n\t\t\t\t<\/div>\n\t\t\t\t\t<\/div>\n\t\t<\/div>\n\t\t\t\t\t<\/div>\n\t\t<\/section>\n\t\t\t\t<\/div>","protected":false},"excerpt":{"rendered":"<p>RO CLINIC D\u0130\u015e \u0130MPLANTI DENTAL KL\u0130N\u0130\u011e\u0130 Di\u015f \u0130mplant\u0131 Nedir Dental implantlar di\u015f eksikliklerini gidermek amac\u0131yla \u00e7ene kemi\u011fine uygulanan, di\u015f k\u00f6k\u00fcn\u00fc taklit eden ve \u00fczerine protez yap\u0131labilen vida t\u00fcr\u00fc yap\u0131lard\u0131r. \u00a0 Di\u015f \u0130mplant\u0131 Neden \u00d6nerilir Canl\u0131lar\u0131n do\u011fas\u0131 gere\u011fi kullan\u0131lmayan yap\u0131lar zamanla k\u00f6relir. Di\u015f eksiklikleri sebebiyle \u00e7ene kemikleri de kuvvete maruz kalmad\u0131klar\u0131 i\u00e7in zamanla erimeye ba\u015flar. \u00c7ene &hellip;<\/p>\n<p class=\"read-more\"> <a class=\"\" href=\"https:\/\/roclinics.com\/fr\/implant\/\"> <span class=\"screen-reader-text\">\u0130mplant<\/span> Lire la suite\u00a0\u00bb<\/a><\/p>","protected":false},"author":1,"featured_media":0,"parent":0,"menu_order":0,"comment_status":"closed","ping_status":"closed","template":"","meta":{"site-sidebar-layout":"no-sidebar","site-content-layout":"page-builder","ast-main-header-display":"","ast-hfb-above-header-display":"","ast-hfb-below-header-display":"","ast-hfb-mobile-header-display":"","site-post-title":"disabled","ast-breadcrumbs-content":"","ast-featured-img":"disabled","footer-sml-layout":"","theme-transparent-header-meta":"","adv-header-id-meta":"","stick-header-meta":"","header-above-stick-meta":"","header-main-stick-meta":"","header-below-stick-meta":"","footnotes":""},"class_list":["post-1151","page","type-page","status-publish","hentry"],"_links":{"self":[{"href":"https:\/\/roclinics.com\/fr\/wp-json\/wp\/v2\/pages\/1151","targetHints":{"allow":["GET"]}}],"collection":[{"href":"https:\/\/roclinics.com\/fr\/wp-json\/wp\/v2\/pages"}],"about":[{"href":"https:\/\/roclinics.com\/fr\/wp-json\/wp\/v2\/types\/page"}],"author":[{"embeddable":true,"href":"https:\/\/roclinics.com\/fr\/wp-json\/wp\/v2\/users\/1"}],"replies":[{"embeddable":true,"href":"https:\/\/roclinics.com\/fr\/wp-json\/wp\/v2\/comments?post=1151"}],"version-history":[{"count":0,"href":"https:\/\/roclinics.com\/fr\/wp-json\/wp\/v2\/pages\/1151\/revisions"}],"wp:attachment":[{"href":"https:\/\/roclinics.com\/fr\/wp-json\/wp\/v2\/media?parent=1151"}],"curies":[{"name":"wp","href":"https:\/\/api.w.org\/{rel}","templated":true}]}}