{"id":1067,"date":"2022-05-09T18:00:14","date_gmt":"2022-05-09T18:00:14","guid":{"rendered":"http:\/\/genel-1.com:8888\/?page_id=1067"},"modified":"2022-05-16T17:26:16","modified_gmt":"2022-05-16T17:26:16","slug":"brezilya-kalca-estetigi-bbl","status":"publish","type":"page","link":"https:\/\/roclinics.com\/fr\/brezilya-kalca-estetigi-bbl\/","title":{"rendered":"Brezilya Kal\u00e7a Esteti\u011fi &#8211; BBL"},"content":{"rendered":"<div data-elementor-type=\"wp-page\" data-elementor-id=\"1067\" class=\"elementor elementor-1067\">\n\t\t\t\t\t\t<section class=\"elementor-section elementor-top-section elementor-element elementor-element-91c3e03 elementor-section-full_width elementor-section-height-default elementor-section-height-default\" data-id=\"91c3e03\" data-element_type=\"section\">\n\t\t\t\t\t\t<div class=\"elementor-container elementor-column-gap-default\">\n\t\t\t\t\t<div class=\"elementor-column elementor-col-100 elementor-top-column elementor-element elementor-element-99cc81c\" data-id=\"99cc81c\" data-element_type=\"column\">\n\t\t\t<div class=\"elementor-widget-wrap elementor-element-populated\">\n\t\t\t\t\t\t<div class=\"elementor-element elementor-element-b6b08d1 elementor-widget elementor-widget-image\" data-id=\"b6b08d1\" data-element_type=\"widget\" data-widget_type=\"image.default\">\n\t\t\t\t<div class=\"elementor-widget-container\">\n\t\t\t\t\t\t\t\t\t\t\t\t\t\t\t<img fetchpriority=\"high\" decoding=\"async\" width=\"1920\" height=\"400\" src=\"https:\/\/roclinics.com\/wp-content\/uploads\/2022\/05\/estetik-ve-plastik-cerrahi-1.jpg\" class=\"attachment-full size-full wp-image-1041\" alt=\"\" srcset=\"https:\/\/roclinics.com\/wp-content\/uploads\/2022\/05\/estetik-ve-plastik-cerrahi-1.jpg 1920w, https:\/\/roclinics.com\/wp-content\/uploads\/2022\/05\/estetik-ve-plastik-cerrahi-1-300x63.jpg 300w, https:\/\/roclinics.com\/wp-content\/uploads\/2022\/05\/estetik-ve-plastik-cerrahi-1-1024x213.jpg 1024w, https:\/\/roclinics.com\/wp-content\/uploads\/2022\/05\/estetik-ve-plastik-cerrahi-1-768x160.jpg 768w, https:\/\/roclinics.com\/wp-content\/uploads\/2022\/05\/estetik-ve-plastik-cerrahi-1-1536x320.jpg 1536w, https:\/\/roclinics.com\/wp-content\/uploads\/2022\/05\/estetik-ve-plastik-cerrahi-1-600x125.jpg 600w\" sizes=\"(max-width: 1920px) 100vw, 1920px\" \/>\t\t\t\t\t\t\t\t\t\t\t\t\t\t\t<\/div>\n\t\t\t\t<\/div>\n\t\t\t\t\t<\/div>\n\t\t<\/div>\n\t\t\t\t\t<\/div>\n\t\t<\/section>\n\t\t\t\t<section class=\"elementor-section elementor-top-section elementor-element elementor-element-136d354 elementor-section-boxed elementor-section-height-default elementor-section-height-default\" data-id=\"136d354\" data-element_type=\"section\">\n\t\t\t\t\t\t<div class=\"elementor-container elementor-column-gap-default\">\n\t\t\t\t\t<div class=\"elementor-column elementor-col-100 elementor-top-column elementor-element elementor-element-1f7fc27\" data-id=\"1f7fc27\" data-element_type=\"column\">\n\t\t\t<div class=\"elementor-widget-wrap elementor-element-populated\">\n\t\t\t\t\t\t<div class=\"elementor-element elementor-element-547671b uael-heading-align-center elementor-widget elementor-widget-uael-advanced-heading\" data-id=\"547671b\" data-element_type=\"widget\" data-widget_type=\"uael-advanced-heading.default\">\n\t\t\t\t<div class=\"elementor-widget-container\">\n\t\t\t\t\t\r\n\t\t<div class=\"uael-module-content uael-heading-wrapper\">\r\n\t\t\t\t\t\t<div class=\"uael-module-content uael-separator-parent\">\r\n\t\t\t\t\t\t\t\t<div class=\"uael-separator-wrap\">\r\n\t\t\t\t\t<div class=\"uael-separator-line uael-side-left\">\r\n\t\t\t\t\t\t<span><\/span>\r\n\t\t\t\t\t<\/div>\r\n\t\t\t\t\t<div class=\"uael-divider-content\">\r\n\t\t\t\t\t\t\t\t\t\t\t\t<h3 class=\"uael-divider-text elementor-inline-editing\" data-elementor-setting-key=\"heading_line_text\" data-elementor-inline-editing-toolbar=\"basic\">RO CLINIC<\/h3>\r\n\t\t\t\t\t<\/div>\r\n\t\t\t\t\t<div class=\"uael-separator-line uael-side-right\">\r\n\t\t\t\t\t\t<span><\/span>\r\n\t\t\t\t\t<\/div>\r\n\t\t\t\t<\/div>\r\n\t\t\t\t\t\t\t\t\t\t<\/div>\r\n\t\t\t\t\r\n\t\t\t\r\n\t\t\t<h1 class=\"uael-heading\">\r\n\t\t\t\t\t\t\t\t\t\t<span class=\"uael-heading-text elementor-inline-editing uael-size--default\" data-elementor-setting-key=\"heading_title\" data-elementor-inline-editing-toolbar=\"basic\">BREZ\u0130LYA KAL\u00c7A ESTET\u0130\u011e\u0130 (BBL)<\/span>\r\n\t\t\t\t\t\t\t<\/h1>\r\n\r\n\t\t\t\r\n\t\t\t\r\n\t\t\t\t\t\t\t<div class=\"uael-subheading elementor-inline-editing\" data-elementor-setting-key=\"heading_description\" data-elementor-inline-editing-toolbar=\"advanced\" >\r\n\t\t\t\t\tESTET\u0130K OPERASYONLAR\t\t\t\t<\/div>\r\n\t\t\t\t\r\n\t\t\t\t\t\t<\/div>\r\n\t\t\t\t\t\t<\/div>\n\t\t\t\t<\/div>\n\t\t\t\t<div class=\"elementor-element elementor-element-da4677b elementor-widget elementor-widget-text-editor\" data-id=\"da4677b\" data-element_type=\"widget\" data-widget_type=\"text-editor.default\">\n\t\t\t\t<div class=\"elementor-widget-container\">\n\t\t\t\t\t\t\t\t\t<figure class=\"careplus-department-thumb\"><p>Orant\u0131l\u0131 bir v\u00fccut i\u00e7in, kal\u00e7an\u0131n \u015fekli ve oran\u0131 \u00f6nemli bir fakt\u00f6rd\u00fcr. \u201cBrezilya popo kald\u0131rma ameliyat\u0131\u201d \u201cBrezilya Poposu (BBL)\u201d<\/p><\/figure>\t\t\t\t\t\t\t\t<\/div>\n\t\t\t\t<\/div>\n\t\t\t\t<div class=\"elementor-element elementor-element-ecb48b8 elementor-blockquote--skin-boxed elementor-blockquote--align-center elementor-blockquote--button-color-official elementor-widget elementor-widget-blockquote\" data-id=\"ecb48b8\" data-element_type=\"widget\" data-widget_type=\"blockquote.default\">\n\t\t\t\t<div class=\"elementor-widget-container\">\n\t\t\t\t\t\t\t<blockquote class=\"elementor-blockquote\">\n\t\t\t<p class=\"elementor-blockquote__content\">\n\t\t\t\t<br>\n\u201cBrezilya Kal\u00e7as\u0131 Esteti\u011fi\u201d ameliyat\u0131 olarak an\u0131lan uygulama ile daha dolgun, daha yuvarlak bir kal\u00e7a konturu elde etmek i\u00e7in \u00f6zel ya\u011f transfer tekniklerini kullanabiliyoruz.\t\t\t<\/p>\n\t\t\t\t\t<\/blockquote>\n\t\t\t\t\t\t<\/div>\n\t\t\t\t<\/div>\n\t\t\t\t<div class=\"elementor-element elementor-element-4531f05 elementor-widget elementor-widget-text-editor\" data-id=\"4531f05\" data-element_type=\"widget\" data-widget_type=\"text-editor.default\">\n\t\t\t\t<div class=\"elementor-widget-container\">\n\t\t\t\t\t\t\t\t\t<figure class=\"careplus-department-thumb\"><div class=\"careplus-section-heading\"><div class=\"careplus-section-heading\"><div class=\"careplus-section-heading\"><div class=\"careplus-section-heading\"><div class=\"careplus-section-heading\"><h2>Brezilya Poposu Ameliyat\u0131 Nas\u0131l Uygulan\u0131r?<\/h2><\/div><p>Kal\u00e7a b\u00f6lgesinde daha fazla dolgunluk yaratmaya yard\u0131mc\u0131 olmak i\u00e7in ya\u011f transferini i\u00e7eren pop\u00fcler bir estetik prosed\u00fcrd\u00fcr.<\/p><p>Brezilya Poposu, kal\u00e7a protezi (silikon) olmadan kal\u00e7alar\u0131n boyutunu ve \u015feklini art\u0131ran \u00f6zel bir ya\u011f transfer prosed\u00fcr\u00fcd\u00fcr. Liposuction ile kal\u00e7a, kar\u0131n, bel veya uyluk b\u00f6lgelerinden fazla ya\u011f al\u0131n\u0131r ve daha sonra bu ya\u011f\u0131n bir k\u0131sm\u0131 kal\u00e7aya enjekte edilir.<\/p><p>Brezilya poposu (BBL) ameliyat\u0131 veya Brezilya kal\u00e7as\u0131 esteti\u011fi ameliyat\u0131 ile t\u00fcm alt v\u00fccudun oranlar\u0131n\u0131 iyile\u015ftirebilmekte, hastan\u0131n &#8220;sorunlu b\u00f6lgelerinden&#8221; ya\u011f alarak ve kal\u00e7an\u0131n daha belirgin olmas\u0131n\u0131 sa\u011flarken, orant\u0131s\u0131z ve fazla olan b\u00f6lgelerde oransal b\u00fct\u00fcnl\u00fc\u011f\u00fc sa\u011flayabilmekteyiz.<\/p><div class=\"careplus-section-heading\"><h2>Brezilya Kal\u00e7as\u0131 Esteti\u011fi Kimler i\u00e7in Uygundur?<\/h2><\/div><p>Brezilya poposu ameliyat\u0131 (popo dikle\u015ftirme),kal\u00e7alar\u0131n \u015feklini ve boyutunu iyile\u015ftirmek i\u00e7in \u00e7ok iyi bir se\u00e7enek olabilir. Baz\u0131 hastalar brezilya kal\u00e7a esteti\u011fi i\u00e7in daha uygundur.<\/p><p>Genel olarak, a\u015fa\u011f\u0131daki \u00f6zelliklere sahip olan ki\u015filer, Brezilya popo esteti\u011fi i\u00e7in muhtemelen iyi birer adayd\u0131r:<br \/>Protezsiz (\u0130mplants\u0131z) kal\u00e7a b\u00fcy\u00fctme operasyonu istiyorsan\u0131z,<br \/>Kal\u00e7alarda a\u015f\u0131r\u0131 sarkma yok ise,<br \/>Popoya ya\u011f ejeksiyonu i\u00e7in di\u011fer v\u00fccut b\u00f6lgelerinde yeterince ya\u011f varsa.<br \/>Popoya ya\u011f enjeksiyonu yapt\u0131ranlar, birka\u00e7 hafta boyunca do\u011frudan kal\u00e7an\u0131z\u0131n \u00fcst\u00fcne oturmaktan ka\u00e7\u0131nabilmelidir.<br \/>Ad\u0131na ra\u011fmen, Brazilian Butt Lift BBL yani brezilya popo kald\u0131rma ameliyat\u0131 ad\u0131n\u0131n aksine geleneksel bir &#8220;kald\u0131rma&#8221; prosed\u00fcr\u00fc de\u011fildir. Yani kal\u00e7adaki sarkan deri varsa ona dair bir m\u00fcdahale yoktur. E\u011fer kal\u00e7alarda veya bacakta cilt sarkmas\u0131 varsa, uyluk ve popo kald\u0131rma ameliyat\u0131 daha uygun bir se\u00e7enek olabilir.<\/p><\/div><\/div><\/div><\/div><\/figure>\t\t\t\t\t\t\t\t<\/div>\n\t\t\t\t<\/div>\n\t\t\t\t\t<\/div>\n\t\t<\/div>\n\t\t\t\t\t<\/div>\n\t\t<\/section>\n\t\t\t\t<\/div>","protected":false},"excerpt":{"rendered":"<p>RO CLINIC BREZ\u0130LYA KAL\u00c7A ESTET\u0130\u011e\u0130 (BBL) ESTET\u0130K OPERASYONLAR Orant\u0131l\u0131 bir v\u00fccut i\u00e7in, kal\u00e7an\u0131n \u015fekli ve oran\u0131 \u00f6nemli bir fakt\u00f6rd\u00fcr. \u201cBrezilya popo kald\u0131rma ameliyat\u0131\u201d \u201cBrezilya Poposu (BBL)\u201d \u201cBrezilya Kal\u00e7as\u0131 Esteti\u011fi\u201d ameliyat\u0131 olarak an\u0131lan uygulama ile daha dolgun, daha yuvarlak bir kal\u00e7a konturu elde etmek i\u00e7in \u00f6zel ya\u011f transfer tekniklerini kullanabiliyoruz. Brezilya Poposu Ameliyat\u0131 Nas\u0131l Uygulan\u0131r? Kal\u00e7a &hellip;<\/p>\n<p class=\"read-more\"> <a class=\"\" href=\"https:\/\/roclinics.com\/fr\/brezilya-kalca-estetigi-bbl\/\"> <span class=\"screen-reader-text\">Brezilya Kal\u00e7a Esteti\u011fi &#8211; BBL<\/span> Lire la suite\u00a0\u00bb<\/a><\/p>","protected":false},"author":1,"featured_media":0,"parent":0,"menu_order":0,"comment_status":"closed","ping_status":"closed","template":"","meta":{"site-sidebar-layout":"no-sidebar","site-content-layout":"page-builder","ast-main-header-display":"","ast-hfb-above-header-display":"","ast-hfb-below-header-display":"","ast-hfb-mobile-header-display":"","site-post-title":"disabled","ast-breadcrumbs-content":"","ast-featured-img":"disabled","footer-sml-layout":"","theme-transparent-header-meta":"","adv-header-id-meta":"","stick-header-meta":"","header-above-stick-meta":"","header-main-stick-meta":"","header-below-stick-meta":"","footnotes":""},"class_list":["post-1067","page","type-page","status-publish","hentry"],"_links":{"self":[{"href":"https:\/\/roclinics.com\/fr\/wp-json\/wp\/v2\/pages\/1067","targetHints":{"allow":["GET"]}}],"collection":[{"href":"https:\/\/roclinics.com\/fr\/wp-json\/wp\/v2\/pages"}],"about":[{"href":"https:\/\/roclinics.com\/fr\/wp-json\/wp\/v2\/types\/page"}],"author":[{"embeddable":true,"href":"https:\/\/roclinics.com\/fr\/wp-json\/wp\/v2\/users\/1"}],"replies":[{"embeddable":true,"href":"https:\/\/roclinics.com\/fr\/wp-json\/wp\/v2\/comments?post=1067"}],"version-history":[{"count":0,"href":"https:\/\/roclinics.com\/fr\/wp-json\/wp\/v2\/pages\/1067\/revisions"}],"wp:attachment":[{"href":"https:\/\/roclinics.com\/fr\/wp-json\/wp\/v2\/media?parent=1067"}],"curies":[{"name":"wp","href":"https:\/\/api.w.org\/{rel}","templated":true}]}}