{"id":999,"date":"2022-05-09T15:53:55","date_gmt":"2022-05-09T15:53:55","guid":{"rendered":"http:\/\/genel-1.com:8888\/?page_id=999"},"modified":"2022-05-09T15:55:17","modified_gmt":"2022-05-09T15:55:17","slug":"sac-ekimi-sonrasi","status":"publish","type":"page","link":"https:\/\/roclinics.com\/en\/sac-ekimi-sonrasi\/","title":{"rendered":"Sa\u00e7 Ekimi Sonras\u0131"},"content":{"rendered":"<div data-elementor-type=\"wp-page\" data-elementor-id=\"999\" class=\"elementor elementor-999\">\n\t\t\t\t\t\t<section class=\"elementor-section elementor-top-section elementor-element elementor-element-91c3e03 elementor-section-full_width elementor-section-height-default elementor-section-height-default\" data-id=\"91c3e03\" data-element_type=\"section\">\n\t\t\t\t\t\t<div class=\"elementor-container elementor-column-gap-default\">\n\t\t\t\t\t<div class=\"elementor-column elementor-col-100 elementor-top-column elementor-element elementor-element-99cc81c\" data-id=\"99cc81c\" data-element_type=\"column\">\n\t\t\t<div class=\"elementor-widget-wrap elementor-element-populated\">\n\t\t\t\t\t\t<div class=\"elementor-element elementor-element-b6b08d1 elementor-widget elementor-widget-image\" data-id=\"b6b08d1\" data-element_type=\"widget\" data-widget_type=\"image.default\">\n\t\t\t\t<div class=\"elementor-widget-container\">\n\t\t\t\t\t\t\t\t\t\t\t\t\t\t\t<img fetchpriority=\"high\" decoding=\"async\" width=\"1920\" height=\"400\" src=\"https:\/\/roclinics.com\/wp-content\/uploads\/2022\/05\/sac-ekimi-banner.jpg\" class=\"attachment-full size-full wp-image-951\" alt=\"\" srcset=\"https:\/\/roclinics.com\/wp-content\/uploads\/2022\/05\/sac-ekimi-banner.jpg 1920w, https:\/\/roclinics.com\/wp-content\/uploads\/2022\/05\/sac-ekimi-banner-300x63.jpg 300w, https:\/\/roclinics.com\/wp-content\/uploads\/2022\/05\/sac-ekimi-banner-1024x213.jpg 1024w, https:\/\/roclinics.com\/wp-content\/uploads\/2022\/05\/sac-ekimi-banner-768x160.jpg 768w, https:\/\/roclinics.com\/wp-content\/uploads\/2022\/05\/sac-ekimi-banner-1536x320.jpg 1536w, https:\/\/roclinics.com\/wp-content\/uploads\/2022\/05\/sac-ekimi-banner-600x125.jpg 600w\" sizes=\"(max-width: 1920px) 100vw, 1920px\" \/>\t\t\t\t\t\t\t\t\t\t\t\t\t\t\t<\/div>\n\t\t\t\t<\/div>\n\t\t\t\t\t<\/div>\n\t\t<\/div>\n\t\t\t\t\t<\/div>\n\t\t<\/section>\n\t\t\t\t<section class=\"elementor-section elementor-top-section elementor-element elementor-element-136d354 elementor-section-boxed elementor-section-height-default elementor-section-height-default\" data-id=\"136d354\" data-element_type=\"section\">\n\t\t\t\t\t\t<div class=\"elementor-container elementor-column-gap-default\">\n\t\t\t\t\t<div class=\"elementor-column elementor-col-100 elementor-top-column elementor-element elementor-element-1f7fc27\" data-id=\"1f7fc27\" data-element_type=\"column\">\n\t\t\t<div class=\"elementor-widget-wrap elementor-element-populated\">\n\t\t\t\t\t\t<div class=\"elementor-element elementor-element-547671b uael-heading-align-center elementor-widget elementor-widget-uael-advanced-heading\" data-id=\"547671b\" data-element_type=\"widget\" data-widget_type=\"uael-advanced-heading.default\">\n\t\t\t\t<div class=\"elementor-widget-container\">\n\t\t\t\t\t\r\n\t\t<div class=\"uael-module-content uael-heading-wrapper\">\r\n\t\t\t\t\t\t<div class=\"uael-module-content uael-separator-parent\">\r\n\t\t\t\t\t\t\t\t<div class=\"uael-separator-wrap\">\r\n\t\t\t\t\t<div class=\"uael-separator-line uael-side-left\">\r\n\t\t\t\t\t\t<span><\/span>\r\n\t\t\t\t\t<\/div>\r\n\t\t\t\t\t<div class=\"uael-divider-content\">\r\n\t\t\t\t\t\t\t\t\t\t\t\t<h3 class=\"uael-divider-text elementor-inline-editing\" data-elementor-setting-key=\"heading_line_text\" data-elementor-inline-editing-toolbar=\"basic\">RO CLINIC<\/h3>\r\n\t\t\t\t\t<\/div>\r\n\t\t\t\t\t<div class=\"uael-separator-line uael-side-right\">\r\n\t\t\t\t\t\t<span><\/span>\r\n\t\t\t\t\t<\/div>\r\n\t\t\t\t<\/div>\r\n\t\t\t\t\t\t\t\t\t\t<\/div>\r\n\t\t\t\t\r\n\t\t\t\r\n\t\t\t<h1 class=\"uael-heading\">\r\n\t\t\t\t\t\t\t\t\t\t<span class=\"uael-heading-text elementor-inline-editing uael-size--default\" data-elementor-setting-key=\"heading_title\" data-elementor-inline-editing-toolbar=\"basic\">SA\u00c7 EK\u0130M\u0130 SONRASI<\/span>\r\n\t\t\t\t\t\t\t<\/h1>\r\n\r\n\t\t\t\r\n\t\t\t\r\n\t\t\t\t\t\t\t<div class=\"uael-subheading elementor-inline-editing\" data-elementor-setting-key=\"heading_description\" data-elementor-inline-editing-toolbar=\"advanced\" >\r\n\t\t\t\t\tSa\u00e7 Ekimi\t\t\t\t<\/div>\r\n\t\t\t\t\r\n\t\t\t\t\t\t<\/div>\r\n\t\t\t\t\t\t<\/div>\n\t\t\t\t<\/div>\n\t\t\t\t<div class=\"elementor-element elementor-element-da4677b elementor-widget elementor-widget-text-editor\" data-id=\"da4677b\" data-element_type=\"widget\" data-widget_type=\"text-editor.default\">\n\t\t\t\t<div class=\"elementor-widget-container\">\n\t\t\t\t\t\t\t\t\t<p><b>Sa\u00e7 ekimi<\/b>\u00a0yap\u0131lan hasta ilk saatlerde uyu\u015fturucu ila\u00e7lar\u0131n etkisinden dolay\u0131 ekim yap\u0131lan alan\u0131 \u00e7ok iyi hissetmez. Sonraki bir ka\u00e7 g\u00fcn ise \u00f6demden dolay\u0131 ayn\u0131 durum devam eder. Duyu olmayan v\u00fccudumuzdaki herhangi bir organ\u0131 d\u0131\u015f etkilere kar\u015f\u0131 korumam\u0131z zorla\u015f\u0131r. \u00d6zellikle \u015feker hastalar\u0131n\u0131n ayak b\u00f6lgesini iyi hessedememelerinden dolay\u0131 ayak yaralar\u0131na maruz kalmaktad\u0131rlar. Kol ve ellerde yaralanma varsa bu sinirin gitti\u011fi alanlarda hissizle\u015fme oldu\u011fundan fark\u0131na varmadan yaralanmalar\u0131n oldu\u011fu s\u0131kl\u0131kla g\u00f6r\u00fclmektedir.\u00a0<b>Sa\u00e7 ekimi<\/b>\u00a0sonras\u0131nda da hastalar\u0131n bu alan\u0131 en az 3-5 g\u00fcn \u00e7ok iyi korumalar\u0131 gerekir.\u00a0<b>Ekim sonras\u0131nda<\/b>\u00a0k\u00fc\u00e7\u00fck bir sarg\u0131 yap\u0131larak ila\u00e7lar\u0131n re\u00e7etesi verilir. 3. g\u00fcnde yap\u0131lacak olan ilk y\u0131kama, uzman taraf\u0131ndan tarif edildi\u011fi \u015fekilde yap\u0131l\u0131r. Sonraki g\u00fcnlerde ise herg\u00fcn tarif edilen \u015fekilde y\u0131kama yap\u0131lmal\u0131d\u0131r.<\/p><p><b>Sa\u00e7 ekimi sonras\u0131<\/b>\u00a0s\u00fcre\u00e7te ilk g\u00fcnlerde \u00f6nce sa\u00e7l\u0131 derideki yap\u0131\u015fm\u0131\u015f kan elemenlar\u0131 d\u00f6k\u00fcl\u00fcr devam eden g\u00fcnlerde kabuklar d\u00f6k\u00fclmeye ba\u015flar. 2-3 hftadan sonra ekilen sa\u00e7larda da d\u00f6k\u00fclme olur. Ancak 3. aydan itibaren ekim yap\u0131lan b\u00f6lgedeki folik\u00fcller k\u0131l \u00fcretimine ba\u015flar. \u00c7\u0131kan k\u0131llar\u0131n deriyi delemedikleri b\u00f6lgelerde sivilce tarz\u0131nda kabar\u0131kl\u0131klar olu\u015fsa da k\u0131sa s\u00fcre sonra bu kabar\u0131kl\u0131klardan sa\u00e7lar\u0131n \u00e7\u0131kmaya ba\u015flar ve sa\u00e7 \u00e7\u0131kmas\u0131 8 aya kadar uzar. \u00c7\u0131kan sa\u00e7lar\u0131n\u00a0<em>tamamen belirgin olmas\u0131 1 y\u0131l\u0131<\/em>\u00a0bulur.<\/p>\t\t\t\t\t\t\t\t<\/div>\n\t\t\t\t<\/div>\n\t\t\t\t<div class=\"elementor-element elementor-element-ecb48b8 elementor-blockquote--skin-boxed elementor-blockquote--align-center elementor-blockquote--button-color-official elementor-widget elementor-widget-blockquote\" data-id=\"ecb48b8\" data-element_type=\"widget\" data-widget_type=\"blockquote.default\">\n\t\t\t\t<div class=\"elementor-widget-container\">\n\t\t\t\t\t\t\t<blockquote class=\"elementor-blockquote\">\n\t\t\t<p class=\"elementor-blockquote__content\">\n\t\t\t\t<br>\nFUE sa\u00e7 ekiminden sonra sa\u00e7lar\u0131n al\u0131nd\u0131\u011f\u0131 ve ekildi\u011fi alanlar\u0131n iyile\u015fmesi 1-2 g\u00fcn s\u00fcrmektedir. 1 hafta \u2013 10 g\u00fcn sonra ise sa\u00e7 ekimi operasyonu yapt\u0131rd\u0131\u011f\u0131n\u0131z anla\u015f\u0131lmayacakt\u0131r.\t\t\t<\/p>\n\t\t\t\t\t<\/blockquote>\n\t\t\t\t\t\t<\/div>\n\t\t\t\t<\/div>\n\t\t\t\t<div class=\"elementor-element elementor-element-2ef4f50 elementor-widget elementor-widget-text-editor\" data-id=\"2ef4f50\" data-element_type=\"widget\" data-widget_type=\"text-editor.default\">\n\t\t\t\t<div class=\"elementor-widget-container\">\n\t\t\t\t\t\t\t\t\t<figure class=\"careplus-department-thumb\"><\/figure><div class=\"careplus-rich-editor\"><div class=\"careplus-section-heading\"><h3><strong>SA\u00c7 EK\u0130M\u0130 SONRASI<\/strong><\/h3><\/div><p><b>Sa\u00e7 ekimi<\/b>\u00a0yap\u0131lan hasta ilk saatlerde uyu\u015fturucu ila\u00e7lar\u0131n etkisinden dolay\u0131 ekim yap\u0131lan alan\u0131 \u00e7ok iyi hissetmez. Sonraki bir ka\u00e7 g\u00fcn ise \u00f6demden dolay\u0131 ayn\u0131 durum devam eder. Duyu olmayan v\u00fccudumuzdaki herhangi bir organ\u0131 d\u0131\u015f etkilere kar\u015f\u0131 korumam\u0131z zorla\u015f\u0131r. \u00d6zellikle \u015feker hastalar\u0131n\u0131n ayak b\u00f6lgesini iyi hessedememelerinden dolay\u0131 ayak yaralar\u0131na maruz kalmaktad\u0131rlar. Kol ve ellerde yaralanma varsa bu sinirin gitti\u011fi alanlarda hissizle\u015fme oldu\u011fundan fark\u0131na varmadan yaralanmalar\u0131n oldu\u011fu s\u0131kl\u0131kla g\u00f6r\u00fclmektedir.\u00a0<b>Sa\u00e7 ekimi<\/b>\u00a0sonras\u0131nda da hastalar\u0131n bu alan\u0131 en az 3-5 g\u00fcn \u00e7ok iyi korumalar\u0131 gerekir.\u00a0<b>Ekim sonras\u0131nda<\/b>\u00a0k\u00fc\u00e7\u00fck bir sarg\u0131 yap\u0131larak ila\u00e7lar\u0131n re\u00e7etesi verilir. 3. g\u00fcnde yap\u0131lacak olan ilk y\u0131kama, uzman taraf\u0131ndan tarif edildi\u011fi \u015fekilde yap\u0131l\u0131r. Sonraki g\u00fcnlerde ise herg\u00fcn tarif edilen \u015fekilde y\u0131kama yap\u0131lmal\u0131d\u0131r.<\/p><p><b>Sa\u00e7 ekimi sonras\u0131<\/b>\u00a0s\u00fcre\u00e7te ilk g\u00fcnlerde \u00f6nce sa\u00e7l\u0131 derideki yap\u0131\u015fm\u0131\u015f kan elemenlar\u0131 d\u00f6k\u00fcl\u00fcr devam eden g\u00fcnlerde kabuklar d\u00f6k\u00fclmeye ba\u015flar. 2-3 hftadan sonra ekilen sa\u00e7larda da d\u00f6k\u00fclme olur. Ancak 3. aydan itibaren ekim yap\u0131lan b\u00f6lgedeki folik\u00fcller k\u0131l \u00fcretimine ba\u015flar. \u00c7\u0131kan k\u0131llar\u0131n deriyi delemedikleri b\u00f6lgelerde sivilce tarz\u0131nda kabar\u0131kl\u0131klar olu\u015fsa da k\u0131sa s\u00fcre sonra bu kabar\u0131kl\u0131klardan sa\u00e7lar\u0131n \u00e7\u0131kmaya ba\u015flar ve sa\u00e7 \u00e7\u0131kmas\u0131 8 aya kadar uzar. \u00c7\u0131kan sa\u00e7lar\u0131n\u00a0<em>tamamen belirgin olmas\u0131 1 y\u0131l\u0131<\/em>\u00a0bulur.<\/p><blockquote><i class=\"fa fa-quote-right\"><\/i>FUE sa\u00e7 ekiminden sonra sa\u00e7lar\u0131n al\u0131nd\u0131\u011f\u0131 ve ekildi\u011fi alanlar\u0131n iyile\u015fmesi 1-2 g\u00fcn s\u00fcrmektedir. 1 hafta \u2013 10 g\u00fcn sonra ise sa\u00e7 ekimi operasyonu yapt\u0131rd\u0131\u011f\u0131n\u0131z anla\u015f\u0131lmayacakt\u0131r.<\/blockquote><p>1-\u00a0<b>Sa\u00e7 ekimi i\u015flemi<\/b>\u00a0bitti\u011finde,ense b\u00f6lgesine pansuman yap\u0131larak bandaj yap\u0131l\u0131r,\u00a0<b>sa\u00e7 ekilen<\/b>\u00a0b\u00f6lgeye \u00f6zel bone verilir. Kalaca\u011f\u0131n\u0131z yere ula\u015ft\u0131\u011f\u0131n\u0131zda boneyi \u00e7\u0131karabilirsiniz.\u00a0<em>Bandaj ertesi g\u00fcn \u00e7\u0131kar\u0131l\u0131r.<\/em><\/p><p>3-\u00a0<em>\u0130lk g\u00fcn, ekim yap\u0131lan sahalar\u0131n bir yere temas etmemesine dikkat edilmelidir.<\/em><\/p><p>4-\u00a0<b>Ekimin yap\u0131ld\u0131\u011f\u0131 g\u00fcn,<\/b>\u00a0<em>gece uyurken s\u0131rt \u00fcst\u00fc ve biraz dik olacak \u015fekilde uyuman\u0131z gerekmektedir.<\/em>\u00a0Boyun yast\u0131\u011f\u0131 kullanabilirsiniz.<\/p><p>5- \u0130lk be\u015f g\u00fcn verilen ila\u00e7lar\u0131\u00a0<em>uzman\u0131n\u0131z\u0131n belirtti\u011fi \u015fekilde kullan\u0131n\u0131z.<\/em><\/p><p>6-\u00a0<b>Sa\u00e7 ekimi sonras\u0131<\/b>\u00a0<em>1 hafta alkol kullanmay\u0131n\u0131z.<\/em>\u00a0Ayr\u0131ca\u00a0<em>bir hafta boyunca<\/em>\u00a0aspirin gibi kan suland\u0131r\u0131c\u0131 a\u011fr\u0131 kesici ve ila\u00e7lar almay\u0131n\u0131z. Sigara kullan\u0131m\u0131n\u0131 azalt\u0131n\u0131z.<\/p><p>7- G\u00f6z \u00e7evresi ve y\u00fczde hafif bir \u015fi\u015flik (\u00f6dem) olu\u015fmas\u0131 baz\u0131 ki\u015filerde normaldir. Bu durum 2-3 g\u00fcn s\u00fcrmektedir. Verilen\u00a0<em>ila\u00e7lar\u0131 uzman\u0131n\u0131z\u0131n belirtti\u011fi \u015fekilde kullan\u0131rsan\u0131z,<\/em>\u00a0\u00f6dem olu\u015fma ihtimali de azalacakt\u0131r.<\/p><p>8-\u00a0<b>Sa\u00e7 ekimden<\/b>\u00a01 g\u00fcn sonra u\u00e7ak veya di\u011fer ara\u00e7larla seyahat edebilirsiniz.<\/p><p>9- Spor ,y\u00fczme (havuz veya deniz), solaryum, g\u00fcne\u015flenme ve sauna gibi etkinliklere\u00a0<em>1 ay sonra<\/em>\u00a0ba\u015flayabilirsiniz.<\/p><p>10-\u00a0<b>\u0130lk sa\u00e7 y\u0131kamas\u0131<\/b>\u00a02. g\u00fcnd\u00fcr ve hastanede yap\u0131l\u0131r, \u00f6zel y\u0131kama y\u00f6ntemi hakk\u0131nda uzman\u0131n\u0131z taraf\u0131ndan detaylar\u0131 bir \u015fekilde bilgilendirilirsiniz. Sonraki y\u0131kamalar\u0131 ise kendiniz evde yapabilirsiniz.\u00a0<em>Y\u0131kama program\u0131 10 g\u00fcnd\u00fcr.<\/em><b>\u00a0Sa\u00e7 ekimi<\/b>\u00a0yap\u0131lan b\u00f6lgeye losyon s\u00fcr\u00fcl\u00fcr ve 45 dakika bekletilir. Sonras\u0131nda bu b\u00f6lge yava\u015f\u00e7a, \u0131l\u0131k su ile durulan\u0131r ve\u00a0<em>\u00f6zel \u015fampuan<\/em>\u00a0ile y\u0131kan\u0131r.<\/p><p>11- 2 hafta sonra uzayan sa\u00e7lar\u0131n\u0131z\u0131 makas ile d\u00fczelttirmenizin bir sak\u0131ncas\u0131 yoktur. \u0130lk 1 y\u0131l sadece makas ile tra\u015f olman\u0131z gerekmektedir. Bir y\u0131ldan sonra, sa\u00e7lar\u0131n\u0131z\u0131 tra\u015f makinas\u0131yla k\u0131saltabilirsininiz.<\/p><\/div>\t\t\t\t\t\t\t\t<\/div>\n\t\t\t\t<\/div>\n\t\t\t\t\t<\/div>\n\t\t<\/div>\n\t\t\t\t\t<\/div>\n\t\t<\/section>\n\t\t\t\t<\/div>","protected":false},"excerpt":{"rendered":"<p>RO CLINIC SA\u00c7 EK\u0130M\u0130 SONRASI Sa\u00e7 Ekimi Sa\u00e7 ekimi\u00a0yap\u0131lan hasta ilk saatlerde uyu\u015fturucu ila\u00e7lar\u0131n etkisinden dolay\u0131 ekim yap\u0131lan alan\u0131 \u00e7ok iyi hissetmez. Sonraki bir ka\u00e7 g\u00fcn ise \u00f6demden dolay\u0131 ayn\u0131 durum devam eder. Duyu olmayan v\u00fccudumuzdaki herhangi bir organ\u0131 d\u0131\u015f etkilere kar\u015f\u0131 korumam\u0131z zorla\u015f\u0131r. \u00d6zellikle \u015feker hastalar\u0131n\u0131n ayak b\u00f6lgesini iyi hessedememelerinden dolay\u0131 ayak yaralar\u0131na maruz &hellip;<\/p>\n<p class=\"read-more\"> <a class=\"\" href=\"https:\/\/roclinics.com\/en\/sac-ekimi-sonrasi\/\"> <span class=\"screen-reader-text\">Sa\u00e7 Ekimi Sonras\u0131<\/span> Read More &raquo;<\/a><\/p>","protected":false},"author":1,"featured_media":0,"parent":0,"menu_order":0,"comment_status":"closed","ping_status":"closed","template":"","meta":{"site-sidebar-layout":"no-sidebar","site-content-layout":"page-builder","ast-main-header-display":"","ast-hfb-above-header-display":"","ast-hfb-below-header-display":"","ast-hfb-mobile-header-display":"","site-post-title":"disabled","ast-breadcrumbs-content":"","ast-featured-img":"disabled","footer-sml-layout":"","theme-transparent-header-meta":"","adv-header-id-meta":"","stick-header-meta":"","header-above-stick-meta":"","header-main-stick-meta":"","header-below-stick-meta":"","footnotes":""},"class_list":["post-999","page","type-page","status-publish","hentry"],"_links":{"self":[{"href":"https:\/\/roclinics.com\/en\/wp-json\/wp\/v2\/pages\/999","targetHints":{"allow":["GET"]}}],"collection":[{"href":"https:\/\/roclinics.com\/en\/wp-json\/wp\/v2\/pages"}],"about":[{"href":"https:\/\/roclinics.com\/en\/wp-json\/wp\/v2\/types\/page"}],"author":[{"embeddable":true,"href":"https:\/\/roclinics.com\/en\/wp-json\/wp\/v2\/users\/1"}],"replies":[{"embeddable":true,"href":"https:\/\/roclinics.com\/en\/wp-json\/wp\/v2\/comments?post=999"}],"version-history":[{"count":0,"href":"https:\/\/roclinics.com\/en\/wp-json\/wp\/v2\/pages\/999\/revisions"}],"wp:attachment":[{"href":"https:\/\/roclinics.com\/en\/wp-json\/wp\/v2\/media?parent=999"}],"curies":[{"name":"wp","href":"https:\/\/api.w.org\/{rel}","templated":true}]}}