{"id":994,"date":"2022-05-09T15:47:47","date_gmt":"2022-05-09T15:47:47","guid":{"rendered":"http:\/\/genel-1.com:8888\/?page_id=994"},"modified":"2022-05-16T17:27:08","modified_gmt":"2022-05-16T17:27:08","slug":"sac-ekimi-islemi","status":"publish","type":"page","link":"https:\/\/roclinics.com\/en\/sac-ekimi-islemi\/","title":{"rendered":"Sa\u00e7 Ekimi \u0130\u015flemi"},"content":{"rendered":"<div data-elementor-type=\"wp-page\" data-elementor-id=\"994\" class=\"elementor elementor-994\">\n\t\t\t\t\t\t<section class=\"elementor-section elementor-top-section elementor-element elementor-element-91c3e03 elementor-section-full_width elementor-section-height-default elementor-section-height-default\" data-id=\"91c3e03\" data-element_type=\"section\">\n\t\t\t\t\t\t<div class=\"elementor-container elementor-column-gap-default\">\n\t\t\t\t\t<div class=\"elementor-column elementor-col-100 elementor-top-column elementor-element elementor-element-99cc81c\" data-id=\"99cc81c\" data-element_type=\"column\">\n\t\t\t<div class=\"elementor-widget-wrap elementor-element-populated\">\n\t\t\t\t\t\t<div class=\"elementor-element elementor-element-b6b08d1 elementor-widget elementor-widget-image\" data-id=\"b6b08d1\" data-element_type=\"widget\" data-widget_type=\"image.default\">\n\t\t\t\t<div class=\"elementor-widget-container\">\n\t\t\t\t\t\t\t\t\t\t\t\t\t\t\t<img fetchpriority=\"high\" decoding=\"async\" width=\"1920\" height=\"400\" src=\"https:\/\/roclinics.com\/wp-content\/uploads\/2022\/05\/sac-ekimi-banner.jpg\" class=\"attachment-full size-full wp-image-951\" alt=\"\" srcset=\"https:\/\/roclinics.com\/wp-content\/uploads\/2022\/05\/sac-ekimi-banner.jpg 1920w, https:\/\/roclinics.com\/wp-content\/uploads\/2022\/05\/sac-ekimi-banner-300x63.jpg 300w, https:\/\/roclinics.com\/wp-content\/uploads\/2022\/05\/sac-ekimi-banner-1024x213.jpg 1024w, https:\/\/roclinics.com\/wp-content\/uploads\/2022\/05\/sac-ekimi-banner-768x160.jpg 768w, https:\/\/roclinics.com\/wp-content\/uploads\/2022\/05\/sac-ekimi-banner-1536x320.jpg 1536w, https:\/\/roclinics.com\/wp-content\/uploads\/2022\/05\/sac-ekimi-banner-600x125.jpg 600w\" sizes=\"(max-width: 1920px) 100vw, 1920px\" \/>\t\t\t\t\t\t\t\t\t\t\t\t\t\t\t<\/div>\n\t\t\t\t<\/div>\n\t\t\t\t\t<\/div>\n\t\t<\/div>\n\t\t\t\t\t<\/div>\n\t\t<\/section>\n\t\t\t\t<section class=\"elementor-section elementor-top-section elementor-element elementor-element-136d354 elementor-section-boxed elementor-section-height-default elementor-section-height-default\" data-id=\"136d354\" data-element_type=\"section\">\n\t\t\t\t\t\t<div class=\"elementor-container elementor-column-gap-default\">\n\t\t\t\t\t<div class=\"elementor-column elementor-col-100 elementor-top-column elementor-element elementor-element-1f7fc27\" data-id=\"1f7fc27\" data-element_type=\"column\">\n\t\t\t<div class=\"elementor-widget-wrap elementor-element-populated\">\n\t\t\t\t\t\t<div class=\"elementor-element elementor-element-547671b uael-heading-align-center elementor-widget elementor-widget-uael-advanced-heading\" data-id=\"547671b\" data-element_type=\"widget\" data-widget_type=\"uael-advanced-heading.default\">\n\t\t\t\t<div class=\"elementor-widget-container\">\n\t\t\t\t\t\r\n\t\t<div class=\"uael-module-content uael-heading-wrapper\">\r\n\t\t\t\t\t\t<div class=\"uael-module-content uael-separator-parent\">\r\n\t\t\t\t\t\t\t\t<div class=\"uael-separator-wrap\">\r\n\t\t\t\t\t<div class=\"uael-separator-line uael-side-left\">\r\n\t\t\t\t\t\t<span><\/span>\r\n\t\t\t\t\t<\/div>\r\n\t\t\t\t\t<div class=\"uael-divider-content\">\r\n\t\t\t\t\t\t\t\t\t\t\t\t<h3 class=\"uael-divider-text elementor-inline-editing\" data-elementor-setting-key=\"heading_line_text\" data-elementor-inline-editing-toolbar=\"basic\">RO CLINIC<\/h3>\r\n\t\t\t\t\t<\/div>\r\n\t\t\t\t\t<div class=\"uael-separator-line uael-side-right\">\r\n\t\t\t\t\t\t<span><\/span>\r\n\t\t\t\t\t<\/div>\r\n\t\t\t\t<\/div>\r\n\t\t\t\t\t\t\t\t\t\t<\/div>\r\n\t\t\t\t\r\n\t\t\t\r\n\t\t\t<h1 class=\"uael-heading\">\r\n\t\t\t\t\t\t\t\t\t\t<span class=\"uael-heading-text elementor-inline-editing uael-size--default\" data-elementor-setting-key=\"heading_title\" data-elementor-inline-editing-toolbar=\"basic\">SA\u00c7 EK\u0130M\u0130 \u0130\u015eLEM\u0130<\/span>\r\n\t\t\t\t\t\t\t<\/h1>\r\n\r\n\t\t\t\r\n\t\t\t\r\n\t\t\t\t\t\t\t<div class=\"uael-subheading elementor-inline-editing\" data-elementor-setting-key=\"heading_description\" data-elementor-inline-editing-toolbar=\"advanced\" >\r\n\t\t\t\t\tSa\u00e7 Ekimi\t\t\t\t<\/div>\r\n\t\t\t\t\r\n\t\t\t\t\t\t<\/div>\r\n\t\t\t\t\t\t<\/div>\n\t\t\t\t<\/div>\n\t\t\t\t<div class=\"elementor-element elementor-element-da4677b elementor-widget elementor-widget-text-editor\" data-id=\"da4677b\" data-element_type=\"widget\" data-widget_type=\"text-editor.default\">\n\t\t\t\t<div class=\"elementor-widget-container\">\n\t\t\t\t\t\t\t\t\t<p><b>Planlama:<\/b>\u00a0\u0130\u015flem \u00f6ncesi hastanemizde sa\u00e7 tra\u015f\u0131 yap\u0131l\u0131r.\u00a0<b>Sa\u00e7lar\u0131n ekilece\u011fi<\/b>\u00a0alan\u0131n \u00e7izimi yap\u0131laran her alana ne kadar\u00a0<em>greft<\/em>\u00a0konulaca\u011f\u0131 hesaplan\u0131r.<\/p><p><b>\u00d6n sa\u00e7 \u00e7izgisi:<\/b>\u00a0Talep ve beklentilerinize g\u00f6re \u00e7izilir, yeni ve\u00a0<em>do\u011fal sa\u00e7 \u00e7izginiz<\/em>\u00a0size g\u00f6sterilir. Tek sa\u00e7 k\u00f6k\u00fc i\u00e7eren\u00a0<em>greftler<\/em>\u00a0bu alana yo\u011fun olarak\u00a0<em>ekilerek do\u011fal g\u00f6r\u00fcn\u00fcm<\/em>\u00a0elde edilir.<\/p><p><b>Lokal anestezi<\/b>: \u00d6ncelikle deri lokal anestetik spreyler ile uyu\u015fturulur daha sonra lokal anestezi rahat\u00e7a yap\u0131l\u0131r.\u00a0<b>FUE sa\u00e7 ekimi,<\/b>\u00a0ekilen\u00a0<em>greft say\u0131s\u0131na<\/em>\u00a0ba\u011fl\u0131 olarak 6-8 saat aras\u0131nda s\u00fcrmektedir. Yemek ve tuvalet ihtiya\u00e7lar\u0131n\u0131z i\u00e7in k\u0131sa aralar verilebilir.\u00a0<b>Sa\u00e7 ekimi<\/b>\u00a0i\u015flemi esnas\u0131nda dilerseniz televizyon seyredebilir, m\u00fczik dinleyebilirsiniz<\/p><p><b>FUE sa\u00e7 ekimi tekni\u011finin a\u015famalar\u0131<\/b>:<\/p>\t\t\t\t\t\t\t\t<\/div>\n\t\t\t\t<\/div>\n\t\t\t\t<div class=\"elementor-element elementor-element-ecb48b8 elementor-blockquote--skin-boxed elementor-blockquote--align-center elementor-blockquote--button-color-official elementor-widget elementor-widget-blockquote\" data-id=\"ecb48b8\" data-element_type=\"widget\" data-widget_type=\"blockquote.default\">\n\t\t\t\t<div class=\"elementor-widget-container\">\n\t\t\t\t\t\t\t<blockquote class=\"elementor-blockquote\">\n\t\t\t<p class=\"elementor-blockquote__content\">\n\t\t\t\t<br>\nFUE Sa\u00e7 ekimi 4 a\u015famadan olu\u015fur. Ekimin ba\u015far\u0131l\u0131 sonu\u00e7lanmas\u0131 i\u00e7in teknik ayr\u0131nt\u0131lar\u0131n profesyonelce ve dikkatlice uygulanmas\u0131 \u00f6nemlidir.\t\t\t<\/p>\n\t\t\t\t\t<\/blockquote>\n\t\t\t\t\t\t<\/div>\n\t\t\t\t<\/div>\n\t\t\t\t<div class=\"elementor-element elementor-element-2ef4f50 elementor-widget elementor-widget-text-editor\" data-id=\"2ef4f50\" data-element_type=\"widget\" data-widget_type=\"text-editor.default\">\n\t\t\t\t<div class=\"elementor-widget-container\">\n\t\t\t\t\t\t\t\t\t<p><b>1-<em>Greftlerin<\/em>\u00a0ba\u015f\u0131n arkas\u0131ndaki don\u00f6r alandan al\u0131nmas\u0131:<\/b>\u00a0<\/p><ul><li><em>Greftler<\/em>\u00a0mikromotor ile al\u0131n\u0131r.<\/li><li>Sa\u00e7 k\u00f6k\u00fcn\u00fcz\u00fcn kal\u0131nl\u0131\u011f\u0131na g\u00f6re kullan\u0131lacak punch boyutlar\u0131 belirlenir.<\/li><li>\u00d6nce 0.8 mm punch lar ile 2-3 sa\u00e7 teli i\u00e7eren\u00a0<em>greftler<\/em>\u00a0al\u0131n\u0131r.<\/li><li>Sonra daha ince 0.5mm -0.6 mm punchlar ile\u00a0<em>tekli sa\u00e7 teli i\u00e7eren greftler<\/em>\u00a0al\u0131n\u0131r.<\/li><li>Don\u00f6r alandan sa\u00e7 k\u00f6klerinin al\u0131nmas\u0131 i\u00e7in a\u00e7\u0131lan delikler \u00e7ok k\u00fc\u00e7\u00fck oldu\u011fundan h\u0131zl\u0131 bir \u015fekilde iyile\u015firler ve\u00a0<em>i\u015flem sonras\u0131 herhangi bir iz kalmaz.<\/em><\/li><\/ul><p><b>Greft al\u0131m\u0131<\/b>\u00a0<b>2-Greftlerin dizilmesi ve say\u0131lmas\u0131:<\/b><\/p><ul><li>Greftlerin al\u0131nmas\u0131 ile e\u015f zamanl\u0131 olarak greftler dizilir.<\/li><li>Greftler tekli,ikili veya \u00fc\u00e7l\u00fc sa\u00e7 k\u00f6k\u00fc i\u00e7eren gruplara ayr\u0131l\u0131r ve say\u0131l\u0131rlar.<\/li><li>Greft alma a\u015famas\u0131 bitti\u011finde greftlerin dizimi ve say\u0131m\u0131 da bitmi\u015f olur.<\/li><li>Bu a\u015famada hafif bir yemek ve ihtiya\u00e7 i\u00e7in 10\u201315 dakika mola verilir<\/li><\/ul><p><b>3-\u00a0Sa\u00e7 ekiminin\u00a0yap\u0131laca\u011f\u0131 b\u00f6lgede sa\u00e7 kanallar\u0131n\u0131n a\u00e7\u0131lmas\u0131:<\/b><\/p><ul><li><b>Sa\u00e7 ekiminde<\/b>\u00a0kanallar\u0131n a\u00e7\u0131lmas\u0131,\u00a0<em>do\u011fal sonu\u00e7<\/em>\u00a0i\u00e7in en \u00f6nemli a\u015famalardan biri olmas\u0131n\u0131n yan\u0131nda t\u00fcm i\u015flemin en \u00e7ok teknik beceri, tecr\u00fcbe, estetik gerektiren k\u0131sm\u0131d\u0131r.\u00a0<em>Kanal ekilecek greft say\u0131s\u0131<\/em> kadar a\u00e7\u0131l\u0131r.<\/li><li>Kanallar\u0131n derinli\u011fi ve \u00e7ap\u0131 ekilecek\u00a0<em style=\"font-size: 16px;\">greftlerin<\/em><span style=\"font-size: 16px;\"> \u00f6l\u00e7\u00fcmlerine g\u00f6re belirlenir.<\/span><\/li><li>Kanallar, (0.4-0.5 mm) mikrodelici u\u00e7larla,\u00a0<em style=\"font-size: 16px;\">greft<\/em><span style=\"font-size: 16px;\"> \u00e7aplar\u0131ndan daha k\u00fc\u00e7\u00fck olacak \u015fekilde a\u00e7\u0131l\u0131r.<\/span><\/li><li>Kanallar\u0131n a\u00e7\u0131s\u0131 sa\u00e7lar\u0131n uzama a\u00e7\u0131s\u0131yla uyumludur.<\/li><li>Sahada daha \u00f6nce <b style=\"font-style: inherit;\">sa\u00e7 ekimi<\/b><span style=\"font-size: 16px;\"> yap\u0131lm\u0131\u015fsa veya orijinal sa\u00e7lar varsa, deliklerin bu b\u00f6lgeye hi\u00e7bir zarar vermeyecek s\u0131kl\u0131kta ve y\u00f6nde a\u00e7\u0131lmas\u0131 gerekir.<\/span><\/li><li>\u00d6n b\u00f6lgede sa\u00e7 \u00e7izgisindeki sa\u00e7lar 45-60 derece \u00f6ne do\u011fru uzarlar. Arkaya do\u011fru bu a\u00e7\u0131 de\u011fi\u015fir ve tam tepe b\u00f6lgesinde sa\u00e7lar hafif dik olarak \u00e7\u0131kar. Arkada ise sa\u00e7lar\u0131n \u00e7\u0131k\u0131\u015f y\u00f6n\u00fc geriye-a\u015fa\u011f\u0131ya do\u011fru gitmeye ba\u015flar. Enseye yak\u0131n b\u00f6lgelerde 45-60 derece a\u015fa\u011f\u0131ya do\u011fru \u00e7\u0131karlar. Kanallar bu a\u00e7\u0131lara, yani bulundu\u011fu b\u00f6lgedeki sa\u00e7lar\u0131n \u00e7\u0131kma y\u00f6n\u00fcne uygun y\u00f6nde a\u00e7\u0131l\u0131rlar.<\/li><\/ul><p><b>4-Greftlerin Ekilmesi:<\/b><\/p><ul><li><em>Greftler<\/em> kanallara do\u011fru y\u00f6nde yerle\u015ftirilmelidir.<\/li><li><em style=\"font-size: 16px;\">Greftler,<\/em><span style=\"font-size: 16px;\"> teknik olarak d\u0131\u015f y\u00fczeyi (epidermis) ekim yap\u0131lan derinin d\u0131\u015f y\u00fczeyine g\u00f6re biraz yukarda kalacak \u015fekilde yerle\u015ftirilir.<\/span><\/li><li><em style=\"font-size: 16px;\">Greftler<\/em><span style=\"font-size: 16px;\"> \u00e7ok hassas yap\u0131lard\u0131r. Ekim i\u00e7in mikrocerrahi teknikleri kullan\u0131l\u0131r.<\/span><\/li><li><b style=\"font-style: inherit;\">Ekim yap\u0131lan sa\u00e7lar\u0131n<\/b><span style=\"font-size: 16px;\">\u00a0%100\u2019e yak\u0131n olarak ya\u015famas\u0131 ve yeniden b\u00fcy\u00fcmesi hedeflenir.<br \/><br \/><\/span><b>FUE Sa\u00e7 Ekimi<\/b>\u00a0uygulamas\u0131 belirtti\u011fimiz gibi son derece hassas bir i\u015flem olup tecr\u00fcbe son derece \u00f6nemlidir. Alan\u0131nda uzman, tecr\u00fcbeli, estetik becerisi olan ki\u015filerce uyguland\u0131\u011f\u0131nda\u00a0<em>son derece do\u011fal g\u00f6r\u00fcn\u00fcml\u00fc sonu\u00e7lar<\/em>\u00a0elde edilir.<\/li><\/ul><ul><li><b>Sa\u00e7 ektirme i\u015flemi<\/b>\u00a01 g\u00fcn i\u00e7inde ortalama 6-8 saatten ibarettir.<\/li><\/ul>\t\t\t\t\t\t\t\t<\/div>\n\t\t\t\t<\/div>\n\t\t\t\t\t<\/div>\n\t\t<\/div>\n\t\t\t\t\t<\/div>\n\t\t<\/section>\n\t\t\t\t<\/div>","protected":false},"excerpt":{"rendered":"<p>RO CLINIC SA\u00c7 EK\u0130M\u0130 \u0130\u015eLEM\u0130 Sa\u00e7 Ekimi Planlama:\u00a0\u0130\u015flem \u00f6ncesi hastanemizde sa\u00e7 tra\u015f\u0131 yap\u0131l\u0131r.\u00a0Sa\u00e7lar\u0131n ekilece\u011fi\u00a0alan\u0131n \u00e7izimi yap\u0131laran her alana ne kadar\u00a0greft\u00a0konulaca\u011f\u0131 hesaplan\u0131r. \u00d6n sa\u00e7 \u00e7izgisi:\u00a0Talep ve beklentilerinize g\u00f6re \u00e7izilir, yeni ve\u00a0do\u011fal sa\u00e7 \u00e7izginiz\u00a0size g\u00f6sterilir. Tek sa\u00e7 k\u00f6k\u00fc i\u00e7eren\u00a0greftler\u00a0bu alana yo\u011fun olarak\u00a0ekilerek do\u011fal g\u00f6r\u00fcn\u00fcm\u00a0elde edilir. Lokal anestezi: \u00d6ncelikle deri lokal anestetik spreyler ile uyu\u015fturulur daha sonra lokal &hellip;<\/p>\n<p class=\"read-more\"> <a class=\"\" href=\"https:\/\/roclinics.com\/en\/sac-ekimi-islemi\/\"> <span class=\"screen-reader-text\">Sa\u00e7 Ekimi \u0130\u015flemi<\/span> Read More &raquo;<\/a><\/p>","protected":false},"author":1,"featured_media":0,"parent":0,"menu_order":0,"comment_status":"closed","ping_status":"closed","template":"","meta":{"site-sidebar-layout":"no-sidebar","site-content-layout":"page-builder","ast-main-header-display":"","ast-hfb-above-header-display":"","ast-hfb-below-header-display":"","ast-hfb-mobile-header-display":"","site-post-title":"disabled","ast-breadcrumbs-content":"","ast-featured-img":"disabled","footer-sml-layout":"","theme-transparent-header-meta":"","adv-header-id-meta":"","stick-header-meta":"","header-above-stick-meta":"","header-main-stick-meta":"","header-below-stick-meta":"","footnotes":""},"class_list":["post-994","page","type-page","status-publish","hentry"],"_links":{"self":[{"href":"https:\/\/roclinics.com\/en\/wp-json\/wp\/v2\/pages\/994","targetHints":{"allow":["GET"]}}],"collection":[{"href":"https:\/\/roclinics.com\/en\/wp-json\/wp\/v2\/pages"}],"about":[{"href":"https:\/\/roclinics.com\/en\/wp-json\/wp\/v2\/types\/page"}],"author":[{"embeddable":true,"href":"https:\/\/roclinics.com\/en\/wp-json\/wp\/v2\/users\/1"}],"replies":[{"embeddable":true,"href":"https:\/\/roclinics.com\/en\/wp-json\/wp\/v2\/comments?post=994"}],"version-history":[{"count":0,"href":"https:\/\/roclinics.com\/en\/wp-json\/wp\/v2\/pages\/994\/revisions"}],"wp:attachment":[{"href":"https:\/\/roclinics.com\/en\/wp-json\/wp\/v2\/media?parent=994"}],"curies":[{"name":"wp","href":"https:\/\/api.w.org\/{rel}","templated":true}]}}