{"id":967,"date":"2022-05-09T15:28:16","date_gmt":"2022-05-09T15:28:16","guid":{"rendered":"http:\/\/genel-1.com:8888\/?page_id=967"},"modified":"2022-05-09T15:30:33","modified_gmt":"2022-05-09T15:30:33","slug":"dhi-sac-ekimi","status":"publish","type":"page","link":"https:\/\/roclinics.com\/en\/dhi-sac-ekimi\/","title":{"rendered":"DHI Sa\u00e7 Ekimi"},"content":{"rendered":"<div data-elementor-type=\"wp-page\" data-elementor-id=\"967\" class=\"elementor elementor-967\">\n\t\t\t\t\t\t<section class=\"elementor-section elementor-top-section elementor-element elementor-element-91c3e03 elementor-section-full_width elementor-section-height-default elementor-section-height-default\" data-id=\"91c3e03\" data-element_type=\"section\">\n\t\t\t\t\t\t<div class=\"elementor-container elementor-column-gap-default\">\n\t\t\t\t\t<div class=\"elementor-column elementor-col-100 elementor-top-column elementor-element elementor-element-99cc81c\" data-id=\"99cc81c\" data-element_type=\"column\">\n\t\t\t<div class=\"elementor-widget-wrap elementor-element-populated\">\n\t\t\t\t\t\t<div class=\"elementor-element elementor-element-b6b08d1 elementor-widget elementor-widget-image\" data-id=\"b6b08d1\" data-element_type=\"widget\" data-widget_type=\"image.default\">\n\t\t\t\t<div class=\"elementor-widget-container\">\n\t\t\t\t\t\t\t\t\t\t\t\t\t\t\t<img fetchpriority=\"high\" decoding=\"async\" width=\"1920\" height=\"400\" src=\"https:\/\/roclinics.com\/wp-content\/uploads\/2022\/05\/sac-ekimi-banner.jpg\" class=\"attachment-full size-full wp-image-951\" alt=\"\" srcset=\"https:\/\/roclinics.com\/wp-content\/uploads\/2022\/05\/sac-ekimi-banner.jpg 1920w, https:\/\/roclinics.com\/wp-content\/uploads\/2022\/05\/sac-ekimi-banner-300x63.jpg 300w, https:\/\/roclinics.com\/wp-content\/uploads\/2022\/05\/sac-ekimi-banner-1024x213.jpg 1024w, https:\/\/roclinics.com\/wp-content\/uploads\/2022\/05\/sac-ekimi-banner-768x160.jpg 768w, https:\/\/roclinics.com\/wp-content\/uploads\/2022\/05\/sac-ekimi-banner-1536x320.jpg 1536w, https:\/\/roclinics.com\/wp-content\/uploads\/2022\/05\/sac-ekimi-banner-600x125.jpg 600w\" sizes=\"(max-width: 1920px) 100vw, 1920px\" \/>\t\t\t\t\t\t\t\t\t\t\t\t\t\t\t<\/div>\n\t\t\t\t<\/div>\n\t\t\t\t\t<\/div>\n\t\t<\/div>\n\t\t\t\t\t<\/div>\n\t\t<\/section>\n\t\t\t\t<section class=\"elementor-section elementor-top-section elementor-element elementor-element-136d354 elementor-section-boxed elementor-section-height-default elementor-section-height-default\" data-id=\"136d354\" data-element_type=\"section\">\n\t\t\t\t\t\t<div class=\"elementor-container elementor-column-gap-default\">\n\t\t\t\t\t<div class=\"elementor-column elementor-col-100 elementor-top-column elementor-element elementor-element-1f7fc27\" data-id=\"1f7fc27\" data-element_type=\"column\">\n\t\t\t<div class=\"elementor-widget-wrap elementor-element-populated\">\n\t\t\t\t\t\t<div class=\"elementor-element elementor-element-547671b uael-heading-align-center elementor-widget elementor-widget-uael-advanced-heading\" data-id=\"547671b\" data-element_type=\"widget\" data-widget_type=\"uael-advanced-heading.default\">\n\t\t\t\t<div class=\"elementor-widget-container\">\n\t\t\t\t\t\r\n\t\t<div class=\"uael-module-content uael-heading-wrapper\">\r\n\t\t\t\t\t\t<div class=\"uael-module-content uael-separator-parent\">\r\n\t\t\t\t\t\t\t\t<div class=\"uael-separator-wrap\">\r\n\t\t\t\t\t<div class=\"uael-separator-line uael-side-left\">\r\n\t\t\t\t\t\t<span><\/span>\r\n\t\t\t\t\t<\/div>\r\n\t\t\t\t\t<div class=\"uael-divider-content\">\r\n\t\t\t\t\t\t\t\t\t\t\t\t<h3 class=\"uael-divider-text elementor-inline-editing\" data-elementor-setting-key=\"heading_line_text\" data-elementor-inline-editing-toolbar=\"basic\">RO CLINIC<\/h3>\r\n\t\t\t\t\t<\/div>\r\n\t\t\t\t\t<div class=\"uael-separator-line uael-side-right\">\r\n\t\t\t\t\t\t<span><\/span>\r\n\t\t\t\t\t<\/div>\r\n\t\t\t\t<\/div>\r\n\t\t\t\t\t\t\t\t\t\t<\/div>\r\n\t\t\t\t\r\n\t\t\t\r\n\t\t\t<h1 class=\"uael-heading\">\r\n\t\t\t\t\t\t\t\t\t\t<span class=\"uael-heading-text elementor-inline-editing uael-size--default\" data-elementor-setting-key=\"heading_title\" data-elementor-inline-editing-toolbar=\"basic\">DHI SA\u00c7 EK\u0130M\u0130<\/span>\r\n\t\t\t\t\t\t\t<\/h1>\r\n\r\n\t\t\t\r\n\t\t\t\r\n\t\t\t\t\t\t\t<div class=\"uael-subheading elementor-inline-editing\" data-elementor-setting-key=\"heading_description\" data-elementor-inline-editing-toolbar=\"advanced\" >\r\n\t\t\t\t\tSa\u00e7 Ekimi\t\t\t\t<\/div>\r\n\t\t\t\t\r\n\t\t\t\t\t\t<\/div>\r\n\t\t\t\t\t\t<\/div>\n\t\t\t\t<\/div>\n\t\t\t\t<div class=\"elementor-element elementor-element-da4677b elementor-widget elementor-widget-text-editor\" data-id=\"da4677b\" data-element_type=\"widget\" data-widget_type=\"text-editor.default\">\n\t\t\t\t<div class=\"elementor-widget-container\">\n\t\t\t\t\t\t\t\t\t<p><span style=\"background-color: var(--ast-global-color-4);\">DHI<b> SA\u00c7 EK\u0130M\u0130<\/b>, nakledilecek edilecek k\u0131llar\u0131n \u00f6zel sa\u00e7 ekim kalemlerinin <b>(Hair Pen\/Choi )<\/b> ucundaki i\u011fne i\u00e7erisine yerle\u015ftirilerek, el de\u011fmeden, ekim yap\u0131lacak b\u00f6lgedeki deri alt\u0131na, istenilen y\u00f6n verilerek yap\u0131lan ekme i\u015flemidir.<\/span><\/p>\t\t\t\t\t\t\t\t<\/div>\n\t\t\t\t<\/div>\n\t\t\t\t<div class=\"elementor-element elementor-element-ecb48b8 elementor-blockquote--skin-boxed elementor-blockquote--align-center elementor-blockquote--button-color-official elementor-widget elementor-widget-blockquote\" data-id=\"ecb48b8\" data-element_type=\"widget\" data-widget_type=\"blockquote.default\">\n\t\t\t\t<div class=\"elementor-widget-container\">\n\t\t\t\t\t\t\t<blockquote class=\"elementor-blockquote\">\n\t\t\t<p class=\"elementor-blockquote__content\">\n\t\t\t\t<br>\nDhi sa\u00e7 ekimi tekni\u011fi ile b\u00fcy\u00fck sa\u00e7 kay\u0131plar\u0131 tedavi edilebildi\u011fi gibi b\u00f6lgesel sa\u00e7 d\u00f6k\u00fclmesi, al\u0131n daraltma, sa\u00e7 g\u00fcrle\u015ftirme gibi farkl\u0131 sa\u00e7 ekimi operasyonlar\u0131 yapmak m\u00fcmk\u00fcnd\u00fcr.\t\t\t<\/p>\n\t\t\t\t\t<\/blockquote>\n\t\t\t\t\t\t<\/div>\n\t\t\t\t<\/div>\n\t\t\t\t<div class=\"elementor-element elementor-element-2ef4f50 elementor-widget elementor-widget-text-editor\" data-id=\"2ef4f50\" data-element_type=\"widget\" data-widget_type=\"text-editor.default\">\n\t\t\t\t<div class=\"elementor-widget-container\">\n\t\t\t\t\t\t\t\t\t<p><b>DHI Sa\u00e7 Ekimi (Direct Hair Implant)<\/b>\u00a0tekni\u011finin ile yap\u0131lan sa\u00e7 ekimi i\u015fleminde diki\u015f, iz ve kesi gerekmemektedir. Don\u00f6r alandan al\u0131nan sa\u00e7 k\u00f6kleri (greftler) i\u00e7in, ekim yap\u0131lacak b\u00f6lgelerde herhangi bir delik a\u00e7\u0131lmaz ve greftler kullan\u0131lan \u00f6zel u\u00e7lar ile ac\u0131s\u0131z ve a\u011fr\u0131s\u0131z \u015fekilde direkt olarak ekilir. Ekim yap\u0131lacak b\u00f6lgeye delik a\u00e7\u0131lmamas\u0131, ekilebilecek k\u00f6k say\u0131s\u0131n\u0131 artmas\u0131na ve daha yo\u011fun ekim yap\u0131labilmesine neden olmakta ayr\u0131ca iyile\u015fme s\u00fcrecinin daha h\u0131zl\u0131 olmas\u0131n\u0131 sa\u011flamaktad\u0131r. FUE tekni\u011fine g\u00f6re daha fazla zaman al\u0131r ve daha zahmetlidir.<\/p>\t\t\t\t\t\t\t\t<\/div>\n\t\t\t\t<\/div>\n\t\t\t\t\t<\/div>\n\t\t<\/div>\n\t\t\t\t\t<\/div>\n\t\t<\/section>\n\t\t\t\t<\/div>","protected":false},"excerpt":{"rendered":"<p>RO CLINIC DHI SA\u00c7 EK\u0130M\u0130 Sa\u00e7 Ekimi DHI SA\u00c7 EK\u0130M\u0130, nakledilecek edilecek k\u0131llar\u0131n \u00f6zel sa\u00e7 ekim kalemlerinin (Hair Pen\/Choi ) ucundaki i\u011fne i\u00e7erisine yerle\u015ftirilerek, el de\u011fmeden, ekim yap\u0131lacak b\u00f6lgedeki deri alt\u0131na, istenilen y\u00f6n verilerek yap\u0131lan ekme i\u015flemidir. Dhi sa\u00e7 ekimi tekni\u011fi ile b\u00fcy\u00fck sa\u00e7 kay\u0131plar\u0131 tedavi edilebildi\u011fi gibi b\u00f6lgesel sa\u00e7 d\u00f6k\u00fclmesi, al\u0131n daraltma, sa\u00e7 g\u00fcrle\u015ftirme &hellip;<\/p>\n<p class=\"read-more\"> <a class=\"\" href=\"https:\/\/roclinics.com\/en\/dhi-sac-ekimi\/\"> <span class=\"screen-reader-text\">DHI Sa\u00e7 Ekimi<\/span> Read More &raquo;<\/a><\/p>","protected":false},"author":1,"featured_media":0,"parent":0,"menu_order":0,"comment_status":"closed","ping_status":"closed","template":"","meta":{"site-sidebar-layout":"no-sidebar","site-content-layout":"page-builder","ast-main-header-display":"","ast-hfb-above-header-display":"","ast-hfb-below-header-display":"","ast-hfb-mobile-header-display":"","site-post-title":"disabled","ast-breadcrumbs-content":"","ast-featured-img":"disabled","footer-sml-layout":"","theme-transparent-header-meta":"","adv-header-id-meta":"","stick-header-meta":"","header-above-stick-meta":"","header-main-stick-meta":"","header-below-stick-meta":"","footnotes":""},"class_list":["post-967","page","type-page","status-publish","hentry"],"_links":{"self":[{"href":"https:\/\/roclinics.com\/en\/wp-json\/wp\/v2\/pages\/967","targetHints":{"allow":["GET"]}}],"collection":[{"href":"https:\/\/roclinics.com\/en\/wp-json\/wp\/v2\/pages"}],"about":[{"href":"https:\/\/roclinics.com\/en\/wp-json\/wp\/v2\/types\/page"}],"author":[{"embeddable":true,"href":"https:\/\/roclinics.com\/en\/wp-json\/wp\/v2\/users\/1"}],"replies":[{"embeddable":true,"href":"https:\/\/roclinics.com\/en\/wp-json\/wp\/v2\/comments?post=967"}],"version-history":[{"count":0,"href":"https:\/\/roclinics.com\/en\/wp-json\/wp\/v2\/pages\/967\/revisions"}],"wp:attachment":[{"href":"https:\/\/roclinics.com\/en\/wp-json\/wp\/v2\/media?parent=967"}],"curies":[{"name":"wp","href":"https:\/\/api.w.org\/{rel}","templated":true}]}}