{"id":948,"date":"2022-05-09T14:42:20","date_gmt":"2022-05-09T14:42:20","guid":{"rendered":"http:\/\/genel-1.com:8888\/?page_id=948"},"modified":"2022-05-09T15:20:06","modified_gmt":"2022-05-09T15:20:06","slug":"fue-sac-ekimi","status":"publish","type":"page","link":"https:\/\/roclinics.com\/en\/fue-sac-ekimi\/","title":{"rendered":"FUE Sa\u00e7 Ekimi"},"content":{"rendered":"<div data-elementor-type=\"wp-page\" data-elementor-id=\"948\" class=\"elementor elementor-948\">\n\t\t\t\t\t\t<section class=\"elementor-section elementor-top-section elementor-element elementor-element-91c3e03 elementor-section-full_width elementor-section-height-default elementor-section-height-default\" data-id=\"91c3e03\" data-element_type=\"section\">\n\t\t\t\t\t\t<div class=\"elementor-container elementor-column-gap-default\">\n\t\t\t\t\t<div class=\"elementor-column elementor-col-100 elementor-top-column elementor-element elementor-element-99cc81c\" data-id=\"99cc81c\" data-element_type=\"column\">\n\t\t\t<div class=\"elementor-widget-wrap elementor-element-populated\">\n\t\t\t\t\t\t<div class=\"elementor-element elementor-element-b6b08d1 elementor-widget elementor-widget-image\" data-id=\"b6b08d1\" data-element_type=\"widget\" data-widget_type=\"image.default\">\n\t\t\t\t<div class=\"elementor-widget-container\">\n\t\t\t\t\t\t\t\t\t\t\t\t\t\t\t<img fetchpriority=\"high\" decoding=\"async\" width=\"1920\" height=\"400\" src=\"https:\/\/roclinics.com\/wp-content\/uploads\/2022\/05\/sac-ekimi-banner.jpg\" class=\"attachment-full size-full wp-image-951\" alt=\"\" srcset=\"https:\/\/roclinics.com\/wp-content\/uploads\/2022\/05\/sac-ekimi-banner.jpg 1920w, https:\/\/roclinics.com\/wp-content\/uploads\/2022\/05\/sac-ekimi-banner-300x63.jpg 300w, https:\/\/roclinics.com\/wp-content\/uploads\/2022\/05\/sac-ekimi-banner-1024x213.jpg 1024w, https:\/\/roclinics.com\/wp-content\/uploads\/2022\/05\/sac-ekimi-banner-768x160.jpg 768w, https:\/\/roclinics.com\/wp-content\/uploads\/2022\/05\/sac-ekimi-banner-1536x320.jpg 1536w, https:\/\/roclinics.com\/wp-content\/uploads\/2022\/05\/sac-ekimi-banner-600x125.jpg 600w\" sizes=\"(max-width: 1920px) 100vw, 1920px\" \/>\t\t\t\t\t\t\t\t\t\t\t\t\t\t\t<\/div>\n\t\t\t\t<\/div>\n\t\t\t\t\t<\/div>\n\t\t<\/div>\n\t\t\t\t\t<\/div>\n\t\t<\/section>\n\t\t\t\t<section class=\"elementor-section elementor-top-section elementor-element elementor-element-136d354 elementor-section-boxed elementor-section-height-default elementor-section-height-default\" data-id=\"136d354\" data-element_type=\"section\">\n\t\t\t\t\t\t<div class=\"elementor-container elementor-column-gap-default\">\n\t\t\t\t\t<div class=\"elementor-column elementor-col-100 elementor-top-column elementor-element elementor-element-1f7fc27\" data-id=\"1f7fc27\" data-element_type=\"column\">\n\t\t\t<div class=\"elementor-widget-wrap elementor-element-populated\">\n\t\t\t\t\t\t<div class=\"elementor-element elementor-element-547671b uael-heading-align-center elementor-widget elementor-widget-uael-advanced-heading\" data-id=\"547671b\" data-element_type=\"widget\" data-widget_type=\"uael-advanced-heading.default\">\n\t\t\t\t<div class=\"elementor-widget-container\">\n\t\t\t\t\t\r\n\t\t<div class=\"uael-module-content uael-heading-wrapper\">\r\n\t\t\t\t\t\t<div class=\"uael-module-content uael-separator-parent\">\r\n\t\t\t\t\t\t\t\t<div class=\"uael-separator-wrap\">\r\n\t\t\t\t\t<div class=\"uael-separator-line uael-side-left\">\r\n\t\t\t\t\t\t<span><\/span>\r\n\t\t\t\t\t<\/div>\r\n\t\t\t\t\t<div class=\"uael-divider-content\">\r\n\t\t\t\t\t\t\t\t\t\t\t\t<h3 class=\"uael-divider-text elementor-inline-editing\" data-elementor-setting-key=\"heading_line_text\" data-elementor-inline-editing-toolbar=\"basic\">RO CLINIC<\/h3>\r\n\t\t\t\t\t<\/div>\r\n\t\t\t\t\t<div class=\"uael-separator-line uael-side-right\">\r\n\t\t\t\t\t\t<span><\/span>\r\n\t\t\t\t\t<\/div>\r\n\t\t\t\t<\/div>\r\n\t\t\t\t\t\t\t\t\t\t<\/div>\r\n\t\t\t\t\r\n\t\t\t\r\n\t\t\t<h1 class=\"uael-heading\">\r\n\t\t\t\t\t\t\t\t\t\t<span class=\"uael-heading-text elementor-inline-editing uael-size--default\" data-elementor-setting-key=\"heading_title\" data-elementor-inline-editing-toolbar=\"basic\">FUE SA\u00c7 EK\u0130M\u0130<\/span>\r\n\t\t\t\t\t\t\t<\/h1>\r\n\r\n\t\t\t\r\n\t\t\t\r\n\t\t\t\t\t\t\t<div class=\"uael-subheading elementor-inline-editing\" data-elementor-setting-key=\"heading_description\" data-elementor-inline-editing-toolbar=\"advanced\" >\r\n\t\t\t\t\tSa\u00e7 Ekimi\t\t\t\t<\/div>\r\n\t\t\t\t\r\n\t\t\t\t\t\t<\/div>\r\n\t\t\t\t\t\t<\/div>\n\t\t\t\t<\/div>\n\t\t\t\t<div class=\"elementor-element elementor-element-da4677b elementor-widget elementor-widget-text-editor\" data-id=\"da4677b\" data-element_type=\"widget\" data-widget_type=\"text-editor.default\">\n\t\t\t\t<div class=\"elementor-widget-container\">\n\t\t\t\t\t\t\t\t\t<p>Modern ve son teknoloji olan FUE Tekni\u011fi ile Sa\u00e7 Ekimi, ki\u015finin iki kulak aras\u0131 ve ense b\u00f6lgesinin iki parmak \u00fczerinden lokal anestezi alt\u0131nda sa\u011fl\u0131kl\u0131 sa\u00e7 k\u00f6klerinin mikromotor yard\u0131m\u0131 ile tek tek al\u0131nmas\u0131 i\u015flemidir. FUE Tekni\u011fi ile Sa\u00e7 Ekiminde i\u015flem \u00f6ncesi ve sonras\u0131nda herhangi bir a\u011fr\u0131 ve ac\u0131 olmaz. FUE\u2019de don\u00f6r alanda ne\u015fter kullan\u0131lmaz, diki\u015f at\u0131lmaz ve k\u00f6klerin al\u0131nd\u0131\u011f\u0131 b\u00f6lgede g\u00f6zle g\u00f6r\u00fcl\u00fcr bir iz kalmaz. FUE i\u015fleminde her ki\u015finin kendi sa\u00e7 yap\u0131s\u0131na g\u00f6re kullan\u0131lan 0,6 \u2013 0,7 mm kal\u0131nl\u0131\u011f\u0131ndaki punch\u2019lar ile sa\u00e7 y\u00f6n\u00fc dikkat al\u0131narak sa\u00e7\u0131n folik\u00fcler yap\u0131s\u0131na zarar vermeden t\u00fcm alanda e\u015fit oranda folik\u00fcler giri\u015fler yap\u0131larak tek seansta sa\u011fl\u0131kl\u0131 \u015fekilde 5500 graft almak m\u00fcmk\u00fcnd\u00fcr. \u0130\u015flem sonunda hasta sadece k\u00f6k al\u0131nan b\u00f6lgede local bir pansuman yap\u0131ld\u0131ktan sonra hasta ayn\u0131 g\u00fcn taburcu olur.<\/p>\t\t\t\t\t\t\t\t<\/div>\n\t\t\t\t<\/div>\n\t\t\t\t<div class=\"elementor-element elementor-element-ecb48b8 elementor-blockquote--skin-boxed elementor-blockquote--align-center elementor-blockquote--button-color-official elementor-widget elementor-widget-blockquote\" data-id=\"ecb48b8\" data-element_type=\"widget\" data-widget_type=\"blockquote.default\">\n\t\t\t\t<div class=\"elementor-widget-container\">\n\t\t\t\t\t\t\t<blockquote class=\"elementor-blockquote\">\n\t\t\t<p class=\"elementor-blockquote__content\">\n\t\t\t\t<br>\nSa\u00e7 Ekimi sonras\u0131 sa\u00e7lar 1 ay s\u00fcresince uzar ve sonra d\u00f6k\u00fcl\u00fcr ve 2.- 3. aydan sonra yeniden uzamaya ba\u015flar ve 6. ay\u0131n sonunda sonu\u00e7lar farkedilir \u015fekilde iyidir. Ortalama 1 y\u0131l sonunda ise sa\u00e7lar\u0131n\u0131z formuna ula\u015fm\u0131\u015f olur.\t\t\t<\/p>\n\t\t\t\t\t<\/blockquote>\n\t\t\t\t\t\t<\/div>\n\t\t\t\t<\/div>\n\t\t\t\t<div class=\"elementor-element elementor-element-2ef4f50 elementor-widget elementor-widget-text-editor\" data-id=\"2ef4f50\" data-element_type=\"widget\" data-widget_type=\"text-editor.default\">\n\t\t\t\t<div class=\"elementor-widget-container\">\n\t\t\t\t\t\t\t\t\t<ul><li>Fue Tekni\u011fi sa\u00e7 ekimi operasyonu lokal anestezi ile yap\u0131l\u0131r.<\/li><li><span style=\"font-style: inherit; font-weight: inherit; background-color: var(--ast-global-color-4); color: var(--ast-global-color-3);\">Yaln\u0131zca al\u0131nacak k\u00f6k h\u00fccresi \u00fczerinde \u00e7al\u0131\u015f\u0131l\u0131r, sa\u00e7 k\u00f6klerinin al\u0131nd\u0131\u011f\u0131 b\u00f6lgede doku al\u0131nmaz.<\/span><\/li><li><span style=\"font-style: inherit; font-weight: inherit; background-color: var(--ast-global-color-4); color: var(--ast-global-color-3);\">Sa\u00e7 k\u00f6kleri kulaklar\u0131n \u00fcst k\u0131sm\u0131ndan da al\u0131n\u0131r. Sadece ense b\u00f6lgesinden al\u0131nmaz.<\/span><\/li><li><span style=\"font-style: inherit; font-weight: inherit; background-color: var(--ast-global-color-4); color: var(--ast-global-color-3);\">\u00c7ok k\u0131sa s\u00fcrede iyile\u015fme g\u00f6zlenen FUE tekni\u011finde \u015fa\u00e7 k\u00f6kleri \u00f6zel mikromotor ile tek tek al\u0131n\u0131r.<\/span><\/li><li><span style=\"font-style: inherit; font-weight: inherit; background-color: var(--ast-global-color-4); color: var(--ast-global-color-3);\">Tek seansta 8000-12.000 aras\u0131 sa\u00e7 teli ekimi yap\u0131labilmektedir<\/span><\/li><li><span style=\"font-style: inherit; font-weight: inherit; background-color: var(--ast-global-color-4); color: var(--ast-global-color-3);\">Gerek g\u00f6r\u00fcl\u00fcrse s\u0131rt, g\u00f6\u011f\u00fcs gibi v\u00fccudun di\u011fer b\u00f6lgelerinden sa\u00e7 k\u00f6k\u00fc al\u0131nabilir.<\/span><\/li><li><span style=\"font-style: inherit; font-weight: inherit; background-color: var(--ast-global-color-4); color: var(--ast-global-color-3);\">Hafif ve orta dereceli sa\u00e7 d\u00f6k\u00fclmelerinde (\u00f6nden ba\u015f\u0131n tepesine kadar gelen) \u00e7ok iyi bir sonu\u00e7 al\u0131n\u0131r.<\/span><\/li><li><span style=\"font-style: inherit; font-weight: inherit; background-color: var(--ast-global-color-4); color: var(--ast-global-color-3);\">Diki\u015f ve Yara izi kesinlikle b\u0131rakmaz. Do\u011fal g\u00f6r\u00fcn\u00fcml\u00fc sonu\u00e7 elde edilir.<\/span><\/li><\/ul>\t\t\t\t\t\t\t\t<\/div>\n\t\t\t\t<\/div>\n\t\t\t\t\t<\/div>\n\t\t<\/div>\n\t\t\t\t\t<\/div>\n\t\t<\/section>\n\t\t\t\t<\/div>","protected":false},"excerpt":{"rendered":"<p>RO CLINIC FUE SA\u00c7 EK\u0130M\u0130 Sa\u00e7 Ekimi Modern ve son teknoloji olan FUE Tekni\u011fi ile Sa\u00e7 Ekimi, ki\u015finin iki kulak aras\u0131 ve ense b\u00f6lgesinin iki parmak \u00fczerinden lokal anestezi alt\u0131nda sa\u011fl\u0131kl\u0131 sa\u00e7 k\u00f6klerinin mikromotor yard\u0131m\u0131 ile tek tek al\u0131nmas\u0131 i\u015flemidir. FUE Tekni\u011fi ile Sa\u00e7 Ekiminde i\u015flem \u00f6ncesi ve sonras\u0131nda herhangi bir a\u011fr\u0131 ve ac\u0131 olmaz. &hellip;<\/p>\n<p class=\"read-more\"> <a class=\"\" href=\"https:\/\/roclinics.com\/en\/fue-sac-ekimi\/\"> <span class=\"screen-reader-text\">FUE Sa\u00e7 Ekimi<\/span> Read More &raquo;<\/a><\/p>","protected":false},"author":1,"featured_media":0,"parent":0,"menu_order":0,"comment_status":"closed","ping_status":"closed","template":"","meta":{"site-sidebar-layout":"no-sidebar","site-content-layout":"page-builder","ast-main-header-display":"","ast-hfb-above-header-display":"","ast-hfb-below-header-display":"","ast-hfb-mobile-header-display":"","site-post-title":"disabled","ast-breadcrumbs-content":"","ast-featured-img":"disabled","footer-sml-layout":"","theme-transparent-header-meta":"","adv-header-id-meta":"","stick-header-meta":"","header-above-stick-meta":"","header-main-stick-meta":"","header-below-stick-meta":"","footnotes":""},"class_list":["post-948","page","type-page","status-publish","hentry"],"_links":{"self":[{"href":"https:\/\/roclinics.com\/en\/wp-json\/wp\/v2\/pages\/948","targetHints":{"allow":["GET"]}}],"collection":[{"href":"https:\/\/roclinics.com\/en\/wp-json\/wp\/v2\/pages"}],"about":[{"href":"https:\/\/roclinics.com\/en\/wp-json\/wp\/v2\/types\/page"}],"author":[{"embeddable":true,"href":"https:\/\/roclinics.com\/en\/wp-json\/wp\/v2\/users\/1"}],"replies":[{"embeddable":true,"href":"https:\/\/roclinics.com\/en\/wp-json\/wp\/v2\/comments?post=948"}],"version-history":[{"count":0,"href":"https:\/\/roclinics.com\/en\/wp-json\/wp\/v2\/pages\/948\/revisions"}],"wp:attachment":[{"href":"https:\/\/roclinics.com\/en\/wp-json\/wp\/v2\/media?parent=948"}],"curies":[{"name":"wp","href":"https:\/\/api.w.org\/{rel}","templated":true}]}}