{"id":1156,"date":"2022-05-11T11:07:59","date_gmt":"2022-05-11T11:07:59","guid":{"rendered":"http:\/\/genel-1.com:8888\/?page_id=1156"},"modified":"2022-05-11T11:09:06","modified_gmt":"2022-05-11T11:09:06","slug":"dis-protezi","status":"publish","type":"page","link":"https:\/\/roclinics.com\/en\/dis-protezi\/","title":{"rendered":"Di\u015f Protezi"},"content":{"rendered":"<div data-elementor-type=\"wp-page\" data-elementor-id=\"1156\" class=\"elementor elementor-1156\">\n\t\t\t\t\t\t<section class=\"elementor-section elementor-top-section elementor-element elementor-element-91c3e03 elementor-section-full_width elementor-section-height-default elementor-section-height-default\" data-id=\"91c3e03\" data-element_type=\"section\">\n\t\t\t\t\t\t<div class=\"elementor-container elementor-column-gap-default\">\n\t\t\t\t\t<div class=\"elementor-column elementor-col-100 elementor-top-column elementor-element elementor-element-99cc81c\" data-id=\"99cc81c\" data-element_type=\"column\">\n\t\t\t<div class=\"elementor-widget-wrap elementor-element-populated\">\n\t\t\t\t\t\t<div class=\"elementor-element elementor-element-b6b08d1 elementor-widget elementor-widget-image\" data-id=\"b6b08d1\" data-element_type=\"widget\" data-widget_type=\"image.default\">\n\t\t\t\t<div class=\"elementor-widget-container\">\n\t\t\t\t\t\t\t\t\t\t\t\t\t\t\t<img fetchpriority=\"high\" decoding=\"async\" width=\"1920\" height=\"400\" src=\"https:\/\/roclinics.com\/wp-content\/uploads\/2022\/05\/dental-clinic-sultanahmet.jpg\" class=\"attachment-full size-full wp-image-1141\" alt=\"\" srcset=\"https:\/\/roclinics.com\/wp-content\/uploads\/2022\/05\/dental-clinic-sultanahmet.jpg 1920w, https:\/\/roclinics.com\/wp-content\/uploads\/2022\/05\/dental-clinic-sultanahmet-300x63.jpg 300w, https:\/\/roclinics.com\/wp-content\/uploads\/2022\/05\/dental-clinic-sultanahmet-1024x213.jpg 1024w, https:\/\/roclinics.com\/wp-content\/uploads\/2022\/05\/dental-clinic-sultanahmet-768x160.jpg 768w, https:\/\/roclinics.com\/wp-content\/uploads\/2022\/05\/dental-clinic-sultanahmet-1536x320.jpg 1536w\" sizes=\"(max-width: 1920px) 100vw, 1920px\" \/>\t\t\t\t\t\t\t\t\t\t\t\t\t\t\t<\/div>\n\t\t\t\t<\/div>\n\t\t\t\t\t<\/div>\n\t\t<\/div>\n\t\t\t\t\t<\/div>\n\t\t<\/section>\n\t\t\t\t<section class=\"elementor-section elementor-top-section elementor-element elementor-element-136d354 elementor-section-boxed elementor-section-height-default elementor-section-height-default\" data-id=\"136d354\" data-element_type=\"section\">\n\t\t\t\t\t\t<div class=\"elementor-container elementor-column-gap-default\">\n\t\t\t\t\t<div class=\"elementor-column elementor-col-100 elementor-top-column elementor-element elementor-element-1f7fc27\" data-id=\"1f7fc27\" data-element_type=\"column\">\n\t\t\t<div class=\"elementor-widget-wrap elementor-element-populated\">\n\t\t\t\t\t\t<div class=\"elementor-element elementor-element-547671b uael-heading-align-center elementor-widget elementor-widget-uael-advanced-heading\" data-id=\"547671b\" data-element_type=\"widget\" data-widget_type=\"uael-advanced-heading.default\">\n\t\t\t\t<div class=\"elementor-widget-container\">\n\t\t\t\t\t\r\n\t\t<div class=\"uael-module-content uael-heading-wrapper\">\r\n\t\t\t\t\t\t<div class=\"uael-module-content uael-separator-parent\">\r\n\t\t\t\t\t\t\t\t<div class=\"uael-separator-wrap\">\r\n\t\t\t\t\t<div class=\"uael-separator-line uael-side-left\">\r\n\t\t\t\t\t\t<span><\/span>\r\n\t\t\t\t\t<\/div>\r\n\t\t\t\t\t<div class=\"uael-divider-content\">\r\n\t\t\t\t\t\t\t\t\t\t\t\t<h3 class=\"uael-divider-text elementor-inline-editing\" data-elementor-setting-key=\"heading_line_text\" data-elementor-inline-editing-toolbar=\"basic\">RO CLINIC<\/h3>\r\n\t\t\t\t\t<\/div>\r\n\t\t\t\t\t<div class=\"uael-separator-line uael-side-right\">\r\n\t\t\t\t\t\t<span><\/span>\r\n\t\t\t\t\t<\/div>\r\n\t\t\t\t<\/div>\r\n\t\t\t\t\t\t\t\t\t\t<\/div>\r\n\t\t\t\t\r\n\t\t\t\r\n\t\t\t<h1 class=\"uael-heading\">\r\n\t\t\t\t\t\t\t\t\t\t<span class=\"uael-heading-text elementor-inline-editing uael-size--default\" data-elementor-setting-key=\"heading_title\" data-elementor-inline-editing-toolbar=\"basic\">D\u0130\u015e PROTEZ\u0130<\/span>\r\n\t\t\t\t\t\t\t<\/h1>\r\n\r\n\t\t\t\r\n\t\t\t\r\n\t\t\t\t\t\t\t<div class=\"uael-subheading elementor-inline-editing\" data-elementor-setting-key=\"heading_description\" data-elementor-inline-editing-toolbar=\"advanced\" >\r\n\t\t\t\t\t<p>DENTAL KL\u0130N\u0130\u011e\u0130<\/p>\t\t\t\t<\/div>\r\n\t\t\t\t\r\n\t\t\t\t\t\t<\/div>\r\n\t\t\t\t\t\t<\/div>\n\t\t\t\t<\/div>\n\t\t\t\t<div class=\"elementor-element elementor-element-da4677b elementor-widget elementor-widget-text-editor\" data-id=\"da4677b\" data-element_type=\"widget\" data-widget_type=\"text-editor.default\">\n\t\t\t\t<div class=\"elementor-widget-container\">\n\t\t\t\t\t\t\t\t\t<div class=\"careplus-section-heading\"><div class=\"careplus-section-heading\"><h2>Di\u015f Protezi Nedir<\/h2><\/div><p>Protez kaybedilen di\u015flerin yerine koyulmas\u0131 amac\u0131yla ki\u015fiye \u00f6zel olarak \u00fcretilir. Hastan\u0131n ki\u015fisel ihtiya\u00e7lar\u0131 do\u011frultusunda \u00fcretilen di\u015f protezinin ki\u015finin a\u011fz\u0131na tam uyum sa\u011flamas\u0131, do\u011fal g\u00f6r\u00fcnmesi ve kolay kullan\u0131m \u00f6zelli\u011fine sahip olmas\u0131 gerekir. Di\u015f protezi, kaybedilen bir ya da birka\u00e7 di\u015f yerine kullan\u0131labilece\u011fi gibi t\u00fcm di\u015flerin yerine de kullan\u0131labilir.<\/p><p>\u00a0<\/p><div class=\"careplus-section-heading\"><h2>Sabit Protezler<\/h2><\/div><p>Sabit protez uygulamas\u0131, eksik veya a\u015f\u0131r\u0131 madde kayb\u0131na u\u011fram\u0131\u015f di\u015flerin, di\u015f dokusuna ve rengine benzer malzemeler kullan\u0131larak yerine konmas\u0131 i\u015flemidir.<\/p><\/div>\t\t\t\t\t\t\t\t<\/div>\n\t\t\t\t<\/div>\n\t\t\t\t<div class=\"elementor-element elementor-element-ecb48b8 elementor-blockquote--skin-boxed elementor-blockquote--align-center elementor-blockquote--button-color-official elementor-widget elementor-widget-blockquote\" data-id=\"ecb48b8\" data-element_type=\"widget\" data-widget_type=\"blockquote.default\">\n\t\t\t\t<div class=\"elementor-widget-container\">\n\t\t\t\t\t\t\t<blockquote class=\"elementor-blockquote\">\n\t\t\t<p class=\"elementor-blockquote__content\">\n\t\t\t\t<br>Ki\u015fiye do\u011fal di\u015f g\u00f6r\u00fcn\u00fcm\u00fcn\u00fc ve i\u015flevselli\u011fini kazand\u0131r\u0131r. En \u00e7ok tercih edilen uygulamad\u0131r.\t\t\t<\/p>\n\t\t\t\t\t<\/blockquote>\n\t\t\t\t\t\t<\/div>\n\t\t\t\t<\/div>\n\t\t\t\t<div class=\"elementor-element elementor-element-4531f05 elementor-widget elementor-widget-text-editor\" data-id=\"4531f05\" data-element_type=\"widget\" data-widget_type=\"text-editor.default\">\n\t\t\t\t<div class=\"elementor-widget-container\">\n\t\t\t\t\t\t\t\t\t<figure class=\"careplus-department-thumb\"><div class=\"careplus-section-heading\"><div class=\"careplus-section-heading\"><div class=\"careplus-section-heading\"><div class=\"careplus-section-heading\"><div class=\"careplus-section-heading\"><div class=\"careplus-section-heading\"><div class=\"careplus-section-heading\"><div class=\"careplus-section-heading\"><p>Di\u015f eksikliklerinde en fazla tercih esilen protez tipi olan sabit protezler yap\u0131l\u0131rken a\u011f\u0131zda bulunan baz\u0131 di\u015flerin proteze destek olmak amac\u0131yla k\u00fc\u00e7\u00fclt\u00fclmesi gerekir. Baz\u0131 hastalar taraf\u0131ndan bu i\u015flem endi\u015feyle kar\u015f\u0131lanmakla birlikte, sabit protezlerin sa\u011flad\u0131\u011f\u0131 bir\u00e7ok avantaj d\u00fc\u015f\u00fcn\u00fcld\u00fc\u011f\u00fcnde bu endi\u015fenin yersiz oldu\u011fu anla\u015f\u0131lacakt\u0131r. Sabit protezler sayesinde,<\/p><p>&#8211; \u00c7i\u011fneme fonksiyonu daha kolay bir hal al\u0131r.<br \/>&#8211; Konu\u015fma kusurlar\u0131 giderilir.<br \/>&#8211; Protezin dudak ve yanaklar\u0131 destekliyor olmas\u0131 sebebiyle y\u00fcz esteti\u011finde \u00f6nemli kazan\u0131mlar sa\u011flan\u0131r.<\/p><p>Sabit protezler de di\u011fer protez \u00e7e\u015fitleri gibi hastan\u0131n gereksinimine, estetik beklentilerine ve ekonomik durumlar\u0131na g\u00f6re farkl\u0131 \u00e7e\u015fitlerde kullan\u0131ma sunulmaktad\u0131r. Sabit protez \u00e7e\u015fitleri aras\u0131nda,<\/p><p>&#8211; Kuron kaplama<br \/>&#8211; K\u00f6pr\u00fc<br \/>&#8211; Metal alt yap\u0131l\u0131 porselen protez<br \/>&#8211; Full metal<br \/>&#8211; Zirkonyum alt yap\u0131l\u0131 porselen protezler<br \/>&#8211; G\u00fc\u00e7lendirilmi\u015f porselen(Empress)<\/p><div class=\"careplus-section-heading\"><h2>Hareketli Protezler<\/h2><\/div><p>Bu t\u00fcr protezler hastan\u0131n kendi protezlerini tak\u0131p \u00e7\u0131karmas\u0131na olanak sa\u011flayan \u00f6zelli\u011fe sahip bulunmaktad\u0131r. Hareketli protezler a\u011f\u0131zdaki sa\u011flam kalm\u0131\u015f di\u015flerin yan\u0131 s\u0131ra, a\u011f\u0131z i\u00e7erisindeki yumu\u015fak dokulardan da destek almak suretiyle i\u015flevlerini s\u00fcrd\u00fcr\u00fcr. Hareketli protezler hastan\u0131n ihtiyac\u0131 do\u011frultusunda ve eksik di\u015flerin say\u0131s\u0131 kadar yap\u0131labildi\u011fi gibi, t\u00fcm di\u015flerin eksik oldu\u011fu hallerde de yap\u0131labilen bir protez \u00e7e\u015fididir.<\/p><p>Baz\u0131 hastalarda kendi do\u011fal di\u015flerden ve yumu\u015fak dokulardan destek almak suretiyle yap\u0131lan protezler mevcuttur. Bu t\u00fcr protezlere \u2018\u2019hareketli b\u00f6l\u00fcml\u00fc protez\u2019\u2019 ad\u0131 verilmektedir. Baz\u0131 hastalarda ise, t\u00fcm do\u011fal di\u015flerin kaybedilmi\u015f olmas\u0131 s\u00f6z konusu olmakta, bu t\u00fcr hastalara sadece di\u015f etlerinden ve damaktan destek alarak i\u015flevini s\u00fcrd\u00fcren \u2018\u2019 tam protez\u2019\u2019 uygulanmaktad\u0131r.<\/p><p>&#8211; Damak protez<br \/>&#8211; \u0130mplant destekli tam protez<br \/>&#8211; Di\u015f destekli tam protez<br \/>&#8211; Parsel ( k\u0131smi-b\u00f6l\u00fcml\u00fc) protez<br \/>&#8211; Asetalli uygulama<br \/>&#8211; Hassas protez gibi \u00e7e\u015fitler hareketli protez \u00e7e\u015fitleridir.<\/p><\/div><\/div><\/div><\/div><\/div><\/div><\/div><\/div><\/figure>\t\t\t\t\t\t\t\t<\/div>\n\t\t\t\t<\/div>\n\t\t\t\t\t<\/div>\n\t\t<\/div>\n\t\t\t\t\t<\/div>\n\t\t<\/section>\n\t\t\t\t<\/div>","protected":false},"excerpt":{"rendered":"<p>RO CLINIC D\u0130\u015e PROTEZ\u0130 DENTAL KL\u0130N\u0130\u011e\u0130 Di\u015f Protezi Nedir Protez kaybedilen di\u015flerin yerine koyulmas\u0131 amac\u0131yla ki\u015fiye \u00f6zel olarak \u00fcretilir. Hastan\u0131n ki\u015fisel ihtiya\u00e7lar\u0131 do\u011frultusunda \u00fcretilen di\u015f protezinin ki\u015finin a\u011fz\u0131na tam uyum sa\u011flamas\u0131, do\u011fal g\u00f6r\u00fcnmesi ve kolay kullan\u0131m \u00f6zelli\u011fine sahip olmas\u0131 gerekir. Di\u015f protezi, kaybedilen bir ya da birka\u00e7 di\u015f yerine kullan\u0131labilece\u011fi gibi t\u00fcm di\u015flerin yerine de &hellip;<\/p>\n<p class=\"read-more\"> <a class=\"\" href=\"https:\/\/roclinics.com\/en\/dis-protezi\/\"> <span class=\"screen-reader-text\">Di\u015f Protezi<\/span> Read More &raquo;<\/a><\/p>","protected":false},"author":1,"featured_media":0,"parent":0,"menu_order":0,"comment_status":"closed","ping_status":"closed","template":"","meta":{"site-sidebar-layout":"no-sidebar","site-content-layout":"page-builder","ast-main-header-display":"","ast-hfb-above-header-display":"","ast-hfb-below-header-display":"","ast-hfb-mobile-header-display":"","site-post-title":"disabled","ast-breadcrumbs-content":"","ast-featured-img":"disabled","footer-sml-layout":"","theme-transparent-header-meta":"","adv-header-id-meta":"","stick-header-meta":"","header-above-stick-meta":"","header-main-stick-meta":"","header-below-stick-meta":"","footnotes":""},"class_list":["post-1156","page","type-page","status-publish","hentry"],"_links":{"self":[{"href":"https:\/\/roclinics.com\/en\/wp-json\/wp\/v2\/pages\/1156","targetHints":{"allow":["GET"]}}],"collection":[{"href":"https:\/\/roclinics.com\/en\/wp-json\/wp\/v2\/pages"}],"about":[{"href":"https:\/\/roclinics.com\/en\/wp-json\/wp\/v2\/types\/page"}],"author":[{"embeddable":true,"href":"https:\/\/roclinics.com\/en\/wp-json\/wp\/v2\/users\/1"}],"replies":[{"embeddable":true,"href":"https:\/\/roclinics.com\/en\/wp-json\/wp\/v2\/comments?post=1156"}],"version-history":[{"count":0,"href":"https:\/\/roclinics.com\/en\/wp-json\/wp\/v2\/pages\/1156\/revisions"}],"wp:attachment":[{"href":"https:\/\/roclinics.com\/en\/wp-json\/wp\/v2\/media?parent=1156"}],"curies":[{"name":"wp","href":"https:\/\/api.w.org\/{rel}","templated":true}]}}