{"id":1103,"date":"2022-05-09T18:47:11","date_gmt":"2022-05-09T18:47:11","guid":{"rendered":"http:\/\/genel-1.com:8888\/?page_id=1103"},"modified":"2022-05-09T18:48:03","modified_gmt":"2022-05-09T18:48:03","slug":"dermapen","status":"publish","type":"page","link":"https:\/\/roclinics.com\/en\/dermapen\/","title":{"rendered":"Dermapen"},"content":{"rendered":"<div data-elementor-type=\"wp-page\" data-elementor-id=\"1103\" class=\"elementor elementor-1103\">\n\t\t\t\t\t\t<section class=\"elementor-section elementor-top-section elementor-element elementor-element-91c3e03 elementor-section-full_width elementor-section-height-default elementor-section-height-default\" data-id=\"91c3e03\" data-element_type=\"section\">\n\t\t\t\t\t\t<div class=\"elementor-container elementor-column-gap-default\">\n\t\t\t\t\t<div class=\"elementor-column elementor-col-100 elementor-top-column elementor-element elementor-element-99cc81c\" data-id=\"99cc81c\" data-element_type=\"column\">\n\t\t\t<div class=\"elementor-widget-wrap elementor-element-populated\">\n\t\t\t\t\t\t<div class=\"elementor-element elementor-element-b6b08d1 elementor-widget elementor-widget-image\" data-id=\"b6b08d1\" data-element_type=\"widget\" data-widget_type=\"image.default\">\n\t\t\t\t<div class=\"elementor-widget-container\">\n\t\t\t\t\t\t\t\t\t\t\t\t\t\t\t<img fetchpriority=\"high\" decoding=\"async\" width=\"1920\" height=\"400\" src=\"https:\/\/roclinics.com\/wp-content\/uploads\/2022\/05\/medikal-estetik.jpg\" class=\"attachment-full size-full wp-image-1074\" alt=\"\" srcset=\"https:\/\/roclinics.com\/wp-content\/uploads\/2022\/05\/medikal-estetik.jpg 1920w, https:\/\/roclinics.com\/wp-content\/uploads\/2022\/05\/medikal-estetik-300x63.jpg 300w, https:\/\/roclinics.com\/wp-content\/uploads\/2022\/05\/medikal-estetik-1024x213.jpg 1024w, https:\/\/roclinics.com\/wp-content\/uploads\/2022\/05\/medikal-estetik-768x160.jpg 768w, https:\/\/roclinics.com\/wp-content\/uploads\/2022\/05\/medikal-estetik-1536x320.jpg 1536w, https:\/\/roclinics.com\/wp-content\/uploads\/2022\/05\/medikal-estetik-600x125.jpg 600w\" sizes=\"(max-width: 1920px) 100vw, 1920px\" \/>\t\t\t\t\t\t\t\t\t\t\t\t\t\t\t<\/div>\n\t\t\t\t<\/div>\n\t\t\t\t\t<\/div>\n\t\t<\/div>\n\t\t\t\t\t<\/div>\n\t\t<\/section>\n\t\t\t\t<section class=\"elementor-section elementor-top-section elementor-element elementor-element-136d354 elementor-section-boxed elementor-section-height-default elementor-section-height-default\" data-id=\"136d354\" data-element_type=\"section\">\n\t\t\t\t\t\t<div class=\"elementor-container elementor-column-gap-default\">\n\t\t\t\t\t<div class=\"elementor-column elementor-col-100 elementor-top-column elementor-element elementor-element-1f7fc27\" data-id=\"1f7fc27\" data-element_type=\"column\">\n\t\t\t<div class=\"elementor-widget-wrap elementor-element-populated\">\n\t\t\t\t\t\t<div class=\"elementor-element elementor-element-547671b uael-heading-align-center elementor-widget elementor-widget-uael-advanced-heading\" data-id=\"547671b\" data-element_type=\"widget\" data-widget_type=\"uael-advanced-heading.default\">\n\t\t\t\t<div class=\"elementor-widget-container\">\n\t\t\t\t\t\r\n\t\t<div class=\"uael-module-content uael-heading-wrapper\">\r\n\t\t\t\t\t\t<div class=\"uael-module-content uael-separator-parent\">\r\n\t\t\t\t\t\t\t\t<div class=\"uael-separator-wrap\">\r\n\t\t\t\t\t<div class=\"uael-separator-line uael-side-left\">\r\n\t\t\t\t\t\t<span><\/span>\r\n\t\t\t\t\t<\/div>\r\n\t\t\t\t\t<div class=\"uael-divider-content\">\r\n\t\t\t\t\t\t\t\t\t\t\t\t<h3 class=\"uael-divider-text elementor-inline-editing\" data-elementor-setting-key=\"heading_line_text\" data-elementor-inline-editing-toolbar=\"basic\">RO CLINIC<\/h3>\r\n\t\t\t\t\t<\/div>\r\n\t\t\t\t\t<div class=\"uael-separator-line uael-side-right\">\r\n\t\t\t\t\t\t<span><\/span>\r\n\t\t\t\t\t<\/div>\r\n\t\t\t\t<\/div>\r\n\t\t\t\t\t\t\t\t\t\t<\/div>\r\n\t\t\t\t\r\n\t\t\t\r\n\t\t\t<h1 class=\"uael-heading\">\r\n\t\t\t\t\t\t\t\t\t\t<span class=\"uael-heading-text elementor-inline-editing uael-size--default\" data-elementor-setting-key=\"heading_title\" data-elementor-inline-editing-toolbar=\"basic\">DERMAPEN<\/span>\r\n\t\t\t\t\t\t\t<\/h1>\r\n\r\n\t\t\t\r\n\t\t\t\r\n\t\t\t\t\t\t\t<div class=\"uael-subheading elementor-inline-editing\" data-elementor-setting-key=\"heading_description\" data-elementor-inline-editing-toolbar=\"advanced\" >\r\n\t\t\t\t\tMED\u0130KAL ESTET\u0130K\t\t\t\t<\/div>\r\n\t\t\t\t\r\n\t\t\t\t\t\t<\/div>\r\n\t\t\t\t\t\t<\/div>\n\t\t\t\t<\/div>\n\t\t\t\t<div class=\"elementor-element elementor-element-da4677b elementor-widget elementor-widget-text-editor\" data-id=\"da4677b\" data-element_type=\"widget\" data-widget_type=\"text-editor.default\">\n\t\t\t\t<div class=\"elementor-widget-container\">\n\t\t\t\t\t\t\t\t\t<figure class=\"careplus-department-thumb\"><figure class=\"careplus-department-thumb\">Dermapen uygulamas\u0131; gen\u00e7, bak\u0131ml\u0131 ve canl\u0131 bir cilde sahip olmak isteyen herkesin tercih edebilece\u011fi bir cilt bak\u0131m y\u00f6ntemidir. Cilt alt\u0131nda dolgunla\u015fma ve s\u0131k\u0131la\u015fma cilt y\u00fczeyinde ise gen\u00e7le\u015fme ve tazelenme sa\u011flarken, h\u00fccre \u00fcretimi iyice yava\u015flad\u0131\u011f\u0131 d\u00f6nemlerde ya\u015fl\u0131l\u0131k lekeleri ve deri incelmelerini de ortadan kald\u0131r\u0131r. Dermapen uygulamas\u0131 ayn\u0131 zamanda ki\u015finin cilt kusurlar\u0131n\u0131 onarmak, cilt ya\u015flanmas\u0131n\u0131 \u00f6nlemek, k\u0131r\u0131\u015f\u0131kl\u0131klar\u0131 azaltmak amac\u0131yla da uygulanan y\u00f6ntemlerden biridir.<\/figure><\/figure>\t\t\t\t\t\t\t\t<\/div>\n\t\t\t\t<\/div>\n\t\t\t\t<div class=\"elementor-element elementor-element-ecb48b8 elementor-blockquote--skin-boxed elementor-blockquote--align-center elementor-blockquote--button-color-official elementor-widget elementor-widget-blockquote\" data-id=\"ecb48b8\" data-element_type=\"widget\" data-widget_type=\"blockquote.default\">\n\t\t\t\t<div class=\"elementor-widget-container\">\n\t\t\t\t\t\t\t<blockquote class=\"elementor-blockquote\">\n\t\t\t<p class=\"elementor-blockquote__content\">\n\t\t\t\t<br>Uygulanabilece\u011fi b\u00f6lgeler; Al\u0131n K\u0131r\u0131\u015f\u0131klar\u0131, Ka\u015f Hatlar\u0131, Kaz Aya\u011f\u0131, G\u00f6zalt\u0131 Torbas\u0131, Akne-Scar \u0130zi, Leke, Siyah Nokta, B\u00fcy\u00fck G\u00f6zenekler, \u00dcst Dudak \u00c7izgileri, Sark\u0131kl\u0131k, Gerdanl\u0131k...\t\t\t<\/p>\n\t\t\t\t\t<\/blockquote>\n\t\t\t\t\t\t<\/div>\n\t\t\t\t<\/div>\n\t\t\t\t<div class=\"elementor-element elementor-element-4531f05 elementor-widget elementor-widget-text-editor\" data-id=\"4531f05\" data-element_type=\"widget\" data-widget_type=\"text-editor.default\">\n\t\t\t\t<div class=\"elementor-widget-container\">\n\t\t\t\t\t\t\t\t\t<figure class=\"careplus-department-thumb\"><div class=\"careplus-section-heading\"><div class=\"careplus-section-heading\"><h2>Dermapen Uygulamas\u0131<\/h2><\/div><p>Dermapen uygulamas\u0131ndan \u00f6nce ciltteki makyaj kal\u0131nt\u0131lar\u0131, kirler temizlenir ve cilt dezenfekte edilir. Ard\u0131ndan uygulama yap\u0131lacak olan b\u00f6lgeye saf hyaluronik asit, mezoterapi sol\u00fcsyonlar\u0131 veya PRP uygulan\u0131r. Dermapen uygulamas\u0131nda ciltteki kusurlu b\u00f6lgeye birden fazla mikro kanal a\u00e7\u0131l\u0131r. Bunun sebebi a\u00e7\u0131lan bu kanallarla otomatik, titre\u015fimli i\u011fneleme tekni\u011fi kullan\u0131larak ki\u015finin a\u011fr\u0131 hissini azaltmak, uygulanan \u00fcr\u00fcnlerin emilim miktar\u0131n\u0131 h\u0131zland\u0131rmak ve tedavinin etkisi artt\u0131rmakt\u0131r. Yakla\u015f\u0131k 20 dakika i\u00e7inde yepyeni ve kesinlikle daha gen\u00e7 bir cilde kavu\u015fmak m\u00fcmk\u00fcnd\u00fcr.<\/p><\/div><\/figure>\t\t\t\t\t\t\t\t<\/div>\n\t\t\t\t<\/div>\n\t\t\t\t\t<\/div>\n\t\t<\/div>\n\t\t\t\t\t<\/div>\n\t\t<\/section>\n\t\t\t\t<\/div>","protected":false},"excerpt":{"rendered":"<p>RO CLINIC DERMAPEN MED\u0130KAL ESTET\u0130K Dermapen uygulamas\u0131; gen\u00e7, bak\u0131ml\u0131 ve canl\u0131 bir cilde sahip olmak isteyen herkesin tercih edebilece\u011fi bir cilt bak\u0131m y\u00f6ntemidir. Cilt alt\u0131nda dolgunla\u015fma ve s\u0131k\u0131la\u015fma cilt y\u00fczeyinde ise gen\u00e7le\u015fme ve tazelenme sa\u011flarken, h\u00fccre \u00fcretimi iyice yava\u015flad\u0131\u011f\u0131 d\u00f6nemlerde ya\u015fl\u0131l\u0131k lekeleri ve deri incelmelerini de ortadan kald\u0131r\u0131r. Dermapen uygulamas\u0131 ayn\u0131 zamanda ki\u015finin cilt kusurlar\u0131n\u0131 &hellip;<\/p>\n<p class=\"read-more\"> <a class=\"\" href=\"https:\/\/roclinics.com\/en\/dermapen\/\"> <span class=\"screen-reader-text\">Dermapen<\/span> Read More &raquo;<\/a><\/p>","protected":false},"author":1,"featured_media":0,"parent":0,"menu_order":0,"comment_status":"closed","ping_status":"closed","template":"","meta":{"site-sidebar-layout":"no-sidebar","site-content-layout":"page-builder","ast-main-header-display":"","ast-hfb-above-header-display":"","ast-hfb-below-header-display":"","ast-hfb-mobile-header-display":"","site-post-title":"disabled","ast-breadcrumbs-content":"","ast-featured-img":"disabled","footer-sml-layout":"","theme-transparent-header-meta":"","adv-header-id-meta":"","stick-header-meta":"","header-above-stick-meta":"","header-main-stick-meta":"","header-below-stick-meta":"","footnotes":""},"class_list":["post-1103","page","type-page","status-publish","hentry"],"_links":{"self":[{"href":"https:\/\/roclinics.com\/en\/wp-json\/wp\/v2\/pages\/1103","targetHints":{"allow":["GET"]}}],"collection":[{"href":"https:\/\/roclinics.com\/en\/wp-json\/wp\/v2\/pages"}],"about":[{"href":"https:\/\/roclinics.com\/en\/wp-json\/wp\/v2\/types\/page"}],"author":[{"embeddable":true,"href":"https:\/\/roclinics.com\/en\/wp-json\/wp\/v2\/users\/1"}],"replies":[{"embeddable":true,"href":"https:\/\/roclinics.com\/en\/wp-json\/wp\/v2\/comments?post=1103"}],"version-history":[{"count":0,"href":"https:\/\/roclinics.com\/en\/wp-json\/wp\/v2\/pages\/1103\/revisions"}],"wp:attachment":[{"href":"https:\/\/roclinics.com\/en\/wp-json\/wp\/v2\/media?parent=1103"}],"curies":[{"name":"wp","href":"https:\/\/api.w.org\/{rel}","templated":true}]}}