{"id":1079,"date":"2022-05-09T18:35:13","date_gmt":"2022-05-09T18:35:13","guid":{"rendered":"http:\/\/genel-1.com:8888\/?page_id=1079"},"modified":"2022-05-09T18:38:45","modified_gmt":"2022-05-09T18:38:45","slug":"cilt-bakimi","status":"publish","type":"page","link":"https:\/\/roclinics.com\/en\/cilt-bakimi\/","title":{"rendered":"Cilt Bak\u0131m\u0131"},"content":{"rendered":"<div data-elementor-type=\"wp-page\" data-elementor-id=\"1079\" class=\"elementor elementor-1079\">\n\t\t\t\t\t\t<section class=\"elementor-section elementor-top-section elementor-element elementor-element-91c3e03 elementor-section-full_width elementor-section-height-default elementor-section-height-default\" data-id=\"91c3e03\" data-element_type=\"section\">\n\t\t\t\t\t\t<div class=\"elementor-container elementor-column-gap-default\">\n\t\t\t\t\t<div class=\"elementor-column elementor-col-100 elementor-top-column elementor-element elementor-element-99cc81c\" data-id=\"99cc81c\" data-element_type=\"column\">\n\t\t\t<div class=\"elementor-widget-wrap elementor-element-populated\">\n\t\t\t\t\t\t<div class=\"elementor-element elementor-element-b6b08d1 elementor-widget elementor-widget-image\" data-id=\"b6b08d1\" data-element_type=\"widget\" data-widget_type=\"image.default\">\n\t\t\t\t<div class=\"elementor-widget-container\">\n\t\t\t\t\t\t\t\t\t\t\t\t\t\t\t<img fetchpriority=\"high\" decoding=\"async\" width=\"1920\" height=\"400\" src=\"https:\/\/roclinics.com\/wp-content\/uploads\/2022\/05\/medikal-estetik.jpg\" class=\"attachment-full size-full wp-image-1074\" alt=\"\" srcset=\"https:\/\/roclinics.com\/wp-content\/uploads\/2022\/05\/medikal-estetik.jpg 1920w, https:\/\/roclinics.com\/wp-content\/uploads\/2022\/05\/medikal-estetik-300x63.jpg 300w, https:\/\/roclinics.com\/wp-content\/uploads\/2022\/05\/medikal-estetik-1024x213.jpg 1024w, https:\/\/roclinics.com\/wp-content\/uploads\/2022\/05\/medikal-estetik-768x160.jpg 768w, https:\/\/roclinics.com\/wp-content\/uploads\/2022\/05\/medikal-estetik-1536x320.jpg 1536w, https:\/\/roclinics.com\/wp-content\/uploads\/2022\/05\/medikal-estetik-600x125.jpg 600w\" sizes=\"(max-width: 1920px) 100vw, 1920px\" \/>\t\t\t\t\t\t\t\t\t\t\t\t\t\t\t<\/div>\n\t\t\t\t<\/div>\n\t\t\t\t\t<\/div>\n\t\t<\/div>\n\t\t\t\t\t<\/div>\n\t\t<\/section>\n\t\t\t\t<section class=\"elementor-section elementor-top-section elementor-element elementor-element-136d354 elementor-section-boxed elementor-section-height-default elementor-section-height-default\" data-id=\"136d354\" data-element_type=\"section\">\n\t\t\t\t\t\t<div class=\"elementor-container elementor-column-gap-default\">\n\t\t\t\t\t<div class=\"elementor-column elementor-col-100 elementor-top-column elementor-element elementor-element-1f7fc27\" data-id=\"1f7fc27\" data-element_type=\"column\">\n\t\t\t<div class=\"elementor-widget-wrap elementor-element-populated\">\n\t\t\t\t\t\t<div class=\"elementor-element elementor-element-547671b uael-heading-align-center elementor-widget elementor-widget-uael-advanced-heading\" data-id=\"547671b\" data-element_type=\"widget\" data-widget_type=\"uael-advanced-heading.default\">\n\t\t\t\t<div class=\"elementor-widget-container\">\n\t\t\t\t\t\r\n\t\t<div class=\"uael-module-content uael-heading-wrapper\">\r\n\t\t\t\t\t\t<div class=\"uael-module-content uael-separator-parent\">\r\n\t\t\t\t\t\t\t\t<div class=\"uael-separator-wrap\">\r\n\t\t\t\t\t<div class=\"uael-separator-line uael-side-left\">\r\n\t\t\t\t\t\t<span><\/span>\r\n\t\t\t\t\t<\/div>\r\n\t\t\t\t\t<div class=\"uael-divider-content\">\r\n\t\t\t\t\t\t\t\t\t\t\t\t<h3 class=\"uael-divider-text elementor-inline-editing\" data-elementor-setting-key=\"heading_line_text\" data-elementor-inline-editing-toolbar=\"basic\">RO CLINIC<\/h3>\r\n\t\t\t\t\t<\/div>\r\n\t\t\t\t\t<div class=\"uael-separator-line uael-side-right\">\r\n\t\t\t\t\t\t<span><\/span>\r\n\t\t\t\t\t<\/div>\r\n\t\t\t\t<\/div>\r\n\t\t\t\t\t\t\t\t\t\t<\/div>\r\n\t\t\t\t\r\n\t\t\t\r\n\t\t\t<h1 class=\"uael-heading\">\r\n\t\t\t\t\t\t\t\t\t\t<span class=\"uael-heading-text elementor-inline-editing uael-size--default\" data-elementor-setting-key=\"heading_title\" data-elementor-inline-editing-toolbar=\"basic\">C\u0130LT BAKIMI<\/span>\r\n\t\t\t\t\t\t\t<\/h1>\r\n\r\n\t\t\t\r\n\t\t\t\r\n\t\t\t\t\t\t\t<div class=\"uael-subheading elementor-inline-editing\" data-elementor-setting-key=\"heading_description\" data-elementor-inline-editing-toolbar=\"advanced\" >\r\n\t\t\t\t\tMED\u0130KAL ESTET\u0130K\t\t\t\t<\/div>\r\n\t\t\t\t\r\n\t\t\t\t\t\t<\/div>\r\n\t\t\t\t\t\t<\/div>\n\t\t\t\t<\/div>\n\t\t\t\t<div class=\"elementor-element elementor-element-da4677b elementor-widget elementor-widget-text-editor\" data-id=\"da4677b\" data-element_type=\"widget\" data-widget_type=\"text-editor.default\">\n\t\t\t\t<div class=\"elementor-widget-container\">\n\t\t\t\t\t\t\t\t\t<figure class=\"careplus-department-thumb\"><figure class=\"careplus-department-thumb\"><\/figure><div class=\"careplus-rich-editor\"><p>Profesyonel \u00fcr\u00fcnler ile Cilt Bak\u0131m Uzman\u0131 taraf\u0131ndan uygulanan ve cilt analizi sonucu ki\u015fiye \u00f6zel cilt ihtiyac\u0131na uygun derinlemesine bak\u0131m i\u015flemidir. Cilt tipine uygun olarak uyguland\u0131\u011f\u0131nda, cildin kaybetti\u011fi neminin kazand\u0131r\u0131lmas\u0131, ince k\u0131r\u0131\u015f\u0131kl\u0131klar\u0131n\u0131n azat\u0131lmas\u0131, akne sorunlar\u0131n\u0131n giderilmesi, leke tedavisi, anti againg, lifting uygulamas\u0131, g\u00f6zeneklerin fazla a\u00e7\u0131lmas\u0131 sorunu, kuru,karma,ya\u011fl\u0131 ciltlere \u00f6zel bak\u0131m, siyah noktalar\u0131n azalt\u0131lmas\u0131, y\u00fcz masaj\u0131, kal\u0131nla\u015fm\u0131\u015f cilt bak\u0131m\u0131, antioksidan maske uygulamas\u0131 ile cildin ba\u011f\u0131\u015f\u0131kl\u0131k sisteminin g\u00fc\u00e7lendirilmesi sa\u011flanmaktad\u0131r.<\/p><\/div><\/figure>\t\t\t\t\t\t\t\t<\/div>\n\t\t\t\t<\/div>\n\t\t\t\t<div class=\"elementor-element elementor-element-ecb48b8 elementor-blockquote--skin-boxed elementor-blockquote--align-center elementor-blockquote--button-color-official elementor-widget elementor-widget-blockquote\" data-id=\"ecb48b8\" data-element_type=\"widget\" data-widget_type=\"blockquote.default\">\n\t\t\t\t<div class=\"elementor-widget-container\">\n\t\t\t\t\t\t\t<blockquote class=\"elementor-blockquote\">\n\t\t\t<p class=\"elementor-blockquote__content\">\n\t\t\t\t<br>\nDaha sa\u011fl\u0131kl\u0131 ve \u0131\u015f\u0131l \u0131\u015f\u0131l parlayan bir cilt i\u00e7in ihtiyac\u0131n\u0131z olan, ki\u015fiye \u00f6zel, cilt bak\u0131m\u0131 uyguluyoruz\t\t\t<\/p>\n\t\t\t\t\t<\/blockquote>\n\t\t\t\t\t\t<\/div>\n\t\t\t\t<\/div>\n\t\t\t\t<div class=\"elementor-element elementor-element-4531f05 elementor-widget elementor-widget-text-editor\" data-id=\"4531f05\" data-element_type=\"widget\" data-widget_type=\"text-editor.default\">\n\t\t\t\t<div class=\"elementor-widget-container\">\n\t\t\t\t\t\t\t\t\t<figure class=\"careplus-department-thumb\"><div class=\"careplus-section-heading\"><div class=\"careplus-section-heading\"><div class=\"careplus-section-heading\"><div class=\"careplus-section-heading\"><div class=\"careplus-section-heading\"><div class=\"careplus-section-heading\"><div class=\"careplus-section-heading\"><h2>Medikal Cilt Bak\u0131m\u0131 A\u015famalar\u0131<\/h2><\/div><p>Medikal cilt bak\u0131m\u0131 uygulamas\u0131nda \u00f6ncelikle cilt analizi yap\u0131larak cildin ihtiya\u00e7lar\u0131 saptan\u0131r. Cilt t\u00fcm etkenlerden temizlenerek peeling i\u00e7in haz\u0131rlan\u0131r. Bitkisel dermokozmetik \u00fcr\u00fcnlerle cilt \u00f6l\u00fc h\u00fccrelerden ar\u0131nd\u0131r\u0131l\u0131r ve peeling ile cildin alt katman\u0131na kadar inenilerek g\u00f6zenek temizli\u011fi yap\u0131l\u0131r. Sonras\u0131nda buhar terapi ile cildin g\u00f6zenekleri a\u00e7\u0131l\u0131r ve cilt yumu\u015fat\u0131l\u0131r. Derindeki siyah nokta ve ya\u011f butonlar\u0131 temizlenir ve ciltten uzakla\u015ft\u0131r\u0131l\u0131r. Temizlenmi\u015f cilt dezenfekte edilir. Cildin ihtiyac\u0131na g\u00f6re ultrasound ile kolajen doku uyar\u0131l\u0131r. Serum ve oksijen terapi ile cilt alt\u0131 beslenir. A\u00e7\u0131k g\u00f6zenekler arac\u0131l\u0131\u011f\u0131yla vitamin deste\u011fine doyan cildin s\u0131k\u0131la\u015fmas\u0131 i\u00e7in cilt tipine uygun maske nemlendirici cilt masaj\u0131 ile cilde yedirilir. G\u00fcne\u015f koruyucu kullan\u0131larak cilt bak\u0131m\u0131 i\u015flemi sonland\u0131r\u0131l\u0131r. Cildin yap\u0131s\u0131na g\u00f6re ihtiya\u00e7 duyulmas\u0131 halinde ek bak\u0131m ve tedavi i\u015flemleri uygulanabilir.<\/p><\/div><\/div><\/div><\/div><\/div><\/div><\/figure>\t\t\t\t\t\t\t\t<\/div>\n\t\t\t\t<\/div>\n\t\t\t\t\t<\/div>\n\t\t<\/div>\n\t\t\t\t\t<\/div>\n\t\t<\/section>\n\t\t\t\t<\/div>","protected":false},"excerpt":{"rendered":"<p>RO CLINIC C\u0130LT BAKIMI MED\u0130KAL ESTET\u0130K Profesyonel \u00fcr\u00fcnler ile Cilt Bak\u0131m Uzman\u0131 taraf\u0131ndan uygulanan ve cilt analizi sonucu ki\u015fiye \u00f6zel cilt ihtiyac\u0131na uygun derinlemesine bak\u0131m i\u015flemidir. Cilt tipine uygun olarak uyguland\u0131\u011f\u0131nda, cildin kaybetti\u011fi neminin kazand\u0131r\u0131lmas\u0131, ince k\u0131r\u0131\u015f\u0131kl\u0131klar\u0131n\u0131n azat\u0131lmas\u0131, akne sorunlar\u0131n\u0131n giderilmesi, leke tedavisi, anti againg, lifting uygulamas\u0131, g\u00f6zeneklerin fazla a\u00e7\u0131lmas\u0131 sorunu, kuru,karma,ya\u011fl\u0131 ciltlere \u00f6zel bak\u0131m, &hellip;<\/p>\n<p class=\"read-more\"> <a class=\"\" href=\"https:\/\/roclinics.com\/en\/cilt-bakimi\/\"> <span class=\"screen-reader-text\">Cilt Bak\u0131m\u0131<\/span> Read More &raquo;<\/a><\/p>","protected":false},"author":1,"featured_media":0,"parent":0,"menu_order":0,"comment_status":"closed","ping_status":"closed","template":"","meta":{"site-sidebar-layout":"no-sidebar","site-content-layout":"page-builder","ast-main-header-display":"","ast-hfb-above-header-display":"","ast-hfb-below-header-display":"","ast-hfb-mobile-header-display":"","site-post-title":"disabled","ast-breadcrumbs-content":"","ast-featured-img":"disabled","footer-sml-layout":"","theme-transparent-header-meta":"","adv-header-id-meta":"","stick-header-meta":"","header-above-stick-meta":"","header-main-stick-meta":"","header-below-stick-meta":"","footnotes":""},"class_list":["post-1079","page","type-page","status-publish","hentry"],"_links":{"self":[{"href":"https:\/\/roclinics.com\/en\/wp-json\/wp\/v2\/pages\/1079","targetHints":{"allow":["GET"]}}],"collection":[{"href":"https:\/\/roclinics.com\/en\/wp-json\/wp\/v2\/pages"}],"about":[{"href":"https:\/\/roclinics.com\/en\/wp-json\/wp\/v2\/types\/page"}],"author":[{"embeddable":true,"href":"https:\/\/roclinics.com\/en\/wp-json\/wp\/v2\/users\/1"}],"replies":[{"embeddable":true,"href":"https:\/\/roclinics.com\/en\/wp-json\/wp\/v2\/comments?post=1079"}],"version-history":[{"count":0,"href":"https:\/\/roclinics.com\/en\/wp-json\/wp\/v2\/pages\/1079\/revisions"}],"wp:attachment":[{"href":"https:\/\/roclinics.com\/en\/wp-json\/wp\/v2\/media?parent=1079"}],"curies":[{"name":"wp","href":"https:\/\/api.w.org\/{rel}","templated":true}]}}