{"id":1062,"date":"2022-05-09T17:58:26","date_gmt":"2022-05-09T17:58:26","guid":{"rendered":"http:\/\/genel-1.com:8888\/?page_id=1062"},"modified":"2022-05-09T17:59:17","modified_gmt":"2022-05-09T17:59:17","slug":"meme-kucultme","status":"publish","type":"page","link":"https:\/\/roclinics.com\/en\/meme-kucultme\/","title":{"rendered":"Meme K\u00fc\u00e7\u00fcltme"},"content":{"rendered":"<div data-elementor-type=\"wp-page\" data-elementor-id=\"1062\" class=\"elementor elementor-1062\">\n\t\t\t\t\t\t<section class=\"elementor-section elementor-top-section elementor-element elementor-element-91c3e03 elementor-section-full_width elementor-section-height-default elementor-section-height-default\" data-id=\"91c3e03\" data-element_type=\"section\">\n\t\t\t\t\t\t<div class=\"elementor-container elementor-column-gap-default\">\n\t\t\t\t\t<div class=\"elementor-column elementor-col-100 elementor-top-column elementor-element elementor-element-99cc81c\" data-id=\"99cc81c\" data-element_type=\"column\">\n\t\t\t<div class=\"elementor-widget-wrap elementor-element-populated\">\n\t\t\t\t\t\t<div class=\"elementor-element elementor-element-b6b08d1 elementor-widget elementor-widget-image\" data-id=\"b6b08d1\" data-element_type=\"widget\" data-widget_type=\"image.default\">\n\t\t\t\t<div class=\"elementor-widget-container\">\n\t\t\t\t\t\t\t\t\t\t\t\t\t\t\t<img fetchpriority=\"high\" decoding=\"async\" width=\"1920\" height=\"400\" src=\"https:\/\/roclinics.com\/wp-content\/uploads\/2022\/05\/estetik-ve-plastik-cerrahi-1.jpg\" class=\"attachment-full size-full wp-image-1041\" alt=\"\" srcset=\"https:\/\/roclinics.com\/wp-content\/uploads\/2022\/05\/estetik-ve-plastik-cerrahi-1.jpg 1920w, https:\/\/roclinics.com\/wp-content\/uploads\/2022\/05\/estetik-ve-plastik-cerrahi-1-300x63.jpg 300w, https:\/\/roclinics.com\/wp-content\/uploads\/2022\/05\/estetik-ve-plastik-cerrahi-1-1024x213.jpg 1024w, https:\/\/roclinics.com\/wp-content\/uploads\/2022\/05\/estetik-ve-plastik-cerrahi-1-768x160.jpg 768w, https:\/\/roclinics.com\/wp-content\/uploads\/2022\/05\/estetik-ve-plastik-cerrahi-1-1536x320.jpg 1536w, https:\/\/roclinics.com\/wp-content\/uploads\/2022\/05\/estetik-ve-plastik-cerrahi-1-600x125.jpg 600w\" sizes=\"(max-width: 1920px) 100vw, 1920px\" \/>\t\t\t\t\t\t\t\t\t\t\t\t\t\t\t<\/div>\n\t\t\t\t<\/div>\n\t\t\t\t\t<\/div>\n\t\t<\/div>\n\t\t\t\t\t<\/div>\n\t\t<\/section>\n\t\t\t\t<section class=\"elementor-section elementor-top-section elementor-element elementor-element-136d354 elementor-section-boxed elementor-section-height-default elementor-section-height-default\" data-id=\"136d354\" data-element_type=\"section\">\n\t\t\t\t\t\t<div class=\"elementor-container elementor-column-gap-default\">\n\t\t\t\t\t<div class=\"elementor-column elementor-col-100 elementor-top-column elementor-element elementor-element-1f7fc27\" data-id=\"1f7fc27\" data-element_type=\"column\">\n\t\t\t<div class=\"elementor-widget-wrap elementor-element-populated\">\n\t\t\t\t\t\t<div class=\"elementor-element elementor-element-547671b uael-heading-align-center elementor-widget elementor-widget-uael-advanced-heading\" data-id=\"547671b\" data-element_type=\"widget\" data-widget_type=\"uael-advanced-heading.default\">\n\t\t\t\t<div class=\"elementor-widget-container\">\n\t\t\t\t\t\r\n\t\t<div class=\"uael-module-content uael-heading-wrapper\">\r\n\t\t\t\t\t\t<div class=\"uael-module-content uael-separator-parent\">\r\n\t\t\t\t\t\t\t\t<div class=\"uael-separator-wrap\">\r\n\t\t\t\t\t<div class=\"uael-separator-line uael-side-left\">\r\n\t\t\t\t\t\t<span><\/span>\r\n\t\t\t\t\t<\/div>\r\n\t\t\t\t\t<div class=\"uael-divider-content\">\r\n\t\t\t\t\t\t\t\t\t\t\t\t<h3 class=\"uael-divider-text elementor-inline-editing\" data-elementor-setting-key=\"heading_line_text\" data-elementor-inline-editing-toolbar=\"basic\">RO CLINIC<\/h3>\r\n\t\t\t\t\t<\/div>\r\n\t\t\t\t\t<div class=\"uael-separator-line uael-side-right\">\r\n\t\t\t\t\t\t<span><\/span>\r\n\t\t\t\t\t<\/div>\r\n\t\t\t\t<\/div>\r\n\t\t\t\t\t\t\t\t\t\t<\/div>\r\n\t\t\t\t\r\n\t\t\t\r\n\t\t\t<h1 class=\"uael-heading\">\r\n\t\t\t\t\t\t\t\t\t\t<span class=\"uael-heading-text elementor-inline-editing uael-size--default\" data-elementor-setting-key=\"heading_title\" data-elementor-inline-editing-toolbar=\"basic\">MEME K\u00dc\u00c7\u00dcLTME<\/span>\r\n\t\t\t\t\t\t\t<\/h1>\r\n\r\n\t\t\t\r\n\t\t\t\r\n\t\t\t\t\t\t\t<div class=\"uael-subheading elementor-inline-editing\" data-elementor-setting-key=\"heading_description\" data-elementor-inline-editing-toolbar=\"advanced\" >\r\n\t\t\t\t\tESTET\u0130K OPERASYONLAR\t\t\t\t<\/div>\r\n\t\t\t\t\r\n\t\t\t\t\t\t<\/div>\r\n\t\t\t\t\t\t<\/div>\n\t\t\t\t<\/div>\n\t\t\t\t<div class=\"elementor-element elementor-element-da4677b elementor-widget elementor-widget-text-editor\" data-id=\"da4677b\" data-element_type=\"widget\" data-widget_type=\"text-editor.default\">\n\t\t\t\t<div class=\"elementor-widget-container\">\n\t\t\t\t\t\t\t\t\t<figure class=\"careplus-department-thumb\"><p>Meme k\u00fc\u00e7\u00fcltme bir veya iki memeden gland\u00fcler ve ya\u011f dokusunun \u00e7\u0131kar\u0131lmas\u0131 i\u015flemidir. Ama\u00e7 memelerin boyutunu ve a\u011f\u0131rl\u0131\u011f\u0131n\u0131n azalt\u0131lmas\u0131d\u0131r. Meme k\u00fc\u00e7\u00fcltme ameliyat\u0131 genellikle bir plastik cerrah taraf\u0131ndan yap\u0131l\u0131r ve yakla\u015f\u0131k iki ila d\u00f6rt saat s\u00fcrer.<\/p><\/figure>\t\t\t\t\t\t\t\t<\/div>\n\t\t\t\t<\/div>\n\t\t\t\t<div class=\"elementor-element elementor-element-ecb48b8 elementor-blockquote--skin-boxed elementor-blockquote--align-center elementor-blockquote--button-color-official elementor-widget elementor-widget-blockquote\" data-id=\"ecb48b8\" data-element_type=\"widget\" data-widget_type=\"blockquote.default\">\n\t\t\t\t<div class=\"elementor-widget-container\">\n\t\t\t\t\t\t\t<blockquote class=\"elementor-blockquote\">\n\t\t\t<p class=\"elementor-blockquote__content\">\n\t\t\t\t<br>\nKad\u0131n memesinin boyutunu k\u00fc\u00e7\u00fcltmek i\u00e7in yap\u0131lan cerrahi i\u015fleme meme k\u00fc\u00e7\u00fcltme denir. Bu genellikle s\u0131rt a\u011fr\u0131s\u0131 ve k\u00f6t\u00fc duru\u015f gibi sa\u011fl\u0131k nedenleriyle olur. Ama ayn\u0131 zamanda tamamen estetik sebepleri de olabilir. Genellikle meme dikle\u015ftirme ile meme k\u00fc\u00e7\u00fcltme de sunulur.\t\t\t<\/p>\n\t\t\t\t\t<\/blockquote>\n\t\t\t\t\t\t<\/div>\n\t\t\t\t<\/div>\n\t\t\t\t<div class=\"elementor-element elementor-element-4531f05 elementor-widget elementor-widget-text-editor\" data-id=\"4531f05\" data-element_type=\"widget\" data-widget_type=\"text-editor.default\">\n\t\t\t\t<div class=\"elementor-widget-container\">\n\t\t\t\t\t\t\t\t\t<figure class=\"careplus-department-thumb\"><div class=\"careplus-section-heading\"><div class=\"careplus-section-heading\"><div class=\"careplus-section-heading\"><div class=\"careplus-section-heading\"><h2>Meme K\u00fc\u00e7\u00fcltme Ameliyat\u0131 Nas\u0131l Uygulan\u0131r?<\/h2><\/div><p>\u00c7e\u015fitli meme k\u00fc\u00e7\u00fcltme teknikleri mevcuttur. Hepsinde memeden ya\u011f ve salg\u0131 dokusu al\u0131n\u0131r. Ancak kesilerin tam yeri de\u011fi\u015fir. Temel olarak, cerrah m\u00fcmk\u00fcn oldu\u011funca az iz b\u0131rakmaya \u00e7al\u0131\u015f\u0131r. Hangi y\u00f6ntemin kullan\u0131laca\u011f\u0131na hasta ile karar verilir.<\/p><p>Cerrah memeden \u00e7ok fazla doku \u00e7\u0131kar\u0131rsa, meme k\u00fc\u00e7\u00fcltme i\u015flemine ek olarak s\u0131kl\u0131kla meme dikle\u015ftirme ger\u00e7ekle\u015ftirir. Bu da sonucu kad\u0131nlar i\u00e7in daha estetik hale getirir.<\/p><p>Operasyon \u00f6ncesi haz\u0131rl\u0131klar yap\u0131lmas\u0131 gerekir ve verilen doktor tavsiyelerine uyulmal\u0131d\u0131r.<\/p><p><b>Meme k\u00fc\u00e7\u00fcltme i\u00e7in olas\u0131 nedenler \u015funlard\u0131r:<br \/><\/b>Duru\u015f bozuklu\u011fu, s\u0131rt ve boyun a\u011fr\u0131s\u0131 gibi ortopedik \u015fikayetler<br \/>E\u015fit olmayan b\u00fcy\u00fckl\u00fckte g\u00f6\u011f\u00fcsler<br \/>G\u00f6\u011f\u00fcs alt\u0131 k\u0131vr\u0131m\u0131nda cilt tahri\u015fi ve egzama (intertrigo)<br \/>Psikolojik stres<br \/>Bu gibi durumlarda meme k\u00fc\u00e7\u00fcltme genellikle tek tedavi se\u00e7ene\u011fidir ve hastay\u0131 b\u00fcy\u00fck \u00f6l\u00e7\u00fcde rahatlat\u0131r.<\/p><\/div><\/div><\/div><\/figure>\t\t\t\t\t\t\t\t<\/div>\n\t\t\t\t<\/div>\n\t\t\t\t\t<\/div>\n\t\t<\/div>\n\t\t\t\t\t<\/div>\n\t\t<\/section>\n\t\t\t\t<\/div>","protected":false},"excerpt":{"rendered":"<p>RO CLINIC MEME K\u00dc\u00c7\u00dcLTME ESTET\u0130K OPERASYONLAR Meme k\u00fc\u00e7\u00fcltme bir veya iki memeden gland\u00fcler ve ya\u011f dokusunun \u00e7\u0131kar\u0131lmas\u0131 i\u015flemidir. Ama\u00e7 memelerin boyutunu ve a\u011f\u0131rl\u0131\u011f\u0131n\u0131n azalt\u0131lmas\u0131d\u0131r. Meme k\u00fc\u00e7\u00fcltme ameliyat\u0131 genellikle bir plastik cerrah taraf\u0131ndan yap\u0131l\u0131r ve yakla\u015f\u0131k iki ila d\u00f6rt saat s\u00fcrer. Kad\u0131n memesinin boyutunu k\u00fc\u00e7\u00fcltmek i\u00e7in yap\u0131lan cerrahi i\u015fleme meme k\u00fc\u00e7\u00fcltme denir. Bu genellikle s\u0131rt a\u011fr\u0131s\u0131 &hellip;<\/p>\n<p class=\"read-more\"> <a class=\"\" href=\"https:\/\/roclinics.com\/en\/meme-kucultme\/\"> <span class=\"screen-reader-text\">Meme K\u00fc\u00e7\u00fcltme<\/span> Read More &raquo;<\/a><\/p>","protected":false},"author":1,"featured_media":0,"parent":0,"menu_order":0,"comment_status":"closed","ping_status":"closed","template":"","meta":{"site-sidebar-layout":"no-sidebar","site-content-layout":"page-builder","ast-main-header-display":"","ast-hfb-above-header-display":"","ast-hfb-below-header-display":"","ast-hfb-mobile-header-display":"","site-post-title":"disabled","ast-breadcrumbs-content":"","ast-featured-img":"disabled","footer-sml-layout":"","theme-transparent-header-meta":"","adv-header-id-meta":"","stick-header-meta":"","header-above-stick-meta":"","header-main-stick-meta":"","header-below-stick-meta":"","footnotes":""},"class_list":["post-1062","page","type-page","status-publish","hentry"],"_links":{"self":[{"href":"https:\/\/roclinics.com\/en\/wp-json\/wp\/v2\/pages\/1062","targetHints":{"allow":["GET"]}}],"collection":[{"href":"https:\/\/roclinics.com\/en\/wp-json\/wp\/v2\/pages"}],"about":[{"href":"https:\/\/roclinics.com\/en\/wp-json\/wp\/v2\/types\/page"}],"author":[{"embeddable":true,"href":"https:\/\/roclinics.com\/en\/wp-json\/wp\/v2\/users\/1"}],"replies":[{"embeddable":true,"href":"https:\/\/roclinics.com\/en\/wp-json\/wp\/v2\/comments?post=1062"}],"version-history":[{"count":0,"href":"https:\/\/roclinics.com\/en\/wp-json\/wp\/v2\/pages\/1062\/revisions"}],"wp:attachment":[{"href":"https:\/\/roclinics.com\/en\/wp-json\/wp\/v2\/media?parent=1062"}],"curies":[{"name":"wp","href":"https:\/\/api.w.org\/{rel}","templated":true}]}}