{"id":1051,"date":"2022-05-09T17:55:00","date_gmt":"2022-05-09T17:55:00","guid":{"rendered":"http:\/\/genel-1.com:8888\/?page_id=1051"},"modified":"2022-05-09T17:57:10","modified_gmt":"2022-05-09T17:57:10","slug":"meme-buyutme","status":"publish","type":"page","link":"https:\/\/roclinics.com\/en\/meme-buyutme\/","title":{"rendered":"Meme B\u00fcy\u00fctme"},"content":{"rendered":"<div data-elementor-type=\"wp-page\" data-elementor-id=\"1051\" class=\"elementor elementor-1051\">\n\t\t\t\t\t\t<section class=\"elementor-section elementor-top-section elementor-element elementor-element-91c3e03 elementor-section-full_width elementor-section-height-default elementor-section-height-default\" data-id=\"91c3e03\" data-element_type=\"section\">\n\t\t\t\t\t\t<div class=\"elementor-container elementor-column-gap-default\">\n\t\t\t\t\t<div class=\"elementor-column elementor-col-100 elementor-top-column elementor-element elementor-element-99cc81c\" data-id=\"99cc81c\" data-element_type=\"column\">\n\t\t\t<div class=\"elementor-widget-wrap elementor-element-populated\">\n\t\t\t\t\t\t<div class=\"elementor-element elementor-element-b6b08d1 elementor-widget elementor-widget-image\" data-id=\"b6b08d1\" data-element_type=\"widget\" data-widget_type=\"image.default\">\n\t\t\t\t<div class=\"elementor-widget-container\">\n\t\t\t\t\t\t\t\t\t\t\t\t\t\t\t<img fetchpriority=\"high\" decoding=\"async\" width=\"1920\" height=\"400\" src=\"https:\/\/roclinics.com\/wp-content\/uploads\/2022\/05\/estetik-ve-plastik-cerrahi-1.jpg\" class=\"attachment-full size-full wp-image-1041\" alt=\"\" srcset=\"https:\/\/roclinics.com\/wp-content\/uploads\/2022\/05\/estetik-ve-plastik-cerrahi-1.jpg 1920w, https:\/\/roclinics.com\/wp-content\/uploads\/2022\/05\/estetik-ve-plastik-cerrahi-1-300x63.jpg 300w, https:\/\/roclinics.com\/wp-content\/uploads\/2022\/05\/estetik-ve-plastik-cerrahi-1-1024x213.jpg 1024w, https:\/\/roclinics.com\/wp-content\/uploads\/2022\/05\/estetik-ve-plastik-cerrahi-1-768x160.jpg 768w, https:\/\/roclinics.com\/wp-content\/uploads\/2022\/05\/estetik-ve-plastik-cerrahi-1-1536x320.jpg 1536w, https:\/\/roclinics.com\/wp-content\/uploads\/2022\/05\/estetik-ve-plastik-cerrahi-1-600x125.jpg 600w\" sizes=\"(max-width: 1920px) 100vw, 1920px\" \/>\t\t\t\t\t\t\t\t\t\t\t\t\t\t\t<\/div>\n\t\t\t\t<\/div>\n\t\t\t\t\t<\/div>\n\t\t<\/div>\n\t\t\t\t\t<\/div>\n\t\t<\/section>\n\t\t\t\t<section class=\"elementor-section elementor-top-section elementor-element elementor-element-136d354 elementor-section-boxed elementor-section-height-default elementor-section-height-default\" data-id=\"136d354\" data-element_type=\"section\">\n\t\t\t\t\t\t<div class=\"elementor-container elementor-column-gap-default\">\n\t\t\t\t\t<div class=\"elementor-column elementor-col-100 elementor-top-column elementor-element elementor-element-1f7fc27\" data-id=\"1f7fc27\" data-element_type=\"column\">\n\t\t\t<div class=\"elementor-widget-wrap elementor-element-populated\">\n\t\t\t\t\t\t<div class=\"elementor-element elementor-element-547671b uael-heading-align-center elementor-widget elementor-widget-uael-advanced-heading\" data-id=\"547671b\" data-element_type=\"widget\" data-widget_type=\"uael-advanced-heading.default\">\n\t\t\t\t<div class=\"elementor-widget-container\">\n\t\t\t\t\t\r\n\t\t<div class=\"uael-module-content uael-heading-wrapper\">\r\n\t\t\t\t\t\t<div class=\"uael-module-content uael-separator-parent\">\r\n\t\t\t\t\t\t\t\t<div class=\"uael-separator-wrap\">\r\n\t\t\t\t\t<div class=\"uael-separator-line uael-side-left\">\r\n\t\t\t\t\t\t<span><\/span>\r\n\t\t\t\t\t<\/div>\r\n\t\t\t\t\t<div class=\"uael-divider-content\">\r\n\t\t\t\t\t\t\t\t\t\t\t\t<h3 class=\"uael-divider-text elementor-inline-editing\" data-elementor-setting-key=\"heading_line_text\" data-elementor-inline-editing-toolbar=\"basic\">RO CLINIC<\/h3>\r\n\t\t\t\t\t<\/div>\r\n\t\t\t\t\t<div class=\"uael-separator-line uael-side-right\">\r\n\t\t\t\t\t\t<span><\/span>\r\n\t\t\t\t\t<\/div>\r\n\t\t\t\t<\/div>\r\n\t\t\t\t\t\t\t\t\t\t<\/div>\r\n\t\t\t\t\r\n\t\t\t\r\n\t\t\t<h1 class=\"uael-heading\">\r\n\t\t\t\t\t\t\t\t\t\t<span class=\"uael-heading-text elementor-inline-editing uael-size--default\" data-elementor-setting-key=\"heading_title\" data-elementor-inline-editing-toolbar=\"basic\">MEME B\u00dcY\u00dcTME<\/span>\r\n\t\t\t\t\t\t\t<\/h1>\r\n\r\n\t\t\t\r\n\t\t\t\r\n\t\t\t\t\t\t\t<div class=\"uael-subheading elementor-inline-editing\" data-elementor-setting-key=\"heading_description\" data-elementor-inline-editing-toolbar=\"advanced\" >\r\n\t\t\t\t\tESTET\u0130K OPERASYONLAR\t\t\t\t<\/div>\r\n\t\t\t\t\r\n\t\t\t\t\t\t<\/div>\r\n\t\t\t\t\t\t<\/div>\n\t\t\t\t<\/div>\n\t\t\t\t<div class=\"elementor-element elementor-element-da4677b elementor-widget elementor-widget-text-editor\" data-id=\"da4677b\" data-element_type=\"widget\" data-widget_type=\"text-editor.default\">\n\t\t\t\t<div class=\"elementor-widget-container\">\n\t\t\t\t\t\t\t\t\t<figure class=\"careplus-department-thumb\"><p>Meme B\u00fcy\u00fctme Ameliyat\u0131, Meme b\u00f6lgesine yerle\u015ftirilen implant yani silikon sayesinde meme b\u00f6lgesinin hacim ve boyut olarak b\u00fcy\u00fct\u00fclmesi operasyonudur. Bu operasyonda cerrah hastan\u0131n meme boyutunu b\u00fcy\u00fctme amac\u0131n\u0131 ta\u015f\u0131d\u0131\u011f\u0131 gibi hastan\u0131n eski meme boyutuna ula\u015fmas\u0131 da ama\u00e7lan\u0131yor olmaktad\u0131r. Meme b\u00fcy\u00fctme operasyonlar\u0131 \u00f6nemli bir cerrahi ve estetik operasyon olup, \u00e7ok say\u0131da hasta taraf\u0131ndan yapt\u0131r\u0131lmak istenmektedir. Bu nedenle meme b\u00fcy\u00fctme operasyonlar\u0131 iki ana ama\u00e7 \u00fczerinde \u015fekillenmektedir. Meme b\u00fcy\u00fctme ameliyat\u0131 operasyonunun hastalar a\u00e7\u0131s\u0131ndan en \u00e7ok kabul g\u00f6ren sebepleri aras\u0131nda;<\/p><p>Memelerde g\u00f6r\u00fclen simetri bozulmas\u0131n\u0131n \u00f6nlenmesi ve simetrik hale getirilmesinin sa\u011flanmas\u0131,<\/p><p>Hastalar\u0131n k\u00fc\u00e7\u00fck g\u00f6rd\u00fckleri meme boyutlar\u0131n\u0131n istenen boyuta ula\u015ft\u0131r\u0131lmas\u0131n\u0131n sa\u011flanmas\u0131,<\/p><p>Hamilelik, kilo al\u0131p verme ve ya\u015fa ba\u011fl\u0131 fizyolojik de\u011fi\u015fimlerin bir sonucu olarak meme boyut ve \u015feklinin \u00f6nemli oranda de\u011fi\u015fmesi,<\/p><\/figure>\t\t\t\t\t\t\t\t<\/div>\n\t\t\t\t<\/div>\n\t\t\t\t<div class=\"elementor-element elementor-element-ecb48b8 elementor-blockquote--skin-boxed elementor-blockquote--align-center elementor-blockquote--button-color-official elementor-widget elementor-widget-blockquote\" data-id=\"ecb48b8\" data-element_type=\"widget\" data-widget_type=\"blockquote.default\">\n\t\t\t\t<div class=\"elementor-widget-container\">\n\t\t\t\t\t\t\t<blockquote class=\"elementor-blockquote\">\n\t\t\t<p class=\"elementor-blockquote__content\">\n\t\t\t\t<br>\nG\u00fczel bir v\u00fccut dengesi ve g\u00f6r\u00fcn\u00fcm\u00fcne kavu\u015fmak amac\u0131yla hastalar taraf\u0131ndan s\u0131kl\u0131kla talep edilmektedir.\t\t\t<\/p>\n\t\t\t\t\t<\/blockquote>\n\t\t\t\t\t\t<\/div>\n\t\t\t\t<\/div>\n\t\t\t\t<div class=\"elementor-element elementor-element-4531f05 elementor-widget elementor-widget-text-editor\" data-id=\"4531f05\" data-element_type=\"widget\" data-widget_type=\"text-editor.default\">\n\t\t\t\t<div class=\"elementor-widget-container\">\n\t\t\t\t\t\t\t\t\t<figure class=\"careplus-department-thumb\"><div class=\"careplus-section-heading\"><div class=\"careplus-section-heading\"><div class=\"careplus-section-heading\"><h2>Meme B\u00fcy\u00fctme Ameliyat\u0131 Nas\u0131l Uygulan\u0131r?<\/h2><\/div><p>Meme alt\u0131nda yer alan katlant\u0131s\u0131 ad\u0131 verilen b\u00f6lgeden a\u00e7\u0131lan yakla\u015f\u0131k 4,5 cm b\u00fcy\u00fckl\u00fc\u011f\u00fcnde delik ile operasyon ba\u015flamaktad\u0131r. Meme alt\u0131 katlant\u0131s\u0131na denk gelen kesik sayesinde ameliyat sonras\u0131nda da \u00e7\u0131plak olundu\u011funda dahi ameliyat izi g\u00f6r\u00fclemez. A\u00e7\u0131lan kesi i\u00e7erisine uygun b\u00f6lgeye iletilmek \u00fczere se\u00e7ilen implant yerle\u015ftirilmektedir. \u0130mplant\u0131n yerle\u015ftirilmesi i\u00e7in kas alt\u0131 ve \u00fcst\u00fc y\u00f6ntemleri ile beraber dual plane ve kas zar\u0131 alt\u0131 y\u00f6ntemleri s\u0131ras\u0131yla uygulanabilmektedir. Dual Plane y\u00f6ntemi silikon yerle\u015ftirilmesi i\u00e7in en g\u00fcncel ve teknik y\u00f6ntem oldu\u011fundan daha \u00e7ok tercih edilmektedir. Ayr\u0131ca asta durumu, meme b\u00fcy\u00fckl\u00fc\u011f\u00fcn\u00fcn boyutu ve anatomik nedenlere ba\u011fl\u0131 olarak yerle\u015ftirme tekniklerinde de\u011fi\u015fiklik g\u00f6zlenebilmektedir. Ayr\u0131ca d\u00fczenli spor yapan ve ayn\u0131 zamanda yeterli deri kal\u0131nl\u0131\u011f\u0131na sahip olan bireylerde meme dokusu alt\u0131 y\u00f6ntemi tercih edilebilmektedir. Ba\u015flang\u0131\u00e7 a\u015famas\u0131nda \u00e7ok k\u00fc\u00e7\u00fck bir ameliyat izi olsa da d\u00fczenli bak\u0131m sayesinde bu iz zamanla kendili\u011finden kaybolmaktad\u0131r.<\/p><\/div><\/div><\/figure>\t\t\t\t\t\t\t\t<\/div>\n\t\t\t\t<\/div>\n\t\t\t\t\t<\/div>\n\t\t<\/div>\n\t\t\t\t\t<\/div>\n\t\t<\/section>\n\t\t\t\t<\/div>","protected":false},"excerpt":{"rendered":"<p>RO CLINIC MEME B\u00dcY\u00dcTME ESTET\u0130K OPERASYONLAR Meme B\u00fcy\u00fctme Ameliyat\u0131, Meme b\u00f6lgesine yerle\u015ftirilen implant yani silikon sayesinde meme b\u00f6lgesinin hacim ve boyut olarak b\u00fcy\u00fct\u00fclmesi operasyonudur. Bu operasyonda cerrah hastan\u0131n meme boyutunu b\u00fcy\u00fctme amac\u0131n\u0131 ta\u015f\u0131d\u0131\u011f\u0131 gibi hastan\u0131n eski meme boyutuna ula\u015fmas\u0131 da ama\u00e7lan\u0131yor olmaktad\u0131r. Meme b\u00fcy\u00fctme operasyonlar\u0131 \u00f6nemli bir cerrahi ve estetik operasyon olup, \u00e7ok say\u0131da hasta &hellip;<\/p>\n<p class=\"read-more\"> <a class=\"\" href=\"https:\/\/roclinics.com\/en\/meme-buyutme\/\"> <span class=\"screen-reader-text\">Meme B\u00fcy\u00fctme<\/span> Read More &raquo;<\/a><\/p>","protected":false},"author":1,"featured_media":0,"parent":0,"menu_order":0,"comment_status":"closed","ping_status":"closed","template":"","meta":{"site-sidebar-layout":"no-sidebar","site-content-layout":"page-builder","ast-main-header-display":"","ast-hfb-above-header-display":"","ast-hfb-below-header-display":"","ast-hfb-mobile-header-display":"","site-post-title":"disabled","ast-breadcrumbs-content":"","ast-featured-img":"disabled","footer-sml-layout":"","theme-transparent-header-meta":"","adv-header-id-meta":"","stick-header-meta":"","header-above-stick-meta":"","header-main-stick-meta":"","header-below-stick-meta":"","footnotes":""},"class_list":["post-1051","page","type-page","status-publish","hentry"],"_links":{"self":[{"href":"https:\/\/roclinics.com\/en\/wp-json\/wp\/v2\/pages\/1051","targetHints":{"allow":["GET"]}}],"collection":[{"href":"https:\/\/roclinics.com\/en\/wp-json\/wp\/v2\/pages"}],"about":[{"href":"https:\/\/roclinics.com\/en\/wp-json\/wp\/v2\/types\/page"}],"author":[{"embeddable":true,"href":"https:\/\/roclinics.com\/en\/wp-json\/wp\/v2\/users\/1"}],"replies":[{"embeddable":true,"href":"https:\/\/roclinics.com\/en\/wp-json\/wp\/v2\/comments?post=1051"}],"version-history":[{"count":0,"href":"https:\/\/roclinics.com\/en\/wp-json\/wp\/v2\/pages\/1051\/revisions"}],"wp:attachment":[{"href":"https:\/\/roclinics.com\/en\/wp-json\/wp\/v2\/media?parent=1051"}],"curies":[{"name":"wp","href":"https:\/\/api.w.org\/{rel}","templated":true}]}}