{"id":1045,"date":"2022-05-09T17:25:11","date_gmt":"2022-05-09T17:25:11","guid":{"rendered":"http:\/\/genel-1.com:8888\/?page_id=1045"},"modified":"2022-05-09T17:57:49","modified_gmt":"2022-05-09T17:57:49","slug":"liposuction-yag-aldirma","status":"publish","type":"page","link":"https:\/\/roclinics.com\/en\/liposuction-yag-aldirma\/","title":{"rendered":"Liposuction &#8211; Ya\u011f Ald\u0131rma"},"content":{"rendered":"<div data-elementor-type=\"wp-page\" data-elementor-id=\"1045\" class=\"elementor elementor-1045\">\n\t\t\t\t\t\t<section class=\"elementor-section elementor-top-section elementor-element elementor-element-91c3e03 elementor-section-full_width elementor-section-height-default elementor-section-height-default\" data-id=\"91c3e03\" data-element_type=\"section\">\n\t\t\t\t\t\t<div class=\"elementor-container elementor-column-gap-default\">\n\t\t\t\t\t<div class=\"elementor-column elementor-col-100 elementor-top-column elementor-element elementor-element-99cc81c\" data-id=\"99cc81c\" data-element_type=\"column\">\n\t\t\t<div class=\"elementor-widget-wrap elementor-element-populated\">\n\t\t\t\t\t\t<div class=\"elementor-element elementor-element-b6b08d1 elementor-widget elementor-widget-image\" data-id=\"b6b08d1\" data-element_type=\"widget\" data-widget_type=\"image.default\">\n\t\t\t\t<div class=\"elementor-widget-container\">\n\t\t\t\t\t\t\t\t\t\t\t\t\t\t\t<img fetchpriority=\"high\" decoding=\"async\" width=\"1920\" height=\"400\" src=\"https:\/\/roclinics.com\/wp-content\/uploads\/2022\/05\/estetik-ve-plastik-cerrahi-1.jpg\" class=\"attachment-full size-full wp-image-1041\" alt=\"\" srcset=\"https:\/\/roclinics.com\/wp-content\/uploads\/2022\/05\/estetik-ve-plastik-cerrahi-1.jpg 1920w, https:\/\/roclinics.com\/wp-content\/uploads\/2022\/05\/estetik-ve-plastik-cerrahi-1-300x63.jpg 300w, https:\/\/roclinics.com\/wp-content\/uploads\/2022\/05\/estetik-ve-plastik-cerrahi-1-1024x213.jpg 1024w, https:\/\/roclinics.com\/wp-content\/uploads\/2022\/05\/estetik-ve-plastik-cerrahi-1-768x160.jpg 768w, https:\/\/roclinics.com\/wp-content\/uploads\/2022\/05\/estetik-ve-plastik-cerrahi-1-1536x320.jpg 1536w, https:\/\/roclinics.com\/wp-content\/uploads\/2022\/05\/estetik-ve-plastik-cerrahi-1-600x125.jpg 600w\" sizes=\"(max-width: 1920px) 100vw, 1920px\" \/>\t\t\t\t\t\t\t\t\t\t\t\t\t\t\t<\/div>\n\t\t\t\t<\/div>\n\t\t\t\t\t<\/div>\n\t\t<\/div>\n\t\t\t\t\t<\/div>\n\t\t<\/section>\n\t\t\t\t<section class=\"elementor-section elementor-top-section elementor-element elementor-element-136d354 elementor-section-boxed elementor-section-height-default elementor-section-height-default\" data-id=\"136d354\" data-element_type=\"section\">\n\t\t\t\t\t\t<div class=\"elementor-container elementor-column-gap-default\">\n\t\t\t\t\t<div class=\"elementor-column elementor-col-100 elementor-top-column elementor-element elementor-element-1f7fc27\" data-id=\"1f7fc27\" data-element_type=\"column\">\n\t\t\t<div class=\"elementor-widget-wrap elementor-element-populated\">\n\t\t\t\t\t\t<div class=\"elementor-element elementor-element-547671b uael-heading-align-center elementor-widget elementor-widget-uael-advanced-heading\" data-id=\"547671b\" data-element_type=\"widget\" data-widget_type=\"uael-advanced-heading.default\">\n\t\t\t\t<div class=\"elementor-widget-container\">\n\t\t\t\t\t\r\n\t\t<div class=\"uael-module-content uael-heading-wrapper\">\r\n\t\t\t\t\t\t<div class=\"uael-module-content uael-separator-parent\">\r\n\t\t\t\t\t\t\t\t<div class=\"uael-separator-wrap\">\r\n\t\t\t\t\t<div class=\"uael-separator-line uael-side-left\">\r\n\t\t\t\t\t\t<span><\/span>\r\n\t\t\t\t\t<\/div>\r\n\t\t\t\t\t<div class=\"uael-divider-content\">\r\n\t\t\t\t\t\t\t\t\t\t\t\t<h3 class=\"uael-divider-text elementor-inline-editing\" data-elementor-setting-key=\"heading_line_text\" data-elementor-inline-editing-toolbar=\"basic\">RO CLINIC<\/h3>\r\n\t\t\t\t\t<\/div>\r\n\t\t\t\t\t<div class=\"uael-separator-line uael-side-right\">\r\n\t\t\t\t\t\t<span><\/span>\r\n\t\t\t\t\t<\/div>\r\n\t\t\t\t<\/div>\r\n\t\t\t\t\t\t\t\t\t\t<\/div>\r\n\t\t\t\t\r\n\t\t\t\r\n\t\t\t<h1 class=\"uael-heading\">\r\n\t\t\t\t\t\t\t\t\t\t<span class=\"uael-heading-text elementor-inline-editing uael-size--default\" data-elementor-setting-key=\"heading_title\" data-elementor-inline-editing-toolbar=\"basic\">LIPOSUCTION - YA\u011e ALDIRMA<\/span>\r\n\t\t\t\t\t\t\t<\/h1>\r\n\r\n\t\t\t\r\n\t\t\t\r\n\t\t\t\t\t\t\t<div class=\"uael-subheading elementor-inline-editing\" data-elementor-setting-key=\"heading_description\" data-elementor-inline-editing-toolbar=\"advanced\" >\r\n\t\t\t\t\tESTET\u0130K OPERASYONLAR\t\t\t\t<\/div>\r\n\t\t\t\t\r\n\t\t\t\t\t\t<\/div>\r\n\t\t\t\t\t\t<\/div>\n\t\t\t\t<\/div>\n\t\t\t\t<div class=\"elementor-element elementor-element-da4677b elementor-widget elementor-widget-text-editor\" data-id=\"da4677b\" data-element_type=\"widget\" data-widget_type=\"text-editor.default\">\n\t\t\t\t<div class=\"elementor-widget-container\">\n\t\t\t\t\t\t\t\t\t<figure class=\"careplus-department-thumb\"><p>Vakum tekni\u011fi kullan\u0131larak b\u00f6lgesel ya\u011f birikimlerinin giderilmesini sa\u011flayan liposuction, bir cerrahi i\u015flemdir. \u00d6zel \u015f\u0131r\u0131nga ile ya\u011f birikimleri \u00e7ekilerek al\u0131n\u0131r. Genellikle b\u00f6lgesel olarak zay\u0131flama y\u00f6ntemiyle giderilemeyen ya\u011flanmalarda tercih edilen bir y\u00f6ntem olarak \u00f6n plana \u00e7\u0131kar.<\/p><p>Fazla ya\u011f dokusunun uzakla\u015ft\u0131r\u0131lmas\u0131 ve v\u00fccudun daha iyi bir g\u00f6r\u00fcn\u00fcme sahip olmas\u0131 i\u00e7in s\u0131k kullan\u0131l\u0131r. Halk aras\u0131nda bu i\u015fleme genellikle, ya\u011f ald\u0131rma denir.<\/p><\/figure>\t\t\t\t\t\t\t\t<\/div>\n\t\t\t\t<\/div>\n\t\t\t\t<div class=\"elementor-element elementor-element-ecb48b8 elementor-blockquote--skin-boxed elementor-blockquote--align-center elementor-blockquote--button-color-official elementor-widget elementor-widget-blockquote\" data-id=\"ecb48b8\" data-element_type=\"widget\" data-widget_type=\"blockquote.default\">\n\t\t\t\t<div class=\"elementor-widget-container\">\n\t\t\t\t\t\t\t<blockquote class=\"elementor-blockquote\">\n\t\t\t<p class=\"elementor-blockquote__content\">\n\t\t\t\t<br>\nEstetik g\u00f6r\u00fcn\u00fcme sahip olmak isteyen ki\u015filer taraf\u0131ndan kullan\u0131labilen, etkili bir cerrahi i\u015flemdir. Hem erkeklerde hem de kad\u0131nlarda uygulanabilir. Kad\u0131nlar taraf\u0131ndan daha fazla kullan\u0131ld\u0131\u011f\u0131n\u0131 s\u00f6ylemek yanl\u0131\u015f olmaz. Bu kapsamda; liposuction kar\u0131n, bel, kal\u00e7a ve benzeri b\u00f6lgelerde yayg\u0131n olarak tercih edilen son derece yararl\u0131 bir i\u015flemdir.\t\t\t<\/p>\n\t\t\t\t\t<\/blockquote>\n\t\t\t\t\t\t<\/div>\n\t\t\t\t<\/div>\n\t\t\t\t<div class=\"elementor-element elementor-element-4531f05 elementor-widget elementor-widget-text-editor\" data-id=\"4531f05\" data-element_type=\"widget\" data-widget_type=\"text-editor.default\">\n\t\t\t\t<div class=\"elementor-widget-container\">\n\t\t\t\t\t\t\t\t\t<figure class=\"careplus-department-thumb\"><div class=\"careplus-section-heading\"><div class=\"careplus-section-heading\"><h2>Liposuction Ameliyat\u0131 Nas\u0131l Yap\u0131l\u0131r?<\/h2><\/div><p>Ameliyat \u00f6ncesinde, doktor taraf\u0131ndan uygulama yap\u0131lacak b\u00f6lgede baz\u0131 i\u015faretlemeler yap\u0131l\u0131r. \u0130lk olarak, hastaya anestezi uygulamak gerekir. Daha sonra, b\u00f6lgeye steril bir s\u0131v\u0131 \u00e7\u00f6zelti enjekte edilir. Bu steril s\u0131v\u0131 sayesinde, b\u00f6lgedeki a\u011fr\u0131 hafifler ve ayn\u0131 zamanda kanama \u00f6nlenebilir. \u00c7\u00f6zelti sayesinde bunlar\u0131n yan\u0131 s\u0131ra, cildin daha sert olmas\u0131 sa\u011flan\u0131r.<br \/>\u00c7\u00f6zeltinin etki g\u00f6stermesinden sonra ise, cilde k\u00fc\u00e7\u00fck bir kesik at\u0131l\u0131r. Bu kesi\u011fe yerle\u015ftirilen kan\u00fcl, vakum makinesine ba\u011fl\u0131d\u0131r. Vakum borusunun ileri geri hareket ettirilmesi ile ya\u011f par\u00e7alan\u0131r ve emilir. Belirtmek gerekir ki, liposuction ameliyat\u0131ndan sonra, \u00f6demin \u00f6nlenmesi i\u00e7in fazla s\u0131v\u0131n\u0131n akmas\u0131 amac\u0131yla kesikler a\u00e7\u0131k b\u0131rak\u0131labilir. Son olarak ise, i\u015flem bitince diki\u015f at\u0131l\u0131r.<\/p><div class=\"careplus-section-heading\"><h2>Liposuction Y\u00f6ntemleri Nelerdir?<\/h2><\/div><p>Ya\u011f ald\u0131rma i\u015fleminde farkl\u0131 teknikler s\u00f6z konusudur. Bu teknikleri kullanarak kolay bir \u015fekilde, fazla ya\u011flardan kurtulmak m\u00fcmk\u00fcn olur. Genel olarak kullan\u0131lan y\u00f6ntemler \u015fu \u015fekildedir:<\/p><p>&#8211; Lazerle liposuction; ya\u011f\u0131n yumu\u015famas\u0131 ve \u00e7\u0131kar\u0131lmas\u0131 i\u00e7in lazer enerjisi kullan\u0131lan y\u00f6nteme denir. Kan\u00fcl yard\u0131m\u0131 ile bu lazer enerjisi ilgili b\u00f6lgeye verilir.<\/p><p>&#8211; T\u00fcmesan ya\u011f ald\u0131rma; ameliyat \u00f6ncesinde hastaya bir s\u0131v\u0131 enjekte edilir. Daha sonra ise, kan\u00fcl yard\u0131m\u0131 ile ya\u011flar\u0131n al\u0131nmas\u0131 i\u015flemi ger\u00e7ekle\u015ftirilir. Bu kan\u00fcl, genel olarak bir vakuma ba\u011fl\u0131d\u0131r.<\/p><p>&#8211; Ultrasonik ya\u011f ald\u0131rma; ultrasonil enerji ile ger\u00e7ekle\u015ftirilen i\u015flemdir. Ses dalgalar\u0131 yayan bir \u00e7ubu\u011fa kan\u00fcl yerle\u015ftirilir ve bu kan\u00fcl arac\u0131l\u0131\u011f\u0131 ile ya\u011flar par\u00e7alanarak al\u0131n\u0131r. Belirtilen y\u00f6ntemler ile ya\u011f alma i\u015flemleri ger\u00e7ekle\u015ftirilebilir.<\/p><\/div><\/figure>\t\t\t\t\t\t\t\t<\/div>\n\t\t\t\t<\/div>\n\t\t\t\t\t<\/div>\n\t\t<\/div>\n\t\t\t\t\t<\/div>\n\t\t<\/section>\n\t\t\t\t<\/div>","protected":false},"excerpt":{"rendered":"<p>RO CLINIC LIPOSUCTION &#8211; YA\u011e ALDIRMA ESTET\u0130K OPERASYONLAR Vakum tekni\u011fi kullan\u0131larak b\u00f6lgesel ya\u011f birikimlerinin giderilmesini sa\u011flayan liposuction, bir cerrahi i\u015flemdir. \u00d6zel \u015f\u0131r\u0131nga ile ya\u011f birikimleri \u00e7ekilerek al\u0131n\u0131r. Genellikle b\u00f6lgesel olarak zay\u0131flama y\u00f6ntemiyle giderilemeyen ya\u011flanmalarda tercih edilen bir y\u00f6ntem olarak \u00f6n plana \u00e7\u0131kar. Fazla ya\u011f dokusunun uzakla\u015ft\u0131r\u0131lmas\u0131 ve v\u00fccudun daha iyi bir g\u00f6r\u00fcn\u00fcme sahip olmas\u0131 i\u00e7in &hellip;<\/p>\n<p class=\"read-more\"> <a class=\"\" href=\"https:\/\/roclinics.com\/en\/liposuction-yag-aldirma\/\"> <span class=\"screen-reader-text\">Liposuction &#8211; Ya\u011f Ald\u0131rma<\/span> Read More &raquo;<\/a><\/p>","protected":false},"author":1,"featured_media":0,"parent":0,"menu_order":0,"comment_status":"closed","ping_status":"closed","template":"","meta":{"site-sidebar-layout":"no-sidebar","site-content-layout":"page-builder","ast-main-header-display":"","ast-hfb-above-header-display":"","ast-hfb-below-header-display":"","ast-hfb-mobile-header-display":"","site-post-title":"disabled","ast-breadcrumbs-content":"","ast-featured-img":"disabled","footer-sml-layout":"","theme-transparent-header-meta":"","adv-header-id-meta":"","stick-header-meta":"","header-above-stick-meta":"","header-main-stick-meta":"","header-below-stick-meta":"","footnotes":""},"class_list":["post-1045","page","type-page","status-publish","hentry"],"_links":{"self":[{"href":"https:\/\/roclinics.com\/en\/wp-json\/wp\/v2\/pages\/1045","targetHints":{"allow":["GET"]}}],"collection":[{"href":"https:\/\/roclinics.com\/en\/wp-json\/wp\/v2\/pages"}],"about":[{"href":"https:\/\/roclinics.com\/en\/wp-json\/wp\/v2\/types\/page"}],"author":[{"embeddable":true,"href":"https:\/\/roclinics.com\/en\/wp-json\/wp\/v2\/users\/1"}],"replies":[{"embeddable":true,"href":"https:\/\/roclinics.com\/en\/wp-json\/wp\/v2\/comments?post=1045"}],"version-history":[{"count":0,"href":"https:\/\/roclinics.com\/en\/wp-json\/wp\/v2\/pages\/1045\/revisions"}],"wp:attachment":[{"href":"https:\/\/roclinics.com\/en\/wp-json\/wp\/v2\/media?parent=1045"}],"curies":[{"name":"wp","href":"https:\/\/api.w.org\/{rel}","templated":true}]}}