{"id":1034,"date":"2022-05-09T16:24:32","date_gmt":"2022-05-09T16:24:32","guid":{"rendered":"http:\/\/genel-1.com:8888\/?page_id=1034"},"modified":"2022-05-09T17:23:55","modified_gmt":"2022-05-09T17:23:55","slug":"burun-estetigi-rinoplasti","status":"publish","type":"page","link":"https:\/\/roclinics.com\/en\/burun-estetigi-rinoplasti\/","title":{"rendered":"Burun Esteti\u011fi &#8211; Rinoplasti"},"content":{"rendered":"<div data-elementor-type=\"wp-page\" data-elementor-id=\"1034\" class=\"elementor elementor-1034\">\n\t\t\t\t\t\t<section class=\"elementor-section elementor-top-section elementor-element elementor-element-91c3e03 elementor-section-full_width elementor-section-height-default elementor-section-height-default\" data-id=\"91c3e03\" data-element_type=\"section\">\n\t\t\t\t\t\t<div class=\"elementor-container elementor-column-gap-default\">\n\t\t\t\t\t<div class=\"elementor-column elementor-col-100 elementor-top-column elementor-element elementor-element-99cc81c\" data-id=\"99cc81c\" data-element_type=\"column\">\n\t\t\t<div class=\"elementor-widget-wrap elementor-element-populated\">\n\t\t\t\t\t\t<div class=\"elementor-element elementor-element-b6b08d1 elementor-widget elementor-widget-image\" data-id=\"b6b08d1\" data-element_type=\"widget\" data-widget_type=\"image.default\">\n\t\t\t\t<div class=\"elementor-widget-container\">\n\t\t\t\t\t\t\t\t\t\t\t\t\t\t\t<img fetchpriority=\"high\" decoding=\"async\" width=\"1920\" height=\"400\" src=\"https:\/\/roclinics.com\/wp-content\/uploads\/2022\/05\/estetik-ve-plastik-cerrahi-1.jpg\" class=\"attachment-full size-full wp-image-1041\" alt=\"\" srcset=\"https:\/\/roclinics.com\/wp-content\/uploads\/2022\/05\/estetik-ve-plastik-cerrahi-1.jpg 1920w, https:\/\/roclinics.com\/wp-content\/uploads\/2022\/05\/estetik-ve-plastik-cerrahi-1-300x63.jpg 300w, https:\/\/roclinics.com\/wp-content\/uploads\/2022\/05\/estetik-ve-plastik-cerrahi-1-1024x213.jpg 1024w, https:\/\/roclinics.com\/wp-content\/uploads\/2022\/05\/estetik-ve-plastik-cerrahi-1-768x160.jpg 768w, https:\/\/roclinics.com\/wp-content\/uploads\/2022\/05\/estetik-ve-plastik-cerrahi-1-1536x320.jpg 1536w, https:\/\/roclinics.com\/wp-content\/uploads\/2022\/05\/estetik-ve-plastik-cerrahi-1-600x125.jpg 600w\" sizes=\"(max-width: 1920px) 100vw, 1920px\" \/>\t\t\t\t\t\t\t\t\t\t\t\t\t\t\t<\/div>\n\t\t\t\t<\/div>\n\t\t\t\t\t<\/div>\n\t\t<\/div>\n\t\t\t\t\t<\/div>\n\t\t<\/section>\n\t\t\t\t<section class=\"elementor-section elementor-top-section elementor-element elementor-element-136d354 elementor-section-boxed elementor-section-height-default elementor-section-height-default\" data-id=\"136d354\" data-element_type=\"section\">\n\t\t\t\t\t\t<div class=\"elementor-container elementor-column-gap-default\">\n\t\t\t\t\t<div class=\"elementor-column elementor-col-100 elementor-top-column elementor-element elementor-element-1f7fc27\" data-id=\"1f7fc27\" data-element_type=\"column\">\n\t\t\t<div class=\"elementor-widget-wrap elementor-element-populated\">\n\t\t\t\t\t\t<div class=\"elementor-element elementor-element-547671b uael-heading-align-center elementor-widget elementor-widget-uael-advanced-heading\" data-id=\"547671b\" data-element_type=\"widget\" data-widget_type=\"uael-advanced-heading.default\">\n\t\t\t\t<div class=\"elementor-widget-container\">\n\t\t\t\t\t\r\n\t\t<div class=\"uael-module-content uael-heading-wrapper\">\r\n\t\t\t\t\t\t<div class=\"uael-module-content uael-separator-parent\">\r\n\t\t\t\t\t\t\t\t<div class=\"uael-separator-wrap\">\r\n\t\t\t\t\t<div class=\"uael-separator-line uael-side-left\">\r\n\t\t\t\t\t\t<span><\/span>\r\n\t\t\t\t\t<\/div>\r\n\t\t\t\t\t<div class=\"uael-divider-content\">\r\n\t\t\t\t\t\t\t\t\t\t\t\t<h3 class=\"uael-divider-text elementor-inline-editing\" data-elementor-setting-key=\"heading_line_text\" data-elementor-inline-editing-toolbar=\"basic\">RO CLINIC<\/h3>\r\n\t\t\t\t\t<\/div>\r\n\t\t\t\t\t<div class=\"uael-separator-line uael-side-right\">\r\n\t\t\t\t\t\t<span><\/span>\r\n\t\t\t\t\t<\/div>\r\n\t\t\t\t<\/div>\r\n\t\t\t\t\t\t\t\t\t\t<\/div>\r\n\t\t\t\t\r\n\t\t\t\r\n\t\t\t<h1 class=\"uael-heading\">\r\n\t\t\t\t\t\t\t\t\t\t<span class=\"uael-heading-text elementor-inline-editing uael-size--default\" data-elementor-setting-key=\"heading_title\" data-elementor-inline-editing-toolbar=\"basic\">BURUN ESTET\u0130\u011e\u0130 - R\u0130NOPLAST\u0130<\/span>\r\n\t\t\t\t\t\t\t<\/h1>\r\n\r\n\t\t\t\r\n\t\t\t\r\n\t\t\t\t\t\t\t<div class=\"uael-subheading elementor-inline-editing\" data-elementor-setting-key=\"heading_description\" data-elementor-inline-editing-toolbar=\"advanced\" >\r\n\t\t\t\t\tESTET\u0130K OPERASYONLAR\t\t\t\t<\/div>\r\n\t\t\t\t\r\n\t\t\t\t\t\t<\/div>\r\n\t\t\t\t\t\t<\/div>\n\t\t\t\t<\/div>\n\t\t\t\t<div class=\"elementor-element elementor-element-da4677b elementor-widget elementor-widget-text-editor\" data-id=\"da4677b\" data-element_type=\"widget\" data-widget_type=\"text-editor.default\">\n\t\t\t\t<div class=\"elementor-widget-container\">\n\t\t\t\t\t\t\t\t\t<figure class=\"careplus-department-thumb\"><p>Burun esteti\u011fi ameliyat\u0131, istedi\u011fimiz burun g\u00f6r\u00fcn\u00fcm\u00fcne ula\u015fmam\u0131za yard\u0131mc\u0131 olarak burnu y\u00fcz\u00fcn geri kalan\u0131yla uyumlu ve do\u011fal hale getirir. Ayr\u0131ca bazen nefes almay\u0131 ve hatta dinlenmeyi zorla\u015ft\u0131ran e\u011friliklerin ve travmalar\u0131n tedavisine de olanak tan\u0131r. Rinoseptoplasti septum deviasyonu gibi sa\u011fl\u0131\u011f\u0131 etkileyen ve nazal ventilasyonu etkileyebilecek burun anomalilerinin d\u00fczeltilmesine olanak sa\u011flar.<\/p><p>Bununla birlikte, prosed\u00fcr s\u0131ras\u0131nda kozmetik de\u011fi\u015fiklikleri dahil etmek i\u00e7in kullan\u0131labilir. Bu burun esteti\u011fi tedavilerin neler i\u00e7erdi\u011fini, ameliyat \u00f6ncesi ve iyile\u015fme s\u00fcrecinin nas\u0131l oldu\u011funu anlataca\u011f\u0131z.<\/p><p>En iyi prosed\u00fcr\u00fc \u00f6nermek i\u00e7in her vakay\u0131, ki\u015fisel beklentileri, y\u00fcz \u00f6zelliklerini ve di\u011fer detaylar\u0131 bilmek \u00f6nemlidir.<\/p><\/figure>\t\t\t\t\t\t\t\t<\/div>\n\t\t\t\t<\/div>\n\t\t\t\t<div class=\"elementor-element elementor-element-ecb48b8 elementor-blockquote--skin-boxed elementor-blockquote--align-center elementor-blockquote--button-color-official elementor-widget elementor-widget-blockquote\" data-id=\"ecb48b8\" data-element_type=\"widget\" data-widget_type=\"blockquote.default\">\n\t\t\t\t<div class=\"elementor-widget-container\">\n\t\t\t\t\t\t\t<blockquote class=\"elementor-blockquote\">\n\t\t\t<p class=\"elementor-blockquote__content\">\n\t\t\t\t<br>\nAmeliyat \u00f6ncesi d\u00f6nem ile ilgili olarak hasta ile ilk g\u00f6r\u00fc\u015fmede burnun hem i\u00e7 hem de d\u0131\u015f muayenesinin \u00e7ok titiz bir \u015fekilde yap\u0131lmas\u0131 gerekir. Bu sayede olas\u0131 solunum g\u00fc\u00e7l\u00fcklerinin yan\u0131 s\u0131ra destekleyici kemik ve k\u0131k\u0131rdak yap\u0131lar\u0131 olu\u015fturmak m\u00fcmk\u00fcnd\u00fcr.\t\t\t<\/p>\n\t\t\t\t\t<\/blockquote>\n\t\t\t\t\t\t<\/div>\n\t\t\t\t<\/div>\n\t\t\t\t<div class=\"elementor-element elementor-element-4531f05 elementor-widget elementor-widget-text-editor\" data-id=\"4531f05\" data-element_type=\"widget\" data-widget_type=\"text-editor.default\">\n\t\t\t\t<div class=\"elementor-widget-container\">\n\t\t\t\t\t\t\t\t\t<figure class=\"careplus-department-thumb\"><div class=\"careplus-section-heading\"><p><strong>Burun Esteti\u011fi Ameliyat\u0131 \u00c7e\u015fitleri Nelerdir?<br \/><\/strong>A\u00e7\u0131k ve kapal\u0131 ameliyat \u00e7e\u015fitleri vard\u0131r. Burun ucu esteti\u011fi ameliyat\u0131, burun k\u00f6pr\u00fcs\u00fcn\u00fcn ba\u015flang\u0131\u00e7 noktas\u0131 da d\u00e2hil olmak \u00fczere burun \u00fczerindeki bir\u00e7ok noktay\u0131 kapsayabilir. Bu m\u00fcdahale, burun ucunun de\u011fi\u015ftirilmesine odaklanan ve burun ucu ile burun aras\u0131ndaki a\u00e7\u0131y\u0131 art\u0131rman\u0131za veya azaltman\u0131za olanak sa\u011flayan kozmetik bir operasyondur.<\/p><p><strong>Burun Esteti\u011fi Kimlere Yap\u0131labilir?<br \/><\/strong>Burnu ile sorun ya\u015fayan ki\u015filer yapt\u0131rabilir. Burnu ameliyat etmeden \u00f6nce t\u00fcm y\u00fcz\u00fc de\u011ferlendirmek gerekir. Cerrahlar taraf\u0131ndan hastan\u0131n y\u00fcz\u00fc ile orant\u0131l\u0131 ve uyumlu bir burun her zaman m\u00fcmk\u00fcn olan en y\u00fcksek do\u011fall\u0131\u011fa ula\u015fmak i\u00e7in aran\u0131r. Bunun i\u00e7in uzmanlar, burun operasyonunu optimal sonu\u00e7larla ger\u00e7ekle\u015ftirmek i\u00e7in temel bir rehber olduklar\u0131ndan \u00f6zellikleri inceler. Doktorlar, ki\u015finin g\u00f6r\u00fc\u015f ve isteklerini dikkate alarak, kendi durumuna en uygun \u00e7\u00f6z\u00fcm\u00fc belirlemede hastaya her zaman yard\u0131mc\u0131 olur.<\/p><p><strong>Burun Ameliyat\u0131 Sonras\u0131 \u0130yile\u015fme S\u00fcreci Nedir?<\/strong><br \/>3-4 hafta i\u00e7inde iyile\u015fmeler g\u00f6zlenir. Burnunuzda yapaca\u011f\u0131n\u0131z ufak bir de\u011fi\u015fiklik, hayal etti\u011finiz buruna kavu\u015fman\u0131za yard\u0131mc\u0131 olabilir. Ancak operasyon \u00f6ncesi bu t\u00fcr bir m\u00fcdahale i\u00e7in uygun aday oldu\u011funuzdan emin olman\u0131z \u00f6nemlidir. Son karar\u0131n\u0131z\u0131 vermeden \u00f6nce daima deneyimli bir plastik cerraha dan\u0131\u015f\u0131n.<\/p><\/div><\/figure>\t\t\t\t\t\t\t\t<\/div>\n\t\t\t\t<\/div>\n\t\t\t\t\t<\/div>\n\t\t<\/div>\n\t\t\t\t\t<\/div>\n\t\t<\/section>\n\t\t\t\t<\/div>","protected":false},"excerpt":{"rendered":"<p>RO CLINIC BURUN ESTET\u0130\u011e\u0130 &#8211; R\u0130NOPLAST\u0130 ESTET\u0130K OPERASYONLAR Burun esteti\u011fi ameliyat\u0131, istedi\u011fimiz burun g\u00f6r\u00fcn\u00fcm\u00fcne ula\u015fmam\u0131za yard\u0131mc\u0131 olarak burnu y\u00fcz\u00fcn geri kalan\u0131yla uyumlu ve do\u011fal hale getirir. Ayr\u0131ca bazen nefes almay\u0131 ve hatta dinlenmeyi zorla\u015ft\u0131ran e\u011friliklerin ve travmalar\u0131n tedavisine de olanak tan\u0131r. Rinoseptoplasti septum deviasyonu gibi sa\u011fl\u0131\u011f\u0131 etkileyen ve nazal ventilasyonu etkileyebilecek burun anomalilerinin d\u00fczeltilmesine olanak &hellip;<\/p>\n<p class=\"read-more\"> <a class=\"\" href=\"https:\/\/roclinics.com\/en\/burun-estetigi-rinoplasti\/\"> <span class=\"screen-reader-text\">Burun Esteti\u011fi &#8211; Rinoplasti<\/span> Read More &raquo;<\/a><\/p>","protected":false},"author":1,"featured_media":0,"parent":0,"menu_order":0,"comment_status":"closed","ping_status":"closed","template":"","meta":{"site-sidebar-layout":"no-sidebar","site-content-layout":"page-builder","ast-main-header-display":"","ast-hfb-above-header-display":"","ast-hfb-below-header-display":"","ast-hfb-mobile-header-display":"","site-post-title":"disabled","ast-breadcrumbs-content":"","ast-featured-img":"disabled","footer-sml-layout":"","theme-transparent-header-meta":"","adv-header-id-meta":"","stick-header-meta":"","header-above-stick-meta":"","header-main-stick-meta":"","header-below-stick-meta":"","footnotes":""},"class_list":["post-1034","page","type-page","status-publish","hentry"],"_links":{"self":[{"href":"https:\/\/roclinics.com\/en\/wp-json\/wp\/v2\/pages\/1034","targetHints":{"allow":["GET"]}}],"collection":[{"href":"https:\/\/roclinics.com\/en\/wp-json\/wp\/v2\/pages"}],"about":[{"href":"https:\/\/roclinics.com\/en\/wp-json\/wp\/v2\/types\/page"}],"author":[{"embeddable":true,"href":"https:\/\/roclinics.com\/en\/wp-json\/wp\/v2\/users\/1"}],"replies":[{"embeddable":true,"href":"https:\/\/roclinics.com\/en\/wp-json\/wp\/v2\/comments?post=1034"}],"version-history":[{"count":0,"href":"https:\/\/roclinics.com\/en\/wp-json\/wp\/v2\/pages\/1034\/revisions"}],"wp:attachment":[{"href":"https:\/\/roclinics.com\/en\/wp-json\/wp\/v2\/media?parent=1034"}],"curies":[{"name":"wp","href":"https:\/\/api.w.org\/{rel}","templated":true}]}}