{"id":1023,"date":"2022-05-09T16:18:34","date_gmt":"2022-05-09T16:18:34","guid":{"rendered":"http:\/\/genel-1.com:8888\/?page_id=1023"},"modified":"2022-05-09T16:19:45","modified_gmt":"2022-05-09T16:19:45","slug":"erkeklerde-sac-dokulmesi","status":"publish","type":"page","link":"https:\/\/roclinics.com\/en\/erkeklerde-sac-dokulmesi\/","title":{"rendered":"Erkeklerde Sa\u00e7 D\u00f6k\u00fclmesi"},"content":{"rendered":"<div data-elementor-type=\"wp-page\" data-elementor-id=\"1023\" class=\"elementor elementor-1023\">\n\t\t\t\t\t\t<section class=\"elementor-section elementor-top-section elementor-element elementor-element-91c3e03 elementor-section-full_width elementor-section-height-default elementor-section-height-default\" data-id=\"91c3e03\" data-element_type=\"section\">\n\t\t\t\t\t\t<div class=\"elementor-container elementor-column-gap-default\">\n\t\t\t\t\t<div class=\"elementor-column elementor-col-100 elementor-top-column elementor-element elementor-element-99cc81c\" data-id=\"99cc81c\" data-element_type=\"column\">\n\t\t\t<div class=\"elementor-widget-wrap elementor-element-populated\">\n\t\t\t\t\t\t<div class=\"elementor-element elementor-element-b6b08d1 elementor-widget elementor-widget-image\" data-id=\"b6b08d1\" data-element_type=\"widget\" data-widget_type=\"image.default\">\n\t\t\t\t<div class=\"elementor-widget-container\">\n\t\t\t\t\t\t\t\t\t\t\t\t\t\t\t<img fetchpriority=\"high\" decoding=\"async\" width=\"1920\" height=\"400\" src=\"https:\/\/roclinics.com\/wp-content\/uploads\/2022\/05\/sac-ekimi-banner.jpg\" class=\"attachment-full size-full wp-image-951\" alt=\"\" srcset=\"https:\/\/roclinics.com\/wp-content\/uploads\/2022\/05\/sac-ekimi-banner.jpg 1920w, https:\/\/roclinics.com\/wp-content\/uploads\/2022\/05\/sac-ekimi-banner-300x63.jpg 300w, https:\/\/roclinics.com\/wp-content\/uploads\/2022\/05\/sac-ekimi-banner-1024x213.jpg 1024w, https:\/\/roclinics.com\/wp-content\/uploads\/2022\/05\/sac-ekimi-banner-768x160.jpg 768w, https:\/\/roclinics.com\/wp-content\/uploads\/2022\/05\/sac-ekimi-banner-1536x320.jpg 1536w, https:\/\/roclinics.com\/wp-content\/uploads\/2022\/05\/sac-ekimi-banner-600x125.jpg 600w\" sizes=\"(max-width: 1920px) 100vw, 1920px\" \/>\t\t\t\t\t\t\t\t\t\t\t\t\t\t\t<\/div>\n\t\t\t\t<\/div>\n\t\t\t\t\t<\/div>\n\t\t<\/div>\n\t\t\t\t\t<\/div>\n\t\t<\/section>\n\t\t\t\t<section class=\"elementor-section elementor-top-section elementor-element elementor-element-136d354 elementor-section-boxed elementor-section-height-default elementor-section-height-default\" data-id=\"136d354\" data-element_type=\"section\">\n\t\t\t\t\t\t<div class=\"elementor-container elementor-column-gap-default\">\n\t\t\t\t\t<div class=\"elementor-column elementor-col-100 elementor-top-column elementor-element elementor-element-1f7fc27\" data-id=\"1f7fc27\" data-element_type=\"column\">\n\t\t\t<div class=\"elementor-widget-wrap elementor-element-populated\">\n\t\t\t\t\t\t<div class=\"elementor-element elementor-element-547671b uael-heading-align-center elementor-widget elementor-widget-uael-advanced-heading\" data-id=\"547671b\" data-element_type=\"widget\" data-widget_type=\"uael-advanced-heading.default\">\n\t\t\t\t<div class=\"elementor-widget-container\">\n\t\t\t\t\t\r\n\t\t<div class=\"uael-module-content uael-heading-wrapper\">\r\n\t\t\t\t\t\t<div class=\"uael-module-content uael-separator-parent\">\r\n\t\t\t\t\t\t\t\t<div class=\"uael-separator-wrap\">\r\n\t\t\t\t\t<div class=\"uael-separator-line uael-side-left\">\r\n\t\t\t\t\t\t<span><\/span>\r\n\t\t\t\t\t<\/div>\r\n\t\t\t\t\t<div class=\"uael-divider-content\">\r\n\t\t\t\t\t\t\t\t\t\t\t\t<h3 class=\"uael-divider-text elementor-inline-editing\" data-elementor-setting-key=\"heading_line_text\" data-elementor-inline-editing-toolbar=\"basic\">RO CLINIC<\/h3>\r\n\t\t\t\t\t<\/div>\r\n\t\t\t\t\t<div class=\"uael-separator-line uael-side-right\">\r\n\t\t\t\t\t\t<span><\/span>\r\n\t\t\t\t\t<\/div>\r\n\t\t\t\t<\/div>\r\n\t\t\t\t\t\t\t\t\t\t<\/div>\r\n\t\t\t\t\r\n\t\t\t\r\n\t\t\t<h1 class=\"uael-heading\">\r\n\t\t\t\t\t\t\t\t\t\t<span class=\"uael-heading-text elementor-inline-editing uael-size--default\" data-elementor-setting-key=\"heading_title\" data-elementor-inline-editing-toolbar=\"basic\">ERKEKLERDE SA\u00c7 D\u00d6K\u00dcLMES\u0130<\/span>\r\n\t\t\t\t\t\t\t<\/h1>\r\n\r\n\t\t\t\r\n\t\t\t\r\n\t\t\t\t\t\t\t<div class=\"uael-subheading elementor-inline-editing\" data-elementor-setting-key=\"heading_description\" data-elementor-inline-editing-toolbar=\"advanced\" >\r\n\t\t\t\t\tSa\u00e7 Ekimi\t\t\t\t<\/div>\r\n\t\t\t\t\r\n\t\t\t\t\t\t<\/div>\r\n\t\t\t\t\t\t<\/div>\n\t\t\t\t<\/div>\n\t\t\t\t<div class=\"elementor-element elementor-element-da4677b elementor-widget elementor-widget-text-editor\" data-id=\"da4677b\" data-element_type=\"widget\" data-widget_type=\"text-editor.default\">\n\t\t\t\t<div class=\"elementor-widget-container\">\n\t\t\t\t\t\t\t\t\t<figure class=\"careplus-department-thumb\">\n<p>T\u00fcm kafa sa\u00e7l\u0131 derisinde, ki\u015fiden ki\u015fiye farkl\u0131l\u0131k g\u00f6sterse de, ortalama 100.000 sa\u00e7 teli bulunur. G\u00fcnde 50-100 sa\u00e7 telinin \u00fczerindeki\u00a0<b>sa\u00e7 d\u00f6k\u00fclmesi<\/b>\u00a0normalin \u00fczerindedir ve zamanla toplam sa\u00e7 say\u0131s\u0131nda eksiklik olu\u015fturarak g\u00f6zle g\u00f6r\u00fcl\u00fcr \u015fekilde a\u00e7\u0131k alanlar olu\u015fturur.\u00a0<em>50 ya\u015f\u0131ndaki erkeklerin % 50\u2019si, kad\u0131nlar\u0131n %35\u2019inde<\/em>\u00a0<b>sa\u00e7 d\u00f6k\u00fclmesi<\/b>\u00a0tedavi edilmesi gereken seviyededir.<\/p>\n<p><b>Herhangi bir hastal\u0131\u011f\u0131na ba\u011fl\u0131 olmayan sa\u00e7 d\u00f6k\u00fclmeleri;<\/b><\/p>\n<p>Dihidrotestotsteron seviyelesinin y\u00fcksek olmas\u0131. Testosteronun y\u0131k\u0131l\u0131ma \u00fcr\u00fcn\u00fc dihidrotetosteron teminal k\u0131llar\u0131 etkiyerek k\u0131l follik\u00fcl boyunun k\u00fc\u00e7\u00fclmesi ve k\u0131llar\u0131n vellus halini almas\u0131na neden olur.<\/p>\n<\/figure>\t\t\t\t\t\t\t\t<\/div>\n\t\t\t\t<\/div>\n\t\t\t\t<div class=\"elementor-element elementor-element-ecb48b8 elementor-blockquote--skin-boxed elementor-blockquote--align-center elementor-blockquote--button-color-official elementor-widget elementor-widget-blockquote\" data-id=\"ecb48b8\" data-element_type=\"widget\" data-widget_type=\"blockquote.default\">\n\t\t\t\t<div class=\"elementor-widget-container\">\n\t\t\t\t\t\t\t<blockquote class=\"elementor-blockquote\">\n\t\t\t<p class=\"elementor-blockquote__content\">\n\t\t\t\t<br>\nKimyasal maddeler k\u0131l follik\u00fcl\u00fcn\u00fcn resept\u00f6rlerini etkiler k\u0131l geli\u015fimini bozar. G\u00fc\u00e7l\u00fc temizleyici olan \u015fampuanlar sa\u00e7 d\u00f6k\u00fclmesinde \u00e7ok etkilidir.\nD\u00fczensiz beslenme, beslenme bozukluklar\u0131; sa\u00e7\u0131n ya\u015fayabilmesi i\u00e7in beslenme \u015feklinizin \u00f6nemli yeri vard\u0131r. \u00c7inko, bak\u0131r gibi sa\u00e7 i\u00e7in gerekli vitamin ve mineraller yeterince al\u0131nmamas\u0131 sa\u00e7 d\u00f6k\u00fclmesinin artmas\u0131na sebep olur.\t\t\t<\/p>\n\t\t\t\t\t<\/blockquote>\n\t\t\t\t\t\t<\/div>\n\t\t\t\t<\/div>\n\t\t\t\t<div class=\"elementor-element elementor-element-4531f05 elementor-widget elementor-widget-text-editor\" data-id=\"4531f05\" data-element_type=\"widget\" data-widget_type=\"text-editor.default\">\n\t\t\t\t<div class=\"elementor-widget-container\">\n\t\t\t\t\t\t\t\t\t<figure class=\"careplus-department-thumb\">\n<p><b>Norwood S\u0131nfland\u0131rmas\u0131:<\/b><\/p>\n<p><b>Erkek sa\u00e7 d\u00f6k\u00fclmesinin<\/b>\u00a0\u015fekli ve tolere edilme durumunu belirlemek i\u00e7in yayg\u0131n olarak kullan\u0131lan s\u0131n\u0131fland\u0131rmad\u0131r. Her iki yanlardan olan a\u00e7\u0131lman\u0131n derinle\u015fme boyutu ve buna tepe arka b\u00f6lgenin de dahil olmas\u0131 ile ortaya \u00e7\u0131kan farkl\u0131 derecelerdeki\u00a0<b>sa\u00e7 d\u00f6k\u00fclme<\/b>\u00a0kal\u0131plar\u0131n\u0131 i\u00e7eren s\u0131n\u0131fland\u0131rmad\u0131r.<\/p>\n<p>1. A\u015fama:Gen\u00e7 erkek sa\u00e7 tipidir. Sa\u00e7 s\u0131n\u0131r\u0131 ka\u015f a\u00e7\u0131 yapt\u0131\u011f\u0131 seviyede geriye do\u011fru ilerlemi\u015ftir. Ger\u00e7ek anlamda sa\u00e7 yetersizli\u011fi de\u011fildir.<\/p>\n<p>2. A\u015fama: Yeti\u015fkin sa\u00e7 tipidir ve ka\u015f kriz seviyesinde sa\u00e7 s\u0131nr\u0131 normal s\u0131nr\u0131n 1.5 cm. yukar\u0131s\u0131na \u00e7\u0131km\u0131\u015ft\u0131r. Sa\u00e7 yetersizli\u011fi olarak de\u011ferlendirilmez.<\/p>\n<p>3. A\u015fama: Erken d\u00f6nem\u00a0<b>erkek tipi sa\u00e7 d\u00f6k\u00fclmesidir.<\/b>\u00a0\u015eakak b\u00f6lgesinde a\u00e7\u0131lma g\u00f6r\u00fcl\u00fcr.<\/p>\n<p>3. A\u015fama Tepe: Tepe b\u00f6lgesindeki sa\u00e7s\u0131kl\u0131\u011f\u0131nda azalmay\u0131 tan\u0131mlar.<\/p>\n<p>4. A\u015fama: Sa\u00e7l\u0131 derinin \u00f6n b\u00f6l\u00fcm\u00fc ve tepe b\u00f6lgesinde belirgin\u00a0<b>sa\u00e7 kayb\u0131<\/b>\u00a0vard\u0131r ancak tepe ile \u00f6n b\u00f6l\u00fcm aras\u0131n\u0131 ay\u0131ran sa\u00e7l\u0131 b\u00f6l\u00fcm g\u00f6r\u00fcl\u00fcr.<\/p>\n<p>5. A\u015fama: \u00d6n ve arka b\u00f6l\u00fcmdeki\u00a0<b>sa\u00e7 d\u00f6k\u00fclmeleri<\/b>\u00a0artm\u0131\u015f ve iki b\u00f6lgeye ay\u0131ran orta ks\u0131mdaki sa\u00e7l\u0131 k\u00f6pr\u00fc zay\u0131flamaya ba\u015flam\u0131\u015ft\u0131r.<\/p>\n<p>6. A\u015fama: \u00d6n ve arka sa\u00e7s\u0131z alan birle\u015fmi\u015ftir.<\/p>\n<p>7. A\u015fama: \u00d6n ve arka b\u00f6l\u00fcm\u00fc kaplayan geni\u015f kel alan olu\u015fmu\u015ftur. Sa\u00e7l\u0131 b\u00f6lge yanlara ve enseye \u00e7ekilmi\u015ftir.<\/p>\n<p>Norwood s\u0131n\u0131fland\u0131rmas\u0131na g\u00f6re A tipi\u00a0<b>sa\u00e7 d\u00f6k\u00fclmesi<\/b>\u00a0a\u015famalar\u0131n\u0131 \u00f6nden arkaya do\u011fru d\u00fczenli devam eden d\u00f6k\u00fclmeler \u015feklinde tan\u0131mlanm\u0131\u015ft\u0131r.<\/p>\n<p>Norwood A Tipi d\u00f6k\u00fclme \u015fekli normal d\u00f6k\u00fclme \u015fekline gore \u00e7ok daha az g\u00f6r\u00fcl\u00fcr. ( % 10\u2019dan daha az ). D\u00f6k\u00fclme \u00f6nden arkaya do\u011fru gitti\u011finden dolay\u0131 ki\u015finin dikkatini daha \u00e7ok \u00e7eker. Bu nedenle de operasyon ihtiyac\u0131 daha erken kendini g\u00f6sterir. Bu tip d\u00f6k\u00fclme \u015fekli ila\u00e7 tedavilerine de daha diren\u00e7lidir fakat\u00a0<b>sa\u00e7 ekiminden<\/b>\u00a0m\u00fckemmel sonu\u00e7 al\u0131n\u0131r.<\/p>\n<p><b>Norwood s\u0131n\u0131fland\u0131rmas\u0131n\u0131n d\u0131\u015f\u0131nda kalan<\/b><em>\u00a0sa\u00e7 d\u00f6k\u00fclmesi \u015fekilleri<\/em><\/p>\n<p>Yayg\u0131n kal\u0131pl\u0131\u00a0<b>sa\u00e7 d\u00f6k\u00fclmesi<\/b><\/p>\n<p>D\u00f6k\u00fclme s\u0131n\u0131rlar\u0131 belirlidir ve s\u0131n\u0131r i\u00e7indeki t\u00fcm alan\u0131n seyrekle\u015fmesi \u015feklinde ba\u015flar. Ki\u015fi taraf\u0131ndan ge\u00e7 farkedilir ve\u00a0<b>sa\u00e7 ekimi<\/b>\u00a0i\u00e7in iyi adayd\u0131rlar.<\/p>\n<p>Yayg\u0131n kal\u0131ps\u0131z d\u00f6k\u00fclmesi<\/p>\n<p>D\u00f6k\u00fclme s\u0131n\u0131rlar\u0131 belirli de\u011fildir ve t\u00fcm sa\u00e7l\u0131 deride seyrekle\u015fme g\u00f6r\u00fcl\u00fcr.\u00a0<b>Sa\u00e7 ekimi<\/b>\u00a0i\u00e7in uygun aday de\u011fildirler.<\/p>\n<\/figure>\t\t\t\t\t\t\t\t<\/div>\n\t\t\t\t<\/div>\n\t\t\t\t\t<\/div>\n\t\t<\/div>\n\t\t\t\t\t<\/div>\n\t\t<\/section>\n\t\t\t\t<\/div>","protected":false},"excerpt":{"rendered":"<p>RO CLINIC ERKEKLERDE SA\u00c7 D\u00d6K\u00dcLMES\u0130 Sa\u00e7 Ekimi T\u00fcm kafa sa\u00e7l\u0131 derisinde, ki\u015fiden ki\u015fiye farkl\u0131l\u0131k g\u00f6sterse de, ortalama 100.000 sa\u00e7 teli bulunur. G\u00fcnde 50-100 sa\u00e7 telinin \u00fczerindeki\u00a0sa\u00e7 d\u00f6k\u00fclmesi\u00a0normalin \u00fczerindedir ve zamanla toplam sa\u00e7 say\u0131s\u0131nda eksiklik olu\u015fturarak g\u00f6zle g\u00f6r\u00fcl\u00fcr \u015fekilde a\u00e7\u0131k alanlar olu\u015fturur.\u00a050 ya\u015f\u0131ndaki erkeklerin % 50\u2019si, kad\u0131nlar\u0131n %35\u2019inde\u00a0sa\u00e7 d\u00f6k\u00fclmesi\u00a0tedavi edilmesi gereken seviyededir. Herhangi bir hastal\u0131\u011f\u0131na ba\u011fl\u0131 &hellip;<\/p>\n<p class=\"read-more\"> <a class=\"\" href=\"https:\/\/roclinics.com\/en\/erkeklerde-sac-dokulmesi\/\"> <span class=\"screen-reader-text\">Erkeklerde Sa\u00e7 D\u00f6k\u00fclmesi<\/span> Read More &raquo;<\/a><\/p>","protected":false},"author":1,"featured_media":0,"parent":0,"menu_order":0,"comment_status":"closed","ping_status":"closed","template":"","meta":{"site-sidebar-layout":"no-sidebar","site-content-layout":"page-builder","ast-main-header-display":"","ast-hfb-above-header-display":"","ast-hfb-below-header-display":"","ast-hfb-mobile-header-display":"","site-post-title":"disabled","ast-breadcrumbs-content":"","ast-featured-img":"disabled","footer-sml-layout":"","theme-transparent-header-meta":"","adv-header-id-meta":"","stick-header-meta":"","header-above-stick-meta":"","header-main-stick-meta":"","header-below-stick-meta":"","footnotes":""},"class_list":["post-1023","page","type-page","status-publish","hentry"],"_links":{"self":[{"href":"https:\/\/roclinics.com\/en\/wp-json\/wp\/v2\/pages\/1023","targetHints":{"allow":["GET"]}}],"collection":[{"href":"https:\/\/roclinics.com\/en\/wp-json\/wp\/v2\/pages"}],"about":[{"href":"https:\/\/roclinics.com\/en\/wp-json\/wp\/v2\/types\/page"}],"author":[{"embeddable":true,"href":"https:\/\/roclinics.com\/en\/wp-json\/wp\/v2\/users\/1"}],"replies":[{"embeddable":true,"href":"https:\/\/roclinics.com\/en\/wp-json\/wp\/v2\/comments?post=1023"}],"version-history":[{"count":0,"href":"https:\/\/roclinics.com\/en\/wp-json\/wp\/v2\/pages\/1023\/revisions"}],"wp:attachment":[{"href":"https:\/\/roclinics.com\/en\/wp-json\/wp\/v2\/media?parent=1023"}],"curies":[{"name":"wp","href":"https:\/\/api.w.org\/{rel}","templated":true}]}}