{"id":989,"date":"2022-05-09T15:42:51","date_gmt":"2022-05-09T15:42:51","guid":{"rendered":"http:\/\/genel-1.com:8888\/?page_id=989"},"modified":"2022-05-09T15:45:36","modified_gmt":"2022-05-09T15:45:36","slug":"sac-ekimi-oncesi","status":"publish","type":"page","link":"https:\/\/roclinics.com\/de\/sac-ekimi-oncesi\/","title":{"rendered":"Sa\u00e7 Ekimi \u00d6ncesi"},"content":{"rendered":"<div data-elementor-type=\"wp-page\" data-elementor-id=\"989\" class=\"elementor elementor-989\">\n\t\t\t\t\t\t<section class=\"elementor-section elementor-top-section elementor-element elementor-element-91c3e03 elementor-section-full_width elementor-section-height-default elementor-section-height-default\" data-id=\"91c3e03\" data-element_type=\"section\">\n\t\t\t\t\t\t<div class=\"elementor-container elementor-column-gap-default\">\n\t\t\t\t\t<div class=\"elementor-column elementor-col-100 elementor-top-column elementor-element elementor-element-99cc81c\" data-id=\"99cc81c\" data-element_type=\"column\">\n\t\t\t<div class=\"elementor-widget-wrap elementor-element-populated\">\n\t\t\t\t\t\t<div class=\"elementor-element elementor-element-b6b08d1 elementor-widget elementor-widget-image\" data-id=\"b6b08d1\" data-element_type=\"widget\" data-widget_type=\"image.default\">\n\t\t\t\t<div class=\"elementor-widget-container\">\n\t\t\t\t\t\t\t\t\t\t\t\t\t\t\t<img fetchpriority=\"high\" decoding=\"async\" width=\"1920\" height=\"400\" src=\"https:\/\/roclinics.com\/wp-content\/uploads\/2022\/05\/sac-ekimi-banner.jpg\" class=\"attachment-full size-full wp-image-951\" alt=\"\" srcset=\"https:\/\/roclinics.com\/wp-content\/uploads\/2022\/05\/sac-ekimi-banner.jpg 1920w, https:\/\/roclinics.com\/wp-content\/uploads\/2022\/05\/sac-ekimi-banner-300x63.jpg 300w, https:\/\/roclinics.com\/wp-content\/uploads\/2022\/05\/sac-ekimi-banner-1024x213.jpg 1024w, https:\/\/roclinics.com\/wp-content\/uploads\/2022\/05\/sac-ekimi-banner-768x160.jpg 768w, https:\/\/roclinics.com\/wp-content\/uploads\/2022\/05\/sac-ekimi-banner-1536x320.jpg 1536w, https:\/\/roclinics.com\/wp-content\/uploads\/2022\/05\/sac-ekimi-banner-600x125.jpg 600w\" sizes=\"(max-width: 1920px) 100vw, 1920px\" \/>\t\t\t\t\t\t\t\t\t\t\t\t\t\t\t<\/div>\n\t\t\t\t<\/div>\n\t\t\t\t\t<\/div>\n\t\t<\/div>\n\t\t\t\t\t<\/div>\n\t\t<\/section>\n\t\t\t\t<section class=\"elementor-section elementor-top-section elementor-element elementor-element-136d354 elementor-section-boxed elementor-section-height-default elementor-section-height-default\" data-id=\"136d354\" data-element_type=\"section\">\n\t\t\t\t\t\t<div class=\"elementor-container elementor-column-gap-default\">\n\t\t\t\t\t<div class=\"elementor-column elementor-col-100 elementor-top-column elementor-element elementor-element-1f7fc27\" data-id=\"1f7fc27\" data-element_type=\"column\">\n\t\t\t<div class=\"elementor-widget-wrap elementor-element-populated\">\n\t\t\t\t\t\t<div class=\"elementor-element elementor-element-547671b uael-heading-align-center elementor-widget elementor-widget-uael-advanced-heading\" data-id=\"547671b\" data-element_type=\"widget\" data-widget_type=\"uael-advanced-heading.default\">\n\t\t\t\t<div class=\"elementor-widget-container\">\n\t\t\t\t\t\r\n\t\t<div class=\"uael-module-content uael-heading-wrapper\">\r\n\t\t\t\t\t\t<div class=\"uael-module-content uael-separator-parent\">\r\n\t\t\t\t\t\t\t\t<div class=\"uael-separator-wrap\">\r\n\t\t\t\t\t<div class=\"uael-separator-line uael-side-left\">\r\n\t\t\t\t\t\t<span><\/span>\r\n\t\t\t\t\t<\/div>\r\n\t\t\t\t\t<div class=\"uael-divider-content\">\r\n\t\t\t\t\t\t\t\t\t\t\t\t<h3 class=\"uael-divider-text elementor-inline-editing\" data-elementor-setting-key=\"heading_line_text\" data-elementor-inline-editing-toolbar=\"basic\">RO CLINIC<\/h3>\r\n\t\t\t\t\t<\/div>\r\n\t\t\t\t\t<div class=\"uael-separator-line uael-side-right\">\r\n\t\t\t\t\t\t<span><\/span>\r\n\t\t\t\t\t<\/div>\r\n\t\t\t\t<\/div>\r\n\t\t\t\t\t\t\t\t\t\t<\/div>\r\n\t\t\t\t\r\n\t\t\t\r\n\t\t\t<h1 class=\"uael-heading\">\r\n\t\t\t\t\t\t\t\t\t\t<span class=\"uael-heading-text elementor-inline-editing uael-size--default\" data-elementor-setting-key=\"heading_title\" data-elementor-inline-editing-toolbar=\"basic\">SA\u00c7 EK\u0130M\u0130 \u00d6NCES\u0130<\/span>\r\n\t\t\t\t\t\t\t<\/h1>\r\n\r\n\t\t\t\r\n\t\t\t\r\n\t\t\t\t\t\t\t<div class=\"uael-subheading elementor-inline-editing\" data-elementor-setting-key=\"heading_description\" data-elementor-inline-editing-toolbar=\"advanced\" >\r\n\t\t\t\t\tSa\u00e7 Ekimi\t\t\t\t<\/div>\r\n\t\t\t\t\r\n\t\t\t\t\t\t<\/div>\r\n\t\t\t\t\t\t<\/div>\n\t\t\t\t<\/div>\n\t\t\t\t<div class=\"elementor-element elementor-element-da4677b elementor-widget elementor-widget-text-editor\" data-id=\"da4677b\" data-element_type=\"widget\" data-widget_type=\"text-editor.default\">\n\t\t\t\t<div class=\"elementor-widget-container\">\n\t\t\t\t\t\t\t\t\t<p><b>Sa\u00e7 ekiminden<\/b>\u00a0\u00f6nce uzmanlar\u0131m\u0131z sizi bilgilendirecektir. D\u00f6k\u00fclmenin ne kadar zamand\u0131r devam etti\u011fi, daha \u00f6nce denenen tedaviler olup olmad\u0131\u011f\u0131 (ila\u00e7,spray vs), sa\u011fl\u0131k ge\u00e7mi\u015finiz, sa\u00e7 ekimi ile ilgili talep ve beklentileriniz, doktorunuzun yapaca\u011f\u0131 sa\u00e7 analizinde, sa\u00e7 d\u00f6k\u00fclmesinin derecesi, sa\u00e7lar\u0131n yap\u0131s\u0131 ve kal\u0131nl\u0131\u011f\u0131, ba\u015f\u0131n\u0131z\u0131n yan ve arka taraf\u0131ndaki don\u00f6r b\u00f6lgelerdeki sa\u00e7lar\u0131n yo\u011funlu\u011fu.<\/p><p><b>FUE tekni\u011fiyle sa\u00e7 ekiminden \u00f6nce yap\u0131lmas\u0131 gerekenler;<\/b><br \/>1\u2013 \u0130\u015flemden 1 hafta \u00f6ncesine kadar kan suland\u0131r\u0131c\u0131 ila\u00e7lar almay\u0131n\u0131z (aspirin, bitkisel \u00e7aylar, nsaii a\u011fr\u0131 kesiciler gibi)<br \/>2\u2013 \u0130\u015flemden 1 g\u00fcn \u00f6nce sigara i\u00e7ilmemeli, 3 g\u00fcn \u00f6nceden alkol al\u0131nmamal\u0131d\u0131r.<br \/>3\u2013 \u0130\u015flemden \u00f6nceki gece, sa\u00e7\u0131n\u0131z\u0131 \u015fampuan\u0131n\u0131zla ve masaj yaparak y\u0131kayabilirsiniz.<br \/>4\u2013 \u0130\u015fleme tok gelmeniz uygundur.<br \/>5\u2013 Sa\u00e7 t\u0131ra\u015f\u0131n\u0131z hastanede yap\u0131laca\u011f\u0131 i\u00e7in i\u015fleme sa\u00e7lar\u0131n\u0131z uzun gelebilirsiniz.<br \/>6- G\u00f6mlek gibi iliklenebilen \u00f6n\u00fc a\u00e7\u0131k giyecekler giyerek gelinmelidir.<br \/>Sa\u00e7 ekimi i\u015flemi 1 g\u00fcn i\u00e7inde ortalama 6-8 saatten ibarettir<\/p>\t\t\t\t\t\t\t\t<\/div>\n\t\t\t\t<\/div>\n\t\t\t\t<div class=\"elementor-element elementor-element-ecb48b8 elementor-blockquote--skin-boxed elementor-blockquote--align-center elementor-blockquote--button-color-official elementor-widget elementor-widget-blockquote\" data-id=\"ecb48b8\" data-element_type=\"widget\" data-widget_type=\"blockquote.default\">\n\t\t\t\t<div class=\"elementor-widget-container\">\n\t\t\t\t\t\t\t<blockquote class=\"elementor-blockquote\">\n\t\t\t<p class=\"elementor-blockquote__content\">\n\t\t\t\t<br>\nSa\u00e7 Ekimi \u00f6ncesinde Dermatolog muayenesi sonucunuzda \u00f6nemli bir etkendir. Klini\u011fimizde i\u015flem \u00f6ncesi Dermatolog muayenesi yap\u0131lmaktad\u0131r\t\t\t<\/p>\n\t\t\t\t\t<\/blockquote>\n\t\t\t\t\t\t<\/div>\n\t\t\t\t<\/div>\n\t\t\t\t<div class=\"elementor-element elementor-element-2ef4f50 elementor-hidden-desktop elementor-hidden-tablet elementor-hidden-mobile elementor-widget elementor-widget-text-editor\" data-id=\"2ef4f50\" data-element_type=\"widget\" data-widget_type=\"text-editor.default\">\n\t\t\t\t<div class=\"elementor-widget-container\">\n\t\t\t\t\t\t\t\t\t<p>T\u0131ra\u015fs\u0131z FUE sa\u00e7 ekimi sonras\u0131 s\u00fcre\u00e7 di\u011fer sa\u00e7 ekimi y\u00f6ntemleri ile ayn\u0131d\u0131r. Sa\u00e7 ekimi doktorlar\u0131 sa\u00e7lar\u0131n nas\u0131l korunmas\u0131 ve y\u0131kanmas\u0131 gerekti\u011fi konusunda detayl\u0131 bilgi payla\u015f\u0131r. Bu a\u015famada doktorun tavsiyelerine uyulmas\u0131 yeterlidir. Ekilen sa\u00e7lar\u0131n b\u00fcy\u00fcmesi do\u011fal s\u00fcre\u00e7te ger\u00e7ekle\u015fir. 3 ayl\u0131k s\u00fcre\u00e7te yeni sa\u00e7lar uzamaya ba\u015flar, 6. ayda art\u0131\u015f g\u00f6sterir. 1 y\u0131l sonunda as\u0131l sonu\u00e7lar ortaya \u00e7\u0131kar. Prosed\u00fcr sonras\u0131nda sa\u00e7lar istenildi\u011fi \u015fekilde uzat\u0131labilir ve \u015fekil verilebilir.<\/p>\t\t\t\t\t\t\t\t<\/div>\n\t\t\t\t<\/div>\n\t\t\t\t\t<\/div>\n\t\t<\/div>\n\t\t\t\t\t<\/div>\n\t\t<\/section>\n\t\t\t\t<\/div>","protected":false},"excerpt":{"rendered":"<p>RO CLINIC SA\u00c7 EK\u0130M\u0130 \u00d6NCES\u0130 Sa\u00e7 Ekimi Sa\u00e7 ekiminden\u00a0\u00f6nce uzmanlar\u0131m\u0131z sizi bilgilendirecektir. D\u00f6k\u00fclmenin ne kadar zamand\u0131r devam etti\u011fi, daha \u00f6nce denenen tedaviler olup olmad\u0131\u011f\u0131 (ila\u00e7,spray vs), sa\u011fl\u0131k ge\u00e7mi\u015finiz, sa\u00e7 ekimi ile ilgili talep ve beklentileriniz, doktorunuzun yapaca\u011f\u0131 sa\u00e7 analizinde, sa\u00e7 d\u00f6k\u00fclmesinin derecesi, sa\u00e7lar\u0131n yap\u0131s\u0131 ve kal\u0131nl\u0131\u011f\u0131, ba\u015f\u0131n\u0131z\u0131n yan ve arka taraf\u0131ndaki don\u00f6r b\u00f6lgelerdeki sa\u00e7lar\u0131n yo\u011funlu\u011fu. &hellip;<\/p>\n<p class=\"read-more\"> <a class=\"\" href=\"https:\/\/roclinics.com\/de\/sac-ekimi-oncesi\/\"> <span class=\"screen-reader-text\">Sa\u00e7 Ekimi \u00d6ncesi<\/span> Weiterlesen &raquo;<\/a><\/p>","protected":false},"author":1,"featured_media":0,"parent":0,"menu_order":0,"comment_status":"closed","ping_status":"closed","template":"","meta":{"site-sidebar-layout":"no-sidebar","site-content-layout":"page-builder","ast-main-header-display":"","ast-hfb-above-header-display":"","ast-hfb-below-header-display":"","ast-hfb-mobile-header-display":"","site-post-title":"disabled","ast-breadcrumbs-content":"","ast-featured-img":"disabled","footer-sml-layout":"","theme-transparent-header-meta":"","adv-header-id-meta":"","stick-header-meta":"","header-above-stick-meta":"","header-main-stick-meta":"","header-below-stick-meta":"","footnotes":""},"class_list":["post-989","page","type-page","status-publish","hentry"],"_links":{"self":[{"href":"https:\/\/roclinics.com\/de\/wp-json\/wp\/v2\/pages\/989","targetHints":{"allow":["GET"]}}],"collection":[{"href":"https:\/\/roclinics.com\/de\/wp-json\/wp\/v2\/pages"}],"about":[{"href":"https:\/\/roclinics.com\/de\/wp-json\/wp\/v2\/types\/page"}],"author":[{"embeddable":true,"href":"https:\/\/roclinics.com\/de\/wp-json\/wp\/v2\/users\/1"}],"replies":[{"embeddable":true,"href":"https:\/\/roclinics.com\/de\/wp-json\/wp\/v2\/comments?post=989"}],"version-history":[{"count":0,"href":"https:\/\/roclinics.com\/de\/wp-json\/wp\/v2\/pages\/989\/revisions"}],"wp:attachment":[{"href":"https:\/\/roclinics.com\/de\/wp-json\/wp\/v2\/media?parent=989"}],"curies":[{"name":"wp","href":"https:\/\/api.w.org\/{rel}","templated":true}]}}