{"id":973,"date":"2022-05-09T15:31:46","date_gmt":"2022-05-09T15:31:46","guid":{"rendered":"http:\/\/genel-1.com:8888\/?page_id=973"},"modified":"2022-05-09T15:33:28","modified_gmt":"2022-05-09T15:33:28","slug":"sakal-biyik-ekimi","status":"publish","type":"page","link":"https:\/\/roclinics.com\/de\/sakal-biyik-ekimi\/","title":{"rendered":"Sakal-B\u0131y\u0131k Ekimi"},"content":{"rendered":"<div data-elementor-type=\"wp-page\" data-elementor-id=\"973\" class=\"elementor elementor-973\">\n\t\t\t\t\t\t<section class=\"elementor-section elementor-top-section elementor-element elementor-element-91c3e03 elementor-section-full_width elementor-section-height-default elementor-section-height-default\" data-id=\"91c3e03\" data-element_type=\"section\">\n\t\t\t\t\t\t<div class=\"elementor-container elementor-column-gap-default\">\n\t\t\t\t\t<div class=\"elementor-column elementor-col-100 elementor-top-column elementor-element elementor-element-99cc81c\" data-id=\"99cc81c\" data-element_type=\"column\">\n\t\t\t<div class=\"elementor-widget-wrap elementor-element-populated\">\n\t\t\t\t\t\t<div class=\"elementor-element elementor-element-b6b08d1 elementor-widget elementor-widget-image\" data-id=\"b6b08d1\" data-element_type=\"widget\" data-widget_type=\"image.default\">\n\t\t\t\t<div class=\"elementor-widget-container\">\n\t\t\t\t\t\t\t\t\t\t\t\t\t\t\t<img fetchpriority=\"high\" decoding=\"async\" width=\"1920\" height=\"400\" src=\"https:\/\/roclinics.com\/wp-content\/uploads\/2022\/05\/sac-ekimi-banner.jpg\" class=\"attachment-full size-full wp-image-951\" alt=\"\" srcset=\"https:\/\/roclinics.com\/wp-content\/uploads\/2022\/05\/sac-ekimi-banner.jpg 1920w, https:\/\/roclinics.com\/wp-content\/uploads\/2022\/05\/sac-ekimi-banner-300x63.jpg 300w, https:\/\/roclinics.com\/wp-content\/uploads\/2022\/05\/sac-ekimi-banner-1024x213.jpg 1024w, https:\/\/roclinics.com\/wp-content\/uploads\/2022\/05\/sac-ekimi-banner-768x160.jpg 768w, https:\/\/roclinics.com\/wp-content\/uploads\/2022\/05\/sac-ekimi-banner-1536x320.jpg 1536w, https:\/\/roclinics.com\/wp-content\/uploads\/2022\/05\/sac-ekimi-banner-600x125.jpg 600w\" sizes=\"(max-width: 1920px) 100vw, 1920px\" \/>\t\t\t\t\t\t\t\t\t\t\t\t\t\t\t<\/div>\n\t\t\t\t<\/div>\n\t\t\t\t\t<\/div>\n\t\t<\/div>\n\t\t\t\t\t<\/div>\n\t\t<\/section>\n\t\t\t\t<section class=\"elementor-section elementor-top-section elementor-element elementor-element-136d354 elementor-section-boxed elementor-section-height-default elementor-section-height-default\" data-id=\"136d354\" data-element_type=\"section\">\n\t\t\t\t\t\t<div class=\"elementor-container elementor-column-gap-default\">\n\t\t\t\t\t<div class=\"elementor-column elementor-col-100 elementor-top-column elementor-element elementor-element-1f7fc27\" data-id=\"1f7fc27\" data-element_type=\"column\">\n\t\t\t<div class=\"elementor-widget-wrap elementor-element-populated\">\n\t\t\t\t\t\t<div class=\"elementor-element elementor-element-547671b uael-heading-align-center elementor-widget elementor-widget-uael-advanced-heading\" data-id=\"547671b\" data-element_type=\"widget\" data-widget_type=\"uael-advanced-heading.default\">\n\t\t\t\t<div class=\"elementor-widget-container\">\n\t\t\t\t\t\r\n\t\t<div class=\"uael-module-content uael-heading-wrapper\">\r\n\t\t\t\t\t\t<div class=\"uael-module-content uael-separator-parent\">\r\n\t\t\t\t\t\t\t\t<div class=\"uael-separator-wrap\">\r\n\t\t\t\t\t<div class=\"uael-separator-line uael-side-left\">\r\n\t\t\t\t\t\t<span><\/span>\r\n\t\t\t\t\t<\/div>\r\n\t\t\t\t\t<div class=\"uael-divider-content\">\r\n\t\t\t\t\t\t\t\t\t\t\t\t<h3 class=\"uael-divider-text elementor-inline-editing\" data-elementor-setting-key=\"heading_line_text\" data-elementor-inline-editing-toolbar=\"basic\">RO CLINIC<\/h3>\r\n\t\t\t\t\t<\/div>\r\n\t\t\t\t\t<div class=\"uael-separator-line uael-side-right\">\r\n\t\t\t\t\t\t<span><\/span>\r\n\t\t\t\t\t<\/div>\r\n\t\t\t\t<\/div>\r\n\t\t\t\t\t\t\t\t\t\t<\/div>\r\n\t\t\t\t\r\n\t\t\t\r\n\t\t\t<h1 class=\"uael-heading\">\r\n\t\t\t\t\t\t\t\t\t\t<span class=\"uael-heading-text elementor-inline-editing uael-size--default\" data-elementor-setting-key=\"heading_title\" data-elementor-inline-editing-toolbar=\"basic\">SAKAL-BIYIK EK\u0130M\u0130<\/span>\r\n\t\t\t\t\t\t\t<\/h1>\r\n\r\n\t\t\t\r\n\t\t\t\r\n\t\t\t\t\t\t\t<div class=\"uael-subheading elementor-inline-editing\" data-elementor-setting-key=\"heading_description\" data-elementor-inline-editing-toolbar=\"advanced\" >\r\n\t\t\t\t\tSa\u00e7 Ekimi\t\t\t\t<\/div>\r\n\t\t\t\t\r\n\t\t\t\t\t\t<\/div>\r\n\t\t\t\t\t\t<\/div>\n\t\t\t\t<\/div>\n\t\t\t\t<div class=\"elementor-element elementor-element-da4677b elementor-widget elementor-widget-text-editor\" data-id=\"da4677b\" data-element_type=\"widget\" data-widget_type=\"text-editor.default\">\n\t\t\t\t<div class=\"elementor-widget-container\">\n\t\t\t\t\t\t\t\t\t<p><b>Sakal B\u0131y\u0131k Ekimi;<\/b>\u00a0t\u0131pk\u0131 sa\u00e7 ekiminde oldu\u011fu gibi estetik a\u00e7\u0131dan sorunlu b\u0131y\u0131k ve sakal b\u00f6lgesinde yap\u0131lan cerrahi i\u015flemdir. D\u0131\u015f g\u00f6r\u00fcn\u00fcm ve \u00f6zg\u00fcven a\u00e7\u0131s\u0131ndan erkeklerin istedikleri sakal ve b\u0131y\u0131k yo\u011funlu\u011funa sahip olmamas\u0131, sakal b\u0131y\u0131k ekimi operasyonlar\u0131n\u0131n ba\u015fl\u0131ca sebepleridir. Ense b\u00f6lgesinden don\u00f6r k\u0131llar al\u0131n\u0131r ve y\u00fcz\u00fcn sorunlu b\u00f6lgesine transfer edilir. Lokal anestezi alt\u0131nda uygulanan sakal ya da b\u0131y\u0131k ekimi FUE tekni\u011fi kullan\u0131larak yap\u0131l\u0131r ve i\u015flemin s\u00fcresini, transfer edilecek k\u00f6k say\u0131s\u0131 belirler.<\/p>\t\t\t\t\t\t\t\t<\/div>\n\t\t\t\t<\/div>\n\t\t\t\t<div class=\"elementor-element elementor-element-ecb48b8 elementor-blockquote--skin-boxed elementor-blockquote--align-center elementor-blockquote--button-color-official elementor-widget elementor-widget-blockquote\" data-id=\"ecb48b8\" data-element_type=\"widget\" data-widget_type=\"blockquote.default\">\n\t\t\t\t<div class=\"elementor-widget-container\">\n\t\t\t\t\t\t\t<blockquote class=\"elementor-blockquote\">\n\t\t\t<p class=\"elementor-blockquote__content\">\n\t\t\t\t<br>\nSakal ekiminin sa\u00e7 ekiminden \u00e7ok fark\u0131 bulunmad\u0131\u011f\u0131n\u0131, bu a\u015famalardan kolayca anlamak m\u00fcmk\u00fcn. Burada dikkat edilmesi gereken nokta, don\u00f6r b\u00f6lgeden al\u0131nan k\u0131l k\u00f6klerinin m\u00fcmk\u00fcn olan en y\u00fcksek hayatta kalma sa\u011flayan teknikle muhafaza edilmesi ve ekim yap\u0131lacak alana nakledilmesi. Bunun d\u0131\u015f\u0131nda, sakal ekimi yan\u0131nda b\u0131y\u0131k ekimi de ayn\u0131 kategoride de\u011ferlendirilir. Bu ba\u011flamda b\u0131y\u0131k ekimi ve sakal ekimi prosed\u00fcrleri de benzerlik g\u00f6sterir.\t\t\t<\/p>\n\t\t\t\t\t<\/blockquote>\n\t\t\t\t\t\t<\/div>\n\t\t\t\t<\/div>\n\t\t\t\t<div class=\"elementor-element elementor-element-2ef4f50 elementor-widget elementor-widget-text-editor\" data-id=\"2ef4f50\" data-element_type=\"widget\" data-widget_type=\"text-editor.default\">\n\t\t\t\t<div class=\"elementor-widget-container\">\n\t\t\t\t\t\t\t\t\t<p>Sakal ve b\u0131y\u0131k yo\u011funlu\u011fundan memnun olmayan, bir cilt rahats\u0131zl\u0131\u011f\u0131 sonras\u0131nda k\u0131l kayb\u0131 ya\u015fam\u0131\u015f ya da ge\u00e7irdi\u011fi bir kaza sonras\u0131 b\u00f6lgesel bo\u015fluklar\u0131 olan, ayr\u0131ca hormonal sorunlar\u0131 olan, do\u011fu\u015ftan sakal ve ya b\u0131y\u0131k yo\u011funlu\u011fu sorunu ya\u015fayan herkes bu ekimi yapt\u0131rabilir.<\/p>\t\t\t\t\t\t\t\t<\/div>\n\t\t\t\t<\/div>\n\t\t\t\t\t<\/div>\n\t\t<\/div>\n\t\t\t\t\t<\/div>\n\t\t<\/section>\n\t\t\t\t<\/div>","protected":false},"excerpt":{"rendered":"<p>RO CLINIC SAKAL-BIYIK EK\u0130M\u0130 Sa\u00e7 Ekimi Sakal B\u0131y\u0131k Ekimi;\u00a0t\u0131pk\u0131 sa\u00e7 ekiminde oldu\u011fu gibi estetik a\u00e7\u0131dan sorunlu b\u0131y\u0131k ve sakal b\u00f6lgesinde yap\u0131lan cerrahi i\u015flemdir. D\u0131\u015f g\u00f6r\u00fcn\u00fcm ve \u00f6zg\u00fcven a\u00e7\u0131s\u0131ndan erkeklerin istedikleri sakal ve b\u0131y\u0131k yo\u011funlu\u011funa sahip olmamas\u0131, sakal b\u0131y\u0131k ekimi operasyonlar\u0131n\u0131n ba\u015fl\u0131ca sebepleridir. Ense b\u00f6lgesinden don\u00f6r k\u0131llar al\u0131n\u0131r ve y\u00fcz\u00fcn sorunlu b\u00f6lgesine transfer edilir. Lokal anestezi &hellip;<\/p>\n<p class=\"read-more\"> <a class=\"\" href=\"https:\/\/roclinics.com\/de\/sakal-biyik-ekimi\/\"> <span class=\"screen-reader-text\">Sakal-B\u0131y\u0131k Ekimi<\/span> Weiterlesen &raquo;<\/a><\/p>","protected":false},"author":1,"featured_media":0,"parent":0,"menu_order":0,"comment_status":"closed","ping_status":"closed","template":"","meta":{"site-sidebar-layout":"no-sidebar","site-content-layout":"page-builder","ast-main-header-display":"","ast-hfb-above-header-display":"","ast-hfb-below-header-display":"","ast-hfb-mobile-header-display":"","site-post-title":"disabled","ast-breadcrumbs-content":"","ast-featured-img":"disabled","footer-sml-layout":"","theme-transparent-header-meta":"","adv-header-id-meta":"","stick-header-meta":"","header-above-stick-meta":"","header-main-stick-meta":"","header-below-stick-meta":"","footnotes":""},"class_list":["post-973","page","type-page","status-publish","hentry"],"_links":{"self":[{"href":"https:\/\/roclinics.com\/de\/wp-json\/wp\/v2\/pages\/973","targetHints":{"allow":["GET"]}}],"collection":[{"href":"https:\/\/roclinics.com\/de\/wp-json\/wp\/v2\/pages"}],"about":[{"href":"https:\/\/roclinics.com\/de\/wp-json\/wp\/v2\/types\/page"}],"author":[{"embeddable":true,"href":"https:\/\/roclinics.com\/de\/wp-json\/wp\/v2\/users\/1"}],"replies":[{"embeddable":true,"href":"https:\/\/roclinics.com\/de\/wp-json\/wp\/v2\/comments?post=973"}],"version-history":[{"count":0,"href":"https:\/\/roclinics.com\/de\/wp-json\/wp\/v2\/pages\/973\/revisions"}],"wp:attachment":[{"href":"https:\/\/roclinics.com\/de\/wp-json\/wp\/v2\/media?parent=973"}],"curies":[{"name":"wp","href":"https:\/\/api.w.org\/{rel}","templated":true}]}}