{"id":1161,"date":"2022-05-11T11:09:42","date_gmt":"2022-05-11T11:09:42","guid":{"rendered":"http:\/\/genel-1.com:8888\/?page_id=1161"},"modified":"2022-05-11T11:10:40","modified_gmt":"2022-05-11T11:10:40","slug":"pedodonti","status":"publish","type":"page","link":"https:\/\/roclinics.com\/de\/pedodonti\/","title":{"rendered":"Pedodonti"},"content":{"rendered":"<div data-elementor-type=\"wp-page\" data-elementor-id=\"1161\" class=\"elementor elementor-1161\">\n\t\t\t\t\t\t<section class=\"elementor-section elementor-top-section elementor-element elementor-element-91c3e03 elementor-section-full_width elementor-section-height-default elementor-section-height-default\" data-id=\"91c3e03\" data-element_type=\"section\">\n\t\t\t\t\t\t<div class=\"elementor-container elementor-column-gap-default\">\n\t\t\t\t\t<div class=\"elementor-column elementor-col-100 elementor-top-column elementor-element elementor-element-99cc81c\" data-id=\"99cc81c\" data-element_type=\"column\">\n\t\t\t<div class=\"elementor-widget-wrap elementor-element-populated\">\n\t\t\t\t\t\t<div class=\"elementor-element elementor-element-b6b08d1 elementor-widget elementor-widget-image\" data-id=\"b6b08d1\" data-element_type=\"widget\" data-widget_type=\"image.default\">\n\t\t\t\t<div class=\"elementor-widget-container\">\n\t\t\t\t\t\t\t\t\t\t\t\t\t\t\t<img fetchpriority=\"high\" decoding=\"async\" width=\"1920\" height=\"400\" src=\"https:\/\/roclinics.com\/wp-content\/uploads\/2022\/05\/dental-clinic-sultanahmet.jpg\" class=\"attachment-full size-full wp-image-1141\" alt=\"\" srcset=\"https:\/\/roclinics.com\/wp-content\/uploads\/2022\/05\/dental-clinic-sultanahmet.jpg 1920w, https:\/\/roclinics.com\/wp-content\/uploads\/2022\/05\/dental-clinic-sultanahmet-300x63.jpg 300w, https:\/\/roclinics.com\/wp-content\/uploads\/2022\/05\/dental-clinic-sultanahmet-1024x213.jpg 1024w, https:\/\/roclinics.com\/wp-content\/uploads\/2022\/05\/dental-clinic-sultanahmet-768x160.jpg 768w, https:\/\/roclinics.com\/wp-content\/uploads\/2022\/05\/dental-clinic-sultanahmet-1536x320.jpg 1536w\" sizes=\"(max-width: 1920px) 100vw, 1920px\" \/>\t\t\t\t\t\t\t\t\t\t\t\t\t\t\t<\/div>\n\t\t\t\t<\/div>\n\t\t\t\t\t<\/div>\n\t\t<\/div>\n\t\t\t\t\t<\/div>\n\t\t<\/section>\n\t\t\t\t<section class=\"elementor-section elementor-top-section elementor-element elementor-element-136d354 elementor-section-boxed elementor-section-height-default elementor-section-height-default\" data-id=\"136d354\" data-element_type=\"section\">\n\t\t\t\t\t\t<div class=\"elementor-container elementor-column-gap-default\">\n\t\t\t\t\t<div class=\"elementor-column elementor-col-100 elementor-top-column elementor-element elementor-element-1f7fc27\" data-id=\"1f7fc27\" data-element_type=\"column\">\n\t\t\t<div class=\"elementor-widget-wrap elementor-element-populated\">\n\t\t\t\t\t\t<div class=\"elementor-element elementor-element-547671b uael-heading-align-center elementor-widget elementor-widget-uael-advanced-heading\" data-id=\"547671b\" data-element_type=\"widget\" data-widget_type=\"uael-advanced-heading.default\">\n\t\t\t\t<div class=\"elementor-widget-container\">\n\t\t\t\t\t\r\n\t\t<div class=\"uael-module-content uael-heading-wrapper\">\r\n\t\t\t\t\t\t<div class=\"uael-module-content uael-separator-parent\">\r\n\t\t\t\t\t\t\t\t<div class=\"uael-separator-wrap\">\r\n\t\t\t\t\t<div class=\"uael-separator-line uael-side-left\">\r\n\t\t\t\t\t\t<span><\/span>\r\n\t\t\t\t\t<\/div>\r\n\t\t\t\t\t<div class=\"uael-divider-content\">\r\n\t\t\t\t\t\t\t\t\t\t\t\t<h3 class=\"uael-divider-text elementor-inline-editing\" data-elementor-setting-key=\"heading_line_text\" data-elementor-inline-editing-toolbar=\"basic\">RO CLINIC<\/h3>\r\n\t\t\t\t\t<\/div>\r\n\t\t\t\t\t<div class=\"uael-separator-line uael-side-right\">\r\n\t\t\t\t\t\t<span><\/span>\r\n\t\t\t\t\t<\/div>\r\n\t\t\t\t<\/div>\r\n\t\t\t\t\t\t\t\t\t\t<\/div>\r\n\t\t\t\t\r\n\t\t\t\r\n\t\t\t<h1 class=\"uael-heading\">\r\n\t\t\t\t\t\t\t\t\t\t<span class=\"uael-heading-text elementor-inline-editing uael-size--default\" data-elementor-setting-key=\"heading_title\" data-elementor-inline-editing-toolbar=\"basic\">PEDODONT\u0130<\/span>\r\n\t\t\t\t\t\t\t<\/h1>\r\n\r\n\t\t\t\r\n\t\t\t\r\n\t\t\t\t\t\t\t<div class=\"uael-subheading elementor-inline-editing\" data-elementor-setting-key=\"heading_description\" data-elementor-inline-editing-toolbar=\"advanced\" >\r\n\t\t\t\t\t<p>DENTAL KL\u0130N\u0130\u011e\u0130<\/p>\t\t\t\t<\/div>\r\n\t\t\t\t\r\n\t\t\t\t\t\t<\/div>\r\n\t\t\t\t\t\t<\/div>\n\t\t\t\t<\/div>\n\t\t\t\t<div class=\"elementor-element elementor-element-da4677b elementor-widget elementor-widget-text-editor\" data-id=\"da4677b\" data-element_type=\"widget\" data-widget_type=\"text-editor.default\">\n\t\t\t\t<div class=\"elementor-widget-container\">\n\t\t\t\t\t\t\t\t\t<div class=\"careplus-section-heading\"><div class=\"careplus-section-heading\"><p>S\u00fct di\u015fleri genellikle bebek alt\u0131 ayl\u0131kken \u00e7\u0131kmaya ba\u015flar. Yakla\u015f\u0131k olarak 3 ya\u015f\u0131nda iken s\u00fct di\u015flerinin s\u00fcrmesi tamamlan\u0131r. Bu d\u00f6nemde a\u011f\u0131zda 20 s\u00fct di\u015fi bulunmaktad\u0131r. S\u00fct di\u015fleri yap\u0131sal farkl\u0131l\u0131klar\u0131ndan dolay\u0131 a\u015f\u0131nmaya ve \u00e7\u00fcr\u00fc\u011fe daha yatk\u0131nd\u0131r.<\/p><p>6 ya\u015f\u0131na gelindi\u011finde s\u00fct di\u015fleri yerlerini daimi di\u015flere b\u0131rakmaya ba\u015flarlar. Bu durum ortalama 13 ya\u015f\u0131na kadar devam eder. A\u011f\u0131zda hem s\u00fct di\u015flerinin hem de daimi di\u015flerin yer ald\u0131\u011f\u0131 6-13 ya\u015f aras\u0131 bu d\u00f6nem kar\u0131\u015f\u0131k di\u015flenme d\u00f6nemi olarak adland\u0131r\u0131l\u0131r. Bu d\u00f6nemde s\u00fct di\u015flerindeki mevcut \u00e7\u00fcr\u00fckler, yeni s\u00fcren daimi di\u015flerin sa\u011fl\u0131\u011f\u0131n\u0131 da olumsuz etkiler.<\/p><\/div><\/div>\t\t\t\t\t\t\t\t<\/div>\n\t\t\t\t<\/div>\n\t\t\t\t<div class=\"elementor-element elementor-element-ecb48b8 elementor-blockquote--skin-boxed elementor-blockquote--align-center elementor-blockquote--button-color-official elementor-widget elementor-widget-blockquote\" data-id=\"ecb48b8\" data-element_type=\"widget\" data-widget_type=\"blockquote.default\">\n\t\t\t\t<div class=\"elementor-widget-container\">\n\t\t\t\t\t\t\t<blockquote class=\"elementor-blockquote\">\n\t\t\t<p class=\"elementor-blockquote__content\">\n\t\t\t\t<br>Pedodonti klini\u011fimizde ana misyonumuz; do\u011fumdan ergenli\u011fe kadar \u00e7ocuk hastalar\u0131n a\u011f\u0131z ve di\u015f sa\u011fl\u0131klar\u0131n\u0131 korumak, ortaya \u00e7\u0131kabilecek \u00e7e\u015fitli problemleri \u00f6nlemek, var olan hastal\u0131k ve anomalileri erken d\u00f6nemde tespit ederek ilerlemeden tedavilerinin yap\u0131lmas\u0131n\u0131 sa\u011flamakt\u0131r.\t\t\t<\/p>\n\t\t\t\t\t<\/blockquote>\n\t\t\t\t\t\t<\/div>\n\t\t\t\t<\/div>\n\t\t\t\t<div class=\"elementor-element elementor-element-4531f05 elementor-widget elementor-widget-text-editor\" data-id=\"4531f05\" data-element_type=\"widget\" data-widget_type=\"text-editor.default\">\n\t\t\t\t<div class=\"elementor-widget-container\">\n\t\t\t\t\t\t\t\t\t<figure class=\"careplus-department-thumb\"><div class=\"careplus-section-heading\"><div class=\"careplus-section-heading\"><div class=\"careplus-section-heading\"><div class=\"careplus-section-heading\"><div class=\"careplus-section-heading\"><div class=\"careplus-section-heading\"><div class=\"careplus-section-heading\"><div class=\"careplus-section-heading\"><div class=\"careplus-section-heading\"><h2>Klini\u011fimizde Uygulanan Tedavi<\/h2><\/div><p>S\u00fct di\u015fleri ve gen\u00e7 s\u00fcrekli di\u015flerde ihtiya\u00e7 duyulan t\u00fcm dolgu uygulamalar\u0131, kanal tedavisi ve amputasyon i\u015flemleri,<br \/>\u00c7ekilen di\u015flerin yerine uygulanan yer tutucular\u0131n ve \u00e7ocuk protezlerinin yap\u0131m\u0131,<br \/>Koruyucu ve \u00f6nleyici ortodontik tedaviler,<br \/>Travma tedavileri,<br \/>\u00c7\u00fcr\u00fcklerin \u00f6nlenmesi i\u00e7in fluorid verni\u011fi, fluorid jeli ve fiss\u00fcr \u00f6rt\u00fcc\u00fc uygulamalar\u0131<\/p><\/div><\/div><\/div><\/div><\/div><\/div><\/div><\/div><\/figure>\t\t\t\t\t\t\t\t<\/div>\n\t\t\t\t<\/div>\n\t\t\t\t\t<\/div>\n\t\t<\/div>\n\t\t\t\t\t<\/div>\n\t\t<\/section>\n\t\t\t\t<\/div>","protected":false},"excerpt":{"rendered":"<p>RO CLINIC PEDODONT\u0130 DENTAL KL\u0130N\u0130\u011e\u0130 S\u00fct di\u015fleri genellikle bebek alt\u0131 ayl\u0131kken \u00e7\u0131kmaya ba\u015flar. Yakla\u015f\u0131k olarak 3 ya\u015f\u0131nda iken s\u00fct di\u015flerinin s\u00fcrmesi tamamlan\u0131r. Bu d\u00f6nemde a\u011f\u0131zda 20 s\u00fct di\u015fi bulunmaktad\u0131r. S\u00fct di\u015fleri yap\u0131sal farkl\u0131l\u0131klar\u0131ndan dolay\u0131 a\u015f\u0131nmaya ve \u00e7\u00fcr\u00fc\u011fe daha yatk\u0131nd\u0131r. 6 ya\u015f\u0131na gelindi\u011finde s\u00fct di\u015fleri yerlerini daimi di\u015flere b\u0131rakmaya ba\u015flarlar. Bu durum ortalama 13 ya\u015f\u0131na kadar &hellip;<\/p>\n<p class=\"read-more\"> <a class=\"\" href=\"https:\/\/roclinics.com\/de\/pedodonti\/\"> <span class=\"screen-reader-text\">Pedodonti<\/span> Weiterlesen &raquo;<\/a><\/p>","protected":false},"author":1,"featured_media":0,"parent":0,"menu_order":0,"comment_status":"closed","ping_status":"closed","template":"","meta":{"site-sidebar-layout":"no-sidebar","site-content-layout":"page-builder","ast-main-header-display":"","ast-hfb-above-header-display":"","ast-hfb-below-header-display":"","ast-hfb-mobile-header-display":"","site-post-title":"disabled","ast-breadcrumbs-content":"","ast-featured-img":"disabled","footer-sml-layout":"","theme-transparent-header-meta":"","adv-header-id-meta":"","stick-header-meta":"","header-above-stick-meta":"","header-main-stick-meta":"","header-below-stick-meta":"","footnotes":""},"class_list":["post-1161","page","type-page","status-publish","hentry"],"_links":{"self":[{"href":"https:\/\/roclinics.com\/de\/wp-json\/wp\/v2\/pages\/1161","targetHints":{"allow":["GET"]}}],"collection":[{"href":"https:\/\/roclinics.com\/de\/wp-json\/wp\/v2\/pages"}],"about":[{"href":"https:\/\/roclinics.com\/de\/wp-json\/wp\/v2\/types\/page"}],"author":[{"embeddable":true,"href":"https:\/\/roclinics.com\/de\/wp-json\/wp\/v2\/users\/1"}],"replies":[{"embeddable":true,"href":"https:\/\/roclinics.com\/de\/wp-json\/wp\/v2\/comments?post=1161"}],"version-history":[{"count":0,"href":"https:\/\/roclinics.com\/de\/wp-json\/wp\/v2\/pages\/1161\/revisions"}],"wp:attachment":[{"href":"https:\/\/roclinics.com\/de\/wp-json\/wp\/v2\/media?parent=1161"}],"curies":[{"name":"wp","href":"https:\/\/api.w.org\/{rel}","templated":true}]}}