{"id":1146,"date":"2022-05-11T11:02:51","date_gmt":"2022-05-11T11:02:51","guid":{"rendered":"http:\/\/genel-1.com:8888\/?page_id=1146"},"modified":"2022-05-11T11:05:02","modified_gmt":"2022-05-11T11:05:02","slug":"dis-beyazlatma","status":"publish","type":"page","link":"https:\/\/roclinics.com\/de\/dis-beyazlatma\/","title":{"rendered":"Di\u015f Beyazlatma"},"content":{"rendered":"<div data-elementor-type=\"wp-page\" data-elementor-id=\"1146\" class=\"elementor elementor-1146\">\n\t\t\t\t\t\t<section class=\"elementor-section elementor-top-section elementor-element elementor-element-91c3e03 elementor-section-full_width elementor-section-height-default elementor-section-height-default\" data-id=\"91c3e03\" data-element_type=\"section\">\n\t\t\t\t\t\t<div class=\"elementor-container elementor-column-gap-default\">\n\t\t\t\t\t<div class=\"elementor-column elementor-col-100 elementor-top-column elementor-element elementor-element-99cc81c\" data-id=\"99cc81c\" data-element_type=\"column\">\n\t\t\t<div class=\"elementor-widget-wrap elementor-element-populated\">\n\t\t\t\t\t\t<div class=\"elementor-element elementor-element-b6b08d1 elementor-widget elementor-widget-image\" data-id=\"b6b08d1\" data-element_type=\"widget\" data-widget_type=\"image.default\">\n\t\t\t\t<div class=\"elementor-widget-container\">\n\t\t\t\t\t\t\t\t\t\t\t\t\t\t\t<img fetchpriority=\"high\" decoding=\"async\" width=\"1920\" height=\"400\" src=\"https:\/\/roclinics.com\/wp-content\/uploads\/2022\/05\/dental-clinic-sultanahmet.jpg\" class=\"attachment-full size-full wp-image-1141\" alt=\"\" srcset=\"https:\/\/roclinics.com\/wp-content\/uploads\/2022\/05\/dental-clinic-sultanahmet.jpg 1920w, https:\/\/roclinics.com\/wp-content\/uploads\/2022\/05\/dental-clinic-sultanahmet-300x63.jpg 300w, https:\/\/roclinics.com\/wp-content\/uploads\/2022\/05\/dental-clinic-sultanahmet-1024x213.jpg 1024w, https:\/\/roclinics.com\/wp-content\/uploads\/2022\/05\/dental-clinic-sultanahmet-768x160.jpg 768w, https:\/\/roclinics.com\/wp-content\/uploads\/2022\/05\/dental-clinic-sultanahmet-1536x320.jpg 1536w\" sizes=\"(max-width: 1920px) 100vw, 1920px\" \/>\t\t\t\t\t\t\t\t\t\t\t\t\t\t\t<\/div>\n\t\t\t\t<\/div>\n\t\t\t\t\t<\/div>\n\t\t<\/div>\n\t\t\t\t\t<\/div>\n\t\t<\/section>\n\t\t\t\t<section class=\"elementor-section elementor-top-section elementor-element elementor-element-136d354 elementor-section-boxed elementor-section-height-default elementor-section-height-default\" data-id=\"136d354\" data-element_type=\"section\">\n\t\t\t\t\t\t<div class=\"elementor-container elementor-column-gap-default\">\n\t\t\t\t\t<div class=\"elementor-column elementor-col-100 elementor-top-column elementor-element elementor-element-1f7fc27\" data-id=\"1f7fc27\" data-element_type=\"column\">\n\t\t\t<div class=\"elementor-widget-wrap elementor-element-populated\">\n\t\t\t\t\t\t<div class=\"elementor-element elementor-element-547671b uael-heading-align-center elementor-widget elementor-widget-uael-advanced-heading\" data-id=\"547671b\" data-element_type=\"widget\" data-widget_type=\"uael-advanced-heading.default\">\n\t\t\t\t<div class=\"elementor-widget-container\">\n\t\t\t\t\t\r\n\t\t<div class=\"uael-module-content uael-heading-wrapper\">\r\n\t\t\t\t\t\t<div class=\"uael-module-content uael-separator-parent\">\r\n\t\t\t\t\t\t\t\t<div class=\"uael-separator-wrap\">\r\n\t\t\t\t\t<div class=\"uael-separator-line uael-side-left\">\r\n\t\t\t\t\t\t<span><\/span>\r\n\t\t\t\t\t<\/div>\r\n\t\t\t\t\t<div class=\"uael-divider-content\">\r\n\t\t\t\t\t\t\t\t\t\t\t\t<h3 class=\"uael-divider-text elementor-inline-editing\" data-elementor-setting-key=\"heading_line_text\" data-elementor-inline-editing-toolbar=\"basic\">RO CLINIC<\/h3>\r\n\t\t\t\t\t<\/div>\r\n\t\t\t\t\t<div class=\"uael-separator-line uael-side-right\">\r\n\t\t\t\t\t\t<span><\/span>\r\n\t\t\t\t\t<\/div>\r\n\t\t\t\t<\/div>\r\n\t\t\t\t\t\t\t\t\t\t<\/div>\r\n\t\t\t\t\r\n\t\t\t\r\n\t\t\t<h1 class=\"uael-heading\">\r\n\t\t\t\t\t\t\t\t\t\t<span class=\"uael-heading-text elementor-inline-editing uael-size--default\" data-elementor-setting-key=\"heading_title\" data-elementor-inline-editing-toolbar=\"basic\">D\u0130\u015e BEYAZLATMA<\/span>\r\n\t\t\t\t\t\t\t<\/h1>\r\n\r\n\t\t\t\r\n\t\t\t\r\n\t\t\t\t\t\t\t<div class=\"uael-subheading elementor-inline-editing\" data-elementor-setting-key=\"heading_description\" data-elementor-inline-editing-toolbar=\"advanced\" >\r\n\t\t\t\t\t<p>DENTAL KL\u0130N\u0130\u011e\u0130<\/p>\t\t\t\t<\/div>\r\n\t\t\t\t\r\n\t\t\t\t\t\t<\/div>\r\n\t\t\t\t\t\t<\/div>\n\t\t\t\t<\/div>\n\t\t\t\t<div class=\"elementor-element elementor-element-da4677b elementor-widget elementor-widget-text-editor\" data-id=\"da4677b\" data-element_type=\"widget\" data-widget_type=\"text-editor.default\">\n\t\t\t\t<div class=\"elementor-widget-container\">\n\t\t\t\t\t\t\t\t\t<p>Di\u015flerin sa\u011fl\u0131kl\u0131 ve beyaz olmas\u0131 insanlar aras\u0131nda estetik a\u00e7\u0131dan olduk\u00e7a b\u00fcy\u00fck \u00f6nem ta\u015f\u0131yan bir unsurdur. Daha beyaz di\u015flere sahip olmak i\u00e7in uygulanan di\u015f beyazlatma y\u00f6ntemleri, son y\u0131llarda di\u015f hekimleri taraf\u0131ndan yo\u011funlukla uygulanan tedavilerdendir. Di\u015f beyazlatma, di\u015flerin y\u00fczeyindeki mine yap\u0131s\u0131nda olu\u015fan renkli, organik ve inorganik maddelerin di\u015f beyazlatma jelleri ile giderilmesi s\u00fcrecidir.<\/p><div class=\"careplus-section-heading\"><h2>Di\u015f beyazlatma y\u00f6ntemleri nelerdir?<\/h2><\/div><p>Di\u015f beyazlatma y\u00f6ntemleri uygulama tekni\u011fine g\u00f6re iki t\u00fcre ayr\u0131lmaktad\u0131r.<\/p><p><b>Ofis Tipi beyazlatma:<\/b><br \/>Klinik ortam\u0131nda uzman di\u015f hekimleri taraf\u0131ndan ger\u00e7ekle\u015ftirilen beyazlat\u0131c\u0131 jel ve \u0131\u015f\u0131ktan olu\u015fan, k\u0131sa s\u00fcrede di\u015f rengini 3-4 ton a\u00e7abilen en h\u0131zl\u0131, g\u00fcvenilir ve etkili beyazlatma sistemidir.<\/p><p><b>Evde Tipi Beyazlatma:<\/b><br \/>A\u011f\u0131zdan al\u0131nacak basit bir \u00f6l\u00e7\u00fc ile bireye \u00f6zel haz\u0131rlanan plastik a\u011f\u0131zl\u0131klar\u0131n i\u00e7ine uygun jeller konularak yap\u0131lan beyazlatma i\u015flemidir. Ortalama 5-7 g\u00fcnde istenen beyazlama sa\u011flanabilmektedir.<\/p>\t\t\t\t\t\t\t\t<\/div>\n\t\t\t\t<\/div>\n\t\t\t\t<div class=\"elementor-element elementor-element-ecb48b8 elementor-blockquote--skin-boxed elementor-blockquote--align-center elementor-blockquote--button-color-official elementor-widget elementor-widget-blockquote\" data-id=\"ecb48b8\" data-element_type=\"widget\" data-widget_type=\"blockquote.default\">\n\t\t\t\t<div class=\"elementor-widget-container\">\n\t\t\t\t\t\t\t<blockquote class=\"elementor-blockquote\">\n\t\t\t<p class=\"elementor-blockquote__content\">\n\t\t\t\t<br>Uzman hekim kadrosu ve son teknolojik cihazlarla hastalar\u0131m\u0131za hizmet vermekteyiz. Di\u015f beyazlatma cerrahisi ba\u015fta olmak \u00fczere di\u011fer b\u00fct\u00fcn a\u011f\u0131z ve di\u015f sa\u011fl\u0131\u011f\u0131 ihtiya\u00e7lar\u0131n\u0131z i\u00e7in klini\u011fimize ba\u015fvurabilirsiniz.\t\t\t<\/p>\n\t\t\t\t\t<\/blockquote>\n\t\t\t\t\t\t<\/div>\n\t\t\t\t<\/div>\n\t\t\t\t<div class=\"elementor-element elementor-element-4531f05 elementor-widget elementor-widget-text-editor\" data-id=\"4531f05\" data-element_type=\"widget\" data-widget_type=\"text-editor.default\">\n\t\t\t\t<div class=\"elementor-widget-container\">\n\t\t\t\t\t\t\t\t\t<figure class=\"careplus-department-thumb\"><div class=\"careplus-section-heading\"><div class=\"careplus-section-heading\"><div class=\"careplus-section-heading\"><div class=\"careplus-section-heading\"><div class=\"careplus-section-heading\"><div class=\"careplus-section-heading\"><div class=\"careplus-section-heading\"><h2>Beyazlatman\u0131n Etkisi Ne Kadar S\u00fcrer?<\/h2><\/div><p>Beyazlatma i\u015fleminden al\u0131nan sonu\u00e7, bireyin di\u015f yap\u0131s\u0131na ba\u011fl\u0131 olarak de\u011fi\u015fim g\u00f6stermekle birlikte yakla\u015f\u0131k 6 ay-2 y\u0131l aras\u0131nda sabit kal\u0131r. Beyazlatma esnas\u0131nda ve sonras\u0131nda en az iki hafta s\u00fcresince di\u015fleri boyayan maddelerden uzak durulmal\u0131d\u0131r.<\/p><div class=\"careplus-section-heading\"><h2>Di\u015f Beyazlatma G\u00fcvenli Midir Yoksa Di\u015flere Zarar Verir Mi?<\/h2><\/div><p>Yap\u0131lan ara\u015ft\u0131rmalar ve \u00e7al\u0131\u015fmalar; y\u00fczde 10\u2019luk beyazlatma sol\u00fcsyonu kullan\u0131m\u0131nda hi\u00e7bir zarar olmad\u0131\u011f\u0131n\u0131 g\u00f6stermi\u015ftir. Di\u015f beyazlatma nedeniyle di\u015flerse yap\u0131sal de\u011fi\u015fiklik ve kal\u0131c\u0131 hasar olu\u015ftu\u011funu g\u00f6steren tek bir ara\u015ft\u0131rma bile yoktur. Di\u015flerin beyazlat\u0131lmas\u0131 i\u00e7in farkl\u0131 konsantrasyonda ila\u00e7lar da kullan\u0131labilir ancak bunlar\u0131n da nas\u0131l ve ne kadar kullan\u0131laca\u011f\u0131na mutlaka di\u015f hekimi karar vermelidir.<\/p><\/div><\/div><\/div><\/div><\/div><\/div><\/figure>\t\t\t\t\t\t\t\t<\/div>\n\t\t\t\t<\/div>\n\t\t\t\t\t<\/div>\n\t\t<\/div>\n\t\t\t\t\t<\/div>\n\t\t<\/section>\n\t\t\t\t<\/div>","protected":false},"excerpt":{"rendered":"<p>RO CLINIC D\u0130\u015e BEYAZLATMA DENTAL KL\u0130N\u0130\u011e\u0130 Di\u015flerin sa\u011fl\u0131kl\u0131 ve beyaz olmas\u0131 insanlar aras\u0131nda estetik a\u00e7\u0131dan olduk\u00e7a b\u00fcy\u00fck \u00f6nem ta\u015f\u0131yan bir unsurdur. Daha beyaz di\u015flere sahip olmak i\u00e7in uygulanan di\u015f beyazlatma y\u00f6ntemleri, son y\u0131llarda di\u015f hekimleri taraf\u0131ndan yo\u011funlukla uygulanan tedavilerdendir. Di\u015f beyazlatma, di\u015flerin y\u00fczeyindeki mine yap\u0131s\u0131nda olu\u015fan renkli, organik ve inorganik maddelerin di\u015f beyazlatma jelleri ile &hellip;<\/p>\n<p class=\"read-more\"> <a class=\"\" href=\"https:\/\/roclinics.com\/de\/dis-beyazlatma\/\"> <span class=\"screen-reader-text\">Di\u015f Beyazlatma<\/span> Weiterlesen &raquo;<\/a><\/p>","protected":false},"author":1,"featured_media":0,"parent":0,"menu_order":0,"comment_status":"closed","ping_status":"closed","template":"","meta":{"site-sidebar-layout":"no-sidebar","site-content-layout":"page-builder","ast-main-header-display":"","ast-hfb-above-header-display":"","ast-hfb-below-header-display":"","ast-hfb-mobile-header-display":"","site-post-title":"disabled","ast-breadcrumbs-content":"","ast-featured-img":"disabled","footer-sml-layout":"","theme-transparent-header-meta":"","adv-header-id-meta":"","stick-header-meta":"","header-above-stick-meta":"","header-main-stick-meta":"","header-below-stick-meta":"","footnotes":""},"class_list":["post-1146","page","type-page","status-publish","hentry"],"_links":{"self":[{"href":"https:\/\/roclinics.com\/de\/wp-json\/wp\/v2\/pages\/1146","targetHints":{"allow":["GET"]}}],"collection":[{"href":"https:\/\/roclinics.com\/de\/wp-json\/wp\/v2\/pages"}],"about":[{"href":"https:\/\/roclinics.com\/de\/wp-json\/wp\/v2\/types\/page"}],"author":[{"embeddable":true,"href":"https:\/\/roclinics.com\/de\/wp-json\/wp\/v2\/users\/1"}],"replies":[{"embeddable":true,"href":"https:\/\/roclinics.com\/de\/wp-json\/wp\/v2\/comments?post=1146"}],"version-history":[{"count":0,"href":"https:\/\/roclinics.com\/de\/wp-json\/wp\/v2\/pages\/1146\/revisions"}],"wp:attachment":[{"href":"https:\/\/roclinics.com\/de\/wp-json\/wp\/v2\/media?parent=1146"}],"curies":[{"name":"wp","href":"https:\/\/api.w.org\/{rel}","templated":true}]}}