{"id":1138,"date":"2022-05-11T10:25:25","date_gmt":"2022-05-11T10:25:25","guid":{"rendered":"http:\/\/genel-1.com:8888\/?page_id=1138"},"modified":"2022-05-11T11:01:58","modified_gmt":"2022-05-11T11:01:58","slug":"agiz-ve-cene-cerrahisi","status":"publish","type":"page","link":"https:\/\/roclinics.com\/de\/agiz-ve-cene-cerrahisi\/","title":{"rendered":"A\u011f\u0131z ve \u00c7ene Cerrahisi"},"content":{"rendered":"<div data-elementor-type=\"wp-page\" data-elementor-id=\"1138\" class=\"elementor elementor-1138\">\n\t\t\t\t\t\t<section class=\"elementor-section elementor-top-section elementor-element elementor-element-91c3e03 elementor-section-full_width elementor-section-height-default elementor-section-height-default\" data-id=\"91c3e03\" data-element_type=\"section\">\n\t\t\t\t\t\t<div class=\"elementor-container elementor-column-gap-default\">\n\t\t\t\t\t<div class=\"elementor-column elementor-col-100 elementor-top-column elementor-element elementor-element-99cc81c\" data-id=\"99cc81c\" data-element_type=\"column\">\n\t\t\t<div class=\"elementor-widget-wrap elementor-element-populated\">\n\t\t\t\t\t\t<div class=\"elementor-element elementor-element-b6b08d1 elementor-widget elementor-widget-image\" data-id=\"b6b08d1\" data-element_type=\"widget\" data-widget_type=\"image.default\">\n\t\t\t\t<div class=\"elementor-widget-container\">\n\t\t\t\t\t\t\t\t\t\t\t\t\t\t\t<img fetchpriority=\"high\" decoding=\"async\" width=\"1920\" height=\"400\" src=\"https:\/\/roclinics.com\/wp-content\/uploads\/2022\/05\/dental-clinic-sultanahmet.jpg\" class=\"attachment-full size-full wp-image-1141\" alt=\"\" srcset=\"https:\/\/roclinics.com\/wp-content\/uploads\/2022\/05\/dental-clinic-sultanahmet.jpg 1920w, https:\/\/roclinics.com\/wp-content\/uploads\/2022\/05\/dental-clinic-sultanahmet-300x63.jpg 300w, https:\/\/roclinics.com\/wp-content\/uploads\/2022\/05\/dental-clinic-sultanahmet-1024x213.jpg 1024w, https:\/\/roclinics.com\/wp-content\/uploads\/2022\/05\/dental-clinic-sultanahmet-768x160.jpg 768w, https:\/\/roclinics.com\/wp-content\/uploads\/2022\/05\/dental-clinic-sultanahmet-1536x320.jpg 1536w\" sizes=\"(max-width: 1920px) 100vw, 1920px\" \/>\t\t\t\t\t\t\t\t\t\t\t\t\t\t\t<\/div>\n\t\t\t\t<\/div>\n\t\t\t\t\t<\/div>\n\t\t<\/div>\n\t\t\t\t\t<\/div>\n\t\t<\/section>\n\t\t\t\t<section class=\"elementor-section elementor-top-section elementor-element elementor-element-136d354 elementor-section-boxed elementor-section-height-default elementor-section-height-default\" data-id=\"136d354\" data-element_type=\"section\">\n\t\t\t\t\t\t<div class=\"elementor-container elementor-column-gap-default\">\n\t\t\t\t\t<div class=\"elementor-column elementor-col-100 elementor-top-column elementor-element elementor-element-1f7fc27\" data-id=\"1f7fc27\" data-element_type=\"column\">\n\t\t\t<div class=\"elementor-widget-wrap elementor-element-populated\">\n\t\t\t\t\t\t<div class=\"elementor-element elementor-element-547671b uael-heading-align-center elementor-widget elementor-widget-uael-advanced-heading\" data-id=\"547671b\" data-element_type=\"widget\" data-widget_type=\"uael-advanced-heading.default\">\n\t\t\t\t<div class=\"elementor-widget-container\">\n\t\t\t\t\t\r\n\t\t<div class=\"uael-module-content uael-heading-wrapper\">\r\n\t\t\t\t\t\t<div class=\"uael-module-content uael-separator-parent\">\r\n\t\t\t\t\t\t\t\t<div class=\"uael-separator-wrap\">\r\n\t\t\t\t\t<div class=\"uael-separator-line uael-side-left\">\r\n\t\t\t\t\t\t<span><\/span>\r\n\t\t\t\t\t<\/div>\r\n\t\t\t\t\t<div class=\"uael-divider-content\">\r\n\t\t\t\t\t\t\t\t\t\t\t\t<h3 class=\"uael-divider-text elementor-inline-editing\" data-elementor-setting-key=\"heading_line_text\" data-elementor-inline-editing-toolbar=\"basic\">RO CLINIC<\/h3>\r\n\t\t\t\t\t<\/div>\r\n\t\t\t\t\t<div class=\"uael-separator-line uael-side-right\">\r\n\t\t\t\t\t\t<span><\/span>\r\n\t\t\t\t\t<\/div>\r\n\t\t\t\t<\/div>\r\n\t\t\t\t\t\t\t\t\t\t<\/div>\r\n\t\t\t\t\r\n\t\t\t\r\n\t\t\t<h1 class=\"uael-heading\">\r\n\t\t\t\t\t\t\t\t\t\t<span class=\"uael-heading-text elementor-inline-editing uael-size--default\" data-elementor-setting-key=\"heading_title\" data-elementor-inline-editing-toolbar=\"basic\">A\u011eIZ-\u00c7ENE CERRAH\u0130S\u0130<\/span>\r\n\t\t\t\t\t\t\t<\/h1>\r\n\r\n\t\t\t\r\n\t\t\t\r\n\t\t\t\t\t\t\t<div class=\"uael-subheading elementor-inline-editing\" data-elementor-setting-key=\"heading_description\" data-elementor-inline-editing-toolbar=\"advanced\" >\r\n\t\t\t\t\t<p>DENTAL KL\u0130N\u0130\u011e\u0130<\/p>\t\t\t\t<\/div>\r\n\t\t\t\t\r\n\t\t\t\t\t\t<\/div>\r\n\t\t\t\t\t\t<\/div>\n\t\t\t\t<\/div>\n\t\t\t\t<div class=\"elementor-element elementor-element-da4677b elementor-widget elementor-widget-text-editor\" data-id=\"da4677b\" data-element_type=\"widget\" data-widget_type=\"text-editor.default\">\n\t\t\t\t<div class=\"elementor-widget-container\">\n\t\t\t\t\t\t\t\t\t<figure class=\"careplus-department-thumb\"><figure class=\"careplus-department-thumb\"><div class=\"careplus-section-heading\"><figure class=\"careplus-department-thumb\"><div class=\"careplus-section-heading\"><div class=\"careplus-section-heading\"><h2>A\u011f\u0131z ve \u00c7ene Cerrahisi<\/h2><\/div><p>Her t\u00fcrl\u00fc di\u015f \u00e7ekimi ama \u00f6zellikle cerrahi i\u015flem gerektirecek di\u015f \u00e7ekimleri, g\u00f6m\u00fck di\u015fler, di\u015f k\u00f6k\u00fc rezeksiyonlar\u0131, implant uygulamalar\u0131, \u00e7enelerdeki kistik ve t\u00fcm\u00f6ral olu\u015fumlar\u0131n tedavisi, a\u011f\u0131z i\u00e7inde yumu\u015fak ve sert dokuda olu\u015fan lezyonlar\u0131n ve \u00e7ene k\u0131r\u0131klar\u0131n\u0131n tedavileriyle ilgilenir.<\/p><p>\u00a0<\/p><div class=\"careplus-section-heading\"><h2>Di\u015f \u00c7ekimini Gerektiren Nedenler:<\/h2><\/div><p>-\u0130leri derecede kemik kayb\u0131<br \/>-Kanal tedavisi uygulanamayacak kadar b\u00fcy\u00fck \u00e7\u00fcr\u00fck ya da k\u00f6k ucu lezyonu<br \/>-\u00c7ene darl\u0131\u011f\u0131 nedeniyle ortodontik ama\u00e7l\u0131<br \/>-G\u00f6m\u00fck di\u015fler<\/p><p>\u00a0<\/p><div class=\"careplus-section-heading\"><h2>G\u00f6m\u00fck Di\u015fler<\/h2><\/div><p>S\u00fcrme zaman\u0131 geldi\u011fi halde, \u00e7e\u015fitli nedenlerle a\u011f\u0131zda yerini alamayan di\u015flere &#8221; g\u00f6m\u00fck di\u015fler &#8221; denir. Bu di\u015fler k\u0131smen s\u00fcrm\u00fc\u015f de olsa ( yar\u0131 g\u00f6m\u00fck ) \u00e7ekimleri daha uygundur. \u00c7\u00fcnk\u00fc g\u0131da birikimine ba\u011fl\u0131 olarak, etraflar\u0131ndaki di\u015fetinde iltihaplanmaya, s\u00f6z konusu di\u015fte ya da kom\u015fu di\u015flerde \u00e7\u00fcr\u00fc\u011fe ve a\u011f\u0131z kokusuna, mevcut di\u015flerde \u00e7apra\u015f\u0131kl\u0131\u011fa sebep olurlar. Hen\u00fcz sorun olu\u015fturmadan \u00f6nlem ama\u00e7l\u0131 \u00e7ekimleri \u00f6nerilir.<\/p><\/div><\/figure><\/div><\/figure><\/figure>\t\t\t\t\t\t\t\t<\/div>\n\t\t\t\t<\/div>\n\t\t\t\t<div class=\"elementor-element elementor-element-ecb48b8 elementor-blockquote--skin-boxed elementor-blockquote--align-center elementor-blockquote--button-color-official elementor-widget elementor-widget-blockquote\" data-id=\"ecb48b8\" data-element_type=\"widget\" data-widget_type=\"blockquote.default\">\n\t\t\t\t<div class=\"elementor-widget-container\">\n\t\t\t\t\t\t\t<blockquote class=\"elementor-blockquote\">\n\t\t\t<p class=\"elementor-blockquote__content\">\n\t\t\t\t<br>Hi\u00e7 \u00e7\u0131kmam\u0131\u015f g\u00f6m\u00fck di\u015flerin de ( tam g\u00f6m\u00fck ), etraflar\u0131ndaki dokularda kist, t\u00fcm\u00f6r gibi patolojik olu\u015fumlar geli\u015febilece\u011finden, kom\u015fu di\u015flerin k\u00f6klerinde bas\u0131ya ba\u011fl\u0131 k\u00f6k erimelerine neden olabilece\u011finden \u00e7ekimleri \u00f6nerilir.\t\t\t<\/p>\n\t\t\t\t\t<\/blockquote>\n\t\t\t\t\t\t<\/div>\n\t\t\t\t<\/div>\n\t\t\t\t<div class=\"elementor-element elementor-element-4531f05 elementor-widget elementor-widget-text-editor\" data-id=\"4531f05\" data-element_type=\"widget\" data-widget_type=\"text-editor.default\">\n\t\t\t\t<div class=\"elementor-widget-container\">\n\t\t\t\t\t\t\t\t\t<figure class=\"careplus-department-thumb\"><div class=\"careplus-section-heading\"><div class=\"careplus-section-heading\"><div class=\"careplus-section-heading\"><div class=\"careplus-section-heading\"><div class=\"careplus-section-heading\"><div class=\"careplus-section-heading\"><h2>\u00c7ene K\u0131r\u0131klar\u0131<\/h2><\/div><p>Alt ve \u00fcst \u00e7ene kemiklerinin ani ve \u015fiddetli darbe ald\u0131\u011f\u0131 durumlarda meydana gelebilir. Hekime \u00e7ok detayl\u0131 olarak k\u0131r\u0131\u011f\u0131n nas\u0131l meydana geldi\u011fi anlat\u0131lmal\u0131d\u0131r. De\u011fi\u015fik a\u00e7\u0131lardan \u00e7ekilen \u00e7ene r\u00f6ntgenleri istenebilir. \u00c7ok detayl\u0131 bir klinik muayene yap\u0131lmal\u0131d\u0131r. K\u0131r\u0131klarda, alt ve \u00fcst \u00e7enenin tellerle birbirine sabitlenmesi gerekir. Tedavi i\u00e7in, \u00e7ene k\u0131r\u0131\u011f\u0131n\u0131n durumuna g\u00f6re operasyon da \u00f6nerilebilir.<\/p><div class=\"careplus-section-heading\"><h2>A\u011f\u0131z \u0130\u00e7i Yaralar<\/h2><\/div><p>\u00d6nemli sistemik hastal\u0131klar\u0131n belirtileri \u00f6ncelikle a\u011f\u0131zda g\u00f6r\u00fclebilir. Bu a\u011f\u0131z i\u00e7i lezyonlar size hi\u00e7 rahats\u0131zl\u0131k vermese bile mutlaka di\u015fhekimine muayene olunuz.<\/p><\/div><\/div><\/div><\/div><\/div><\/figure>\t\t\t\t\t\t\t\t<\/div>\n\t\t\t\t<\/div>\n\t\t\t\t\t<\/div>\n\t\t<\/div>\n\t\t\t\t\t<\/div>\n\t\t<\/section>\n\t\t\t\t<\/div>","protected":false},"excerpt":{"rendered":"<p>RO CLINIC A\u011eIZ-\u00c7ENE CERRAH\u0130S\u0130 DENTAL KL\u0130N\u0130\u011e\u0130 A\u011f\u0131z ve \u00c7ene Cerrahisi Her t\u00fcrl\u00fc di\u015f \u00e7ekimi ama \u00f6zellikle cerrahi i\u015flem gerektirecek di\u015f \u00e7ekimleri, g\u00f6m\u00fck di\u015fler, di\u015f k\u00f6k\u00fc rezeksiyonlar\u0131, implant uygulamalar\u0131, \u00e7enelerdeki kistik ve t\u00fcm\u00f6ral olu\u015fumlar\u0131n tedavisi, a\u011f\u0131z i\u00e7inde yumu\u015fak ve sert dokuda olu\u015fan lezyonlar\u0131n ve \u00e7ene k\u0131r\u0131klar\u0131n\u0131n tedavileriyle ilgilenir. \u00a0 Di\u015f \u00c7ekimini Gerektiren Nedenler: -\u0130leri derecede kemik &hellip;<\/p>\n<p class=\"read-more\"> <a class=\"\" href=\"https:\/\/roclinics.com\/de\/agiz-ve-cene-cerrahisi\/\"> <span class=\"screen-reader-text\">A\u011f\u0131z ve \u00c7ene Cerrahisi<\/span> Weiterlesen &raquo;<\/a><\/p>","protected":false},"author":1,"featured_media":0,"parent":0,"menu_order":0,"comment_status":"closed","ping_status":"closed","template":"","meta":{"site-sidebar-layout":"no-sidebar","site-content-layout":"page-builder","ast-main-header-display":"","ast-hfb-above-header-display":"","ast-hfb-below-header-display":"","ast-hfb-mobile-header-display":"","site-post-title":"disabled","ast-breadcrumbs-content":"","ast-featured-img":"disabled","footer-sml-layout":"","theme-transparent-header-meta":"","adv-header-id-meta":"","stick-header-meta":"","header-above-stick-meta":"","header-main-stick-meta":"","header-below-stick-meta":"","footnotes":""},"class_list":["post-1138","page","type-page","status-publish","hentry"],"_links":{"self":[{"href":"https:\/\/roclinics.com\/de\/wp-json\/wp\/v2\/pages\/1138","targetHints":{"allow":["GET"]}}],"collection":[{"href":"https:\/\/roclinics.com\/de\/wp-json\/wp\/v2\/pages"}],"about":[{"href":"https:\/\/roclinics.com\/de\/wp-json\/wp\/v2\/types\/page"}],"author":[{"embeddable":true,"href":"https:\/\/roclinics.com\/de\/wp-json\/wp\/v2\/users\/1"}],"replies":[{"embeddable":true,"href":"https:\/\/roclinics.com\/de\/wp-json\/wp\/v2\/comments?post=1138"}],"version-history":[{"count":0,"href":"https:\/\/roclinics.com\/de\/wp-json\/wp\/v2\/pages\/1138\/revisions"}],"wp:attachment":[{"href":"https:\/\/roclinics.com\/de\/wp-json\/wp\/v2\/media?parent=1138"}],"curies":[{"name":"wp","href":"https:\/\/api.w.org\/{rel}","templated":true}]}}