{"id":1098,"date":"2022-05-09T18:45:05","date_gmt":"2022-05-09T18:45:05","guid":{"rendered":"http:\/\/genel-1.com:8888\/?page_id=1098"},"modified":"2022-05-09T18:46:32","modified_gmt":"2022-05-09T18:46:32","slug":"hydrafacial","status":"publish","type":"page","link":"https:\/\/roclinics.com\/de\/hydrafacial\/","title":{"rendered":"Hydrafacial"},"content":{"rendered":"<div data-elementor-type=\"wp-page\" data-elementor-id=\"1098\" class=\"elementor elementor-1098\">\n\t\t\t\t\t\t<section class=\"elementor-section elementor-top-section elementor-element elementor-element-91c3e03 elementor-section-full_width elementor-section-height-default elementor-section-height-default\" data-id=\"91c3e03\" data-element_type=\"section\">\n\t\t\t\t\t\t<div class=\"elementor-container elementor-column-gap-default\">\n\t\t\t\t\t<div class=\"elementor-column elementor-col-100 elementor-top-column elementor-element elementor-element-99cc81c\" data-id=\"99cc81c\" data-element_type=\"column\">\n\t\t\t<div class=\"elementor-widget-wrap elementor-element-populated\">\n\t\t\t\t\t\t<div class=\"elementor-element elementor-element-b6b08d1 elementor-widget elementor-widget-image\" data-id=\"b6b08d1\" data-element_type=\"widget\" data-widget_type=\"image.default\">\n\t\t\t\t<div class=\"elementor-widget-container\">\n\t\t\t\t\t\t\t\t\t\t\t\t\t\t\t<img fetchpriority=\"high\" decoding=\"async\" width=\"1920\" height=\"400\" src=\"https:\/\/roclinics.com\/wp-content\/uploads\/2022\/05\/medikal-estetik.jpg\" class=\"attachment-full size-full wp-image-1074\" alt=\"\" srcset=\"https:\/\/roclinics.com\/wp-content\/uploads\/2022\/05\/medikal-estetik.jpg 1920w, https:\/\/roclinics.com\/wp-content\/uploads\/2022\/05\/medikal-estetik-300x63.jpg 300w, https:\/\/roclinics.com\/wp-content\/uploads\/2022\/05\/medikal-estetik-1024x213.jpg 1024w, https:\/\/roclinics.com\/wp-content\/uploads\/2022\/05\/medikal-estetik-768x160.jpg 768w, https:\/\/roclinics.com\/wp-content\/uploads\/2022\/05\/medikal-estetik-1536x320.jpg 1536w, https:\/\/roclinics.com\/wp-content\/uploads\/2022\/05\/medikal-estetik-600x125.jpg 600w\" sizes=\"(max-width: 1920px) 100vw, 1920px\" \/>\t\t\t\t\t\t\t\t\t\t\t\t\t\t\t<\/div>\n\t\t\t\t<\/div>\n\t\t\t\t\t<\/div>\n\t\t<\/div>\n\t\t\t\t\t<\/div>\n\t\t<\/section>\n\t\t\t\t<section class=\"elementor-section elementor-top-section elementor-element elementor-element-136d354 elementor-section-boxed elementor-section-height-default elementor-section-height-default\" data-id=\"136d354\" data-element_type=\"section\">\n\t\t\t\t\t\t<div class=\"elementor-container elementor-column-gap-default\">\n\t\t\t\t\t<div class=\"elementor-column elementor-col-100 elementor-top-column elementor-element elementor-element-1f7fc27\" data-id=\"1f7fc27\" data-element_type=\"column\">\n\t\t\t<div class=\"elementor-widget-wrap elementor-element-populated\">\n\t\t\t\t\t\t<div class=\"elementor-element elementor-element-547671b uael-heading-align-center elementor-widget elementor-widget-uael-advanced-heading\" data-id=\"547671b\" data-element_type=\"widget\" data-widget_type=\"uael-advanced-heading.default\">\n\t\t\t\t<div class=\"elementor-widget-container\">\n\t\t\t\t\t\r\n\t\t<div class=\"uael-module-content uael-heading-wrapper\">\r\n\t\t\t\t\t\t<div class=\"uael-module-content uael-separator-parent\">\r\n\t\t\t\t\t\t\t\t<div class=\"uael-separator-wrap\">\r\n\t\t\t\t\t<div class=\"uael-separator-line uael-side-left\">\r\n\t\t\t\t\t\t<span><\/span>\r\n\t\t\t\t\t<\/div>\r\n\t\t\t\t\t<div class=\"uael-divider-content\">\r\n\t\t\t\t\t\t\t\t\t\t\t\t<h3 class=\"uael-divider-text elementor-inline-editing\" data-elementor-setting-key=\"heading_line_text\" data-elementor-inline-editing-toolbar=\"basic\">RO CLINIC<\/h3>\r\n\t\t\t\t\t<\/div>\r\n\t\t\t\t\t<div class=\"uael-separator-line uael-side-right\">\r\n\t\t\t\t\t\t<span><\/span>\r\n\t\t\t\t\t<\/div>\r\n\t\t\t\t<\/div>\r\n\t\t\t\t\t\t\t\t\t\t<\/div>\r\n\t\t\t\t\r\n\t\t\t\r\n\t\t\t<h1 class=\"uael-heading\">\r\n\t\t\t\t\t\t\t\t\t\t<span class=\"uael-heading-text elementor-inline-editing uael-size--default\" data-elementor-setting-key=\"heading_title\" data-elementor-inline-editing-toolbar=\"basic\">HYDRAFACIAL<\/span>\r\n\t\t\t\t\t\t\t<\/h1>\r\n\r\n\t\t\t\r\n\t\t\t\r\n\t\t\t\t\t\t\t<div class=\"uael-subheading elementor-inline-editing\" data-elementor-setting-key=\"heading_description\" data-elementor-inline-editing-toolbar=\"advanced\" >\r\n\t\t\t\t\tMED\u0130KAL ESTET\u0130K\t\t\t\t<\/div>\r\n\t\t\t\t\r\n\t\t\t\t\t\t<\/div>\r\n\t\t\t\t\t\t<\/div>\n\t\t\t\t<\/div>\n\t\t\t\t<div class=\"elementor-element elementor-element-da4677b elementor-widget elementor-widget-text-editor\" data-id=\"da4677b\" data-element_type=\"widget\" data-widget_type=\"text-editor.default\">\n\t\t\t\t<div class=\"elementor-widget-container\">\n\t\t\t\t\t\t\t\t\t<figure class=\"careplus-department-thumb\"><figure class=\"careplus-department-thumb\">Klasik cilt bak\u0131m y\u00f6ntemlerinden farkl\u0131 olan HydraFacial, Y\u00fcz, boyun ve dekolte b\u00f6lgesi tercih edilmektedir. Her cilt tipine uygulanabilen, bir \u00e7ok farkl\u0131 cilt sorununa \u00e7\u00f6z\u00fcm olu\u015fturabilen, t\u00fcm cilt tiplerinin gerekli olan nem ve bak\u0131m ihtiya\u00e7lar\u0131n\u0131 kar\u015f\u0131layan antiaging bak\u0131m sistemidir. Sadece vakumlama y\u00f6ntemi ile ger\u00e7ekle\u015ftirilen bu y\u00f6ntemde enjeksiyon kullan\u0131lmad\u0131\u011f\u0131 i\u00e7in ki\u015fi herhangi bir ac\u0131 ve a\u011fr\u0131 hissetmemektedir. Uygulama cilt ihtiyac\u0131na g\u00f6re 20-30 dakika aral\u0131\u011f\u0131nda s\u00fcrmekte ve bu kadar k\u0131sa bir s\u00fcrede cildin en alt kademesine kadar ula\u015f\u0131larak derinlemesine bir bak\u0131m sa\u011flanmaktad\u0131r. \u00d6zellikle mevsim ge\u00e7i\u015flerinde uyguland\u0131\u011f\u0131nda gerek so\u011fuk havan\u0131n neden oldu\u011fu kuruluk ve nem kayb\u0131n\u0131 gerekse yaz aylar\u0131nda g\u00fcne\u015fin verece\u011fi zararlara kar\u015f\u0131 cildi korur. HydraFacial uygulama ile cilt derinlemesine temizlenerek, nem kazan\u0131r ve yenilenir.<\/figure><\/figure>\t\t\t\t\t\t\t\t<\/div>\n\t\t\t\t<\/div>\n\t\t\t\t<div class=\"elementor-element elementor-element-ecb48b8 elementor-blockquote--skin-boxed elementor-blockquote--align-center elementor-blockquote--button-color-official elementor-widget elementor-widget-blockquote\" data-id=\"ecb48b8\" data-element_type=\"widget\" data-widget_type=\"blockquote.default\">\n\t\t\t\t<div class=\"elementor-widget-container\">\n\t\t\t\t\t\t\t<blockquote class=\"elementor-blockquote\">\n\t\t\t<p class=\"elementor-blockquote__content\">\n\t\t\t\t<br>Tedavi ama\u00e7l\u0131 uygulamalarda 1 hafta ara ile 4-6 seans uygulanmas\u0131 \u00f6nerilmekte ve sonucun korunabilmesi i\u00e7in de ayda bir kere tekrarlanmas\u0131 tavsiye edilmektedir. Temizleme; cilt vakum sistemi ile derinlemesine temizlenir.\t\t\t<\/p>\n\t\t\t\t\t<\/blockquote>\n\t\t\t\t\t\t<\/div>\n\t\t\t\t<\/div>\n\t\t\t\t<div class=\"elementor-element elementor-element-4531f05 elementor-widget elementor-widget-text-editor\" data-id=\"4531f05\" data-element_type=\"widget\" data-widget_type=\"text-editor.default\">\n\t\t\t\t<div class=\"elementor-widget-container\">\n\t\t\t\t\t\t\t\t\t<figure class=\"careplus-department-thumb\"><div class=\"careplus-section-heading\"><h2>HydraFacial Uygulama<\/h2><\/div><p>S\u0131v\u0131-dermabrazyon; vakum ve s\u0131v\u0131 kullan\u0131larak peeling i\u015flemi normal prosed\u00fcrde yap\u0131l\u0131r. Leke, akne izi, leke ve g\u00f6zenekli ciltlerde, tahri\u015f yapmadan cildin \u00fcst tabakas\u0131nda mikrodermabrazyon sa\u011flan\u0131r. Serum uygulanmas\u0131; sivilce, leke yada k\u0131r\u0131\u015f\u0131kl\u0131klar gibi ciltteki soruna g\u00f6re \u00f6zel serumlar uygulan\u0131r. Kuru cilt ve ince k\u0131r\u0131\u015f\u0131kl\u0131klar i\u00e7in hyal\u00fcronik asit i\u00e7eren, beyaz ve siyah noktalar, geni\u015flemi\u015f g\u00f6zenekler ve a\u015f\u0131r\u0131 ya\u011f bulunan T b\u00f6lgesine ya\u011f\u0131 dengeleyici serum uygulamas\u0131 yap\u0131l\u0131r. Nemlendirme; \u00f6zel spiral dizayn\u0131 sayesinde nemlendirici sol\u00fcsyonlar, antioksidanlar, hyal\u00fcronik asit ve peptidler cilde uygulan\u0131r. Led Terapi; sivilceler i\u00e7in mavi \u0131\u015f\u0131k akneyi olu\u015fturan bakterileri yok ederek porlar\u0131 temizler; ince k\u0131r\u0131\u015f\u0131kl\u0131klar i\u00e7in k\u0131rm\u0131z\u0131 led tedavisi elastin-kollajen lifleri uyararak yenilerini sentezletir ve cildi s\u0131k\u0131la\u015ft\u0131r\u0131r.<\/p><\/figure>\t\t\t\t\t\t\t\t<\/div>\n\t\t\t\t<\/div>\n\t\t\t\t\t<\/div>\n\t\t<\/div>\n\t\t\t\t\t<\/div>\n\t\t<\/section>\n\t\t\t\t<\/div>","protected":false},"excerpt":{"rendered":"<p>RO CLINIC HYDRAFACIAL MED\u0130KAL ESTET\u0130K Klasik cilt bak\u0131m y\u00f6ntemlerinden farkl\u0131 olan HydraFacial, Y\u00fcz, boyun ve dekolte b\u00f6lgesi tercih edilmektedir. Her cilt tipine uygulanabilen, bir \u00e7ok farkl\u0131 cilt sorununa \u00e7\u00f6z\u00fcm olu\u015fturabilen, t\u00fcm cilt tiplerinin gerekli olan nem ve bak\u0131m ihtiya\u00e7lar\u0131n\u0131 kar\u015f\u0131layan antiaging bak\u0131m sistemidir. Sadece vakumlama y\u00f6ntemi ile ger\u00e7ekle\u015ftirilen bu y\u00f6ntemde enjeksiyon kullan\u0131lmad\u0131\u011f\u0131 i\u00e7in ki\u015fi herhangi &hellip;<\/p>\n<p class=\"read-more\"> <a class=\"\" href=\"https:\/\/roclinics.com\/de\/hydrafacial\/\"> <span class=\"screen-reader-text\">Hydrafacial<\/span> Weiterlesen &raquo;<\/a><\/p>","protected":false},"author":1,"featured_media":0,"parent":0,"menu_order":0,"comment_status":"closed","ping_status":"closed","template":"","meta":{"site-sidebar-layout":"no-sidebar","site-content-layout":"page-builder","ast-main-header-display":"","ast-hfb-above-header-display":"","ast-hfb-below-header-display":"","ast-hfb-mobile-header-display":"","site-post-title":"disabled","ast-breadcrumbs-content":"","ast-featured-img":"disabled","footer-sml-layout":"","theme-transparent-header-meta":"","adv-header-id-meta":"","stick-header-meta":"","header-above-stick-meta":"","header-main-stick-meta":"","header-below-stick-meta":"","footnotes":""},"class_list":["post-1098","page","type-page","status-publish","hentry"],"_links":{"self":[{"href":"https:\/\/roclinics.com\/de\/wp-json\/wp\/v2\/pages\/1098","targetHints":{"allow":["GET"]}}],"collection":[{"href":"https:\/\/roclinics.com\/de\/wp-json\/wp\/v2\/pages"}],"about":[{"href":"https:\/\/roclinics.com\/de\/wp-json\/wp\/v2\/types\/page"}],"author":[{"embeddable":true,"href":"https:\/\/roclinics.com\/de\/wp-json\/wp\/v2\/users\/1"}],"replies":[{"embeddable":true,"href":"https:\/\/roclinics.com\/de\/wp-json\/wp\/v2\/comments?post=1098"}],"version-history":[{"count":0,"href":"https:\/\/roclinics.com\/de\/wp-json\/wp\/v2\/pages\/1098\/revisions"}],"wp:attachment":[{"href":"https:\/\/roclinics.com\/de\/wp-json\/wp\/v2\/media?parent=1098"}],"curies":[{"name":"wp","href":"https:\/\/api.w.org\/{rel}","templated":true}]}}