{"id":1072,"date":"2022-05-09T18:22:49","date_gmt":"2022-05-09T18:22:49","guid":{"rendered":"http:\/\/genel-1.com:8888\/?page_id=1072"},"modified":"2022-05-09T18:34:15","modified_gmt":"2022-05-09T18:34:15","slug":"dolgu-botox","status":"publish","type":"page","link":"https:\/\/roclinics.com\/de\/dolgu-botox\/","title":{"rendered":"Dolgu &#8211; Botox"},"content":{"rendered":"<div data-elementor-type=\"wp-page\" data-elementor-id=\"1072\" class=\"elementor elementor-1072\">\n\t\t\t\t\t\t<section class=\"elementor-section elementor-top-section elementor-element elementor-element-91c3e03 elementor-section-full_width elementor-section-height-default elementor-section-height-default\" data-id=\"91c3e03\" data-element_type=\"section\">\n\t\t\t\t\t\t<div class=\"elementor-container elementor-column-gap-default\">\n\t\t\t\t\t<div class=\"elementor-column elementor-col-100 elementor-top-column elementor-element elementor-element-99cc81c\" data-id=\"99cc81c\" data-element_type=\"column\">\n\t\t\t<div class=\"elementor-widget-wrap elementor-element-populated\">\n\t\t\t\t\t\t<div class=\"elementor-element elementor-element-b6b08d1 elementor-widget elementor-widget-image\" data-id=\"b6b08d1\" data-element_type=\"widget\" data-widget_type=\"image.default\">\n\t\t\t\t<div class=\"elementor-widget-container\">\n\t\t\t\t\t\t\t\t\t\t\t\t\t\t\t<img fetchpriority=\"high\" decoding=\"async\" width=\"1920\" height=\"400\" src=\"https:\/\/roclinics.com\/wp-content\/uploads\/2022\/05\/medikal-estetik.jpg\" class=\"attachment-full size-full wp-image-1074\" alt=\"\" srcset=\"https:\/\/roclinics.com\/wp-content\/uploads\/2022\/05\/medikal-estetik.jpg 1920w, https:\/\/roclinics.com\/wp-content\/uploads\/2022\/05\/medikal-estetik-300x63.jpg 300w, https:\/\/roclinics.com\/wp-content\/uploads\/2022\/05\/medikal-estetik-1024x213.jpg 1024w, https:\/\/roclinics.com\/wp-content\/uploads\/2022\/05\/medikal-estetik-768x160.jpg 768w, https:\/\/roclinics.com\/wp-content\/uploads\/2022\/05\/medikal-estetik-1536x320.jpg 1536w, https:\/\/roclinics.com\/wp-content\/uploads\/2022\/05\/medikal-estetik-600x125.jpg 600w\" sizes=\"(max-width: 1920px) 100vw, 1920px\" \/>\t\t\t\t\t\t\t\t\t\t\t\t\t\t\t<\/div>\n\t\t\t\t<\/div>\n\t\t\t\t\t<\/div>\n\t\t<\/div>\n\t\t\t\t\t<\/div>\n\t\t<\/section>\n\t\t\t\t<section class=\"elementor-section elementor-top-section elementor-element elementor-element-136d354 elementor-section-boxed elementor-section-height-default elementor-section-height-default\" data-id=\"136d354\" data-element_type=\"section\">\n\t\t\t\t\t\t<div class=\"elementor-container elementor-column-gap-default\">\n\t\t\t\t\t<div class=\"elementor-column elementor-col-100 elementor-top-column elementor-element elementor-element-1f7fc27\" data-id=\"1f7fc27\" data-element_type=\"column\">\n\t\t\t<div class=\"elementor-widget-wrap elementor-element-populated\">\n\t\t\t\t\t\t<div class=\"elementor-element elementor-element-547671b uael-heading-align-center elementor-widget elementor-widget-uael-advanced-heading\" data-id=\"547671b\" data-element_type=\"widget\" data-widget_type=\"uael-advanced-heading.default\">\n\t\t\t\t<div class=\"elementor-widget-container\">\n\t\t\t\t\t\r\n\t\t<div class=\"uael-module-content uael-heading-wrapper\">\r\n\t\t\t\t\t\t<div class=\"uael-module-content uael-separator-parent\">\r\n\t\t\t\t\t\t\t\t<div class=\"uael-separator-wrap\">\r\n\t\t\t\t\t<div class=\"uael-separator-line uael-side-left\">\r\n\t\t\t\t\t\t<span><\/span>\r\n\t\t\t\t\t<\/div>\r\n\t\t\t\t\t<div class=\"uael-divider-content\">\r\n\t\t\t\t\t\t\t\t\t\t\t\t<h3 class=\"uael-divider-text elementor-inline-editing\" data-elementor-setting-key=\"heading_line_text\" data-elementor-inline-editing-toolbar=\"basic\">RO CLINIC<\/h3>\r\n\t\t\t\t\t<\/div>\r\n\t\t\t\t\t<div class=\"uael-separator-line uael-side-right\">\r\n\t\t\t\t\t\t<span><\/span>\r\n\t\t\t\t\t<\/div>\r\n\t\t\t\t<\/div>\r\n\t\t\t\t\t\t\t\t\t\t<\/div>\r\n\t\t\t\t\r\n\t\t\t\r\n\t\t\t<h1 class=\"uael-heading\">\r\n\t\t\t\t\t\t\t\t\t\t<span class=\"uael-heading-text elementor-inline-editing uael-size--default\" data-elementor-setting-key=\"heading_title\" data-elementor-inline-editing-toolbar=\"basic\">BOTOKS TEDAV\u0130S\u0130<\/span>\r\n\t\t\t\t\t\t\t<\/h1>\r\n\r\n\t\t\t\r\n\t\t\t\r\n\t\t\t\t\t\t\t<div class=\"uael-subheading elementor-inline-editing\" data-elementor-setting-key=\"heading_description\" data-elementor-inline-editing-toolbar=\"advanced\" >\r\n\t\t\t\t\tMED\u0130KAL ESTET\u0130K\t\t\t\t<\/div>\r\n\t\t\t\t\r\n\t\t\t\t\t\t<\/div>\r\n\t\t\t\t\t\t<\/div>\n\t\t\t\t<\/div>\n\t\t\t\t<div class=\"elementor-element elementor-element-da4677b elementor-widget elementor-widget-text-editor\" data-id=\"da4677b\" data-element_type=\"widget\" data-widget_type=\"text-editor.default\">\n\t\t\t\t<div class=\"elementor-widget-container\">\n\t\t\t\t\t\t\t\t\t<figure class=\"careplus-department-thumb\"><p>Al\u0131n, g\u00f6z \u00e7evresi (kaz ayaklar\u0131), ka\u015f aras\u0131, burun yan duvar\u0131, dudak \u00fczerinde ince \u00e7izgiler, a\u011f\u0131z \u00e7evresindeki k\u0131r\u0131\u015f\u0131klar ve boyun derisindeki k\u0131r\u0131\u015f\u0131kl\u0131klar ve bandlar y\u00fcz ve boyundaki mimik kaslar\u0131n kas\u0131lmas\u0131 sonucu olu\u015fur. Ka\u015f aras\u0131 ve burun yan duvardaki \u00e7izgiler k\u0131zg\u0131n y\u00fcz ifadesi, g\u00f6z \u00e7evresi ve al\u0131ndaki \u00e7izgiler ya\u015fl\u0131 ve yorgun y\u00fcz ifadesi ve a\u011f\u0131z \u00e7evresindeki \u00e7izgiler ise \u00fczg\u00fcn bir y\u00fcz ifadesine neden olur. Botoks y\u00fcz\u00fcn bu b\u00f6lgelerindeki mimik kaslar\u0131 ge\u00e7i\u00e7i olarak kas\u0131lmas\u0131n\u0131 bloke ederek yorgun, k\u0131zg\u0131n ve \u00fczg\u00fcn y\u00fcz ifadesini ortadan kald\u0131rarak k\u0131r\u0131\u015f\u0131ks\u0131z, daha gen\u00e7, daha din\u00e7 bir y\u00fcz ifadesi elde edilir. Botoks tedavisi y\u00fcz kaslar\u0131 anatomisini iyi bilen tecr\u00fcbeli ve deneyimli ki\u015filerce yap\u0131lmal\u0131d\u0131r. \u00c7ok ince u\u00e7lu bir i\u011fne ile k\u0131r\u0131\u015f\u0131kl\u0131\u011fa neden olan kaslar\u0131n \u00fczerine yap\u0131l\u0131r. A\u011fr\u0131l\u0131 bir i\u015flem de\u011fildir, yaln\u0131zca o b\u00f6lgede hafif bir yanma ve ac\u0131ma hissedilir. \u0130\u015flem yap\u0131ld\u0131ktan sonra botoksun \u00e7evre kaslara da\u011f\u0131lmamas\u0131 i\u00e7in, o b\u00f6lgenin ovu\u015fturulmamas\u0131 gerekir.<\/p><\/figure>\t\t\t\t\t\t\t\t<\/div>\n\t\t\t\t<\/div>\n\t\t\t\t<div class=\"elementor-element elementor-element-ecb48b8 elementor-blockquote--skin-boxed elementor-blockquote--align-center elementor-blockquote--button-color-official elementor-widget elementor-widget-blockquote\" data-id=\"ecb48b8\" data-element_type=\"widget\" data-widget_type=\"blockquote.default\">\n\t\t\t\t<div class=\"elementor-widget-container\">\n\t\t\t\t\t\t\t<blockquote class=\"elementor-blockquote\">\n\t\t\t<p class=\"elementor-blockquote__content\">\n\t\t\t\t<br>\nBotoxun amac\u0131, cilt \u00fczerinde olu\u015fan k\u0131r\u0131\u015f\u0131kl\u0131k ve ince derinliklerin giderilmesini sa\u011flamakt\u0131r. Etkisi kal\u0131c\u0131 de\u011fildir. 6 ay ile 9 ay aras\u0131nda kal\u0131c\u0131\u011f\u0131 mevcuttur. Sonras\u0131nda tekrar\u0131 gerekmektedir. Uygulama s\u00fcresi 5 dakikad\u0131r. \u0130\u015flem \u00f6ncesi anestezik krem uygulanmaktad\u0131r. A\u011fr\u0131 ac\u0131 olmamaktad\u0131r. \u0130\u015flemden hemen sonra g\u00fcnl\u00fck hayata devam edilebilmektedir. Botoxun etkisi minimum 3 g\u00fcn , maksimum 9 g\u00fcnde ortaya \u00e7\u0131kmaktad\u0131r.\t\t\t<\/p>\n\t\t\t\t\t<\/blockquote>\n\t\t\t\t\t\t<\/div>\n\t\t\t\t<\/div>\n\t\t\t\t<div class=\"elementor-element elementor-element-4531f05 elementor-widget elementor-widget-text-editor\" data-id=\"4531f05\" data-element_type=\"widget\" data-widget_type=\"text-editor.default\">\n\t\t\t\t<div class=\"elementor-widget-container\">\n\t\t\t\t\t\t\t\t\t<figure class=\"careplus-department-thumb\"><div class=\"careplus-section-heading\"><div class=\"careplus-section-heading\"><div class=\"careplus-section-heading\"><div class=\"careplus-section-heading\"><div class=\"careplus-section-heading\"><div class=\"careplus-section-heading\"><h2>DOLGU UYGULAMALARI<\/h2><\/div><p>Dolgular k\u0131r\u0131\u015f\u0131kl\u0131klar\u0131 gidermek ve cilde hacim vermek i\u00e7in yap\u0131lan uygulamalard\u0131r. En\u00e7ok ka\u015flar aras\u0131 \u00e7izgiler, g\u00f6z \u00e7evresi, al\u0131n, dudak \u00e7evresi ve dudak i\u00e7i uygulamalar\u0131 ba\u015far\u0131l\u0131 sonu\u00e7lar vermektedir. Daha \u00e7ok tercih edilen ge\u00e7ici etkileri olan Hyaluronik acid preparatlar\u0131d\u0131r. Bunlar allerjil reaksiyon olu\u015fturmamaktad\u0131r. \u00d6ncesinde test yap\u0131lmaz. Hyaluronik acid t\u00fcm canl\u0131larda bulunan bir polisakkarittir. Derinin dermis tabakas\u0131nda dokuyu destekleyen kollagen liflerle beraber su tutar, dokuya hacim kazand\u0131r\u0131r. Hayvansal madde ve toksin i\u00e7ermedi\u011finden di\u011fer canl\u0131lardan hastal\u0131k kapma riski yoktur. Ya\u015flanmayla beraber ciltteki Hyaluronik acid azal\u0131r, dokuda bo\u015falmalar meydana gelir, yerine konan bu madde ile cilt eski dolgun g\u00f6r\u00fcnt\u00fcs\u00fcne kavu\u015fur. Etki s\u00fcresi ki\u015finin cilt yap\u0131s\u0131, ya\u015f\u0131 gibi nedenlere ba\u011fl\u0131 olarak de\u011fi\u015fmekle birlikte genellikle 6-8 ayd\u0131r. Uygulama \u00f6ncesi lokal anestezik krem ile uyu\u015fturulur. \u0130nce u\u00e7lu bir i\u011fneyle dermise girilir. \u00c7ok ac\u0131 verici bir i\u015flem de\u011fildir. Injeksiyon yerinde hafif k\u0131zar\u0131kl\u0131k ve \u015fi\u015flik olabilir. Birka\u00e7 saat ile birka\u00e7 g\u00fcnde kaybolur. Nadiren haftalar s\u00fcren k\u0131zar\u0131kl\u0131k ve \u015fi\u015flik olabilir.<\/p><\/div><\/div><\/div><\/div><\/div><\/figure>\t\t\t\t\t\t\t\t<\/div>\n\t\t\t\t<\/div>\n\t\t\t\t\t<\/div>\n\t\t<\/div>\n\t\t\t\t\t<\/div>\n\t\t<\/section>\n\t\t\t\t<\/div>","protected":false},"excerpt":{"rendered":"<p>RO CLINIC BOTOKS TEDAV\u0130S\u0130 MED\u0130KAL ESTET\u0130K Al\u0131n, g\u00f6z \u00e7evresi (kaz ayaklar\u0131), ka\u015f aras\u0131, burun yan duvar\u0131, dudak \u00fczerinde ince \u00e7izgiler, a\u011f\u0131z \u00e7evresindeki k\u0131r\u0131\u015f\u0131klar ve boyun derisindeki k\u0131r\u0131\u015f\u0131kl\u0131klar ve bandlar y\u00fcz ve boyundaki mimik kaslar\u0131n kas\u0131lmas\u0131 sonucu olu\u015fur. Ka\u015f aras\u0131 ve burun yan duvardaki \u00e7izgiler k\u0131zg\u0131n y\u00fcz ifadesi, g\u00f6z \u00e7evresi ve al\u0131ndaki \u00e7izgiler ya\u015fl\u0131 ve yorgun &hellip;<\/p>\n<p class=\"read-more\"> <a class=\"\" href=\"https:\/\/roclinics.com\/de\/dolgu-botox\/\"> <span class=\"screen-reader-text\">Dolgu &#8211; Botox<\/span> Weiterlesen &raquo;<\/a><\/p>","protected":false},"author":1,"featured_media":0,"parent":0,"menu_order":0,"comment_status":"closed","ping_status":"closed","template":"","meta":{"site-sidebar-layout":"no-sidebar","site-content-layout":"page-builder","ast-main-header-display":"","ast-hfb-above-header-display":"","ast-hfb-below-header-display":"","ast-hfb-mobile-header-display":"","site-post-title":"disabled","ast-breadcrumbs-content":"","ast-featured-img":"disabled","footer-sml-layout":"","theme-transparent-header-meta":"","adv-header-id-meta":"","stick-header-meta":"","header-above-stick-meta":"","header-main-stick-meta":"","header-below-stick-meta":"","footnotes":""},"class_list":["post-1072","page","type-page","status-publish","hentry"],"_links":{"self":[{"href":"https:\/\/roclinics.com\/de\/wp-json\/wp\/v2\/pages\/1072","targetHints":{"allow":["GET"]}}],"collection":[{"href":"https:\/\/roclinics.com\/de\/wp-json\/wp\/v2\/pages"}],"about":[{"href":"https:\/\/roclinics.com\/de\/wp-json\/wp\/v2\/types\/page"}],"author":[{"embeddable":true,"href":"https:\/\/roclinics.com\/de\/wp-json\/wp\/v2\/users\/1"}],"replies":[{"embeddable":true,"href":"https:\/\/roclinics.com\/de\/wp-json\/wp\/v2\/comments?post=1072"}],"version-history":[{"count":0,"href":"https:\/\/roclinics.com\/de\/wp-json\/wp\/v2\/pages\/1072\/revisions"}],"wp:attachment":[{"href":"https:\/\/roclinics.com\/de\/wp-json\/wp\/v2\/media?parent=1072"}],"curies":[{"name":"wp","href":"https:\/\/api.w.org\/{rel}","templated":true}]}}