{"id":1028,"date":"2022-05-09T16:21:02","date_gmt":"2022-05-09T16:21:02","guid":{"rendered":"http:\/\/genel-1.com:8888\/?page_id=1028"},"modified":"2022-05-09T16:23:46","modified_gmt":"2022-05-09T16:23:46","slug":"kadinlarda-sac-dokulmesi","status":"publish","type":"page","link":"https:\/\/roclinics.com\/de\/kadinlarda-sac-dokulmesi\/","title":{"rendered":"Kad\u0131nlarda Sa\u00e7 D\u00f6k\u00fclmesi"},"content":{"rendered":"<div data-elementor-type=\"wp-page\" data-elementor-id=\"1028\" class=\"elementor elementor-1028\">\n\t\t\t\t\t\t<section class=\"elementor-section elementor-top-section elementor-element elementor-element-91c3e03 elementor-section-full_width elementor-section-height-default elementor-section-height-default\" data-id=\"91c3e03\" data-element_type=\"section\">\n\t\t\t\t\t\t<div class=\"elementor-container elementor-column-gap-default\">\n\t\t\t\t\t<div class=\"elementor-column elementor-col-100 elementor-top-column elementor-element elementor-element-99cc81c\" data-id=\"99cc81c\" data-element_type=\"column\">\n\t\t\t<div class=\"elementor-widget-wrap elementor-element-populated\">\n\t\t\t\t\t\t<div class=\"elementor-element elementor-element-b6b08d1 elementor-widget elementor-widget-image\" data-id=\"b6b08d1\" data-element_type=\"widget\" data-widget_type=\"image.default\">\n\t\t\t\t<div class=\"elementor-widget-container\">\n\t\t\t\t\t\t\t\t\t\t\t\t\t\t\t<img fetchpriority=\"high\" decoding=\"async\" width=\"1920\" height=\"400\" src=\"https:\/\/roclinics.com\/wp-content\/uploads\/2022\/05\/sac-ekimi-banner.jpg\" class=\"attachment-full size-full wp-image-951\" alt=\"\" srcset=\"https:\/\/roclinics.com\/wp-content\/uploads\/2022\/05\/sac-ekimi-banner.jpg 1920w, https:\/\/roclinics.com\/wp-content\/uploads\/2022\/05\/sac-ekimi-banner-300x63.jpg 300w, https:\/\/roclinics.com\/wp-content\/uploads\/2022\/05\/sac-ekimi-banner-1024x213.jpg 1024w, https:\/\/roclinics.com\/wp-content\/uploads\/2022\/05\/sac-ekimi-banner-768x160.jpg 768w, https:\/\/roclinics.com\/wp-content\/uploads\/2022\/05\/sac-ekimi-banner-1536x320.jpg 1536w, https:\/\/roclinics.com\/wp-content\/uploads\/2022\/05\/sac-ekimi-banner-600x125.jpg 600w\" sizes=\"(max-width: 1920px) 100vw, 1920px\" \/>\t\t\t\t\t\t\t\t\t\t\t\t\t\t\t<\/div>\n\t\t\t\t<\/div>\n\t\t\t\t\t<\/div>\n\t\t<\/div>\n\t\t\t\t\t<\/div>\n\t\t<\/section>\n\t\t\t\t<section class=\"elementor-section elementor-top-section elementor-element elementor-element-136d354 elementor-section-boxed elementor-section-height-default elementor-section-height-default\" data-id=\"136d354\" data-element_type=\"section\">\n\t\t\t\t\t\t<div class=\"elementor-container elementor-column-gap-default\">\n\t\t\t\t\t<div class=\"elementor-column elementor-col-100 elementor-top-column elementor-element elementor-element-1f7fc27\" data-id=\"1f7fc27\" data-element_type=\"column\">\n\t\t\t<div class=\"elementor-widget-wrap elementor-element-populated\">\n\t\t\t\t\t\t<div class=\"elementor-element elementor-element-547671b uael-heading-align-center elementor-widget elementor-widget-uael-advanced-heading\" data-id=\"547671b\" data-element_type=\"widget\" data-widget_type=\"uael-advanced-heading.default\">\n\t\t\t\t<div class=\"elementor-widget-container\">\n\t\t\t\t\t\r\n\t\t<div class=\"uael-module-content uael-heading-wrapper\">\r\n\t\t\t\t\t\t<div class=\"uael-module-content uael-separator-parent\">\r\n\t\t\t\t\t\t\t\t<div class=\"uael-separator-wrap\">\r\n\t\t\t\t\t<div class=\"uael-separator-line uael-side-left\">\r\n\t\t\t\t\t\t<span><\/span>\r\n\t\t\t\t\t<\/div>\r\n\t\t\t\t\t<div class=\"uael-divider-content\">\r\n\t\t\t\t\t\t\t\t\t\t\t\t<h3 class=\"uael-divider-text elementor-inline-editing\" data-elementor-setting-key=\"heading_line_text\" data-elementor-inline-editing-toolbar=\"basic\">RO CLINIC<\/h3>\r\n\t\t\t\t\t<\/div>\r\n\t\t\t\t\t<div class=\"uael-separator-line uael-side-right\">\r\n\t\t\t\t\t\t<span><\/span>\r\n\t\t\t\t\t<\/div>\r\n\t\t\t\t<\/div>\r\n\t\t\t\t\t\t\t\t\t\t<\/div>\r\n\t\t\t\t\r\n\t\t\t\r\n\t\t\t<h1 class=\"uael-heading\">\r\n\t\t\t\t\t\t\t\t\t\t<span class=\"uael-heading-text elementor-inline-editing uael-size--default\" data-elementor-setting-key=\"heading_title\" data-elementor-inline-editing-toolbar=\"basic\">KADINLARDA SA\u00c7 D\u00d6K\u00dcLMES\u0130<\/span>\r\n\t\t\t\t\t\t\t<\/h1>\r\n\r\n\t\t\t\r\n\t\t\t\r\n\t\t\t\t\t\t\t<div class=\"uael-subheading elementor-inline-editing\" data-elementor-setting-key=\"heading_description\" data-elementor-inline-editing-toolbar=\"advanced\" >\r\n\t\t\t\t\tSa\u00e7 Ekimi\t\t\t\t<\/div>\r\n\t\t\t\t\r\n\t\t\t\t\t\t<\/div>\r\n\t\t\t\t\t\t<\/div>\n\t\t\t\t<\/div>\n\t\t\t\t<div class=\"elementor-element elementor-element-da4677b elementor-widget elementor-widget-text-editor\" data-id=\"da4677b\" data-element_type=\"widget\" data-widget_type=\"text-editor.default\">\n\t\t\t\t<div class=\"elementor-widget-container\">\n\t\t\t\t\t\t\t\t\t<figure class=\"careplus-department-thumb\"><p><b>Ludwing S\u0131n\u0131fland\u0131rmas\u0131<\/b><\/p><p>Tip \u0399:Sa\u00e7l\u0131 derinin \u00f6n ve \u00fcst b\u00f6lgesinde incelme ve zay\u0131flama g\u00f6r\u00fcl\u00fcr.<\/p><p>Tip \u0399\u0399: Sa\u00e7 s\u0131n\u0131r\u0131 korunmu\u015ftur \u00f6n ve tepe b\u00f6l\u00fcmde zay\u0131flama ve seyrekle\u015fme artm\u0131\u015ft\u0131r.<\/p><p>Tip \u0399\u0399\u0399: \u00d6n ve \u00fcst b\u00f6l\u00fcm kelle\u015fmi\u015ftir. Sa\u00e7 s\u0131n\u0131r\u0131 korunmu\u015ftur.<\/p><p><em><b>Kad\u0131nlarda sa\u00e7 d\u00f6k\u00fclmesinin<\/b><\/em>\u00a0nedeni kesin olarak belirlenemese de\u00a0<b>sa\u00e7 d\u00f6k\u00fclmesine<\/b>\u00a0neden olabilecek fakt\u00f6rler tan\u0131mlanm\u0131\u015ft\u0131r;<\/p><p>&#8211; Ya\u015f<br \/>&#8211; Erkeklik hormonu seviyeleri. Menapoz d\u00f6nemi sonras\u0131nda sa\u00e7lar incelir, y\u00fczdeki k\u0131llar ise kal\u0131nla\u015farak sertle\u015fir.<br \/>&#8211; Genentik fakt\u00f6rler.<br \/>&#8211; Sa\u00e7 k\u0131r\u0131lmalar\u0131.<br \/>&#8211; K\u0131l follik\u00fcl\u00fcn\u00fcn skarla\u015fmas\u0131na ( iyile\u015fmi\u015f yara sertli\u011fi ) neden olan hastal\u0131klar.<br \/>&#8211; Baz\u0131 otoimmun hastal\u0131klar.<br \/>&#8211; Tiroid hormon yetersizli\u011fi, testestoron fazlal\u0131\u011f\u0131 gibi hormonal problemler.<br \/>&#8211; Demir, B vitamini ve di\u011fer vitaminlerin eksikl\u011fi.<br \/>&#8211; Kemoterapi veya beta blokerler gibi ila\u00e7lar.<br \/>&#8211; Sifiliz ve cinsel yolla bula\u015fan hastal\u0131klar.<br \/>&#8211; Beslenme bozuklu\u011fu ve stres.<br \/>&#8211; Bilin\u00e7siz yap\u0131lan diyetler.<\/p><p><em><b>Kad\u0131nlarda Sa\u00e7 D\u00f6k\u00fclmesi 3 farkl\u0131 \u015fekilde olabilir;<\/b><\/em><\/p><p>1- Genel : Ba\u015f\u0131n her b\u00f6lgesinde genel bir d\u00f6k\u00fclme ve seyrelme g\u00f6r\u00fcl\u00fcr. Genetik fakt\u00f6rlerden kaynakl\u0131d\u0131r.<\/p><p>2- \u00dcstlerde : \u00d6n sa\u00e7 \u00e7izgisi b\u00f6lgesi sa\u011flam kal\u0131r, ancak ba\u015f\u0131n \u00fcst b\u00f6lgesininde g\u00f6r\u00fcl\u00fcr. Ludwig s\u0131n\u0131flamas\u0131na g\u00f6re, hafif derecede olan bir d\u00f6k\u00fclmeden, ileri derecede tam\u00a0<b>sa\u00e7 d\u00f6k\u00fclmelerine<\/b>\u00a0kadar 3 de\u011fi\u015fik evrede g\u00f6r\u00fclebilir.<\/p><p>3-\u00d6nlerde:\u00a0<b>Erkeklerde olan sa\u00e7 d\u00f6k\u00fclme<\/b>\u00a0\u015feklindeki gibi \u00f6nlerde olur. Al\u0131n geni\u015fler.<\/p><\/figure>\t\t\t\t\t\t\t\t<\/div>\n\t\t\t\t<\/div>\n\t\t\t\t<div class=\"elementor-element elementor-element-ecb48b8 elementor-blockquote--skin-boxed elementor-blockquote--align-center elementor-blockquote--button-color-official elementor-widget elementor-widget-blockquote\" data-id=\"ecb48b8\" data-element_type=\"widget\" data-widget_type=\"blockquote.default\">\n\t\t\t\t<div class=\"elementor-widget-container\">\n\t\t\t\t\t\t\t<blockquote class=\"elementor-blockquote\">\n\t\t\t<p class=\"elementor-blockquote__content\">\n\t\t\t\t<br>\n<b>TEDAV\u0130:<\/b> Genel sa\u00e7 d\u00f6k\u00fclmesi olan kad\u0131nlarda e\u011fer ba\u015f\u0131n arkas\u0131ndaki alanlarda da d\u00f6k\u00fclme varsa, nakil edilen sa\u00e7lar\u0131n da d\u00f6k\u00fclmesi ihitmali vard\u0131r. Bundan dolay\u0131 kad\u0131nlardaki genel ve tepe b\u00f6lgesindeki sa\u00e7 d\u00f6k\u00fclmesinde ilk tedavi y\u00f6ntemleri medikal ila\u00e7 tedavisi (minoxidil) ve sa\u00e7 d\u00f6k\u00fclme tedavileridir(sa\u00e7 mezoterapisi ve prp).\t\t\t<\/p>\n\t\t\t\t\t<\/blockquote>\n\t\t\t\t\t\t<\/div>\n\t\t\t\t<\/div>\n\t\t\t\t\t<\/div>\n\t\t<\/div>\n\t\t\t\t\t<\/div>\n\t\t<\/section>\n\t\t\t\t<\/div>","protected":false},"excerpt":{"rendered":"<p>RO CLINIC KADINLARDA SA\u00c7 D\u00d6K\u00dcLMES\u0130 Sa\u00e7 Ekimi Ludwing S\u0131n\u0131fland\u0131rmas\u0131 Tip \u0399:Sa\u00e7l\u0131 derinin \u00f6n ve \u00fcst b\u00f6lgesinde incelme ve zay\u0131flama g\u00f6r\u00fcl\u00fcr. Tip \u0399\u0399: Sa\u00e7 s\u0131n\u0131r\u0131 korunmu\u015ftur \u00f6n ve tepe b\u00f6l\u00fcmde zay\u0131flama ve seyrekle\u015fme artm\u0131\u015ft\u0131r. Tip \u0399\u0399\u0399: \u00d6n ve \u00fcst b\u00f6l\u00fcm kelle\u015fmi\u015ftir. Sa\u00e7 s\u0131n\u0131r\u0131 korunmu\u015ftur. Kad\u0131nlarda sa\u00e7 d\u00f6k\u00fclmesinin&nbsp;nedeni kesin olarak belirlenemese de&nbsp;sa\u00e7 d\u00f6k\u00fclmesine&nbsp;neden olabilecek fakt\u00f6rler tan\u0131mlanm\u0131\u015ft\u0131r; &#8211; &hellip;<\/p>\n<p class=\"read-more\"> <a class=\"\" href=\"https:\/\/roclinics.com\/de\/kadinlarda-sac-dokulmesi\/\"> <span class=\"screen-reader-text\">Kad\u0131nlarda Sa\u00e7 D\u00f6k\u00fclmesi<\/span> Weiterlesen &raquo;<\/a><\/p>","protected":false},"author":1,"featured_media":0,"parent":0,"menu_order":0,"comment_status":"closed","ping_status":"closed","template":"","meta":{"site-sidebar-layout":"no-sidebar","site-content-layout":"page-builder","ast-main-header-display":"","ast-hfb-above-header-display":"","ast-hfb-below-header-display":"","ast-hfb-mobile-header-display":"","site-post-title":"disabled","ast-breadcrumbs-content":"","ast-featured-img":"disabled","footer-sml-layout":"","theme-transparent-header-meta":"default","adv-header-id-meta":"","stick-header-meta":"","header-above-stick-meta":"","header-main-stick-meta":"","header-below-stick-meta":"","footnotes":""},"class_list":["post-1028","page","type-page","status-publish","hentry"],"_links":{"self":[{"href":"https:\/\/roclinics.com\/de\/wp-json\/wp\/v2\/pages\/1028","targetHints":{"allow":["GET"]}}],"collection":[{"href":"https:\/\/roclinics.com\/de\/wp-json\/wp\/v2\/pages"}],"about":[{"href":"https:\/\/roclinics.com\/de\/wp-json\/wp\/v2\/types\/page"}],"author":[{"embeddable":true,"href":"https:\/\/roclinics.com\/de\/wp-json\/wp\/v2\/users\/1"}],"replies":[{"embeddable":true,"href":"https:\/\/roclinics.com\/de\/wp-json\/wp\/v2\/comments?post=1028"}],"version-history":[{"count":0,"href":"https:\/\/roclinics.com\/de\/wp-json\/wp\/v2\/pages\/1028\/revisions"}],"wp:attachment":[{"href":"https:\/\/roclinics.com\/de\/wp-json\/wp\/v2\/media?parent=1028"}],"curies":[{"name":"wp","href":"https:\/\/api.w.org\/{rel}","templated":true}]}}